{"id":836,"date":"2026-02-04T02:25:08","date_gmt":"2026-02-04T02:25:08","guid":{"rendered":"https:\/\/www.fenxifiber.com\/?post_type=product&#038;p=836"},"modified":"2026-02-04T02:46:29","modified_gmt":"2026-02-04T02:46:29","slug":"sc-duplex-2-0-3-0-mm-hibrido-upc-apc-multimodo","status":"publish","type":"product","link":"https:\/\/www.fenxifiber.com\/es\/product\/sc-duplex-2-0-3-0mm-upc-apc-hybrid-multimode\/","title":{"rendered":"SC Duplex 2.0\/3.0mm UPC\/APC Multimodo H\u00edbrido"},"content":{"rendered":"<h2 data-path-to-node=\"8\">\ud83d\udcca Matriz de rendimiento t\u00e9cnico<\/h2>\n<table style=\"width: 100%; border-collapse: separate; border-spacing: 0; margin: 20px 0; border: 1px solid #e1e1e1; border-radius: 8px; overflow: hidden; font-family: 'Segoe UI', Arial, sans-serif;\">\n<thead style=\"background-color: #2c3e50; color: white;\">\n<tr>\n<th style=\"padding: 15px; text-align: left;\">Par\u00e1metro<\/th>\n<th style=\"padding: 15px; text-align: left;\">Modo \u00fanico (UPC\/APC)<\/th>\n<th style=\"padding: 12px; text-align: left;\">Multimodo (OM1-OM4)<\/th>\n<\/tr>\n<\/thead>\n<tbody>\n<tr style=\"background-color: #ffffff;\">\n<td style=\"padding: 12px; border-bottom: 1px solid #eee;\"><strong>P\u00e9rdida de inserci\u00f3n (IL)<\/strong><\/td>\n<td style=\"padding: 12px; border-bottom: 1px solid #eee;\">\u2264 0,20 dB (t\u00edpico)<\/td>\n<td style=\"padding: 12px; border-bottom: 1px solid #eee;\">\u2264 0,25 dB (t\u00edpico)<\/td>\n<\/tr>\n<tr style=\"background-color: #fcfcfc;\">\n<td style=\"padding: 12px; border-bottom: 1px solid #eee;\"><strong>P\u00e9rdida de retorno (RL)<\/strong><\/td>\n<td style=\"padding: 12px; border-bottom: 1px solid #eee;\">UPC \u2265 50 dB | APC \u2265 60 dB<\/td>\n<td style=\"padding: 12px; border-bottom: 1px solid #eee;\">\u2265 35 dB<\/td>\n<\/tr>\n<tr style=\"background-color: #ffffff;\">\n<td style=\"padding: 12px; border-bottom: 1px solid #eee;\"><strong>Durabilidad<\/strong><\/td>\n<td style=\"padding: 12px; border-bottom: 1px solid #eee;\">&gt; 1000 ciclos de apareamiento<\/td>\n<td style=\"padding: 12px; border-bottom: 1px solid #eee;\">&gt; 1000 ciclos de apareamiento<\/td>\n<\/tr>\n<tr style=\"background-color: #fcfcfc;\">\n<td style=\"padding: 12px; border-bottom: 1px solid #eee;\"><strong>Resistencia a la tracci\u00f3n<\/strong><\/td>\n<td style=\"padding: 12px; border-bottom: 1px solid #eee;\">\u2265 100 N (2,0\/3,0 mm)<\/td>\n<td style=\"padding: 12px; border-bottom: 1px solid #eee;\">\u2265 100 N (2,0\/3,0 mm)<\/td>\n<\/tr>\n<tr style=\"background-color: #ffffff;\">\n<td style=\"padding: 12px;\"><strong>Temperatura de funcionamiento<\/strong><\/td>\n<td style=\"padding: 12px;\">De -40 \u00b0C a +85 \u00b0C<\/td>\n<td style=\"padding: 12px;\">De -40 \u00b0C a +75 \u00b0C<\/td>\n<\/tr>\n<\/tbody>\n<\/table>\n<h2 data-path-to-node=\"12\">\ud83d\udca1 Application Insights y preguntas frecuentes<\/h2>\n<p data-path-to-node=\"13\"><b data-path-to-node=\"13\" data-index-in-node=\"0\">P: \u00bfC\u00f3mo se corresponden los c\u00f3digos de color con los tipos de fibra?<\/b> <b data-path-to-node=\"13\" data-index-in-node=\"57\">A:<\/b> Cumplimos con las normas internacionales de la TIA:<\/p>\n<ul data-path-to-node=\"14\">\n<li>\n<p data-path-to-node=\"14,0,0\"><b data-path-to-node=\"14,0,0\" data-index-in-node=\"0\">Azul:<\/b> Monomodo UPC (OS2)<\/p>\n<\/li>\n<li>\n<p data-path-to-node=\"14,1,0\"><b data-path-to-node=\"14,1,0\" data-index-in-node=\"0\">Verde:<\/b> APC monomodo (OS2)<\/p>\n<\/li>\n<li>\n<p data-path-to-node=\"14,2,0\"><b data-path-to-node=\"14,2,0\" data-index-in-node=\"0\">Beige:<\/b> Multimodo (OM1\/OM2)<\/p>\n<\/li>\n<li>\n<p data-path-to-node=\"14,3,0\"><b data-path-to-node=\"14,3,0\" data-index-in-node=\"0\">Aqua:<\/b> Multimodo (OM3\/OM4 10G)<\/p>\n<\/li>\n<li>\n<p data-path-to-node=\"14,4,0\"><b data-path-to-node=\"14,4,0\" data-index-in-node=\"0\">Magenta:<\/b> Multimodo (OM4 de gran ancho de banda)<\/p>\n<\/li>\n<\/ul>\n<p data-path-to-node=\"15\"><b data-path-to-node=\"15\" data-index-in-node=\"0\">P: \u00bfSe pueden utilizar estos conectores en configuraciones h\u00edbridas multimodo APC?<\/b> <b data-path-to-node=\"15\" data-index-in-node=\"65\">A:<\/b> Aunque el APC es el est\u00e1ndar para el modo \u00fanico, podemos ofrecer <b data-path-to-node=\"15\" data-index-in-node=\"122\">APC multimodo<\/b> conectores para aplicaciones m\u00e9dicas y sensoriales espec\u00edficas. Por lo general, estos se solicitan por encargo a trav\u00e9s de nuestro <b data-path-to-node=\"15\" data-index-in-node=\"241\">Directo del fabricante<\/b> servicio.<\/p>\n<p data-path-to-node=\"16\"><b data-path-to-node=\"16\" data-index-in-node=\"0\">P: \u00bfSe puede quitar el clip doble?<\/b> <b data-path-to-node=\"16\" data-index-in-node=\"33\">A:<\/b> S\u00ed. Nuestros conectores SC Duplex cuentan con un clip extra\u00edble de alta tensi\u00f3n, lo que permite utilizarlos individualmente como Simplex si es necesario, o realinearlos para corregir la polaridad.<\/p>\n<p data-path-to-node=\"17\"><b data-path-to-node=\"17\" data-index-in-node=\"0\">P: \u00bfCu\u00e1l es la ventaja de la bota de 3,0 mm frente a la de 2,0 mm?<\/b> <b data-path-to-node=\"17\" data-index-in-node=\"62\">A:<\/b> La funda de 3,0 mm est\u00e1 dise\u00f1ada para cables de conexi\u00f3n m\u00e1s gruesos y con revestimiento, utilizados en entornos hostiles o en tramos verticales donde se requiere una mayor resistencia a la tracci\u00f3n y protecci\u00f3n contra la flexi\u00f3n. La funda de 2,0 mm est\u00e1 optimizada para conexiones de alta densidad en ODF.<\/p>","protected":false},"excerpt":{"rendered":"<p data-path-to-node=\"1\"><span class=\"\">En <\/span><b class=\"\" data-path-to-node=\"1\" data-index-in-node=\"4\">Conector d\u00faplex SC<\/b><span class=\"\"> La serie es vers\u00e1til,<\/span><span class=\"\"> Soluci\u00f3n de tama\u00f1o reducido dise\u00f1ada tanto para aplicaciones monomodo (OS2) como multimodo (OM1\/OM2\/OM3\/OM4).<\/span><span class=\"\"> Compatible con ambos <\/span><b class=\"\" data-path-to-node=\"1\" data-index-in-node=\"172\">2,0 mm y 3,0 mm<\/b><span class=\"\"> di\u00e1metros de cable,<\/span><span class=\"\"> Estos conectores utilizan un mecanismo de acoplamiento de empuje y tracci\u00f3n que permite un despliegue r\u00e1pido y una gesti\u00f3n de fibra de alta densidad.<\/span><\/p>\n<p data-path-to-node=\"2\"><span class=\"\">Disponible en <\/span><b class=\"\" data-path-to-node=\"2\" data-index-in-node=\"13\">UPC (Contacto f\u00edsico ultra)<\/b><span class=\"\"> y <\/span><b class=\"\" data-path-to-node=\"2\" data-index-in-node=\"46\">APC (contacto f\u00edsico en \u00e1ngulo)<\/b><span class=\"\"> tipos de pulido,<\/span><span class=\"\"> Nuestros conectores SC Duplex est\u00e1n codificados por colores seg\u00fan las normas internacionales (azul,<\/span><span class=\"\"> Verde,<\/span><span class=\"\"> Agua,<\/span><span class=\"\"> Beige,<\/span><span class=\"\"> y Magenta) para garantizar una aplicaci\u00f3n de parches sin errores en entornos de red complejos.<\/span><\/p>","protected":false},"featured_media":838,"comment_status":"open","ping_status":"closed","template":"","meta":[],"product_brand":[],"product_cat":[47],"product_tag":[],"class_list":{"0":"post-836","1":"product","2":"type-product","3":"status-publish","4":"has-post-thumbnail","6":"product_cat-sc-duplex-connector-single-mode-multimode","8":"first","9":"instock","10":"shipping-taxable","11":"product-type-simple"},"_links":{"self":[{"href":"https:\/\/www.fenxifiber.com\/es\/wp-json\/wp\/v2\/product\/836","targetHints":{"allow":["GET"]}}],"collection":[{"href":"https:\/\/www.fenxifiber.com\/es\/wp-json\/wp\/v2\/product"}],"about":[{"href":"https:\/\/www.fenxifiber.com\/es\/wp-json\/wp\/v2\/types\/product"}],"replies":[{"embeddable":true,"href":"https:\/\/www.fenxifiber.com\/es\/wp-json\/wp\/v2\/comments?post=836"}],"wp:featuredmedia":[{"embeddable":true,"href":"https:\/\/www.fenxifiber.com\/es\/wp-json\/wp\/v2\/media\/838"}],"wp:attachment":[{"href":"https:\/\/www.fenxifiber.com\/es\/wp-json\/wp\/v2\/media?parent=836"}],"wp:term":[{"taxonomy":"product_brand","embeddable":true,"href":"https:\/\/www.fenxifiber.com\/es\/wp-json\/wp\/v2\/product_brand?post=836"},{"taxonomy":"product_cat","embeddable":true,"href":"https:\/\/www.fenxifiber.com\/es\/wp-json\/wp\/v2\/product_cat?post=836"},{"taxonomy":"product_tag","embeddable":true,"href":"https:\/\/www.fenxifiber.com\/es\/wp-json\/wp\/v2\/product_tag?post=836"}],"curies":[{"name":"wp","href":"https:\/\/api.w.org\/{rel}","templated":true}]}}