{"id":842,"date":"2026-02-04T02:29:49","date_gmt":"2026-02-04T02:29:49","guid":{"rendered":"https:\/\/www.fenxifiber.com\/?post_type=product&#038;p=842"},"modified":"2026-02-04T02:59:09","modified_gmt":"2026-02-04T02:59:09","slug":"sc-apc-0-9-mm-totalmente-de-plastico","status":"publish","type":"product","link":"https:\/\/www.fenxifiber.com\/es\/product\/sc-apc-0-9mm-all-plastic\/","title":{"rendered":"SC APC 0.9mm All-Plastic | Serie Pigtail ensamblado en campo"},"content":{"rendered":"<h2 data-path-to-node=\"4\">\ud83d\udee0 Ciencia de los materiales y dise\u00f1o arquitect\u00f3nico<\/h2>\n<p data-path-to-node=\"5\">En aplicaciones con pigtails de 0,9 mm, donde el peso del cable y el espacio para su gesti\u00f3n son las principales preocupaciones, el dise\u00f1o totalmente pl\u00e1stico ofrece varias ventajas t\u00e9cnicas estrat\u00e9gicas:<\/p>\n<ul data-path-to-node=\"6\">\n<li>\n<p data-path-to-node=\"6,0,0\"><b data-path-to-node=\"6,0,0\" data-index-in-node=\"0\">Eficiencia espacial:<\/b> La eliminaci\u00f3n de los voluminosos topes met\u00e1licos reduce el peso total y el espacio ocupado. Esto es fundamental para <b data-path-to-node=\"6,0,0\" data-index-in-node=\"118\">ODF de alta densidad<\/b> donde se gestionan miles de terminaciones en radios reducidos.<\/p>\n<\/li>\n<li>\n<p data-path-to-node=\"6,1,0\"><b data-path-to-node=\"6,1,0\" data-index-in-node=\"0\">Inercia ambiental:<\/b> La carcasa de pol\u00edmero de alto rendimiento es <b data-path-to-node=\"6,1,0\" data-index-in-node=\"65\">Inmune a las interferencias electromagn\u00e9ticas<\/b> (Interferencia electromagn\u00e9tica) y corrosi\u00f3n qu\u00edmica, lo que garantiza la estabilidad en entornos costeros o industriales.<\/p>\n<\/li>\n<li>\n<p data-path-to-node=\"6,2,0\"><b data-path-to-node=\"6,2,0\" data-index-in-node=\"0\">Moldeo por inyecci\u00f3n de precisi\u00f3n:<\/b> Los clips de retenci\u00f3n internos est\u00e1n moldeados con tolerancias de nivel microm\u00e9trico, lo que bloquea la f\u00e9rula de circonio en una posici\u00f3n axial fija para evitar el \u201cefecto pist\u00f3n\u201d durante las fluctuaciones de temperatura.<\/p>\n<\/li>\n<li>\n<p data-path-to-node=\"6,3,0\"><b data-path-to-node=\"6,3,0\" data-index-in-node=\"0\">Contacto f\u00edsico en \u00e1ngulo de 8\u00b0 (APC):<\/b> La carcasa codificada en verde indica un pulido con un \u00e1ngulo de 8 grados, lo que obliga a la luz reflejada a entrar en el revestimiento de la fibra para lograr una p\u00e9rdida de retorno de <b data-path-to-node=\"6,3,0\" data-index-in-node=\"176\">\u226560 dB<\/b>.<\/p>\n<\/li>\n<li>\n<p data-path-to-node=\"6,4,0\"><b data-path-to-node=\"6,4,0\" data-index-in-node=\"0\">Casquillo cer\u00e1mico de circonio:<\/b> Cuenta con un di\u00e1metro interior de alta concentricidad de 125\/126 \u00b5m para fibra monomodo, lo que garantiza una p\u00e9rdida de inserci\u00f3n media de <b data-path-to-node=\"6,4,0\" data-index-in-node=\"132\">\u22640,20 dB<\/b>.<\/p>\n<\/li>\n<li>\n<p data-path-to-node=\"6,5,0\"><b data-path-to-node=\"6,5,0\" data-index-in-node=\"0\">Mini-Boot de 0,9 mm:<\/b> Una funda corta especializada proporciona un alivio eficaz de la tensi\u00f3n para las fibras con amortiguaci\u00f3n ajustada sin a\u00f1adir longitud innecesaria al conjunto del conector.<\/p>\n<\/li>\n<\/ul>\n<hr data-path-to-node=\"7\" \/>\n<h2 data-path-to-node=\"8\">\ud83d\udcc9 Especificaciones t\u00e9cnicas de rendimiento<\/h2>\n<p data-path-to-node=\"9\">Estos datos representan nuestro <b data-path-to-node=\"9\" data-index-in-node=\"25\">Est\u00e1ndar de calidad de nivel carrier<\/b>, adecuado para infraestructuras de telecomunicaciones internacionales:<\/p>\n<table data-path-to-node=\"10\">\n<thead>\n<tr>\n<td><strong>M\u00e9trica t\u00e9cnica<\/strong><\/td>\n<td><strong>Requisito<\/strong><\/td>\n<td><strong>Cumplimiento de las normas<\/strong><\/td>\n<\/tr>\n<\/thead>\n<tbody>\n<tr>\n<td><span data-path-to-node=\"10,1,0,0\"><b data-path-to-node=\"10,1,0,0\" data-index-in-node=\"0\">P\u00e9rdida de inserci\u00f3n (IL)<\/b><\/span><\/td>\n<td><span data-path-to-node=\"10,1,1,0\">Promedio \u2264 0,20 dB | M\u00e1ximo \u2264 0,30 dB<\/span><\/td>\n<td><span data-path-to-node=\"10,1,2,0\">IEC 61300-3-4<\/span><\/td>\n<\/tr>\n<tr>\n<td><span data-path-to-node=\"10,2,0,0\"><b data-path-to-node=\"10,2,0,0\" data-index-in-node=\"0\">P\u00e9rdida de retorno (RL)<\/b><\/span><\/td>\n<td><span data-path-to-node=\"10,2,1,0\">\u2265 60 dB (APC)<\/span><\/td>\n<td><span data-path-to-node=\"10,2,2,0\">IEC 61300-3-6<\/span><\/td>\n<\/tr>\n<tr>\n<td><span data-path-to-node=\"10,3,0,0\"><b data-path-to-node=\"10,3,0,0\" data-index-in-node=\"0\">Durabilidad del acoplamiento<\/b><\/span><\/td>\n<td><span data-path-to-node=\"10,3,1,0\">&gt; 1000 ciclos<\/span><\/td>\n<td><span data-path-to-node=\"10,3,2,0\">TIA\/EIA-568-B.3<\/span><\/td>\n<\/tr>\n<tr>\n<td><span data-path-to-node=\"10,4,0,0\"><b data-path-to-node=\"10,4,0,0\" data-index-in-node=\"0\">Temperatura de funcionamiento<\/b><\/span><\/td>\n<td><span data-path-to-node=\"10,4,1,0\">De -40 \u00b0C a +75 \u00b0C<\/span><\/td>\n<td><span data-path-to-node=\"10,4,2,0\">Bellcore GR-326<\/span><\/td>\n<\/tr>\n<tr>\n<td><span data-path-to-node=\"10,5,0,0\"><b data-path-to-node=\"10,5,0,0\" data-index-in-node=\"0\">Resistencia al fuego<\/b><\/span><\/td>\n<td><span data-path-to-node=\"10,5,1,0\">Clasificaci\u00f3n UL 94V-0<\/span><\/td>\n<td><span data-path-to-node=\"10,5,2,0\">Normas de seguridad globales<\/span><\/td>\n<\/tr>\n<\/tbody>\n<\/table>\n<hr data-path-to-node=\"11\" \/>\n<h2 data-path-to-node=\"12\">\ud83d\udca1 Preguntas frecuentes sobre montaje y abastecimiento en campo<\/h2>\n<p data-path-to-node=\"13\"><b data-path-to-node=\"13\" data-index-in-node=\"0\">P: \u00bfPor qu\u00e9 elegir la versi\u00f3n totalmente pl\u00e1stica de 0,9 mm en lugar de la versi\u00f3n con tope met\u00e1lico?<\/b><\/p>\n<p data-path-to-node=\"13\"><b data-path-to-node=\"13\" data-index-in-node=\"61\">A:<\/b> La versi\u00f3n totalmente pl\u00e1stica de 0,9 mm est\u00e1 optimizada espec\u00edficamente para el enrutamiento interno dentro de recintos protegidos (como ODF o cajas divisoras). Mientras que las versiones con tope met\u00e1lico proporcionan una mayor resistencia a la tracci\u00f3n para cubiertas pesadas de 3,0 mm, la versi\u00f3n con pigtail totalmente pl\u00e1stica es m\u00e1s econ\u00f3mica, ligera y eficiente en cuanto al espacio para fibras delicadas con revestimiento de 0,9 mm.<\/p>\n<p data-path-to-node=\"14\"><b data-path-to-node=\"14\" data-index-in-node=\"0\">P: \u00bfSe necesita una herramienta de engarzado para la versi\u00f3n de 0,9 mm?<\/b><\/p>\n<p data-path-to-node=\"14\"><b data-path-to-node=\"14\" data-index-in-node=\"54\">A:<\/b> Por lo general, los conectores de 0,9 mm no requieren engarzado o utilizan un manguito de pl\u00e1stico especializado en lugar de un engarzado hexagonal de metal pesado. Dado que la fibra de 0,9 mm no tiene una cubierta exterior gruesa ni elementos de refuerzo de Kevlar para fijarla, el montaje se centra en asegurar el b\u00fafer ajustado directamente en los clips internos de la carcasa.<\/p>\n<p data-path-to-node=\"15\"><b data-path-to-node=\"15\" data-index-in-node=\"0\">P: \u00bfSon adecuados para pigtails GPON\/XGS-PON de alta velocidad?<\/b><\/p>\n<p data-path-to-node=\"15\"><b data-path-to-node=\"15\" data-index-in-node=\"60\">A:<\/b> Por supuesto. Son el est\u00e1ndar del sector para empalmar los extremos de los cables de fibra entrantes. La interfaz APC es obligatoria en las redes PON para suprimir la reflexi\u00f3n trasera que puede interferir con las se\u00f1ales digitales de alta velocidad.<\/p>\n<p data-path-to-node=\"16\"><b data-path-to-node=\"16\" data-index-in-node=\"0\">P: \u00bfPuedo solicitar colores personalizados para las botas o materiales LSZH?<\/b><\/p>\n<p data-path-to-node=\"16\"><b data-path-to-node=\"16\" data-index-in-node=\"55\">A:<\/b> Como <b data-path-to-node=\"16\" data-index-in-node=\"63\">Directo del fabricante<\/b> fuente, proporcionamos botas verdes est\u00e1ndar para APC, pero hay disponibles botas con colores personalizados para codificaci\u00f3n por colores (por ejemplo, fibras de entrada frente a fibras de salida en un divisor) para <b data-path-to-node=\"16\" data-index-in-node=\"236\">Pedidos al por mayor<\/b>. Todos los componentes cumplen con las normas LSZH y RoHS de forma predeterminada.<\/p>","protected":false},"excerpt":{"rendered":"<p data-path-to-node=\"1\">En <b data-path-to-node=\"1\" data-index-in-node=\"4\">SC APC 0,9 mm Todo pl\u00e1stico<\/b> El conector es una soluci\u00f3n de ingenier\u00eda de precisi\u00f3n dise\u00f1ada para la gesti\u00f3n de fibra de alta densidad y entornos con limitaciones de espacio. Optimizado espec\u00edficamente para <b data-path-to-node=\"1\" data-index-in-node=\"180\">Fibra tamp\u00f3n de 0,9 mm<\/b>, Esta arquitectura \u201ctotalmente pl\u00e1stica\u201d utiliza pol\u00edmeros de ingenier\u00eda de alta resistencia para ofrecer una terminaci\u00f3n ligera, resistente a la corrosi\u00f3n y rentable para <b data-path-to-node=\"1\" data-index-in-node=\"358\">FTTH (fibra hasta el hogar), cableado interno ODF y m\u00f3dulos divisores \u00f3pticos.<\/b>.<\/p>\n<p data-path-to-node=\"2\">Al eliminar los componentes met\u00e1licos de la estructura interna, este modelo ofrece un proceso de ensamblaje optimizado que mantiene un excelente rendimiento \u00f3ptico y proporciona la alta p\u00e9rdida de retorno necesaria para las redes CATV y GPON modernas.<\/p>","protected":false},"featured_media":843,"comment_status":"open","ping_status":"closed","template":"","meta":[],"product_brand":[],"product_cat":[48],"product_tag":[],"class_list":{"0":"post-842","1":"product","2":"type-product","3":"status-publish","4":"has-post-thumbnail","6":"product_cat-sc-simplex-connector-single-mode-multimode","8":"first","9":"instock","10":"shipping-taxable","11":"product-type-simple"},"_links":{"self":[{"href":"https:\/\/www.fenxifiber.com\/es\/wp-json\/wp\/v2\/product\/842","targetHints":{"allow":["GET"]}}],"collection":[{"href":"https:\/\/www.fenxifiber.com\/es\/wp-json\/wp\/v2\/product"}],"about":[{"href":"https:\/\/www.fenxifiber.com\/es\/wp-json\/wp\/v2\/types\/product"}],"replies":[{"embeddable":true,"href":"https:\/\/www.fenxifiber.com\/es\/wp-json\/wp\/v2\/comments?post=842"}],"wp:featuredmedia":[{"embeddable":true,"href":"https:\/\/www.fenxifiber.com\/es\/wp-json\/wp\/v2\/media\/843"}],"wp:attachment":[{"href":"https:\/\/www.fenxifiber.com\/es\/wp-json\/wp\/v2\/media?parent=842"}],"wp:term":[{"taxonomy":"product_brand","embeddable":true,"href":"https:\/\/www.fenxifiber.com\/es\/wp-json\/wp\/v2\/product_brand?post=842"},{"taxonomy":"product_cat","embeddable":true,"href":"https:\/\/www.fenxifiber.com\/es\/wp-json\/wp\/v2\/product_cat?post=842"},{"taxonomy":"product_tag","embeddable":true,"href":"https:\/\/www.fenxifiber.com\/es\/wp-json\/wp\/v2\/product_tag?post=842"}],"curies":[{"name":"wp","href":"https:\/\/api.w.org\/{rel}","templated":true}]}}