{"id":850,"date":"2026-02-04T02:36:57","date_gmt":"2026-02-04T02:36:57","guid":{"rendered":"https:\/\/www.fenxifiber.com\/?post_type=product&#038;p=850"},"modified":"2026-02-04T03:01:30","modified_gmt":"2026-02-04T03:01:30","slug":"sc-upc-0-multimodo-de-9-mm-totalmente-de-plastico","status":"publish","type":"product","link":"https:\/\/www.fenxifiber.com\/es\/product\/sc-upc-0-9mm-multimode-all-plastic\/","title":{"rendered":"SC UPC 0.9mm Multimodo Todo Pl\u00e1stico | Interconectores Internos de Alta Densidad"},"content":{"rendered":"<h1 data-path-to-node=\"0\">SC UPC 0.9mm Multimodo Todo Pl\u00e1stico | Interconectores Internos de Alta Densidad<\/h1>\n<p data-path-to-node=\"1\">En <b data-path-to-node=\"1\" data-index-in-node=\"4\">SC UPC 0,9 mm Multimodo Todo Pl\u00e1stico<\/b> La serie es una soluci\u00f3n de terminaci\u00f3n ultraligera y que ahorra espacio, dise\u00f1ada espec\u00edficamente para la gesti\u00f3n interna de la fibra. Dise\u00f1ada espec\u00edficamente para <b data-path-to-node=\"1\" data-index-in-node=\"172\">Fibras de buffer estrecho de 0,9 mm<\/b>, este conector elimina el volumen innecesario gracias al uso de una arquitectura de pol\u00edmeros de alto rendimiento. Es la opci\u00f3n ideal para <b data-path-to-node=\"1\" data-index-in-node=\"323\">m\u00f3dulos divisores \u00f3pticos, kits de distribuci\u00f3n MPO a SC y paneles de conexi\u00f3n compactos.<\/b> donde se deben tender cientos de fibras dentro de un recinto cerrado.<\/p>\n<p data-path-to-node=\"2\">Dise\u00f1ado para satisfacer las exigencias de alta velocidad de <b data-path-to-node=\"2\" data-index-in-node=\"39\">LAN empresariales y centros de datos<\/b>, Estos componentes son compatibles con toda la gama de fibras multimodo (OM1\/OM2\/OM3\/OM4) y proporcionan una interfaz de cierre a presi\u00f3n fiable que simplifica la complejidad del cableado interno.<\/p>\n<hr data-path-to-node=\"3\" \/>\n<h2 data-path-to-node=\"4\">\ud83c\udfd7\ufe0f Innovaci\u00f3n en el dise\u00f1o: precisi\u00f3n y ligereza<\/h2>\n<p data-path-to-node=\"5\">En aplicaciones de 0,9 mm, el objetivo es maximizar la densidad sin sacrificar la delicada naturaleza de la fibra amortiguada. El dise\u00f1o totalmente pl\u00e1stico aborda esto a trav\u00e9s de:<\/p>\n<ul data-path-to-node=\"6\">\n<li>\n<p data-path-to-node=\"6,0,0\"><b data-path-to-node=\"6,0,0\" data-index-in-node=\"0\">Tama\u00f1o miniaturizado:<\/b> Al eliminar los topes met\u00e1licos, el conector logra un perfil de menor masa, lo que reduce el peso acumulado en las bandejas internas sensibles y evita el \u201chundimiento\u201d de la fibra en los ODF de alta densidad.<\/p>\n<\/li>\n<li>\n<p data-path-to-node=\"6,1,0\"><b data-path-to-node=\"6,1,0\" data-index-in-node=\"0\">Adaptaci\u00f3n de la expansi\u00f3n t\u00e9rmica:<\/b> Utilizando termopl\u00e1sticos de grado t\u00e9cnico que reflejan las tasas de expansi\u00f3n de los materiales de amortiguaci\u00f3n de fibra, se garantiza que el <b data-path-to-node=\"6,1,0\" data-index-in-node=\"139\">Contacto f\u00edsico extremo (UPC)<\/b> se mantiene estable a diferentes temperaturas en la sala de servidores.<\/p>\n<\/li>\n<li>\n<p data-path-to-node=\"6,2,0\"><b data-path-to-node=\"6,2,0\" data-index-in-node=\"0\">Montaje r\u00e1pido:<\/b> El marco interno totalmente de pl\u00e1stico est\u00e1 optimizado para una terminaci\u00f3n r\u00e1pida a nivel de f\u00e1brica, con un sistema de clip de alta precisi\u00f3n que fija de manera segura la f\u00e9rula de circonio sin necesidad de herramientas met\u00e1licas complejas.<\/p>\n<\/li>\n<li>\n<p data-path-to-node=\"6,3,0\"><b data-path-to-node=\"6,3,0\" data-index-in-node=\"0\">Neutralidad EMI\/RFI:<\/b> La construcci\u00f3n no met\u00e1lica 100% hace que estos conectores sean ideales para su uso en entornos con alta interferencia electromagn\u00e9tica, como salas de im\u00e1genes m\u00e9dicas o salas de control de subestaciones el\u00e9ctricas.<\/p>\n<\/li>\n<\/ul>\n<hr data-path-to-node=\"7\" \/>\n<h2 data-path-to-node=\"8\">\ud83d\udcc8 Especificaciones t\u00e9cnicas de rendimiento<\/h2>\n<p data-path-to-node=\"9\">Esta serie est\u00e1 dise\u00f1ada para superar los est\u00e1ndares multimodo, lo que garantiza que sus enlaces de 10G y 40G permanezcan libres de errores:<\/p>\n<table data-path-to-node=\"10\">\n<thead>\n<tr>\n<td><strong>Caracter\u00edsticas de rendimiento<\/strong><\/td>\n<td><strong>Especificaci\u00f3n<\/strong><\/td>\n<td><strong>Beneficio de ingenier\u00eda<\/strong><\/td>\n<\/tr>\n<\/thead>\n<tbody>\n<tr>\n<td><span data-path-to-node=\"10,1,0,0\"><b data-path-to-node=\"10,1,0,0\" data-index-in-node=\"0\">Compatibilidad con fibra<\/b><\/span><\/td>\n<td><span data-path-to-node=\"10,1,1,0\">Multimodo (OM1, OM2, OM3, OM4)<\/span><\/td>\n<td><span data-path-to-node=\"10,1,2,0\">Compatibilidad universal con versiones anteriores y alta velocidad<\/span><\/td>\n<\/tr>\n<tr>\n<td><span data-path-to-node=\"10,2,0,0\"><b data-path-to-node=\"10,2,0,0\" data-index-in-node=\"0\">Tipo de polaco<\/b><\/span><\/td>\n<td><span data-path-to-node=\"10,2,1,0\">UPC (Contacto f\u00edsico ultra)<\/span><\/td>\n<td><span data-path-to-node=\"10,2,2,0\">Baja atenuaci\u00f3n de se\u00f1al para enlaces de datos<\/span><\/td>\n<\/tr>\n<tr>\n<td><span data-path-to-node=\"10,3,0,0\"><b data-path-to-node=\"10,3,0,0\" data-index-in-node=\"0\">P\u00e9rdida de inserci\u00f3n (IL)<\/b><\/span><\/td>\n<td><span data-path-to-node=\"10,3,1,0\">T\u00edpico \u2264 0,15 dB<\/span><\/td>\n<td><span data-path-to-node=\"10,3,2,0\">Maximice su presupuesto de potencia \u00f3ptica<\/span><\/td>\n<\/tr>\n<tr>\n<td><span data-path-to-node=\"10,4,0,0\"><b data-path-to-node=\"10,4,0,0\" data-index-in-node=\"0\">P\u00e9rdida de retorno (RL)<\/b><\/span><\/td>\n<td><span data-path-to-node=\"10,4,1,0\">\u2265 35 dB<\/span><\/td>\n<td><span data-path-to-node=\"10,4,2,0\">Suprime la fluctuaci\u00f3n en transceptores de alta velocidad.<\/span><\/td>\n<\/tr>\n<tr>\n<td><span data-path-to-node=\"10,5,0,0\"><b data-path-to-node=\"10,5,0,0\" data-index-in-node=\"0\">Color de la carcasa<\/b><\/span><\/td>\n<td><span data-path-to-node=\"10,5,1,0\">Beige (OM1\/2) o Aguamarina (OM3\/4)<\/span><\/td>\n<td><span data-path-to-node=\"10,5,2,0\">Identificaci\u00f3n visual instant\u00e1nea de la red<\/span><\/td>\n<\/tr>\n<tr>\n<td><span data-path-to-node=\"10,6,0,0\"><b data-path-to-node=\"10,6,0,0\" data-index-in-node=\"0\">Durabilidad<\/b><\/span><\/td>\n<td><span data-path-to-node=\"10,6,1,0\">&gt; 1000 ciclos de apareamiento<\/span><\/td>\n<td><span data-path-to-node=\"10,6,2,0\">Fiabilidad a largo plazo en bastidores activos<\/span><\/td>\n<\/tr>\n<tr>\n<td><span data-path-to-node=\"10,7,0,0\"><b data-path-to-node=\"10,7,0,0\" data-index-in-node=\"0\">Medioambiental<\/b><\/span><\/td>\n<td><span data-path-to-node=\"10,7,1,0\">Cumple con las normas RoHS y REACH<\/span><\/td>\n<td><span data-path-to-node=\"10,7,2,0\">Seguro para proyectos de infraestructura global<\/span><\/td>\n<\/tr>\n<\/tbody>\n<\/table>\n<hr data-path-to-node=\"11\" \/>\n<h2 data-path-to-node=\"12\">\ud83d\udca1 Enrutamiento multifibra y preguntas frecuentes<\/h2>\n<p data-path-to-node=\"13\"><b data-path-to-node=\"13\" data-index-in-node=\"0\">P: \u00bfPor qu\u00e9 utilizar pl\u00e1stico para el multimodo de 0,9 mm en lugar de zinc o metal?<\/b><\/p>\n<p data-path-to-node=\"13\"><b data-path-to-node=\"13\" data-index-in-node=\"74\">A:<\/b> La fibra de 0,9 mm carece de la pesada cubierta exterior y el Kevlar que se encuentran en los cables de 3,0 mm. Un tope met\u00e1lico suele ser una \u201cingenier\u00eda excesiva\u201d para estas fibras ligeras. El <b data-path-to-node=\"13\" data-index-in-node=\"227\">Totalmente de pl\u00e1stico<\/b> La versi\u00f3n proporciona la tensi\u00f3n exacta necesaria para mantener el contacto \u00f3ptico, al tiempo que reduce al m\u00ednimo el costo y el peso por puerto.<\/p>\n<p data-path-to-node=\"14\"><b data-path-to-node=\"14\" data-index-in-node=\"0\">P: \u00bfSon estos conectores compatibles con Ethernet OM4 40G\/100G?<\/b><\/p>\n<p data-path-to-node=\"14\"><b data-path-to-node=\"14\" data-index-in-node=\"63\">A:<\/b> S\u00ed. Aunque la carcasa es de pl\u00e1stico, el n\u00facleo del conector es de <b data-path-to-node=\"14\" data-index-in-node=\"133\">Casquillo de circonio de primera calidad<\/b>. Utilizamos perforaciones de alta precisi\u00f3n que garantizan que el n\u00facleo de luz de las fibras OM3 y OM4 est\u00e9 perfectamente alineado para la transmisi\u00f3n de alta velocidad basada en VCSEL.<\/p>\n<p data-path-to-node=\"15\"><b data-path-to-node=\"15\" data-index-in-node=\"0\">P: \u00bfEn qu\u00e9 se diferencia la funda de 0,9 mm de las fundas est\u00e1ndar?<\/b><\/p>\n<p data-path-to-node=\"15\"><b data-path-to-node=\"15\" data-index-in-node=\"55\">A:<\/b> La funda de 0,9 mm tiene un dise\u00f1o de \u201crevestimiento corto\u201d. Proporciona suficiente protecci\u00f3n del radio de curvatura para evitar microcurvaturas en el punto de entrada del conector, pero es lo suficientemente corta como para permitir que la fibra se enrolle firmemente dentro de peque\u00f1as bandejas de empalme o m\u00f3dulos de casete.<\/p>\n<p data-path-to-node=\"16\"><b data-path-to-node=\"16\" data-index-in-node=\"0\">P: \u00bfEste kit es compatible con adhesivos anaer\u00f3bicos \u201cr\u00e1pidos para uso en campo\u201d?<\/b><\/p>\n<p data-path-to-node=\"16\"><b data-path-to-node=\"16\" data-index-in-node=\"59\">A:<\/b> Por supuesto. El marco pl\u00e1stico interno es compatible tanto con epoxis tradicionales de curado t\u00e9rmico como con adhesivos anaer\u00f3bicos de curado r\u00e1pido, lo que lo convierte en una opci\u00f3n vers\u00e1til tanto para l\u00edneas de montaje en f\u00e1brica como para kits de reparaci\u00f3n en campo.<\/p>","protected":false},"excerpt":{"rendered":"<p data-path-to-node=\"1\"><span class=\"\">En <\/span><b class=\"\" data-path-to-node=\"1\" data-index-in-node=\"4\">SC UPC 0,9 mm Multimodo Todo Pl\u00e1stico<\/b><span class=\"\"> La serie es ultraligera,<\/span><span class=\"\"> Soluci\u00f3n de terminaci\u00f3n que ahorra espacio, dise\u00f1ada para la gesti\u00f3n interna de la fibra.<\/span><span class=\"\"> Dise\u00f1ado espec\u00edficamente para <\/span><b class=\"\" data-path-to-node=\"1\" data-index-in-node=\"172\">Fibras de buffer estrecho de 0,9 mm<\/b><span class=\"\">,<\/span><span class=\"\"> Este conector elimina el volumen innecesario gracias al uso de una arquitectura de pol\u00edmeros de alto rendimiento.<\/span><span class=\"\"> Es la opci\u00f3n ideal para <\/span><b class=\"\" data-path-to-node=\"1\" data-index-in-node=\"323\">m\u00f3dulos divisores \u00f3pticos, kits de distribuci\u00f3n MPO a SC y paneles de conexi\u00f3n compactos.<\/b><span class=\"\"> donde se deben tender cientos de fibras dentro de un recinto cerrado.<\/span><\/p>\n<p data-path-to-node=\"2\"><span class=\"\">Dise\u00f1ado para satisfacer las exigencias de alta velocidad de <\/span><b class=\"\" data-path-to-node=\"2\" data-index-in-node=\"39\">LAN empresariales y centros de datos<\/b><span class=\"\">,<\/span><span class=\"\"> Estos componentes son compatibles con toda la gama de fibras multimodo (OM1\/OM2\/OM3\/OM4).,<\/span><span class=\"\"> proporcionar un servicio confiable,<\/span><span class=\"\"> Interfaz de cierre a presi\u00f3n que simplifica la complejidad del cableado interno.<\/span><\/p>","protected":false},"featured_media":851,"comment_status":"open","ping_status":"closed","template":"","meta":[],"product_brand":[],"product_cat":[48],"product_tag":[],"class_list":{"0":"post-850","1":"product","2":"type-product","3":"status-publish","4":"has-post-thumbnail","6":"product_cat-sc-simplex-connector-single-mode-multimode","8":"first","9":"instock","10":"shipping-taxable","11":"product-type-simple"},"_links":{"self":[{"href":"https:\/\/www.fenxifiber.com\/es\/wp-json\/wp\/v2\/product\/850","targetHints":{"allow":["GET"]}}],"collection":[{"href":"https:\/\/www.fenxifiber.com\/es\/wp-json\/wp\/v2\/product"}],"about":[{"href":"https:\/\/www.fenxifiber.com\/es\/wp-json\/wp\/v2\/types\/product"}],"replies":[{"embeddable":true,"href":"https:\/\/www.fenxifiber.com\/es\/wp-json\/wp\/v2\/comments?post=850"}],"wp:featuredmedia":[{"embeddable":true,"href":"https:\/\/www.fenxifiber.com\/es\/wp-json\/wp\/v2\/media\/851"}],"wp:attachment":[{"href":"https:\/\/www.fenxifiber.com\/es\/wp-json\/wp\/v2\/media?parent=850"}],"wp:term":[{"taxonomy":"product_brand","embeddable":true,"href":"https:\/\/www.fenxifiber.com\/es\/wp-json\/wp\/v2\/product_brand?post=850"},{"taxonomy":"product_cat","embeddable":true,"href":"https:\/\/www.fenxifiber.com\/es\/wp-json\/wp\/v2\/product_cat?post=850"},{"taxonomy":"product_tag","embeddable":true,"href":"https:\/\/www.fenxifiber.com\/es\/wp-json\/wp\/v2\/product_tag?post=850"}],"curies":[{"name":"wp","href":"https:\/\/api.w.org\/{rel}","templated":true}]}}