{"id":861,"date":"2026-02-04T02:43:44","date_gmt":"2026-02-04T02:43:44","guid":{"rendered":"https:\/\/www.fenxifiber.com\/?post_type=product&#038;p=861"},"modified":"2026-02-04T03:03:35","modified_gmt":"2026-02-04T03:03:35","slug":"sc-upc-2-0-3-0-mm-totalmente-de-plastico","status":"publish","type":"product","link":"https:\/\/www.fenxifiber.com\/es\/product\/sc-upc-2-0-3-0mm-all-plastic\/","title":{"rendered":"SC UPC 2.0\/3.0mm Serie Todo Pl\u00e1stico | Soluciones Profesionales de Terminaci\u00f3n de Fibra"},"content":{"rendered":"<h2 data-path-to-node=\"4\">\ud83d\udee0 Ingenier\u00eda de materiales y arquitectura interna<\/h2>\n<p data-path-to-node=\"5\">Al mudarse a un <b data-path-to-node=\"5\" data-index-in-node=\"16\">Sistema de retenci\u00f3n interna totalmente de pl\u00e1stico.<\/b>, Hemos optimizado el conector para satisfacer los requisitos de los entornos interiores y exteriores protegidos modernos.<\/p>\n<ul data-path-to-node=\"6\">\n<li>\n<p data-path-to-node=\"6,0,0\"><b data-path-to-node=\"6,0,0\" data-index-in-node=\"0\">Construcci\u00f3n diel\u00e9ctrica:<\/b> El marco interno no met\u00e1lico 100% garantiza un aislamiento el\u00e9ctrico total. Esto hace que el conector sea inmune a las interferencias EMI\/RFI y proporciona una soluci\u00f3n de terminaci\u00f3n segura en proximidad a l\u00edneas el\u00e9ctricas o en zonas propensas a rayos.<\/p>\n<\/li>\n<li>\n<p data-path-to-node=\"6,1,0\"><b data-path-to-node=\"6,1,0\" data-index-in-node=\"0\">Estabilidad resistente a la corrosi\u00f3n:<\/b> A diferencia de los componentes de zinc o lat\u00f3n, que pueden oxidarse en entornos de centros de datos con alta humedad o \u201cpasillos calientes\u201d, el pol\u00edmero de alto rendimiento permanece qu\u00edmicamente inerte, manteniendo su integridad de enganche durante d\u00e9cadas.<\/p>\n<\/li>\n<li>\n<p data-path-to-node=\"6,2,0\"><b data-path-to-node=\"6,2,0\" data-index-in-node=\"0\">Alineaci\u00f3n precisa de los casquillos:<\/b> Cada unidad cuenta con un <b data-path-to-node=\"6,2,0\" data-index-in-node=\"50\">Casquillo cer\u00e1mico de circonio de primera calidad<\/b> con una tolerancia de concentricidad de <span class=\"math-inline\" data-math=\"\\le 0.5\\mu m\" data-index-in-node=\"117\">$\\le 0,5\\\u03bcm$<\/span> para modo \u00fanico. El marco de pl\u00e1stico est\u00e1 moldeado con tolerancias a nivel de micras para garantizar que la f\u00e9rula permanezca perfectamente centrada.<\/p>\n<\/li>\n<li>\n<p data-path-to-node=\"6,3,0\"><b data-path-to-node=\"6,3,0\" data-index-in-node=\"0\">Gesti\u00f3n de la carga axial:<\/b> Los clips internos de pol\u00edmero est\u00e1n dise\u00f1ados para proporcionar un \u201cagarre controlado\u201d en el casquillo. Esto permite que el resorte mantenga un contacto f\u00edsico constante (UPC) sin el riesgo de fatiga mec\u00e1nica com\u00fan en los conectores de pl\u00e1stico de menor calidad.<\/p>\n<\/li>\n<\/ul>\n<hr data-path-to-node=\"7\" \/>\n<h2 data-path-to-node=\"8\">\ud83c\udfd7 Escenarios de implementaci\u00f3n: donde destaca el \u201cpl\u00e1stico integral\u201d<\/h2>\n<p data-path-to-node=\"9\">La serie SC All-Plastic se utiliza estrat\u00e9gicamente en varios niveles clave de infraestructura:<\/p>\n<h3 data-path-to-node=\"10\">1. Parches para centros de datos de alta densidad<\/h3>\n<p data-path-to-node=\"11\">En las instalaciones hiperescala modernas, el control del peso en las bandejas de cables y los ODF (marcos de distribuci\u00f3n \u00f3ptica) es una preocupaci\u00f3n importante. El perfil m\u00e1s ligero del conector SC totalmente pl\u00e1stico reduce la carga acumulada en los puertos de los bastidores, lo que evita el desgaste f\u00edsico y los posibles problemas de alineaci\u00f3n con el paso del tiempo.<\/p>\n<h3 data-path-to-node=\"12\">2. Tomas de abonado de fibra hasta el hogar (FTTH)<\/h3>\n<p data-path-to-node=\"13\">Para implementaciones residenciales a gran escala, el costo por conexi\u00f3n es fundamental. La serie All-Plastic ofrece un perfil de rendimiento de nivel carrier (<span class=\"math-inline\" data-math=\"IL \\le 0.20dB\" data-index-in-node=\"138\">$IL \u2264 0,20 dB$<\/span>) a un precio muy competitivo, lo que lo convierte en la opci\u00f3n preferida para las conexiones ONT de los suscriptores y las tomas de pared.<\/p>\n<h3 data-path-to-node=\"14\">3. Control industrial e im\u00e1genes m\u00e9dicas<\/h3>\n<p data-path-to-node=\"15\">En entornos que requieren componentes no magn\u00e9ticos (como salas de resonancia magn\u00e9tica) o conectores sin chispas (plantas qu\u00edmicas), la arquitectura no met\u00e1lica de este conector SC proporciona una capa esencial de seguridad operativa.<\/p>\n<hr data-path-to-node=\"16\" \/>\n<h2 data-path-to-node=\"17\">\ud83d\udcca Perfil de rendimiento t\u00e9cnico<\/h2>\n<p data-path-to-node=\"18\">Estos datos reflejan nuestros est\u00e1ndares probados por lotes, lo que garantiza el cumplimiento de las normas internacionales de telecomunicaciones:<\/p>\n<table data-path-to-node=\"19\">\n<thead>\n<tr>\n<td><strong>M\u00e9trica de rendimiento<\/strong><\/td>\n<td><strong>Nivel de especificaci\u00f3n<\/strong><\/td>\n<td><strong>Cumplimiento de las normas<\/strong><\/td>\n<\/tr>\n<\/thead>\n<tbody>\n<tr>\n<td><span data-path-to-node=\"19,1,0,0\"><b data-path-to-node=\"19,1,0,0\" data-index-in-node=\"0\">P\u00e9rdida de inserci\u00f3n (IL)<\/b><\/span><\/td>\n<td><span data-path-to-node=\"19,1,1,0\">T\u00edpico <span class=\"math-inline\" data-math=\"\\le 0.15\" data-index-in-node=\"8\">1 TP4T \u2264 0,151 TP4T<\/span> dB \/ M\u00e1x. <span class=\"math-inline\" data-math=\"\\le 0.30\" data-index-in-node=\"26\">1 TP4T \u2264 0,301 TP4T<\/span> dB<\/span><\/td>\n<td><span data-path-to-node=\"19,1,2,0\">IEC 61300-3-4<\/span><\/td>\n<\/tr>\n<tr>\n<td><span data-path-to-node=\"19,2,0,0\"><b data-path-to-node=\"19,2,0,0\" data-index-in-node=\"0\">P\u00e9rdida de retorno (RL)<\/b><\/span><\/td>\n<td><span data-path-to-node=\"19,2,1,0\"><span class=\"math-inline\" data-math=\"\\ge 50\" data-index-in-node=\"0\">$\\ge 50$<\/span> dB (UPC monomodo)<\/span><\/td>\n<td><span data-path-to-node=\"19,2,2,0\">IEC 61300-3-6<\/span><\/td>\n<\/tr>\n<tr>\n<td><span data-path-to-node=\"19,3,0,0\"><b data-path-to-node=\"19,3,0,0\" data-index-in-node=\"0\">Retenci\u00f3n de cables<\/b><\/span><\/td>\n<td><span data-path-to-node=\"19,3,1,0\"><span class=\"math-inline\" data-math=\"\\ge 100\" data-index-in-node=\"0\">$\\ge 100$<\/span> N (para cubierta de 3,0 mm)<\/span><\/td>\n<td><span data-path-to-node=\"19,3,2,0\">TIA\/EIA-455-6<\/span><\/td>\n<\/tr>\n<tr>\n<td><span data-path-to-node=\"19,4,0,0\"><b data-path-to-node=\"19,4,0,0\" data-index-in-node=\"0\">Durabilidad del acoplamiento<\/b><\/span><\/td>\n<td><span data-path-to-node=\"19,4,1,0\"><span class=\"math-inline\" data-math=\"&gt; 1000\" data-index-in-node=\"0\">$&gt; 1000$<\/span> Ciclos<\/span><\/td>\n<td><span data-path-to-node=\"19,4,2,0\">IEC 61300-2-2<\/span><\/td>\n<\/tr>\n<tr>\n<td><span data-path-to-node=\"19,5,0,0\"><b data-path-to-node=\"19,5,0,0\" data-index-in-node=\"0\">Temperatura de funcionamiento<\/b><\/span><\/td>\n<td><span data-path-to-node=\"19,5,1,0\">De -40 \u00b0C a +85 \u00b0C<\/span><\/td>\n<td><span data-path-to-node=\"19,5,2,0\">Bellcore GR-326<\/span><\/td>\n<\/tr>\n<tr>\n<td><span data-path-to-node=\"19,6,0,0\"><b data-path-to-node=\"19,6,0,0\" data-index-in-node=\"0\">Seguridad de los materiales<\/b><\/span><\/td>\n<td><span data-path-to-node=\"19,6,1,0\">Retardante de llama UL 94V-0<\/span><\/td>\n<td><span data-path-to-node=\"19,6,2,0\">RoHS \/ REACH<\/span><\/td>\n<\/tr>\n<\/tbody>\n<\/table>\n<hr data-path-to-node=\"20\" \/>\n<h2 data-path-to-node=\"21\">\ud83d\udce6 Asistencia para la personalizaci\u00f3n y el montaje<\/h2>\n<p data-path-to-node=\"22\">Como <b data-path-to-node=\"22\" data-index-in-node=\"5\">Fabricante directo<\/b>, Ofrecemos estos conectores con opciones personalizadas que se adaptan a su l\u00ednea de producci\u00f3n:<\/p>\n<ul data-path-to-node=\"23\">\n<li>\n<p data-path-to-node=\"23,0,0\"><b data-path-to-node=\"23,0,0\" data-index-in-node=\"0\">Botas con doble compatibilidad:<\/b> Nuestras botas especializadas cuentan con un di\u00e1metro interno de varias etapas, lo que proporciona un alivio de tensi\u00f3n profesional tanto para cables de conexi\u00f3n de 2,0 mm como para cables de alta resistencia de 3,0 mm en una sola referencia.<\/p>\n<\/li>\n<li>\n<p data-path-to-node=\"23,1,0\"><b data-path-to-node=\"23,1,0\" data-index-in-node=\"0\">Identificadores codificados por colores:<\/b> M\u00e1s all\u00e1 de lo est\u00e1ndar <b data-path-to-node=\"23,1,0\" data-index-in-node=\"45\">Azul (modo \u00fanico)<\/b>, ofrecemos <b data-path-to-node=\"23,1,0\" data-index-in-node=\"74\">Aqua (OM3\/4)<\/b>, <b data-path-to-node=\"23,1,0\" data-index-in-node=\"88\">Erika Violet (OM4)<\/b>, y <b data-path-to-node=\"23,1,0\" data-index-in-node=\"112\">Verde lima (OM5)<\/b> para facilitar la identificaci\u00f3n instant\u00e1nea de la red.<\/p>\n<\/li>\n<li>\n<p data-path-to-node=\"23,2,0\"><b data-path-to-node=\"23,2,0\" data-index-in-node=\"0\">Empaque a granel:<\/b> Los componentes se pueden suministrar en bandejas modulares (previamente clasificados para el ensamblaje automatizado) o como kits de piezas sueltas para los t\u00e9cnicos de campo.<\/p>\n<\/li>\n<li>\n<p data-path-to-node=\"23,3,0\"><b data-path-to-node=\"23,3,0\" data-index-in-node=\"0\">Clasificaci\u00f3n de casquillos:<\/b> Hay disponibles opciones de casquillos \u201cMaster Grade\u201d para aplicaciones de pruebas de alta precisi\u00f3n en las que es imprescindible una p\u00e9rdida de inserci\u00f3n ultrabaja.<\/p>\n<\/li>\n<\/ul>","protected":false},"excerpt":{"rendered":"<p data-path-to-node=\"1\"><span class=\"\">En <\/span><b class=\"\" data-path-to-node=\"1\" data-index-in-node=\"4\">SC UPC 2,0\/3,0 mm totalmente de pl\u00e1stico<\/b><span class=\"\"> El conector representa el est\u00e1ndar industrial para alto rendimiento,<\/span><span class=\"\"> conectividad de fibra \u00f3ptica rentable.<\/span><span class=\"\"> Dise\u00f1ado para ambos <\/span><b class=\"\" data-path-to-node=\"1\" data-index-in-node=\"159\">Modo \u00fanico (OS2)<\/b><span class=\"\"> y <\/span><b class=\"\" data-path-to-node=\"1\" data-index-in-node=\"181\">Multimodo (OM1-OM5)<\/b><span class=\"\"> aplicaciones,<\/span><span class=\"\"> Esta serie utiliza un armaz\u00f3n interno de pol\u00edmero de ingenier\u00eda avanzada en lugar de un mamparo met\u00e1lico.<\/span><span class=\"\"> Esta opci\u00f3n de dise\u00f1o est\u00e1 optimizada espec\u00edficamente para implementaciones de red de gran volumen en las que <\/span><b class=\"\" data-path-to-node=\"1\" data-index-in-node=\"402\">reducci\u00f3n de peso, no conductividad y escalabilidad econ\u00f3mica<\/b><span class=\"\"> son los principales impulsores del proyecto.<\/span><\/p>\n<p data-path-to-node=\"2\"><span class=\"\">Como componente vers\u00e1til para <\/span><b class=\"\" data-path-to-node=\"2\" data-index-in-node=\"29\">LAN empresariales, distribuci\u00f3n FTTH y conexi\u00f3n de la oficina central<\/b><span class=\"\">,<\/span><span class=\"\"> Esta serie proporciona una terminaci\u00f3n robusta para ambos 2.<\/span><span class=\"\">0 mm y 3.<\/span><span class=\"\">Cables con cubierta de 0 mm,<\/span><span class=\"\"> Garantizar una interfaz segura y estable para los servicios modernos de gran ancho de banda.<\/span><\/p>","protected":false},"featured_media":863,"comment_status":"open","ping_status":"closed","template":"","meta":[],"product_brand":[],"product_cat":[48],"product_tag":[],"class_list":{"0":"post-861","1":"product","2":"type-product","3":"status-publish","4":"has-post-thumbnail","6":"product_cat-sc-simplex-connector-single-mode-multimode","8":"first","9":"instock","10":"shipping-taxable","11":"product-type-simple"},"_links":{"self":[{"href":"https:\/\/www.fenxifiber.com\/es\/wp-json\/wp\/v2\/product\/861","targetHints":{"allow":["GET"]}}],"collection":[{"href":"https:\/\/www.fenxifiber.com\/es\/wp-json\/wp\/v2\/product"}],"about":[{"href":"https:\/\/www.fenxifiber.com\/es\/wp-json\/wp\/v2\/types\/product"}],"replies":[{"embeddable":true,"href":"https:\/\/www.fenxifiber.com\/es\/wp-json\/wp\/v2\/comments?post=861"}],"wp:featuredmedia":[{"embeddable":true,"href":"https:\/\/www.fenxifiber.com\/es\/wp-json\/wp\/v2\/media\/863"}],"wp:attachment":[{"href":"https:\/\/www.fenxifiber.com\/es\/wp-json\/wp\/v2\/media?parent=861"}],"wp:term":[{"taxonomy":"product_brand","embeddable":true,"href":"https:\/\/www.fenxifiber.com\/es\/wp-json\/wp\/v2\/product_brand?post=861"},{"taxonomy":"product_cat","embeddable":true,"href":"https:\/\/www.fenxifiber.com\/es\/wp-json\/wp\/v2\/product_cat?post=861"},{"taxonomy":"product_tag","embeddable":true,"href":"https:\/\/www.fenxifiber.com\/es\/wp-json\/wp\/v2\/product_tag?post=861"}],"curies":[{"name":"wp","href":"https:\/\/api.w.org\/{rel}","templated":true}]}}