{"id":868,"date":"2026-02-04T02:52:43","date_gmt":"2026-02-04T02:52:43","guid":{"rendered":"https:\/\/www.fenxifiber.com\/?post_type=product&#038;p=868"},"modified":"2026-02-05T02:29:50","modified_gmt":"2026-02-05T02:29:50","slug":"lc-upc-20-mm-duplex-multimodo-color-rojo-rosado","status":"publish","type":"product","link":"https:\/\/www.fenxifiber.com\/es\/product\/lc-upc-2-0mm-duplex-multimode-rose-red\/","title":{"rendered":"Conector multimodo d\u00faplex LC UPC de 2,0 mm (rosa-rojo)"},"content":{"rendered":"<h3 data-start=\"705\" data-end=\"752\">Por qu\u00e9 el conector LC d\u00faplex es el est\u00e1ndar en los centros de datos<\/h3>\n<div class=\"TyagGW_tableContainer\">\n<div class=\"group TyagGW_tableWrapper flex flex-col-reverse w-fit\" tabindex=\"-1\">\n<table class=\"w-fit min-w-(--thread-content-width)\" data-start=\"754\" data-end=\"948\">\n<thead data-start=\"754\" data-end=\"808\">\n<tr data-start=\"754\" data-end=\"808\">\n<th class=\"\" data-start=\"754\" data-end=\"771\" data-col-size=\"sm\">Tipo de conector<\/th>\n<th class=\"\" data-start=\"771\" data-end=\"789\" data-col-size=\"sm\">Qu\u00e9 lleva<\/th>\n<th class=\"\" data-start=\"789\" data-end=\"808\" data-col-size=\"sm\">D\u00f3nde se utiliza<\/th>\n<\/tr>\n<\/thead>\n<tbody data-start=\"823\" data-end=\"948\">\n<tr data-start=\"823\" data-end=\"866\">\n<td data-start=\"823\" data-end=\"833\" data-col-size=\"sm\">Simplex<\/td>\n<td data-start=\"833\" data-end=\"845\" data-col-size=\"sm\">Una fibra<\/td>\n<td data-start=\"845\" data-end=\"866\" data-col-size=\"sm\">Coletas, pruebas<\/td>\n<\/tr>\n<tr data-start=\"867\" data-end=\"948\">\n<td data-start=\"867\" data-end=\"883\" data-col-size=\"sm\"><strong data-start=\"869\" data-end=\"882\">LC d\u00faplex<\/strong><\/td>\n<td data-start=\"883\" data-end=\"908\" data-col-size=\"sm\"><strong data-start=\"885\" data-end=\"907\">Dos fibras (Tx\/Rx)<\/strong><\/td>\n<td data-start=\"908\" data-end=\"948\" data-col-size=\"sm\"><strong data-start=\"910\" data-end=\"946\">Conmutador \u2194 Servidor, Conmutador \u2194 Conmutador<\/strong><\/td>\n<\/tr>\n<\/tbody>\n<\/table>\n<\/div>\n<\/div>\n<p data-start=\"950\" data-end=\"1047\">Un solo enchufe d\u00faplex sustituye a dos cables simples\u2014<strong data-start=\"998\" data-end=\"1046\">Instalaciones m\u00e1s r\u00e1pidas, menos errores, racks m\u00e1s ordenados<\/strong>.<\/p>\n<hr data-start=\"1049\" data-end=\"1052\" \/>\n<h3 data-start=\"1054\" data-end=\"1095\">Rosa rojizo = multimodo de gran ancho de banda<\/h3>\n<div class=\"TyagGW_tableContainer\">\n<div class=\"group TyagGW_tableWrapper flex flex-col-reverse w-fit\" tabindex=\"-1\">\n<table class=\"w-fit min-w-(--thread-content-width)\" data-start=\"1097\" data-end=\"1280\">\n<thead data-start=\"1097\" data-end=\"1143\">\n<tr data-start=\"1097\" data-end=\"1143\">\n<th class=\"\" data-start=\"1097\" data-end=\"1111\" data-col-size=\"sm\">Grado de fibra<\/th>\n<th class=\"\" data-start=\"1111\" data-end=\"1119\" data-col-size=\"sm\">Color<\/th>\n<th class=\"\" data-start=\"1119\" data-end=\"1143\" data-col-size=\"sm\">Alcance t\u00edpico a 100 G<\/th>\n<\/tr>\n<\/thead>\n<tbody data-start=\"1158\" data-end=\"1280\">\n<tr data-start=\"1158\" data-end=\"1180\">\n<td data-start=\"1158\" data-end=\"1164\" data-col-size=\"sm\">OM3<\/td>\n<td data-start=\"1164\" data-end=\"1171\" data-col-size=\"sm\">Aqua<\/td>\n<td data-start=\"1171\" data-end=\"1180\" data-col-size=\"sm\">~70 m<\/td>\n<\/tr>\n<tr data-start=\"1181\" data-end=\"1229\">\n<td data-start=\"1181\" data-end=\"1191\" data-col-size=\"sm\"><strong data-start=\"1183\" data-end=\"1190\">OM4<\/strong><\/td>\n<td data-start=\"1191\" data-end=\"1215\" data-col-size=\"sm\"><strong data-start=\"1193\" data-end=\"1214\">Rosa \/ Violeta<\/strong><\/td>\n<td data-start=\"1215\" data-end=\"1229\" data-col-size=\"sm\"><strong data-start=\"1217\" data-end=\"1227\">~100 m<\/strong><\/td>\n<\/tr>\n<tr data-start=\"1230\" data-end=\"1280\">\n<td data-start=\"1230\" data-end=\"1240\" data-col-size=\"sm\"><strong data-start=\"1232\" data-end=\"1239\">OM5<\/strong><\/td>\n<td data-start=\"1240\" data-end=\"1262\" data-col-size=\"sm\"><strong data-start=\"1242\" data-end=\"1261\">Rosa \/ Lima<\/strong><\/td>\n<td data-start=\"1262\" data-end=\"1280\" data-col-size=\"sm\"><strong data-start=\"1264\" data-end=\"1278\">Compatible con SWDM<\/strong><\/td>\n<\/tr>\n<\/tbody>\n<\/table>\n<\/div>\n<\/div>\n<p data-start=\"1282\" data-end=\"1387\">El uso de conectores de color rojo rosado ayuda a los t\u00e9cnicos <strong data-start=\"1326\" data-end=\"1358\">Identifica al instante las rutas OM4\/OM5<\/strong> en entornos con fibra mixta.<\/p>\n<hr data-start=\"1389\" data-end=\"1392\" \/>\n<h3 data-start=\"1394\" data-end=\"1429\">Rendimiento \u00f3ptico (multimodo)<\/h3>\n<div class=\"TyagGW_tableContainer\">\n<div class=\"group TyagGW_tableWrapper flex flex-col-reverse w-fit\" tabindex=\"-1\">\n<table class=\"w-fit min-w-(--thread-content-width)\" data-start=\"1431\" data-end=\"1701\">\n<thead data-start=\"1431\" data-end=\"1460\">\n<tr data-start=\"1431\" data-end=\"1460\">\n<th class=\"\" data-start=\"1431\" data-end=\"1443\" data-col-size=\"sm\">Par\u00e1metro<\/th>\n<th class=\"\" data-start=\"1443\" data-end=\"1460\" data-col-size=\"sm\">Valor t\u00edpico<\/th>\n<\/tr>\n<\/thead>\n<tbody data-start=\"1471\" data-end=\"1701\">\n<tr data-start=\"1471\" data-end=\"1515\">\n<td data-start=\"1471\" data-end=\"1484\" data-col-size=\"sm\">Tipo de fibra<\/td>\n<td data-start=\"1484\" data-end=\"1515\" data-col-size=\"sm\">OM3 \/ OM4 \/ OM5 (50\/125 \u00b5m)<\/td>\n<\/tr>\n<tr data-start=\"1516\" data-end=\"1532\">\n<td data-start=\"1516\" data-end=\"1525\" data-col-size=\"sm\">Polaco<\/td>\n<td data-start=\"1525\" data-end=\"1532\" data-col-size=\"sm\">UPC<\/td>\n<\/tr>\n<tr data-start=\"1533\" data-end=\"1563\">\n<td data-start=\"1533\" data-end=\"1550\" data-col-size=\"sm\">P\u00e9rdida de inserci\u00f3n<\/td>\n<td data-start=\"1550\" data-end=\"1563\" data-col-size=\"sm\">\u2264 0,30 dB<\/td>\n<\/tr>\n<tr data-start=\"1564\" data-end=\"1589\">\n<td data-start=\"1564\" data-end=\"1578\" data-col-size=\"sm\">P\u00e9rdida de retorno<\/td>\n<td data-start=\"1578\" data-end=\"1589\" data-col-size=\"sm\">\u2265 35 dB<\/td>\n<\/tr>\n<tr data-start=\"1590\" data-end=\"1621\">\n<td data-start=\"1590\" data-end=\"1604\" data-col-size=\"sm\">Longitudes de onda<\/td>\n<td data-start=\"1604\" data-end=\"1621\" data-col-size=\"sm\">850\/1300 nm<\/td>\n<\/tr>\n<tr data-start=\"1622\" data-end=\"1669\">\n<td data-start=\"1622\" data-end=\"1641\" data-col-size=\"sm\">Velocidades compatibles<\/td>\n<td data-col-size=\"sm\" data-start=\"1641\" data-end=\"1669\">10G, 25G, 40G, 100G (SR)<\/td>\n<\/tr>\n<tr data-start=\"1670\" data-end=\"1701\">\n<td data-start=\"1670\" data-end=\"1684\" data-col-size=\"sm\">Vida en pareja<\/td>\n<td data-start=\"1684\" data-end=\"1701\" data-col-size=\"sm\">\u2265 1000 ciclos<\/td>\n<\/tr>\n<\/tbody>\n<\/table>\n<\/div>\n<\/div>\n<hr data-start=\"1703\" data-end=\"1706\" \/>\n<h3 data-start=\"1708\" data-end=\"1745\">Detalles mec\u00e1nicos y de construcci\u00f3n<\/h3>\n<div class=\"TyagGW_tableContainer\">\n<div class=\"group TyagGW_tableWrapper flex flex-col-reverse w-fit\" tabindex=\"-1\">\n<table class=\"w-fit min-w-(--thread-content-width)\" data-start=\"1747\" data-end=\"2066\">\n<thead data-start=\"1747\" data-end=\"1774\">\n<tr data-start=\"1747\" data-end=\"1774\">\n<th class=\"\" data-start=\"1747\" data-end=\"1757\" data-col-size=\"sm\">Caracter\u00edstica<\/th>\n<th class=\"\" data-start=\"1757\" data-end=\"1774\" data-col-size=\"sm\">Especificaci\u00f3n<\/th>\n<\/tr>\n<\/thead>\n<tbody data-start=\"1785\" data-end=\"2066\">\n<tr data-start=\"1785\" data-end=\"1821\">\n<td data-start=\"1785\" data-end=\"1804\" data-col-size=\"sm\">Formato del conector<\/td>\n<td data-start=\"1804\" data-end=\"1821\" data-col-size=\"sm\"><strong data-start=\"1806\" data-end=\"1819\">LC D\u00faplex<\/strong><\/td>\n<\/tr>\n<tr data-start=\"1822\" data-end=\"1853\">\n<td data-start=\"1822\" data-end=\"1839\" data-col-size=\"sm\">Di\u00e1metro del cable<\/td>\n<td data-col-size=\"sm\" data-start=\"1839\" data-end=\"1853\"><strong data-start=\"1841\" data-end=\"1851\">2,0 mm<\/strong><\/td>\n<\/tr>\n<tr data-start=\"1854\" data-end=\"1892\">\n<td data-start=\"1854\" data-end=\"1864\" data-col-size=\"sm\">Casquillo<\/td>\n<td data-col-size=\"sm\" data-start=\"1864\" data-end=\"1892\">Cer\u00e1mica de circonio de 1,25 mm<\/td>\n<\/tr>\n<tr data-start=\"1893\" data-end=\"1938\">\n<td data-start=\"1893\" data-end=\"1909\" data-col-size=\"sm\">Color de la carcasa<\/td>\n<td data-start=\"1909\" data-end=\"1938\" data-col-size=\"sm\"><strong data-start=\"1911\" data-end=\"1923\">Rosa-Rojo<\/strong> (OM4\/OM5 ID)<\/td>\n<\/tr>\n<tr data-start=\"1939\" data-end=\"1963\">\n<td data-start=\"1939\" data-end=\"1947\" data-col-size=\"sm\">Pestillo<\/td>\n<td data-col-size=\"sm\" data-start=\"1947\" data-end=\"1963\">Empuje-tir\u00f3n LC<\/td>\n<\/tr>\n<tr data-start=\"1964\" data-end=\"1997\">\n<td data-start=\"1964\" data-end=\"1971\" data-col-size=\"sm\">Bota<\/td>\n<td data-col-size=\"sm\" data-start=\"1971\" data-end=\"1997\">Alivio de tensi\u00f3n est\u00e1ndar<\/td>\n<\/tr>\n<tr data-start=\"1998\" data-end=\"2035\">\n<td data-start=\"1998\" data-end=\"2015\" data-col-size=\"sm\">Temperatura de funcionamiento<\/td>\n<td data-start=\"2015\" data-end=\"2035\" data-col-size=\"sm\">De \u221240 \u00b0C a +75 \u00b0C<\/td>\n<\/tr>\n<tr data-start=\"2036\" data-end=\"2066\">\n<td data-start=\"2036\" data-end=\"2055\" data-col-size=\"sm\">Resistencia a la tracci\u00f3n<\/td>\n<td data-start=\"2055\" data-end=\"2066\" data-col-size=\"sm\">\u2265 100 N<\/td>\n<\/tr>\n<\/tbody>\n<\/table>\n<\/div>\n<\/div>\n<p data-start=\"2068\" data-end=\"2190\">En <strong data-start=\"2072\" data-end=\"2089\">Cubierta de 2,0 mm<\/strong> saldos <strong data-start=\"2099\" data-end=\"2132\">flexibilidad y resistencia a la tracci\u00f3n<\/strong>, ideal para <strong data-start=\"2144\" data-end=\"2180\">de rack a rack y de dispositivo a panel<\/strong> parches.<\/p>\n<hr data-start=\"2192\" data-end=\"2195\" \/>\n<h3 data-start=\"2197\" data-end=\"2221\">D\u00f3nde queda mejor<\/h3>\n<ul data-start=\"2223\" data-end=\"2414\">\n<li data-start=\"2223\" data-end=\"2261\">\n<p data-start=\"2225\" data-end=\"2261\">Enlaces entre conmutadores en centros de datos<\/p>\n<\/li>\n<li data-start=\"2262\" data-end=\"2306\">\n<p data-start=\"2264\" data-end=\"2306\">Conexiones de servidor y almacenamiento (componentes \u00f3pticos SR)<\/p>\n<\/li>\n<li data-start=\"2307\" data-end=\"2337\">\n<p data-start=\"2309\" data-end=\"2337\">Conjuntos de conexi\u00f3n MPO-LC<\/p>\n<\/li>\n<li data-start=\"2338\" data-end=\"2372\">\n<p data-start=\"2340\" data-end=\"2372\">Red troncal LAN y SAN empresarial<\/p>\n<\/li>\n<li data-start=\"2373\" data-end=\"2414\">\n<p data-start=\"2375\" data-end=\"2414\">Puentes de prueba y supervisi\u00f3n multimodo<\/p>\n<\/li>\n<\/ul>","protected":false},"excerpt":{"rendered":"<h3 data-start=\"80\" data-end=\"122\">Enlaces de alta velocidad, claramente identificados<\/h3>\n<p data-start=\"124\" data-end=\"488\">En <strong data-start=\"128\" data-end=\"172\">LC UPC 2,0 mm d\u00faplex multimodo (rosa-rojo)<\/strong> El conector est\u00e1 dise\u00f1ado para <strong data-start=\"196\" data-end=\"258\">redes empresariales y de centros de datos modernas y de gran ancho de banda<\/strong>.<br data-start=\"259\" data-end=\"262\" \/>Su <strong data-start=\"266\" data-end=\"286\">dise\u00f1o LC d\u00faplex<\/strong> lleva <strong data-start=\"295\" data-end=\"338\">Fibras de transmisi\u00f3n y recepci\u00f3n en un \u00fanico conector compacto<\/strong>, mientras que el <strong data-start=\"350\" data-end=\"370\">vivienda rosa-roja<\/strong> env\u00eda se\u00f1ales al instante <strong data-start=\"389\" data-end=\"425\">multimodo de alta calidad (OM4 \/ OM5)<\/strong>\u2014ideal para estantes en los que la codificaci\u00f3n por colores evita errores costosos.<\/p>\n<p data-start=\"490\" data-end=\"698\">Con <strong data-start=\"495\" data-end=\"536\">Casquillos cer\u00e1micos de 1,25 mm pulidos con UPC<\/strong> y un <strong data-start=\"543\" data-end=\"568\">chaqueta resistente de 2,0 mm<\/strong>, este conector ofrece <strong data-start=\"594\" data-end=\"624\">rendimiento \u00f3ptico estable<\/strong> y <strong data-start=\"629\" data-end=\"659\">fiabilidad de las actualizaciones diarias<\/strong> para <strong data-start=\"664\" data-end=\"697\">Enlaces de corto alcance de 10G a 100G<\/strong>.<\/p>","protected":false},"featured_media":870,"comment_status":"open","ping_status":"closed","template":"","meta":[],"product_brand":[],"product_cat":[49],"product_tag":[],"class_list":{"0":"post-868","1":"product","2":"type-product","3":"status-publish","4":"has-post-thumbnail","6":"product_cat-lc-duplex-connectors-single-modemultimode","8":"first","9":"instock","10":"shipping-taxable","11":"product-type-simple"},"_links":{"self":[{"href":"https:\/\/www.fenxifiber.com\/es\/wp-json\/wp\/v2\/product\/868","targetHints":{"allow":["GET"]}}],"collection":[{"href":"https:\/\/www.fenxifiber.com\/es\/wp-json\/wp\/v2\/product"}],"about":[{"href":"https:\/\/www.fenxifiber.com\/es\/wp-json\/wp\/v2\/types\/product"}],"replies":[{"embeddable":true,"href":"https:\/\/www.fenxifiber.com\/es\/wp-json\/wp\/v2\/comments?post=868"}],"wp:featuredmedia":[{"embeddable":true,"href":"https:\/\/www.fenxifiber.com\/es\/wp-json\/wp\/v2\/media\/870"}],"wp:attachment":[{"href":"https:\/\/www.fenxifiber.com\/es\/wp-json\/wp\/v2\/media?parent=868"}],"wp:term":[{"taxonomy":"product_brand","embeddable":true,"href":"https:\/\/www.fenxifiber.com\/es\/wp-json\/wp\/v2\/product_brand?post=868"},{"taxonomy":"product_cat","embeddable":true,"href":"https:\/\/www.fenxifiber.com\/es\/wp-json\/wp\/v2\/product_cat?post=868"},{"taxonomy":"product_tag","embeddable":true,"href":"https:\/\/www.fenxifiber.com\/es\/wp-json\/wp\/v2\/product_tag?post=868"}],"curies":[{"name":"wp","href":"https:\/\/api.w.org\/{rel}","templated":true}]}}