{"id":871,"date":"2026-02-04T02:53:50","date_gmt":"2026-02-04T02:53:50","guid":{"rendered":"https:\/\/www.fenxifiber.com\/?post_type=product&#038;p=871"},"modified":"2026-02-05T02:31:54","modified_gmt":"2026-02-05T02:31:54","slug":"lc-upc-30-mm-duplex-multimodo-rosa-rojo","status":"publish","type":"product","link":"https:\/\/www.fenxifiber.com\/es\/product\/lc-upc-3-0mm-duplex-multimode-rose-red\/","title":{"rendered":"Conector multimodo d\u00faplex LC UPC de 3,0 mm (rosa-rojo)"},"content":{"rendered":"<h3 data-start=\"963\" data-end=\"1009\">\u00bfQu\u00e9 significa realmente la vivienda rosa?<\/h3>\n<p data-start=\"1011\" data-end=\"1245\">En el cableado \u00f3ptico moderno, el color ya no es solo decoraci\u00f3n, sino una herramienta de trabajo.<br data-start=\"1091\" data-end=\"1094\" \/>En <strong data-start=\"1098\" data-end=\"1115\">cuerpo rojo rosado<\/strong> identifica este conector como destinado a <strong data-start=\"1164\" data-end=\"1198\">fibra multimodo de gran ancho de banda<\/strong>, por lo general <strong data-start=\"1210\" data-end=\"1224\">OM4 u OM5<\/strong>, que se utilizan para:<\/p>\n<ul data-start=\"1247\" data-end=\"1343\">\n<li data-start=\"1247\" data-end=\"1272\">\n<p data-start=\"1249\" data-end=\"1272\">Ethernet de 40G y 100G<\/p>\n<\/li>\n<li data-start=\"1273\" data-end=\"1312\">\n<p data-start=\"1275\" data-end=\"1312\">Redes SAN y de almacenamiento de alta velocidad<\/p>\n<\/li>\n<li data-start=\"1313\" data-end=\"1343\">\n<p data-start=\"1315\" data-end=\"1343\">Enlaces troncales del centro de datos<\/p>\n<\/li>\n<\/ul>\n<p data-start=\"1345\" data-end=\"1473\">Los t\u00e9cnicos pueden reconocer inmediatamente estos puentes en bastidores mixtos que tambi\u00e9n contienen cables azules (OM3) y amarillos (monomodo).<\/p>\n<hr data-start=\"1475\" data-end=\"1478\" \/>\n<h3 data-start=\"1480\" data-end=\"1518\">Comportamiento \u00f3ptico en el que puede confiar<\/h3>\n<p data-start=\"1520\" data-end=\"1814\">A pesar de la gruesa cubierta de 3,0 mm, el conector sigue utilizando un <strong data-start=\"1581\" data-end=\"1626\">Casquillo cer\u00e1mico de circonio de precisi\u00f3n de 1,25 mm.<\/strong> y un <strong data-start=\"1633\" data-end=\"1658\">Extremo pulido UPC<\/strong>.<br data-start=\"1659\" data-end=\"1662\" \/>Esta combinaci\u00f3n proporciona <strong data-start=\"1688\" data-end=\"1715\">contacto f\u00edsico estable<\/strong> entre las fibras, lo cual es fundamental para los enlaces multimodo de corto alcance que funcionan a velocidades de datos muy altas.<\/p>\n<div class=\"TyagGW_tableContainer\">\n<div class=\"group TyagGW_tableWrapper flex flex-col-reverse w-fit\" tabindex=\"-1\">\n<table class=\"w-fit min-w-(--thread-content-width)\" data-start=\"1816\" data-end=\"2087\">\n<thead data-start=\"1816\" data-end=\"1852\">\n<tr data-start=\"1816\" data-end=\"1852\">\n<th class=\"\" data-start=\"1816\" data-end=\"1835\" data-col-size=\"sm\">Elemento de rendimiento<\/th>\n<th class=\"\" data-start=\"1835\" data-end=\"1852\" data-col-size=\"sm\">Nivel t\u00edpico<\/th>\n<\/tr>\n<\/thead>\n<tbody data-start=\"1890\" data-end=\"2087\">\n<tr data-start=\"1890\" data-end=\"1934\">\n<td data-start=\"1890\" data-end=\"1903\" data-col-size=\"sm\">Tipo de fibra<\/td>\n<td data-start=\"1903\" data-end=\"1934\" data-col-size=\"sm\">OM3 \/ OM4 \/ OM5 (50\/125 \u00b5m)<\/td>\n<\/tr>\n<tr data-start=\"1935\" data-end=\"1951\">\n<td data-start=\"1935\" data-end=\"1944\" data-col-size=\"sm\">Polaco<\/td>\n<td data-start=\"1944\" data-end=\"1951\" data-col-size=\"sm\">UPC<\/td>\n<\/tr>\n<tr data-start=\"1952\" data-end=\"1982\">\n<td data-start=\"1952\" data-end=\"1969\" data-col-size=\"sm\">P\u00e9rdida de inserci\u00f3n<\/td>\n<td data-start=\"1969\" data-end=\"1982\" data-col-size=\"sm\">\u2264 0,30 dB<\/td>\n<\/tr>\n<tr data-start=\"1983\" data-end=\"2008\">\n<td data-start=\"1983\" data-end=\"1997\" data-col-size=\"sm\">P\u00e9rdida de retorno<\/td>\n<td data-start=\"1997\" data-end=\"2008\" data-col-size=\"sm\">\u2265 35 dB<\/td>\n<\/tr>\n<tr data-start=\"2009\" data-end=\"2050\">\n<td data-start=\"2009\" data-end=\"2031\" data-col-size=\"sm\">Longitudes de onda de trabajo<\/td>\n<td data-start=\"2031\" data-end=\"2050\" data-col-size=\"sm\">850 nm, 1300 nm<\/td>\n<\/tr>\n<tr data-start=\"2051\" data-end=\"2087\">\n<td data-start=\"2051\" data-end=\"2070\" data-col-size=\"sm\">La vida enchufada y desenchufada<\/td>\n<td data-start=\"2070\" data-end=\"2087\" data-col-size=\"sm\">\u2265 1000 ciclos<\/td>\n<\/tr>\n<\/tbody>\n<\/table>\n<\/div>\n<\/div>\n<p data-start=\"2089\" data-end=\"2179\">Estos valores est\u00e1n dentro de los l\u00edmites requeridos para <strong data-start=\"2142\" data-end=\"2178\">\u00d3ptica SR de 10G, 25G, 40G y 100G<\/strong>.<\/p>\n<hr data-start=\"2181\" data-end=\"2184\" \/>\n<h3 data-start=\"2186\" data-end=\"2233\">Construido como un saltador de campo, no como un cord\u00f3n de laboratorio.<\/h3>\n<p data-start=\"2235\" data-end=\"2328\">Mientras que un cable d\u00faplex de 2,0 mm se centra en la flexibilidad, el <strong data-start=\"2290\" data-end=\"2327\">La versi\u00f3n de 3,0 mm se centra en la supervivencia.<\/strong>.<\/p>\n<div class=\"TyagGW_tableContainer\">\n<div class=\"group TyagGW_tableWrapper flex flex-col-reverse w-fit\" tabindex=\"-1\">\n<table class=\"w-fit min-w-(--thread-content-width)\" data-start=\"2330\" data-end=\"2653\">\n<thead data-start=\"2330\" data-end=\"2369\">\n<tr data-start=\"2330\" data-end=\"2369\">\n<th class=\"\" data-start=\"2330\" data-end=\"2353\" data-col-size=\"sm\">Elemento de construcci\u00f3n<\/th>\n<th class=\"\" data-start=\"2353\" data-end=\"2369\" data-col-size=\"md\">Qu\u00e9 hace<\/th>\n<\/tr>\n<\/thead>\n<tbody data-start=\"2408\" data-end=\"2653\">\n<tr data-start=\"2408\" data-end=\"2461\">\n<td data-start=\"2408\" data-end=\"2429\" data-col-size=\"sm\">Cubierta exterior de 3,0 mm<\/td>\n<td data-col-size=\"md\" data-start=\"2429\" data-end=\"2461\">Resiste el aplastamiento y el tir\u00f3n.<\/td>\n<\/tr>\n<tr data-start=\"2462\" data-end=\"2527\">\n<td data-start=\"2462\" data-end=\"2482\" data-col-size=\"sm\">Botas largas d\u00faplex<\/td>\n<td data-start=\"2482\" data-end=\"2527\" data-col-size=\"md\">Absorbe el estr\u00e9s antes de que llegue a la fibra.<\/td>\n<\/tr>\n<tr data-start=\"2528\" data-end=\"2594\">\n<td data-start=\"2528\" data-end=\"2549\" data-col-size=\"sm\">Pestillo LC push-pull<\/td>\n<td data-start=\"2549\" data-end=\"2594\" data-col-size=\"md\">Mantiene los conectores seguros en paneles abarrotados.<\/td>\n<\/tr>\n<tr data-start=\"2595\" data-end=\"2653\">\n<td data-start=\"2595\" data-end=\"2614\" data-col-size=\"sm\">Casquillos cer\u00e1micos<\/td>\n<td data-start=\"2614\" data-end=\"2653\" data-col-size=\"md\">Mantener una alineaci\u00f3n estable a lo largo del tiempo.<\/td>\n<\/tr>\n<\/tbody>\n<\/table>\n<\/div>\n<\/div>\n<p data-start=\"2655\" data-end=\"2819\">Esto hace que el conector sea especialmente adecuado para <strong data-start=\"2704\" data-end=\"2781\">bastidores centrales, gabinetes de agregaci\u00f3n, gabinetes industriales y salas de telecomunicaciones<\/strong>, donde se manipulan cables con frecuencia.<\/p>\n<hr data-start=\"2821\" data-end=\"2824\" \/>\n<h3 data-start=\"2826\" data-end=\"2848\">Preguntas y respuestas profesionales<\/h3>\n<p data-start=\"2850\" data-end=\"3038\"><strong data-start=\"2850\" data-end=\"2894\">\u00bfSe puede mezclar con los puentes Aqua OM3?<\/strong><br data-start=\"2894\" data-end=\"2897\" \/>S\u00ed. El conector es totalmente compatible con fibra multimodo OM3, OM4 y OM5. El color rojo rosado simplemente indica <strong data-start=\"3011\" data-end=\"3037\">multimodo de mayor calidad<\/strong>.<\/p>\n<p data-start=\"3040\" data-end=\"3244\"><strong data-start=\"3040\" data-end=\"3078\">\u00bfEs realmente necesario utilizar 3,0 mm en interiores?<\/strong><br data-start=\"3078\" data-end=\"3081\" \/>En bastidores silenciosos, 2,0 mm est\u00e1 bien. En <strong data-start=\"3115\" data-end=\"3179\">filas de centros de datos muy concurridos, gabinetes industriales o bastidores de telecomunicaciones<\/strong>, 3,0 mm reduce dr\u00e1sticamente los da\u00f1os en los cables y la inestabilidad de la se\u00f1al.<\/p>\n<p data-start=\"3246\" data-end=\"3415\"><strong data-start=\"3246\" data-end=\"3297\">\u00bfSe puede utilizar LC UPC con cables de conexi\u00f3n MPO-LC?<\/strong><br data-start=\"3297\" data-end=\"3300\" \/>S\u00ed. Este conector se utiliza habitualmente en el extremo LC de <strong data-start=\"3354\" data-end=\"3383\">Conjuntos de distribuci\u00f3n MPO-LC<\/strong> para enlaces multimodo de alta velocidad.<\/p>","protected":false},"excerpt":{"rendered":"<p data-start=\"235\" data-end=\"521\">En las concurridas filas de los centros de datos y los bastidores industriales, los puentes de fibra no se tratan con delicadeza.<br data-start=\"319\" data-end=\"322\" \/>Se tiran de ellos, se doblan alrededor de los organizadores de cables, se desconectan para actualizaciones y se vuelven a conectar.<br data-start=\"417\" data-end=\"420\" \/>Aqu\u00ed es precisamente donde el <strong data-start=\"446\" data-end=\"490\">LC UPC 3,0 mm d\u00faplex multimodo (rosa-rojo)<\/strong> El conector est\u00e1 dise\u00f1ado para funcionar.<\/p>\n<p data-start=\"523\" data-end=\"776\">En lugar de una cubierta delgada de calidad oficina, este modelo utiliza una <strong data-start=\"580\" data-end=\"630\">Cable completo de 3,0 mm con fundas protectoras largas para aliviar la tensi\u00f3n.<\/strong>, lo que proporciona a la fibra la protecci\u00f3n f\u00edsica que necesita para sobrevivir en entornos de alto tr\u00e1fico sin crear microcurvas que degraden la calidad de la se\u00f1al.<\/p>\n<p data-start=\"778\" data-end=\"956\">Al mismo tiempo, el <strong data-start=\"800\" data-end=\"820\">Formato d\u00faplex LC<\/strong> mantiene las fibras de transmisi\u00f3n y recepci\u00f3n unidas, conservando la polaridad correcta y reduciendo los errores de instalaci\u00f3n en paneles de conexi\u00f3n densos.<\/p>","protected":false},"featured_media":872,"comment_status":"open","ping_status":"closed","template":"","meta":[],"product_brand":[],"product_cat":[49],"product_tag":[],"class_list":{"0":"post-871","1":"product","2":"type-product","3":"status-publish","4":"has-post-thumbnail","6":"product_cat-lc-duplex-connectors-single-modemultimode","8":"first","9":"instock","10":"shipping-taxable","11":"product-type-simple"},"_links":{"self":[{"href":"https:\/\/www.fenxifiber.com\/es\/wp-json\/wp\/v2\/product\/871","targetHints":{"allow":["GET"]}}],"collection":[{"href":"https:\/\/www.fenxifiber.com\/es\/wp-json\/wp\/v2\/product"}],"about":[{"href":"https:\/\/www.fenxifiber.com\/es\/wp-json\/wp\/v2\/types\/product"}],"replies":[{"embeddable":true,"href":"https:\/\/www.fenxifiber.com\/es\/wp-json\/wp\/v2\/comments?post=871"}],"wp:featuredmedia":[{"embeddable":true,"href":"https:\/\/www.fenxifiber.com\/es\/wp-json\/wp\/v2\/media\/872"}],"wp:attachment":[{"href":"https:\/\/www.fenxifiber.com\/es\/wp-json\/wp\/v2\/media?parent=871"}],"wp:term":[{"taxonomy":"product_brand","embeddable":true,"href":"https:\/\/www.fenxifiber.com\/es\/wp-json\/wp\/v2\/product_brand?post=871"},{"taxonomy":"product_cat","embeddable":true,"href":"https:\/\/www.fenxifiber.com\/es\/wp-json\/wp\/v2\/product_cat?post=871"},{"taxonomy":"product_tag","embeddable":true,"href":"https:\/\/www.fenxifiber.com\/es\/wp-json\/wp\/v2\/product_tag?post=871"}],"curies":[{"name":"wp","href":"https:\/\/api.w.org\/{rel}","templated":true}]}}