{"id":880,"date":"2026-02-04T02:58:35","date_gmt":"2026-02-04T02:58:35","guid":{"rendered":"https:\/\/www.fenxifiber.com\/?post_type=product&#038;p=880"},"modified":"2026-02-05T02:35:56","modified_gmt":"2026-02-05T02:35:56","slug":"lc-upc-20-mm-duplex-multimodo","status":"publish","type":"product","link":"https:\/\/www.fenxifiber.com\/es\/product\/lc-upc-2-0mm-duplex-multimode\/","title":{"rendered":"Conector de fibra \u00f3ptica multimodo d\u00faplex LC UPC de 2,0 mm"},"content":{"rendered":"<h3 data-start=\"714\" data-end=\"772\">Multimodo d\u00faplex: dise\u00f1ado para el flujo de datos bidireccional.<\/h3>\n<p data-start=\"774\" data-end=\"963\">Los transceptores multimodo siempre requieren <strong data-start=\"812\" data-end=\"848\">dos fibras: transmisi\u00f3n y recepci\u00f3n<\/strong>.<br data-start=\"849\" data-end=\"852\" \/>La estructura LC d\u00faplex los mantiene unidos, evitando la polaridad inversa y simplificando el empalme en el interior:<\/p>\n<ul data-start=\"965\" data-end=\"1053\">\n<li data-start=\"965\" data-end=\"981\">\n<p data-start=\"967\" data-end=\"981\">Racks para servidores<\/p>\n<\/li>\n<li data-start=\"982\" data-end=\"999\">\n<p data-start=\"984\" data-end=\"999\">Cambiar marcos<\/p>\n<\/li>\n<li data-start=\"1000\" data-end=\"1020\">\n<p data-start=\"1002\" data-end=\"1020\">Redes de almacenamiento<\/p>\n<\/li>\n<li data-start=\"1021\" data-end=\"1053\">\n<p data-start=\"1023\" data-end=\"1053\">Armarios Ethernet industriales<\/p>\n<\/li>\n<\/ul>\n<p data-start=\"1055\" data-end=\"1144\">En entornos de alta densidad, el d\u00faplex LC permite <strong data-start=\"1102\" data-end=\"1126\">el doble de puertos<\/strong> de conectores SC.<\/p>\n<hr data-start=\"1146\" data-end=\"1149\" \/>\n<h3 data-start=\"1151\" data-end=\"1193\">Cubierta de 2,0 mm: flexible pero confiable<\/h3>\n<div class=\"TyagGW_tableContainer\">\n<div class=\"group TyagGW_tableWrapper flex flex-col-reverse w-fit\" tabindex=\"-1\">\n<table class=\"w-fit min-w-(--thread-content-width)\" data-start=\"1195\" data-end=\"1372\">\n<thead data-start=\"1195\" data-end=\"1228\">\n<tr data-start=\"1195\" data-end=\"1228\">\n<th class=\"\" data-start=\"1195\" data-end=\"1208\" data-col-size=\"sm\">Tama\u00f1o del cable<\/th>\n<th class=\"\" data-start=\"1208\" data-end=\"1228\" data-col-size=\"sm\">Lo que ofrece<\/th>\n<\/tr>\n<\/thead>\n<tbody data-start=\"1261\" data-end=\"1372\">\n<tr data-start=\"1261\" data-end=\"1290\">\n<td data-start=\"1261\" data-end=\"1269\" data-col-size=\"sm\">0,9 mm<\/td>\n<td data-start=\"1269\" data-end=\"1290\" data-col-size=\"sm\">Empalme, fr\u00e1gil<\/td>\n<\/tr>\n<tr data-start=\"1291\" data-end=\"1346\">\n<td data-start=\"1291\" data-end=\"1303\" data-col-size=\"sm\"><strong data-start=\"1293\" data-end=\"1302\">2,0 mm<\/strong><\/td>\n<td data-start=\"1303\" data-end=\"1346\" data-col-size=\"sm\"><strong data-start=\"1305\" data-end=\"1344\">Parcheo en vivo, transceptores, paneles<\/strong><\/td>\n<\/tr>\n<tr data-start=\"1347\" data-end=\"1372\">\n<td data-start=\"1347\" data-end=\"1355\" data-col-size=\"sm\">3,0 mm<\/td>\n<td data-start=\"1355\" data-end=\"1372\" data-col-size=\"sm\">Enrutamiento pesado<\/td>\n<\/tr>\n<\/tbody>\n<\/table>\n<\/div>\n<\/div>\n<p data-start=\"1374\" data-end=\"1517\">El cable de 2,0 mm est\u00e1 optimizado para <strong data-start=\"1407\" data-end=\"1462\">Obstrucciones frecuentes y recorrido estrecho detr\u00e1s de los puertos LC.<\/strong>, lo que lo convierte en el est\u00e1ndar del sector para equipos activos.<\/p>\n<hr data-start=\"1519\" data-end=\"1522\" \/>\n<h3 data-start=\"1524\" data-end=\"1559\">Rendimiento \u00f3ptico multimodo<\/h3>\n<div class=\"TyagGW_tableContainer\">\n<div class=\"group TyagGW_tableWrapper flex flex-col-reverse w-fit\" tabindex=\"-1\">\n<table class=\"w-fit min-w-(--thread-content-width)\" data-start=\"1561\" data-end=\"1841\">\n<thead data-start=\"1561\" data-end=\"1590\">\n<tr data-start=\"1561\" data-end=\"1590\">\n<th class=\"\" data-start=\"1561\" data-end=\"1573\" data-col-size=\"sm\">Par\u00e1metro<\/th>\n<th class=\"\" data-start=\"1573\" data-end=\"1590\" data-col-size=\"sm\">Valor t\u00edpico<\/th>\n<\/tr>\n<\/thead>\n<tbody data-start=\"1620\" data-end=\"1841\">\n<tr data-start=\"1620\" data-end=\"1662\">\n<td data-start=\"1620\" data-end=\"1633\" data-col-size=\"sm\">Tipo de fibra<\/td>\n<td data-start=\"1633\" data-end=\"1662\" data-col-size=\"sm\">Multimodo OM2 \/ OM3 \/ OM4<\/td>\n<\/tr>\n<tr data-start=\"1663\" data-end=\"1703\">\n<td data-start=\"1663\" data-end=\"1675\" data-col-size=\"sm\">Tama\u00f1o del n\u00facleo<\/td>\n<td data-start=\"1675\" data-end=\"1703\" data-col-size=\"sm\">50\/125 \u00b5m o 62,5\/125 \u00b5m<\/td>\n<\/tr>\n<tr data-start=\"1704\" data-end=\"1720\">\n<td data-start=\"1704\" data-end=\"1713\" data-col-size=\"sm\">Polaco<\/td>\n<td data-start=\"1713\" data-end=\"1720\" data-col-size=\"sm\">UPC<\/td>\n<\/tr>\n<tr data-start=\"1721\" data-end=\"1751\">\n<td data-start=\"1721\" data-end=\"1738\" data-col-size=\"sm\">P\u00e9rdida de inserci\u00f3n<\/td>\n<td data-start=\"1738\" data-end=\"1751\" data-col-size=\"sm\">\u2264 0,30 dB<\/td>\n<\/tr>\n<tr data-start=\"1752\" data-end=\"1777\">\n<td data-start=\"1752\" data-end=\"1766\" data-col-size=\"sm\">P\u00e9rdida de retorno<\/td>\n<td data-start=\"1766\" data-end=\"1777\" data-col-size=\"sm\">\u2265 35 dB<\/td>\n<\/tr>\n<tr data-start=\"1778\" data-end=\"1809\">\n<td data-start=\"1778\" data-end=\"1792\" data-col-size=\"sm\">Longitudes de onda<\/td>\n<td data-start=\"1792\" data-end=\"1809\" data-col-size=\"sm\">850\/1300 nm<\/td>\n<\/tr>\n<tr data-start=\"1810\" data-end=\"1841\">\n<td data-start=\"1810\" data-end=\"1823\" data-col-size=\"sm\">Durabilidad<\/td>\n<td data-start=\"1823\" data-end=\"1841\" data-col-size=\"sm\">\u2265 1000 apareamientos<\/td>\n<\/tr>\n<\/tbody>\n<\/table>\n<\/div>\n<\/div>\n<p data-start=\"1843\" data-end=\"1929\">Estas especificaciones son compatibles con <strong data-start=\"1872\" data-end=\"1928\">Interconexiones \u00f3pticas Ethernet, SAN y de corto alcance.<\/strong>.<\/p>\n<hr data-start=\"1931\" data-end=\"1934\" \/>\n<h3 data-start=\"1936\" data-end=\"1962\">Dentro del conector<\/h3>\n<div class=\"TyagGW_tableContainer\">\n<div class=\"group TyagGW_tableWrapper flex flex-col-reverse w-fit\" tabindex=\"-1\">\n<table class=\"w-fit min-w-(--thread-content-width)\" data-start=\"1964\" data-end=\"2216\">\n<thead data-start=\"1964\" data-end=\"1988\">\n<tr data-start=\"1964\" data-end=\"1988\">\n<th class=\"\" data-start=\"1964\" data-end=\"1976\" data-col-size=\"sm\">Componente<\/th>\n<th class=\"\" data-start=\"1976\" data-end=\"1988\" data-col-size=\"sm\">Funci\u00f3n<\/th>\n<\/tr>\n<\/thead>\n<tbody data-start=\"2012\" data-end=\"2216\">\n<tr data-start=\"2012\" data-end=\"2064\">\n<td data-start=\"2012\" data-end=\"2037\" data-col-size=\"sm\">Casquillo cer\u00e1mico de 1,25 mm<\/td>\n<td data-start=\"2037\" data-end=\"2064\" data-col-size=\"sm\">Alineaci\u00f3n precisa de las fibras<\/td>\n<\/tr>\n<tr data-start=\"2065\" data-end=\"2119\">\n<td data-start=\"2065\" data-end=\"2089\" data-col-size=\"sm\">Extremo pulido UPC<\/td>\n<td data-start=\"2089\" data-end=\"2119\" data-col-size=\"sm\">Reduce el reflejo Fresnel.<\/td>\n<\/tr>\n<tr data-start=\"2120\" data-end=\"2161\">\n<td data-start=\"2120\" data-end=\"2137\" data-col-size=\"sm\">Clip LC d\u00faplex<\/td>\n<td data-start=\"2137\" data-end=\"2161\" data-col-size=\"sm\">Mantiene Tx\/Rx en orden<\/td>\n<\/tr>\n<tr data-start=\"2162\" data-end=\"2216\">\n<td data-start=\"2162\" data-end=\"2189\" data-col-size=\"sm\">Funda protectora de 2,0 mm<\/td>\n<td data-start=\"2189\" data-end=\"2216\" data-col-size=\"sm\">Evita da\u00f1os por flexi\u00f3n<\/td>\n<\/tr>\n<\/tbody>\n<\/table>\n<\/div>\n<\/div>\n<hr data-start=\"2218\" data-end=\"2221\" \/>\n<h3 data-start=\"2223\" data-end=\"2245\">Preguntas y respuestas profesionales<\/h3>\n<p data-start=\"2247\" data-end=\"2404\"><strong data-start=\"2247\" data-end=\"2297\">\u00bfEs adecuado el modo multimodo para enlaces de larga distancia?<\/strong><br data-start=\"2297\" data-end=\"2300\" \/>No. El modo multimodo est\u00e1 optimizado para <strong data-start=\"2331\" data-end=\"2361\">distancias cortas y medias<\/strong> como el interior de edificios y centros de datos.<\/p>\n<p data-start=\"2406\" data-end=\"2549\"><strong data-start=\"2406\" data-end=\"2462\">\u00bfSe puede utilizar este conector LC UPC con adaptadores APC?<\/strong><br data-start=\"2462\" data-end=\"2465\" \/>No. No se deben mezclar UPC y APC, ya que los extremos son diferentes y se da\u00f1ar\u00e1n.<\/p>\n<p data-start=\"2551\" data-end=\"2743\"><strong data-start=\"2551\" data-end=\"2595\">\u00bfPor qu\u00e9 elegir LC d\u00faplex en lugar de simplex?<\/strong><br data-start=\"2595\" data-end=\"2598\" \/>Debido a que los m\u00f3dulos Ethernet y \u00f3pticos requieren <strong data-start=\"2643\" data-end=\"2667\">transmisi\u00f3n bidireccional<\/strong>, y los conectores d\u00faplex garantizan <strong data-start=\"2698\" data-end=\"2742\">polaridad correcta e instalaci\u00f3n m\u00e1s r\u00e1pida<\/strong>.<\/p>","protected":false},"excerpt":{"rendered":"<p data-start=\"162\" data-end=\"539\">En <strong data-start=\"166\" data-end=\"221\">Conector de fibra \u00f3ptica multimodo d\u00faplex LC UPC de 2,0 mm<\/strong> est\u00e1 dise\u00f1ado para <strong data-start=\"238\" data-end=\"296\">enlaces \u00f3pticos de gran ancho de banda y distancia corta a media<\/strong> dentro de centros de datos, redes empresariales y sistemas de control industrial.<br data-start=\"369\" data-end=\"372\" \/>La fibra multimodo se elige cuando <strong data-start=\"404\" data-end=\"444\">velocidad, estabilidad y rentabilidad<\/strong> importan m\u00e1s que la distancia extrema, y este conector LC d\u00faplex ofrece precisamente ese equilibrio.<\/p>\n<p data-start=\"541\" data-end=\"707\">Con <strong data-start=\"546\" data-end=\"574\">Casquillos LC pulidos UPC<\/strong>, garantiza <strong data-start=\"587\" data-end=\"636\">contacto f\u00edsico estrecho y baja p\u00e9rdida de inserci\u00f3n<\/strong>, lo que lo hace ideal para <strong data-start=\"658\" data-end=\"706\">Canales \u00f3pticos multimodo de 10G, 40G y 100G<\/strong>.<\/p>","protected":false},"featured_media":881,"comment_status":"open","ping_status":"closed","template":"","meta":[],"product_brand":[],"product_cat":[49],"product_tag":[],"class_list":{"0":"post-880","1":"product","2":"type-product","3":"status-publish","4":"has-post-thumbnail","6":"product_cat-lc-duplex-connectors-single-modemultimode","8":"first","9":"instock","10":"shipping-taxable","11":"product-type-simple"},"_links":{"self":[{"href":"https:\/\/www.fenxifiber.com\/es\/wp-json\/wp\/v2\/product\/880","targetHints":{"allow":["GET"]}}],"collection":[{"href":"https:\/\/www.fenxifiber.com\/es\/wp-json\/wp\/v2\/product"}],"about":[{"href":"https:\/\/www.fenxifiber.com\/es\/wp-json\/wp\/v2\/types\/product"}],"replies":[{"embeddable":true,"href":"https:\/\/www.fenxifiber.com\/es\/wp-json\/wp\/v2\/comments?post=880"}],"wp:featuredmedia":[{"embeddable":true,"href":"https:\/\/www.fenxifiber.com\/es\/wp-json\/wp\/v2\/media\/881"}],"wp:attachment":[{"href":"https:\/\/www.fenxifiber.com\/es\/wp-json\/wp\/v2\/media?parent=880"}],"wp:term":[{"taxonomy":"product_brand","embeddable":true,"href":"https:\/\/www.fenxifiber.com\/es\/wp-json\/wp\/v2\/product_brand?post=880"},{"taxonomy":"product_cat","embeddable":true,"href":"https:\/\/www.fenxifiber.com\/es\/wp-json\/wp\/v2\/product_cat?post=880"},{"taxonomy":"product_tag","embeddable":true,"href":"https:\/\/www.fenxifiber.com\/es\/wp-json\/wp\/v2\/product_tag?post=880"}],"curies":[{"name":"wp","href":"https:\/\/api.w.org\/{rel}","templated":true}]}}