{"id":885,"date":"2026-02-04T03:00:39","date_gmt":"2026-02-04T03:00:39","guid":{"rendered":"https:\/\/www.fenxifiber.com\/?post_type=product&#038;p=885"},"modified":"2026-02-05T02:36:30","modified_gmt":"2026-02-05T02:36:30","slug":"lc-upc-30-mm-duplex-monomodo","status":"publish","type":"product","link":"https:\/\/www.fenxifiber.com\/es\/product\/lc-upc-3-0mm-duplex-singlemode\/","title":{"rendered":"Conector de fibra \u00f3ptica monomodo d\u00faplex LC UPC de 3,0 mm"},"content":{"rendered":"<h3 data-start=\"737\" data-end=\"786\">D\u00faplex de 3,0 mm: dise\u00f1ado para rutas de cableado reales.<\/h3>\n<div class=\"TyagGW_tableContainer\">\n<div class=\"group TyagGW_tableWrapper flex flex-col-reverse w-fit\" tabindex=\"-1\">\n<table class=\"w-fit min-w-(--thread-content-width)\" data-start=\"788\" data-end=\"982\">\n<thead data-start=\"788\" data-end=\"827\">\n<tr data-start=\"788\" data-end=\"827\">\n<th class=\"\" data-start=\"788\" data-end=\"801\" data-col-size=\"sm\">Tipo de cable<\/th>\n<th class=\"\" data-start=\"801\" data-end=\"827\" data-col-size=\"md\">D\u00f3nde funciona mejor<\/th>\n<\/tr>\n<\/thead>\n<tbody data-start=\"867\" data-end=\"982\">\n<tr data-start=\"867\" data-end=\"908\">\n<td data-start=\"867\" data-end=\"875\" data-col-size=\"sm\">2,0 mm<\/td>\n<td data-start=\"875\" data-end=\"908\" data-col-size=\"md\">Puentes cortos en los puertos del dispositivo<\/td>\n<\/tr>\n<tr data-start=\"909\" data-end=\"982\">\n<td data-start=\"909\" data-end=\"921\" data-col-size=\"sm\"><strong data-start=\"911\" data-end=\"920\">3,0 mm<\/strong><\/td>\n<td data-start=\"921\" data-end=\"982\" data-col-size=\"md\"><strong data-start=\"923\" data-end=\"980\">Construcci\u00f3n de redes troncales, enlaces entre pisos, enrutamiento ODF<\/strong><\/td>\n<\/tr>\n<\/tbody>\n<\/table>\n<\/div>\n<\/div>\n<p data-start=\"984\" data-end=\"1094\">La cubierta m\u00e1s gruesa absorbe las fuerzas de tracci\u00f3n y reduce las microflexiones cuando las fibras se desplazan a lo largo de trayectos largos.<\/p>\n<hr data-start=\"1096\" data-end=\"1099\" \/>\n<h3 data-start=\"1101\" data-end=\"1143\">Caracter\u00edsticas de transmisi\u00f3n \u00f3ptica<\/h3>\n<div class=\"TyagGW_tableContainer\">\n<div class=\"group TyagGW_tableWrapper flex flex-col-reverse w-fit\" tabindex=\"-1\">\n<table class=\"w-fit min-w-(--thread-content-width)\" data-start=\"1145\" data-end=\"1396\">\n<thead data-start=\"1145\" data-end=\"1174\">\n<tr data-start=\"1145\" data-end=\"1174\">\n<th class=\"\" data-start=\"1145\" data-end=\"1157\" data-col-size=\"sm\">Par\u00e1metro<\/th>\n<th class=\"\" data-start=\"1157\" data-end=\"1174\" data-col-size=\"sm\">Valor t\u00edpico<\/th>\n<\/tr>\n<\/thead>\n<tbody data-start=\"1204\" data-end=\"1396\">\n<tr data-start=\"1204\" data-end=\"1236\">\n<td data-start=\"1204\" data-end=\"1212\" data-col-size=\"sm\">Fibra<\/td>\n<td data-start=\"1212\" data-end=\"1236\" data-col-size=\"sm\">Modo \u00fanico 9\/125 \u00b5m<\/td>\n<\/tr>\n<tr data-start=\"1237\" data-end=\"1258\">\n<td data-start=\"1237\" data-end=\"1251\" data-col-size=\"sm\">Tipo polaco<\/td>\n<td data-start=\"1251\" data-end=\"1258\" data-col-size=\"sm\">UPC<\/td>\n<\/tr>\n<tr data-start=\"1259\" data-end=\"1289\">\n<td data-start=\"1259\" data-end=\"1276\" data-col-size=\"sm\">P\u00e9rdida de inserci\u00f3n<\/td>\n<td data-start=\"1276\" data-end=\"1289\" data-col-size=\"sm\">\u2264 0,30 dB<\/td>\n<\/tr>\n<tr data-start=\"1290\" data-end=\"1315\">\n<td data-start=\"1290\" data-end=\"1304\" data-col-size=\"sm\">P\u00e9rdida de retorno<\/td>\n<td data-start=\"1304\" data-end=\"1315\" data-col-size=\"sm\">\u2265 50 dB<\/td>\n<\/tr>\n<tr data-start=\"1316\" data-end=\"1358\">\n<td data-start=\"1316\" data-end=\"1340\" data-col-size=\"sm\">Longitudes de onda operativas<\/td>\n<td data-start=\"1340\" data-end=\"1358\" data-col-size=\"sm\">1310 \/ 1550 nm<\/td>\n<\/tr>\n<tr data-start=\"1359\" data-end=\"1396\">\n<td data-start=\"1359\" data-end=\"1379\" data-col-size=\"sm\">Durabilidad del apareamiento<\/td>\n<td data-start=\"1379\" data-end=\"1396\" data-col-size=\"sm\">\u2265 1000 ciclos<\/td>\n<\/tr>\n<\/tbody>\n<\/table>\n<\/div>\n<\/div>\n<p data-start=\"1398\" data-end=\"1496\">Estos valores respaldan <strong data-start=\"1419\" data-end=\"1463\">Redes Ethernet, SDH, metropolitanas y de acceso.<\/strong> con estabilidad de se\u00f1al a largo plazo.<\/p>\n<hr data-start=\"1498\" data-end=\"1501\" \/>\n<h3 data-start=\"1503\" data-end=\"1528\">Estructura LC d\u00faplex<\/h3>\n<p data-start=\"1530\" data-end=\"1659\">Dos fibras se fijan dentro de una carcasa LC d\u00faplex, lo que garantiza <strong data-start=\"1590\" data-end=\"1619\">Orientaci\u00f3n correcta de Tx\/Rx<\/strong> incluso cuando se mueven o se reparan los cables.<\/p>\n<div class=\"TyagGW_tableContainer\">\n<div class=\"group TyagGW_tableWrapper flex flex-col-reverse w-fit\" tabindex=\"-1\">\n<table class=\"w-fit min-w-(--thread-content-width)\" data-start=\"1661\" data-end=\"1899\">\n<thead data-start=\"1661\" data-end=\"1687\">\n<tr data-start=\"1661\" data-end=\"1687\">\n<th class=\"\" data-start=\"1661\" data-end=\"1676\" data-col-size=\"sm\">Construcci\u00f3n<\/th>\n<th class=\"\" data-start=\"1676\" data-end=\"1687\" data-col-size=\"sm\">Beneficio<\/th>\n<\/tr>\n<\/thead>\n<tbody data-start=\"1713\" data-end=\"1899\">\n<tr data-start=\"1713\" data-end=\"1765\">\n<td data-start=\"1713\" data-end=\"1739\" data-col-size=\"sm\">Casquillos cer\u00e1micos de 1,25 mm<\/td>\n<td data-col-size=\"sm\" data-start=\"1739\" data-end=\"1765\">Alineaci\u00f3n precisa del n\u00facleo<\/td>\n<\/tr>\n<tr data-start=\"1766\" data-end=\"1809\">\n<td data-start=\"1766\" data-end=\"1791\" data-col-size=\"sm\">Extremos pulidos UPC<\/td>\n<td data-col-size=\"sm\" data-start=\"1791\" data-end=\"1809\">Bajo reflejo<\/td>\n<\/tr>\n<tr data-start=\"1810\" data-end=\"1849\">\n<td data-start=\"1810\" data-end=\"1827\" data-col-size=\"sm\">Clip LC d\u00faplex<\/td>\n<td data-col-size=\"sm\" data-start=\"1827\" data-end=\"1849\">Mantiene la polaridad.<\/td>\n<\/tr>\n<tr data-start=\"1850\" data-end=\"1899\">\n<td data-start=\"1850\" data-end=\"1871\" data-col-size=\"sm\">Chaqueta gruesa de 3,0 mm<\/td>\n<td data-start=\"1871\" data-end=\"1899\" data-col-size=\"sm\">Protege contra la tensi\u00f3n.<\/td>\n<\/tr>\n<\/tbody>\n<\/table>\n<\/div>\n<\/div>\n<hr data-start=\"1901\" data-end=\"1904\" \/>\n<h3 data-start=\"1906\" data-end=\"1928\">Preguntas y respuestas profesionales<\/h3>\n<p data-start=\"1930\" data-end=\"2085\"><strong data-start=\"1930\" data-end=\"1978\">\u00bfCu\u00e1ndo debo elegir 3,0 mm en lugar de 2,0 mm?<\/strong><br data-start=\"1978\" data-end=\"1981\" \/>Cuando el saltador corre a trav\u00e9s de <strong data-start=\"2010\" data-end=\"2053\">bandejas para cables, elevadores o bastidores principales<\/strong> donde pueda doblarse o tirarse.<\/p>\n<p data-start=\"2087\" data-end=\"2216\"><strong data-start=\"2087\" data-end=\"2135\">\u00bfEs compatible con todos los adaptadores LC UPC?<\/strong><br data-start=\"2135\" data-end=\"2138\" \/>S\u00ed. La interfaz LC es est\u00e1ndar y se adapta a todos los paneles y transceptores LC UPC.<\/p>\n<p data-start=\"2218\" data-end=\"2353\"><strong data-start=\"2218\" data-end=\"2255\">\u00bfSe puede utilizar para sistemas PON?<\/strong><br data-start=\"2255\" data-end=\"2258\" \/>S\u00ed, pero para sistemas PON sensibles a la superposici\u00f3n o reflexi\u00f3n de RF, <strong data-start=\"2319\" data-end=\"2329\">LC APC<\/strong> Se recomienda en su lugar.<\/p>","protected":false},"excerpt":{"rendered":"<p data-start=\"164\" data-end=\"520\">En <strong data-start=\"168\" data-end=\"224\">Conector de fibra \u00f3ptica monomodo d\u00faplex LC UPC de 3,0 mm<\/strong> est\u00e1 dise\u00f1ado para <strong data-start=\"241\" data-end=\"288\">enlaces de fibra que deben permanecer estables durante a\u00f1os<\/strong>, no solo dentro de un bastidor, sino en todo el sistema. <strong data-start=\"324\" data-end=\"365\">pisos, pasillos y estructuras principales<\/strong>.<br data-start=\"366\" data-end=\"369\" \/>Donde se conectan los cables de conexi\u00f3n <strong data-start=\"406\" data-end=\"463\">bandejas portacables, pozos verticales o gabinetes de distribuci\u00f3n<\/strong>, se vuelve esencial una chaqueta m\u00e1s gruesa y protectora.<\/p>\n<p data-start=\"522\" data-end=\"730\">Este conector LC d\u00faplex de 3,0 mm combina <strong data-start=\"562\" data-end=\"588\">pulido UPC de baja p\u00e9rdida<\/strong> con un <strong data-start=\"596\" data-end=\"626\">estructura de cable reforzada<\/strong>, creando una conexi\u00f3n confiable entre <strong data-start=\"667\" data-end=\"729\">marcos de distribuci\u00f3n \u00f3ptica, conmutadores y equipos de acceso<\/strong>.<\/p>","protected":false},"featured_media":886,"comment_status":"open","ping_status":"closed","template":"","meta":[],"product_brand":[],"product_cat":[49],"product_tag":[],"class_list":{"0":"post-885","1":"product","2":"type-product","3":"status-publish","4":"has-post-thumbnail","6":"product_cat-lc-duplex-connectors-single-modemultimode","8":"first","9":"instock","10":"shipping-taxable","11":"product-type-simple"},"_links":{"self":[{"href":"https:\/\/www.fenxifiber.com\/es\/wp-json\/wp\/v2\/product\/885","targetHints":{"allow":["GET"]}}],"collection":[{"href":"https:\/\/www.fenxifiber.com\/es\/wp-json\/wp\/v2\/product"}],"about":[{"href":"https:\/\/www.fenxifiber.com\/es\/wp-json\/wp\/v2\/types\/product"}],"replies":[{"embeddable":true,"href":"https:\/\/www.fenxifiber.com\/es\/wp-json\/wp\/v2\/comments?post=885"}],"wp:featuredmedia":[{"embeddable":true,"href":"https:\/\/www.fenxifiber.com\/es\/wp-json\/wp\/v2\/media\/886"}],"wp:attachment":[{"href":"https:\/\/www.fenxifiber.com\/es\/wp-json\/wp\/v2\/media?parent=885"}],"wp:term":[{"taxonomy":"product_brand","embeddable":true,"href":"https:\/\/www.fenxifiber.com\/es\/wp-json\/wp\/v2\/product_brand?post=885"},{"taxonomy":"product_cat","embeddable":true,"href":"https:\/\/www.fenxifiber.com\/es\/wp-json\/wp\/v2\/product_cat?post=885"},{"taxonomy":"product_tag","embeddable":true,"href":"https:\/\/www.fenxifiber.com\/es\/wp-json\/wp\/v2\/product_tag?post=885"}],"curies":[{"name":"wp","href":"https:\/\/api.w.org\/{rel}","templated":true}]}}