{"id":887,"date":"2026-02-04T03:01:52","date_gmt":"2026-02-04T03:01:52","guid":{"rendered":"https:\/\/www.fenxifiber.com\/?post_type=product&#038;p=887"},"modified":"2026-02-05T02:36:56","modified_gmt":"2026-02-05T02:36:56","slug":"lc-upc-30-mm-duplex-multimodo","status":"publish","type":"product","link":"https:\/\/www.fenxifiber.com\/es\/product\/lc-upc-3-0mm-duplex-multimode\/","title":{"rendered":"Conector de fibra \u00f3ptica multimodo d\u00faplex LC UPC de 3,0 mm"},"content":{"rendered":"<h3 data-start=\"732\" data-end=\"776\">Por qu\u00e9 3,0 mm es importante en el cableado multimodo<\/h3>\n<div class=\"TyagGW_tableContainer\">\n<div class=\"group TyagGW_tableWrapper flex flex-col-reverse w-fit\" tabindex=\"-1\">\n<table class=\"w-fit min-w-(--thread-content-width)\" data-start=\"778\" data-end=\"946\">\n<thead data-start=\"778\" data-end=\"812\">\n<tr data-start=\"778\" data-end=\"812\">\n<th class=\"\" data-start=\"778\" data-end=\"795\" data-col-size=\"sm\">Di\u00e1metro del cable<\/th>\n<th class=\"\" data-start=\"795\" data-end=\"812\" data-col-size=\"sm\">Uso pr\u00e1ctico<\/th>\n<\/tr>\n<\/thead>\n<tbody data-start=\"847\" data-end=\"946\">\n<tr data-start=\"847\" data-end=\"887\">\n<td data-start=\"847\" data-end=\"855\" data-col-size=\"sm\">2,0 mm<\/td>\n<td data-start=\"855\" data-end=\"887\" data-col-size=\"sm\">Puertos de conmutador y transceptor<\/td>\n<\/tr>\n<tr data-start=\"888\" data-end=\"946\">\n<td data-start=\"888\" data-end=\"900\" data-col-size=\"sm\"><strong data-start=\"890\" data-end=\"899\">3,0 mm<\/strong><\/td>\n<td data-col-size=\"sm\" data-start=\"900\" data-end=\"946\"><strong data-start=\"902\" data-end=\"944\">Racks, bandejas, enlaces entre gabinetes<\/strong><\/td>\n<\/tr>\n<\/tbody>\n<\/table>\n<\/div>\n<\/div>\n<p data-start=\"948\" data-end=\"1046\">La cubierta m\u00e1s pesada protege la fibra OM contra p\u00e9rdidas por flexi\u00f3n y aplastamiento en conductos de cable abarrotados.<\/p>\n<hr data-start=\"1048\" data-end=\"1051\" \/>\n<h3 data-start=\"1053\" data-end=\"1085\">Comportamiento \u00f3ptico multimodo<\/h3>\n<div class=\"TyagGW_tableContainer\">\n<div class=\"group TyagGW_tableWrapper flex flex-col-reverse w-fit\" tabindex=\"-1\">\n<table class=\"w-fit min-w-(--thread-content-width)\" data-start=\"1087\" data-end=\"1359\">\n<thead data-start=\"1087\" data-end=\"1116\">\n<tr data-start=\"1087\" data-end=\"1116\">\n<th class=\"\" data-start=\"1087\" data-end=\"1099\" data-col-size=\"sm\">Par\u00e1metro<\/th>\n<th class=\"\" data-start=\"1099\" data-end=\"1116\" data-col-size=\"sm\">Valor t\u00edpico<\/th>\n<\/tr>\n<\/thead>\n<tbody data-start=\"1146\" data-end=\"1359\">\n<tr data-start=\"1146\" data-end=\"1178\">\n<td data-start=\"1146\" data-end=\"1159\" data-col-size=\"sm\">Tipo de fibra<\/td>\n<td data-start=\"1159\" data-end=\"1178\" data-col-size=\"sm\">OM2 \/ OM3 \/ OM4<\/td>\n<\/tr>\n<tr data-start=\"1179\" data-end=\"1219\">\n<td data-start=\"1179\" data-end=\"1191\" data-col-size=\"sm\">Tama\u00f1o del n\u00facleo<\/td>\n<td data-start=\"1191\" data-end=\"1219\" data-col-size=\"sm\">50\/125 \u00b5m o 62,5\/125 \u00b5m<\/td>\n<\/tr>\n<tr data-start=\"1220\" data-end=\"1238\">\n<td data-start=\"1220\" data-end=\"1231\" data-col-size=\"sm\">Extremo frontal<\/td>\n<td data-start=\"1231\" data-end=\"1238\" data-col-size=\"sm\">UPC<\/td>\n<\/tr>\n<tr data-start=\"1239\" data-end=\"1269\">\n<td data-start=\"1239\" data-end=\"1256\" data-col-size=\"sm\">P\u00e9rdida de inserci\u00f3n<\/td>\n<td data-start=\"1256\" data-end=\"1269\" data-col-size=\"sm\">\u2264 0,30 dB<\/td>\n<\/tr>\n<tr data-start=\"1270\" data-end=\"1295\">\n<td data-start=\"1270\" data-end=\"1284\" data-col-size=\"sm\">P\u00e9rdida de retorno<\/td>\n<td data-start=\"1284\" data-end=\"1295\" data-col-size=\"sm\">\u2265 35 dB<\/td>\n<\/tr>\n<tr data-start=\"1296\" data-end=\"1327\">\n<td data-start=\"1296\" data-end=\"1310\" data-col-size=\"sm\">Longitudes de onda<\/td>\n<td data-start=\"1310\" data-end=\"1327\" data-col-size=\"sm\">850\/1300 nm<\/td>\n<\/tr>\n<tr data-start=\"1328\" data-end=\"1359\">\n<td data-start=\"1328\" data-end=\"1342\" data-col-size=\"sm\">Vida reproductiva<\/td>\n<td data-start=\"1342\" data-end=\"1359\" data-col-size=\"sm\">\u2265 1000 ciclos<\/td>\n<\/tr>\n<\/tbody>\n<\/table>\n<\/div>\n<\/div>\n<p data-start=\"1361\" data-end=\"1469\">Estos valores respaldan <strong data-start=\"1382\" data-end=\"1436\">Ethernet, SAN e interconexiones \u00f3pticas de alta velocidad<\/strong> dentro de edificios y salas de datos.<\/p>\n<hr data-start=\"1471\" data-end=\"1474\" \/>\n<h3 data-start=\"1476\" data-end=\"1498\">Dise\u00f1o LC d\u00faplex<\/h3>\n<p data-start=\"1500\" data-end=\"1639\">Dos fibras se alojan en una carcasa LC d\u00faplex, lo que garantiza <strong data-start=\"1555\" data-end=\"1614\">polaridad estable y rutas de transmisi\u00f3n\/recepci\u00f3n sincronizadas<\/strong> incluso durante el mantenimiento.<\/p>\n<div class=\"TyagGW_tableContainer\">\n<div class=\"group TyagGW_tableWrapper flex flex-col-reverse w-fit\" tabindex=\"-1\">\n<table class=\"w-fit min-w-(--thread-content-width)\" data-start=\"1641\" data-end=\"1895\">\n<thead data-start=\"1641\" data-end=\"1663\">\n<tr data-start=\"1641\" data-end=\"1663\">\n<th class=\"\" data-start=\"1641\" data-end=\"1651\" data-col-size=\"sm\">Elemento<\/th>\n<th class=\"\" data-start=\"1651\" data-end=\"1663\" data-col-size=\"sm\">Funci\u00f3n<\/th>\n<\/tr>\n<\/thead>\n<tbody data-start=\"1685\" data-end=\"1895\">\n<tr data-start=\"1685\" data-end=\"1738\">\n<td data-start=\"1685\" data-end=\"1711\" data-col-size=\"sm\">Casquillos cer\u00e1micos de 1,25 mm<\/td>\n<td data-start=\"1711\" data-end=\"1738\" data-col-size=\"sm\">Alineaci\u00f3n precisa de las fibras<\/td>\n<\/tr>\n<tr data-start=\"1739\" data-end=\"1791\">\n<td data-start=\"1739\" data-end=\"1752\" data-col-size=\"sm\">Esmalte UPC<\/td>\n<td data-col-size=\"sm\" data-start=\"1752\" data-end=\"1791\">Baja reflexi\u00f3n para l\u00e1seres multimodo<\/td>\n<\/tr>\n<tr data-start=\"1792\" data-end=\"1833\">\n<td data-start=\"1792\" data-end=\"1809\" data-col-size=\"sm\">Clip LC d\u00faplex<\/td>\n<td data-col-size=\"sm\" data-start=\"1809\" data-end=\"1833\">Bloquea Tx\/Rx juntos<\/td>\n<\/tr>\n<tr data-start=\"1834\" data-end=\"1895\">\n<td data-start=\"1834\" data-end=\"1855\" data-col-size=\"sm\">Chaqueta gruesa de 3,0 mm<\/td>\n<td data-start=\"1855\" data-end=\"1895\" data-col-size=\"sm\">Protege contra la flexi\u00f3n y la tensi\u00f3n.<\/td>\n<\/tr>\n<\/tbody>\n<\/table>\n<\/div>\n<\/div>\n<hr data-start=\"1897\" data-end=\"1900\" \/>\n<h3 data-start=\"1902\" data-end=\"1924\">Preguntas y respuestas profesionales<\/h3>\n<p data-start=\"1926\" data-end=\"2090\"><strong data-start=\"1926\" data-end=\"1967\">\u00bfEs demasiado r\u00edgido un grosor de 3,0 mm para los conectores LC?<\/strong><br data-start=\"1967\" data-end=\"1970\" \/>No. La f\u00e9rula y la carcasa LC son est\u00e1ndar. Solo el cable es m\u00e1s grueso, lo que proporciona una mejor protecci\u00f3n para las rutas troncales.<\/p>\n<p data-start=\"2092\" data-end=\"2205\"><strong data-start=\"2092\" data-end=\"2136\">\u00bfSe puede utilizar con fibra OM3 y OM4?<\/strong><br data-start=\"2136\" data-end=\"2139\" \/>S\u00ed. Es totalmente compatible con fibra multimodo OM2, OM3 y OM4.<\/p>\n<p data-start=\"2207\" data-end=\"2337\"><strong data-start=\"2207\" data-end=\"2248\">\u00bfDebo utilizar APC para enlaces multimodo?<\/strong><br data-start=\"2248\" data-end=\"2251\" \/>No. Los sistemas multimodo utilizan <strong data-start=\"2277\" data-end=\"2284\">UPC<\/strong>. El APC est\u00e1 dise\u00f1ado para el control de reflexi\u00f3n monomodo.<\/p>","protected":false},"excerpt":{"rendered":"<p data-start=\"161\" data-end=\"572\">En <strong data-start=\"165\" data-end=\"220\">Conector de fibra \u00f3ptica multimodo d\u00faplex LC UPC de 3,0 mm<\/strong> est\u00e1 dise\u00f1ado para <strong data-start=\"234\" data-end=\"275\">centros de datos y redes troncales empresariales<\/strong> donde los enlaces \u00f3pticos de corto alcance deben seguir siendo r\u00e1pidos, estables y estar protegidos f\u00edsicamente.<br data-start=\"358\" data-end=\"361\" \/>La fibra multimodo se utiliza ampliamente para <strong data-start=\"396\" data-end=\"429\">Conexiones de 10G, 40G y 100G<\/strong>, y la cubierta d\u00faplex m\u00e1s gruesa de 3,0 mm confiere a estos eslabones la <strong data-start=\"489\" data-end=\"515\">fiabilidad mec\u00e1nica<\/strong> que necesitan cuando se canalizan a trav\u00e9s de bandejas, bastidores y gabinetes.<\/p>\n<p data-start=\"574\" data-end=\"725\">Aunque los puentes est\u00e1ndar de 2,0 mm funcionan bien en los puertos de los equipos, las rutas troncales requieren <strong data-start=\"656\" data-end=\"676\">chamarras m\u00e1s resistentes<\/strong> para evitar microdoblados e inestabilidad de la se\u00f1al.<\/p>","protected":false},"featured_media":888,"comment_status":"open","ping_status":"closed","template":"","meta":[],"product_brand":[],"product_cat":[49],"product_tag":[],"class_list":{"0":"post-887","1":"product","2":"type-product","3":"status-publish","4":"has-post-thumbnail","6":"product_cat-lc-duplex-connectors-single-modemultimode","8":"first","9":"instock","10":"shipping-taxable","11":"product-type-simple"},"_links":{"self":[{"href":"https:\/\/www.fenxifiber.com\/es\/wp-json\/wp\/v2\/product\/887","targetHints":{"allow":["GET"]}}],"collection":[{"href":"https:\/\/www.fenxifiber.com\/es\/wp-json\/wp\/v2\/product"}],"about":[{"href":"https:\/\/www.fenxifiber.com\/es\/wp-json\/wp\/v2\/types\/product"}],"replies":[{"embeddable":true,"href":"https:\/\/www.fenxifiber.com\/es\/wp-json\/wp\/v2\/comments?post=887"}],"wp:featuredmedia":[{"embeddable":true,"href":"https:\/\/www.fenxifiber.com\/es\/wp-json\/wp\/v2\/media\/888"}],"wp:attachment":[{"href":"https:\/\/www.fenxifiber.com\/es\/wp-json\/wp\/v2\/media?parent=887"}],"wp:term":[{"taxonomy":"product_brand","embeddable":true,"href":"https:\/\/www.fenxifiber.com\/es\/wp-json\/wp\/v2\/product_brand?post=887"},{"taxonomy":"product_cat","embeddable":true,"href":"https:\/\/www.fenxifiber.com\/es\/wp-json\/wp\/v2\/product_cat?post=887"},{"taxonomy":"product_tag","embeddable":true,"href":"https:\/\/www.fenxifiber.com\/es\/wp-json\/wp\/v2\/product_tag?post=887"}],"curies":[{"name":"wp","href":"https:\/\/api.w.org\/{rel}","templated":true}]}}