{"id":890,"date":"2026-02-04T03:02:57","date_gmt":"2026-02-04T03:02:57","guid":{"rendered":"https:\/\/www.fenxifiber.com\/?post_type=product&#038;p=890"},"modified":"2026-02-05T02:37:21","modified_gmt":"2026-02-05T02:37:21","slug":"lc-upc-30-mm-duplex-multimodo-azul-lago","status":"publish","type":"product","link":"https:\/\/www.fenxifiber.com\/es\/product\/lc-upc-3-0mm-duplex-multimode-lake-blue\/","title":{"rendered":"Conector de fibra \u00f3ptica LC UPC 3,0 mm d\u00faplex multimodo (azul lago)"},"content":{"rendered":"<h3 data-start=\"721\" data-end=\"780\">El cable multimodo codificado por colores facilita la gesti\u00f3n de las redes<\/h3>\n<div class=\"TyagGW_tableContainer\">\n<div class=\"group TyagGW_tableWrapper flex flex-col-reverse w-fit\" tabindex=\"-1\">\n<table class=\"w-fit min-w-(--thread-content-width)\" data-start=\"782\" data-end=\"992\">\n<thead data-start=\"782\" data-end=\"827\">\n<tr data-start=\"782\" data-end=\"827\">\n<th class=\"\" data-start=\"782\" data-end=\"797\" data-col-size=\"sm\">Color de la chaqueta<\/th>\n<th class=\"\" data-start=\"797\" data-end=\"827\" data-col-size=\"sm\">Lo que suele significar<\/th>\n<\/tr>\n<\/thead>\n<tbody data-start=\"873\" data-end=\"992\">\n<tr data-start=\"873\" data-end=\"897\">\n<td data-start=\"873\" data-end=\"882\" data-col-size=\"sm\">Amarillo<\/td>\n<td data-start=\"882\" data-end=\"897\" data-col-size=\"sm\">Monomodo<\/td>\n<\/tr>\n<tr data-start=\"898\" data-end=\"930\">\n<td data-start=\"898\" data-end=\"907\" data-col-size=\"sm\">Naranja<\/td>\n<td data-start=\"907\" data-end=\"930\" data-col-size=\"sm\">OM1 \/ OM2 multimodo<\/td>\n<\/tr>\n<tr data-start=\"931\" data-end=\"992\">\n<td data-start=\"931\" data-end=\"954\" data-col-size=\"sm\"><strong data-start=\"933\" data-end=\"953\">Azul lago (aguamarina)<\/strong><\/td>\n<td data-col-size=\"sm\" data-start=\"954\" data-end=\"992\"><strong data-start=\"956\" data-end=\"990\">OM3 \/ OM4 multimodo de alta velocidad<\/strong><\/td>\n<\/tr>\n<\/tbody>\n<\/table>\n<\/div>\n<\/div>\n<p data-start=\"994\" data-end=\"1086\">Esta norma visual se utiliza ampliamente en <strong data-start=\"1033\" data-end=\"1085\">centros de datos, instalaciones en la nube y salas de telecomunicaciones<\/strong>.<\/p>\n<hr data-start=\"1088\" data-end=\"1091\" \/>\n<h3 data-start=\"1093\" data-end=\"1142\">D\u00faplex de 3,0 mm: dise\u00f1ado para cableado estructurado<\/h3>\n<div class=\"TyagGW_tableContainer\">\n<div class=\"group TyagGW_tableWrapper flex flex-col-reverse w-fit\" tabindex=\"-1\">\n<table class=\"w-fit min-w-(--thread-content-width)\" data-start=\"1144\" data-end=\"1307\">\n<thead data-start=\"1144\" data-end=\"1173\">\n<tr data-start=\"1144\" data-end=\"1173\">\n<th class=\"\" data-start=\"1144\" data-end=\"1157\" data-col-size=\"sm\">Tama\u00f1o del cable<\/th>\n<th class=\"\" data-start=\"1157\" data-end=\"1173\" data-col-size=\"md\">Funci\u00f3n t\u00edpica<\/th>\n<\/tr>\n<\/thead>\n<tbody data-start=\"1203\" data-end=\"1307\">\n<tr data-start=\"1203\" data-end=\"1242\">\n<td data-start=\"1203\" data-end=\"1211\" data-col-size=\"sm\">2,0 mm<\/td>\n<td data-col-size=\"md\" data-start=\"1211\" data-end=\"1242\">Cables de conexi\u00f3n en los puertos del conmutador<\/td>\n<\/tr>\n<tr data-start=\"1243\" data-end=\"1307\">\n<td data-start=\"1243\" data-end=\"1255\" data-col-size=\"sm\"><strong data-start=\"1245\" data-end=\"1254\">3,0 mm<\/strong><\/td>\n<td data-start=\"1255\" data-end=\"1307\" data-col-size=\"md\"><strong data-start=\"1257\" data-end=\"1305\">Racks, bandejas portacables, enlaces entre gabinetes<\/strong><\/td>\n<\/tr>\n<\/tbody>\n<\/table>\n<\/div>\n<\/div>\n<p data-start=\"1309\" data-end=\"1432\">La cubierta m\u00e1s gruesa protege las fibras multimodo contra las p\u00e9rdidas por flexi\u00f3n y el estr\u00e9s f\u00edsico cuando se instalan en tramos de cableado densos.<\/p>\n<hr data-start=\"1434\" data-end=\"1437\" \/>\n<h3 data-start=\"1439\" data-end=\"1474\">Rendimiento \u00f3ptico multimodo<\/h3>\n<div class=\"TyagGW_tableContainer\">\n<div class=\"group TyagGW_tableWrapper flex flex-col-reverse w-fit\" tabindex=\"-1\">\n<table class=\"w-fit min-w-(--thread-content-width)\" data-start=\"1476\" data-end=\"1727\">\n<thead data-start=\"1476\" data-end=\"1505\">\n<tr data-start=\"1476\" data-end=\"1505\">\n<th class=\"\" data-start=\"1476\" data-end=\"1488\" data-col-size=\"sm\">Par\u00e1metro<\/th>\n<th class=\"\" data-start=\"1488\" data-end=\"1505\" data-col-size=\"sm\">Valor t\u00edpico<\/th>\n<\/tr>\n<\/thead>\n<tbody data-start=\"1535\" data-end=\"1727\">\n<tr data-start=\"1535\" data-end=\"1561\">\n<td data-start=\"1535\" data-end=\"1548\" data-col-size=\"sm\">Tipo de fibra<\/td>\n<td data-start=\"1548\" data-end=\"1561\" data-col-size=\"sm\">OM3 \/ OM4<\/td>\n<\/tr>\n<tr data-start=\"1562\" data-end=\"1587\">\n<td data-start=\"1562\" data-end=\"1574\" data-col-size=\"sm\">Tama\u00f1o del n\u00facleo<\/td>\n<td data-start=\"1574\" data-end=\"1587\" data-col-size=\"sm\">50\/125 \u00b5m<\/td>\n<\/tr>\n<tr data-start=\"1588\" data-end=\"1606\">\n<td data-start=\"1588\" data-end=\"1599\" data-col-size=\"sm\">Extremo frontal<\/td>\n<td data-start=\"1599\" data-end=\"1606\" data-col-size=\"sm\">UPC<\/td>\n<\/tr>\n<tr data-start=\"1607\" data-end=\"1637\">\n<td data-start=\"1607\" data-end=\"1624\" data-col-size=\"sm\">P\u00e9rdida de inserci\u00f3n<\/td>\n<td data-col-size=\"sm\" data-start=\"1624\" data-end=\"1637\">\u2264 0,30 dB<\/td>\n<\/tr>\n<tr data-start=\"1638\" data-end=\"1663\">\n<td data-start=\"1638\" data-end=\"1652\" data-col-size=\"sm\">P\u00e9rdida de retorno<\/td>\n<td data-start=\"1652\" data-end=\"1663\" data-col-size=\"sm\">\u2265 35 dB<\/td>\n<\/tr>\n<tr data-start=\"1664\" data-end=\"1695\">\n<td data-start=\"1664\" data-end=\"1678\" data-col-size=\"sm\">Longitudes de onda<\/td>\n<td data-start=\"1678\" data-end=\"1695\" data-col-size=\"sm\">850\/1300 nm<\/td>\n<\/tr>\n<tr data-start=\"1696\" data-end=\"1727\">\n<td data-start=\"1696\" data-end=\"1710\" data-col-size=\"sm\">Vida reproductiva<\/td>\n<td data-start=\"1710\" data-end=\"1727\" data-col-size=\"sm\">\u2265 1000 ciclos<\/td>\n<\/tr>\n<\/tbody>\n<\/table>\n<\/div>\n<\/div>\n<p data-start=\"1729\" data-end=\"1834\">Estas caracter\u00edsticas respaldan <strong data-start=\"1759\" data-end=\"1789\">Ethernet de 10 G, 40 G y 100 G<\/strong> dentro de los centros de datos y las redes empresariales.<\/p>\n<hr data-start=\"1836\" data-end=\"1839\" \/>\n<h3 data-start=\"1841\" data-end=\"1869\">Construcci\u00f3n LC d\u00faplex<\/h3>\n<div class=\"TyagGW_tableContainer\">\n<div class=\"group TyagGW_tableWrapper flex flex-col-reverse w-fit\" tabindex=\"-1\">\n<table class=\"w-fit min-w-(--thread-content-width)\" data-start=\"1871\" data-end=\"2130\">\n<thead data-start=\"1871\" data-end=\"1894\">\n<tr data-start=\"1871\" data-end=\"1894\">\n<th class=\"\" data-start=\"1871\" data-end=\"1883\" data-col-size=\"sm\">Componente<\/th>\n<th class=\"\" data-start=\"1883\" data-end=\"1894\" data-col-size=\"sm\">Objetivo<\/th>\n<\/tr>\n<\/thead>\n<tbody data-start=\"1917\" data-end=\"2130\">\n<tr data-start=\"1917\" data-end=\"1974\">\n<td data-start=\"1917\" data-end=\"1943\" data-col-size=\"sm\">Casquillos cer\u00e1micos de 1,25 mm<\/td>\n<td data-start=\"1943\" data-end=\"1974\" data-col-size=\"sm\">Alineaci\u00f3n multimodo precisa<\/td>\n<\/tr>\n<tr data-start=\"1975\" data-end=\"2027\">\n<td data-start=\"1975\" data-end=\"2000\" data-col-size=\"sm\">Extremos pulidos UPC<\/td>\n<td data-start=\"2000\" data-end=\"2027\" data-col-size=\"sm\">Acoplamiento \u00f3ptico estable<\/td>\n<\/tr>\n<tr data-start=\"2028\" data-end=\"2072\">\n<td data-start=\"2028\" data-end=\"2045\" data-col-size=\"sm\">Clip LC d\u00faplex<\/td>\n<td data-start=\"2045\" data-end=\"2072\" data-col-size=\"sm\">Mantiene el emparejamiento de transmisi\u00f3n\/recepci\u00f3n<\/td>\n<\/tr>\n<tr data-start=\"2073\" data-end=\"2130\">\n<td data-start=\"2073\" data-end=\"2098\" data-col-size=\"sm\">Chaqueta azul lago de 3,0 mm<\/td>\n<td data-start=\"2098\" data-end=\"2130\" data-col-size=\"sm\">Alta visibilidad y protecci\u00f3n<\/td>\n<\/tr>\n<\/tbody>\n<\/table>\n<\/div>\n<\/div>\n<hr data-start=\"2132\" data-end=\"2135\" \/>\n<h3 data-start=\"2137\" data-end=\"2159\">Preguntas y respuestas profesionales<\/h3>\n<p data-start=\"2161\" data-end=\"2328\"><strong data-start=\"2161\" data-end=\"2209\">\u00bfAfecta el color azul lago al rendimiento?<\/strong><br data-start=\"2209\" data-end=\"2212\" \/>No. El color es para <strong data-start=\"2233\" data-end=\"2271\">solo para identificaci\u00f3n y gesti\u00f3n<\/strong>. El rendimiento \u00f3ptico viene determinado por la fibra y el pulido.<\/p>\n<p data-start=\"2330\" data-end=\"2456\"><strong data-start=\"2330\" data-end=\"2383\">\u00bfEs esto compatible con los transceptores OM3 y OM4?<\/strong><br data-start=\"2383\" data-end=\"2386\" \/>S\u00ed. Est\u00e1 dise\u00f1ado espec\u00edficamente para <strong data-start=\"2423\" data-end=\"2455\">sistemas multimodo de alta velocidad<\/strong>.<\/p>\n<p data-start=\"2458\" data-end=\"2564\"><strong data-start=\"2458\" data-end=\"2498\">\u00bfSe puede utilizar esto en paneles de conexi\u00f3n LC?<\/strong><br data-start=\"2498\" data-end=\"2501\" \/>S\u00ed. La interfaz LC es est\u00e1ndar y es compatible con todos los adaptadores LC UPC.<\/p>","protected":false},"excerpt":{"rendered":"<p data-start=\"180\" data-end=\"551\">En los grandes centros de datos y las salas de fibra \u00f3ptica de las empresas, los cables ya no son solo conexiones, sino que son <strong data-start=\"279\" data-end=\"312\">parte del sistema de gesti\u00f3n<\/strong>.<br data-start=\"313\" data-end=\"316\" \/>En <strong data-start=\"320\" data-end=\"387\">Conector de fibra \u00f3ptica LC UPC 3,0 mm d\u00faplex multimodo (azul lago)<\/strong> a\u00f1ade <strong data-start=\"393\" data-end=\"424\">identificaci\u00f3n visual clara<\/strong> a un <strong data-start=\"430\" data-end=\"457\">enlace \u00f3ptico de alta velocidad<\/strong>, lo que ayuda a los ingenieros a distinguir r\u00e1pidamente los circuitos multimodo de los de modo \u00fanico y las rutas de respaldo.<\/p>\n<p data-start=\"553\" data-end=\"714\">En <strong data-start=\"557\" data-end=\"577\">Chaqueta Lake Blue<\/strong> se utiliza habitualmente para identificar <strong data-start=\"607\" data-end=\"638\">Fibra multimodo OM3 y OM4<\/strong>, lo que reduce el riesgo de conexiones incorrectas durante la instalaci\u00f3n o el mantenimiento.<\/p>","protected":false},"featured_media":891,"comment_status":"open","ping_status":"closed","template":"","meta":[],"product_brand":[],"product_cat":[49],"product_tag":[],"class_list":{"0":"post-890","1":"product","2":"type-product","3":"status-publish","4":"has-post-thumbnail","6":"product_cat-lc-duplex-connectors-single-modemultimode","8":"first","9":"instock","10":"shipping-taxable","11":"product-type-simple"},"_links":{"self":[{"href":"https:\/\/www.fenxifiber.com\/es\/wp-json\/wp\/v2\/product\/890","targetHints":{"allow":["GET"]}}],"collection":[{"href":"https:\/\/www.fenxifiber.com\/es\/wp-json\/wp\/v2\/product"}],"about":[{"href":"https:\/\/www.fenxifiber.com\/es\/wp-json\/wp\/v2\/types\/product"}],"replies":[{"embeddable":true,"href":"https:\/\/www.fenxifiber.com\/es\/wp-json\/wp\/v2\/comments?post=890"}],"wp:featuredmedia":[{"embeddable":true,"href":"https:\/\/www.fenxifiber.com\/es\/wp-json\/wp\/v2\/media\/891"}],"wp:attachment":[{"href":"https:\/\/www.fenxifiber.com\/es\/wp-json\/wp\/v2\/media?parent=890"}],"wp:term":[{"taxonomy":"product_brand","embeddable":true,"href":"https:\/\/www.fenxifiber.com\/es\/wp-json\/wp\/v2\/product_brand?post=890"},{"taxonomy":"product_cat","embeddable":true,"href":"https:\/\/www.fenxifiber.com\/es\/wp-json\/wp\/v2\/product_cat?post=890"},{"taxonomy":"product_tag","embeddable":true,"href":"https:\/\/www.fenxifiber.com\/es\/wp-json\/wp\/v2\/product_tag?post=890"}],"curies":[{"name":"wp","href":"https:\/\/api.w.org\/{rel}","templated":true}]}}