{"id":892,"date":"2026-02-04T03:04:47","date_gmt":"2026-02-04T03:04:47","guid":{"rendered":"https:\/\/www.fenxifiber.com\/?post_type=product&#038;p=892"},"modified":"2026-02-05T02:22:27","modified_gmt":"2026-02-05T02:22:27","slug":"lc-apc-0-9-mm-simplex-monomodo","status":"publish","type":"product","link":"https:\/\/www.fenxifiber.com\/es\/product\/lc-apc-0-9mm-simplex-singlemode\/","title":{"rendered":"Conector LC APC de 0,9 mm simplex monomodo"},"content":{"rendered":"<h3 data-start=\"694\" data-end=\"741\">Por qu\u00e9 LC + APC es la combinaci\u00f3n preferida<\/h3>\n<p data-start=\"743\" data-end=\"943\">Los conectores LC son conocidos por su <strong data-start=\"777\" data-end=\"823\">tama\u00f1o reducido y mecanismo de cierre seguro<\/strong>, mientras que el pulido APC ofrece <strong data-start=\"854\" data-end=\"891\">retroceso excepcionalmente bajo<\/strong>.<br data-start=\"892\" data-end=\"895\" \/>Juntos, crean un conector que admite:<\/p>\n<ul data-start=\"945\" data-end=\"1083\">\n<li data-start=\"945\" data-end=\"974\">\n<p data-start=\"947\" data-end=\"974\">Paneles de conexi\u00f3n de alta densidad<\/p>\n<\/li>\n<li data-start=\"975\" data-end=\"1017\">\n<p data-start=\"977\" data-end=\"1017\">Transmisi\u00f3n monomodo de larga distancia<\/p>\n<\/li>\n<li data-start=\"1018\" data-end=\"1052\">\n<p data-start=\"1020\" data-end=\"1052\">Transceptores \u00f3pticos sensibles<\/p>\n<\/li>\n<li data-start=\"1053\" data-end=\"1083\">\n<p data-start=\"1055\" data-end=\"1083\">Calidad estable de la se\u00f1al FTTH<\/p>\n<\/li>\n<\/ul>\n<p data-start=\"1085\" data-end=\"1189\">Por eso los conectores LC APC se est\u00e1n convirtiendo en el est\u00e1ndar en <strong data-start=\"1140\" data-end=\"1188\">redes modernas de fibra \u00f3ptica para centros de datos y acceso<\/strong>.<\/p>\n<hr data-start=\"1191\" data-end=\"1194\" \/>\n<h3 data-start=\"1196\" data-end=\"1239\">Dise\u00f1ado para fibra con revestimiento ajustado de 0,9 mm.<\/h3>\n<div class=\"TyagGW_tableContainer\">\n<div class=\"group TyagGW_tableWrapper flex flex-col-reverse w-fit\" tabindex=\"-1\">\n<table class=\"w-fit min-w-(--thread-content-width)\" data-start=\"1241\" data-end=\"1393\">\n<thead data-start=\"1241\" data-end=\"1277\">\n<tr data-start=\"1241\" data-end=\"1277\">\n<th class=\"\" data-start=\"1241\" data-end=\"1254\" data-col-size=\"sm\">Tipo de cable<\/th>\n<th class=\"\" data-start=\"1254\" data-end=\"1277\" data-col-size=\"md\">Aplicaci\u00f3n t\u00edpica<\/th>\n<\/tr>\n<\/thead>\n<tbody data-start=\"1313\" data-end=\"1393\">\n<tr data-start=\"1313\" data-end=\"1393\">\n<td data-start=\"1313\" data-end=\"1338\" data-col-size=\"sm\"><strong data-start=\"1315\" data-end=\"1337\">Buffer ajustado de 0,9 mm<\/strong><\/td>\n<td data-col-size=\"md\" data-start=\"1338\" data-end=\"1393\">Cables de conexi\u00f3n, puentes de equipo, enrutamiento interno de fibra<\/td>\n<\/tr>\n<\/tbody>\n<\/table>\n<\/div>\n<\/div>\n<p data-start=\"1395\" data-end=\"1519\">Este tama\u00f1o permite <strong data-start=\"1416\" data-end=\"1474\">Enrutamiento compacto dentro de ODF, ONT y m\u00f3dulos \u00f3pticos.<\/strong>, sin sacrificar la confiabilidad mec\u00e1nica.<\/p>\n<hr data-start=\"1521\" data-end=\"1524\" \/>\n<h3 data-start=\"1526\" data-end=\"1551\">Rendimiento \u00f3ptico<\/h3>\n<div class=\"TyagGW_tableContainer\">\n<div class=\"group TyagGW_tableWrapper flex flex-col-reverse w-fit\" tabindex=\"-1\">\n<table class=\"w-fit min-w-(--thread-content-width)\" data-start=\"1553\" data-end=\"1824\">\n<thead data-start=\"1553\" data-end=\"1582\">\n<tr data-start=\"1553\" data-end=\"1582\">\n<th class=\"\" data-start=\"1553\" data-end=\"1565\" data-col-size=\"sm\">Par\u00e1metro<\/th>\n<th class=\"\" data-start=\"1565\" data-end=\"1582\" data-col-size=\"sm\">Valor t\u00edpico<\/th>\n<\/tr>\n<\/thead>\n<tbody data-start=\"1611\" data-end=\"1824\">\n<tr data-start=\"1611\" data-end=\"1650\">\n<td data-start=\"1611\" data-end=\"1624\" data-col-size=\"sm\">Tipo de fibra<\/td>\n<td data-col-size=\"sm\" data-start=\"1624\" data-end=\"1650\">Monomodo (9\/125 \u00b5m)<\/td>\n<\/tr>\n<tr data-start=\"1651\" data-end=\"1684\">\n<td data-start=\"1651\" data-end=\"1665\" data-col-size=\"sm\">Tipo de polaco<\/td>\n<td data-col-size=\"sm\" data-start=\"1665\" data-end=\"1684\">APC (\u00e1ngulo de 8\u00b0)<\/td>\n<\/tr>\n<tr data-start=\"1685\" data-end=\"1715\">\n<td data-start=\"1685\" data-end=\"1702\" data-col-size=\"sm\">P\u00e9rdida de inserci\u00f3n<\/td>\n<td data-col-size=\"sm\" data-start=\"1702\" data-end=\"1715\">\u2264 0,30 dB<\/td>\n<\/tr>\n<tr data-start=\"1716\" data-end=\"1741\">\n<td data-start=\"1716\" data-end=\"1730\" data-col-size=\"sm\">P\u00e9rdida de retorno<\/td>\n<td data-col-size=\"sm\" data-start=\"1730\" data-end=\"1741\">\u2265 60 dB<\/td>\n<\/tr>\n<tr data-start=\"1742\" data-end=\"1786\">\n<td data-start=\"1742\" data-end=\"1765\" data-col-size=\"sm\">Longitud de onda operativa<\/td>\n<td data-col-size=\"sm\" data-start=\"1765\" data-end=\"1786\">1310 nm \/ 1550 nm<\/td>\n<\/tr>\n<tr data-start=\"1787\" data-end=\"1824\">\n<td data-start=\"1787\" data-end=\"1807\" data-col-size=\"sm\">Durabilidad del acoplamiento<\/td>\n<td data-col-size=\"sm\" data-start=\"1807\" data-end=\"1824\">\u2265 1000 ciclos<\/td>\n<\/tr>\n<\/tbody>\n<\/table>\n<\/div>\n<\/div>\n<p data-start=\"1826\" data-end=\"1947\">Estas caracter\u00edsticas lo hacen adecuado para <strong data-start=\"1869\" data-end=\"1909\">PON, FTTH, CATV y enlaces de larga distancia<\/strong> donde el control de la reflexi\u00f3n es fundamental.<\/p>\n<hr data-start=\"1949\" data-end=\"1952\" \/>\n<h3 data-start=\"1954\" data-end=\"1992\">Dise\u00f1o mec\u00e1nico y estructural<\/h3>\n<div class=\"TyagGW_tableContainer\">\n<div class=\"group TyagGW_tableWrapper flex flex-col-reverse w-fit\" tabindex=\"-1\">\n<table class=\"w-fit min-w-(--thread-content-width)\" data-start=\"1994\" data-end=\"2253\">\n<thead data-start=\"1994\" data-end=\"2018\">\n<tr data-start=\"1994\" data-end=\"2018\">\n<th class=\"\" data-start=\"1994\" data-end=\"2001\" data-col-size=\"sm\">Art\u00edculo<\/th>\n<th class=\"\" data-start=\"2001\" data-end=\"2018\" data-col-size=\"sm\">Especificaci\u00f3n<\/th>\n<\/tr>\n<\/thead>\n<tbody data-start=\"2045\" data-end=\"2253\">\n<tr data-start=\"2045\" data-end=\"2076\">\n<td data-start=\"2045\" data-end=\"2062\" data-col-size=\"sm\">Tipo de conector<\/td>\n<td data-start=\"2062\" data-end=\"2076\" data-col-size=\"sm\">LC Simplex<\/td>\n<\/tr>\n<tr data-start=\"2077\" data-end=\"2099\">\n<td data-start=\"2077\" data-end=\"2090\" data-col-size=\"sm\">Tama\u00f1o de la fibra<\/td>\n<td data-start=\"2090\" data-end=\"2099\" data-col-size=\"sm\">0,9 mm<\/td>\n<\/tr>\n<tr data-start=\"2100\" data-end=\"2137\">\n<td data-start=\"2100\" data-end=\"2110\" data-col-size=\"sm\">Casquillo<\/td>\n<td data-start=\"2110\" data-end=\"2137\" data-col-size=\"sm\">Cer\u00e1mica de circonio de 1,25 mm.<\/td>\n<\/tr>\n<tr data-start=\"2138\" data-end=\"2177\">\n<td data-start=\"2138\" data-end=\"2156\" data-col-size=\"sm\">Sistema de cierre<\/td>\n<td data-start=\"2156\" data-end=\"2177\" data-col-size=\"sm\">Pestillo LC estilo RJ<\/td>\n<\/tr>\n<tr data-start=\"2178\" data-end=\"2210\">\n<td data-start=\"2178\" data-end=\"2189\" data-col-size=\"sm\">Extremo frontal<\/td>\n<td data-start=\"2189\" data-end=\"2210\" data-col-size=\"sm\">Pulido en \u00e1ngulo APC<\/td>\n<\/tr>\n<tr data-start=\"2211\" data-end=\"2253\">\n<td data-start=\"2211\" data-end=\"2235\" data-col-size=\"sm\">Temperatura de funcionamiento<\/td>\n<td data-start=\"2235\" data-end=\"2253\" data-col-size=\"sm\">De \u201340 \u00b0C a +75 \u00b0C<\/td>\n<\/tr>\n<\/tbody>\n<\/table>\n<\/div>\n<\/div>\n<p data-start=\"2255\" data-end=\"2393\">En <strong data-start=\"2259\" data-end=\"2271\">Pestillo LC<\/strong> permite una conexi\u00f3n r\u00e1pida de empuje y tracci\u00f3n, mientras que el <strong data-start=\"2317\" data-end=\"2336\">casquillo cer\u00e1mico<\/strong> garantiza una alineaci\u00f3n precisa de las fibras y una estabilidad a largo plazo.<\/p>\n<hr data-start=\"2395\" data-end=\"2398\" \/>\n<h3 data-start=\"2400\" data-end=\"2444\">D\u00f3nde se utiliza normalmente este conector<\/h3>\n<ul data-start=\"2446\" data-end=\"2662\">\n<li data-start=\"2446\" data-end=\"2477\">\n<p data-start=\"2448\" data-end=\"2477\">Enlaces de suscriptores FTTH y PON<\/p>\n<\/li>\n<li data-start=\"2478\" data-end=\"2506\">\n<p data-start=\"2480\" data-end=\"2506\">Paneles de conexi\u00f3n para centros de datos<\/p>\n<\/li>\n<li data-start=\"2507\" data-end=\"2534\">\n<p data-start=\"2509\" data-end=\"2534\">Marcos ODF de alta densidad<\/p>\n<\/li>\n<li data-start=\"2535\" data-end=\"2585\">\n<p data-start=\"2537\" data-end=\"2585\">Transceptores \u00f3pticos (SFP, GPON, XG-PON, etc.)<\/p>\n<\/li>\n<li data-start=\"2586\" data-end=\"2620\">\n<p data-start=\"2588\" data-end=\"2620\">Sistemas CATV y RF sobre fibra<\/p>\n<\/li>\n<li data-start=\"2621\" data-end=\"2662\">\n<p data-start=\"2623\" data-end=\"2662\">Equipos \u00f3pticos de prueba y monitoreo<\/p>\n<\/li>\n<\/ul>\n<hr data-start=\"2664\" data-end=\"2667\" \/>\n<h2 data-start=\"2669\" data-end=\"2690\">Preguntas y respuestas profesionales<\/h2>\n<p data-start=\"2692\" data-end=\"2929\"><strong data-start=\"2692\" data-end=\"2745\">P1: \u00bfPor qu\u00e9 utilizar APC en lugar de UPC para los conectores LC?<\/strong><br data-start=\"2745\" data-end=\"2748\" \/>El pulido APC proporciona mucho <strong data-start=\"2776\" data-end=\"2807\">mayor p\u00e9rdida de retorno (\u226560 dB)<\/strong>, lo cual es importante para <strong data-start=\"2832\" data-end=\"2882\">PON, CATV y enlaces monomodo de larga distancia.<\/strong> donde la luz reflejada puede degradar el rendimiento.<\/p>\n<hr data-start=\"2931\" data-end=\"2934\" \/>\n<p data-start=\"2936\" data-end=\"3099\"><strong data-start=\"2936\" data-end=\"2973\">P2: \u00bfSe puede conectar un conector LC APC a un conector LC UPC?<\/strong><br data-start=\"2973\" data-end=\"2976\" \/>No. APC y UPC tienen geometr\u00edas de extremo diferentes. Al acoplarlas se produce <strong data-start=\"3047\" data-end=\"3098\">alta p\u00e9rdida de inserci\u00f3n y posible da\u00f1o en la f\u00e9rula<\/strong>.<\/p>\n<hr data-start=\"3101\" data-end=\"3104\" \/>\n<p data-start=\"3106\" data-end=\"3325\"><strong data-start=\"3106\" data-end=\"3156\">P3: \u00bfEs adecuado un grosor de 0,9 mm para cables de conexi\u00f3n exteriores?<\/strong><br data-start=\"3156\" data-end=\"3159\" \/>El de 0,9 mm se utiliza principalmente para <strong data-start=\"3184\" data-end=\"3225\">coletas de interior y puentes de equipo<\/strong>. Los cables de conexi\u00f3n FTTH para exteriores suelen utilizar <strong data-start=\"3265\" data-end=\"3291\">Cubiertas de 2,0 mm o 3,0 mm<\/strong> con elementos de refuerzo reforzados.<\/p>","protected":false},"excerpt":{"rendered":"<h3 data-start=\"156\" data-end=\"206\">Conector peque\u00f1o, rendimiento \u00f3ptico serio<\/h3>\n<p data-start=\"208\" data-end=\"384\">En <strong data-start=\"212\" data-end=\"258\">Conector LC APC de 0,9 mm simplex monomodo<\/strong> est\u00e1 dise\u00f1ado para la modernidad <strong data-start=\"282\" data-end=\"313\">redes de fibra \u00f3ptica de alta densidad<\/strong>, donde el espacio es limitado pero no se puede comprometer el rendimiento \u00f3ptico.<\/p>\n<p data-start=\"386\" data-end=\"687\">Con su <strong data-start=\"395\" data-end=\"421\">formato LC compacto<\/strong> y <strong data-start=\"426\" data-end=\"448\">Casquillo acodado APC<\/strong>, este conector se utiliza ampliamente en <strong data-start=\"483\" data-end=\"572\">Redes de acceso FTTH, centros de datos, sistemas PON y equipos \u00f3pticos de alta precisi\u00f3n.<\/strong>. El <strong data-start=\"578\" data-end=\"607\">Dise\u00f1o con revestimiento ajustado de 0,9 mm<\/strong> lo hace ideal para <strong data-start=\"627\" data-end=\"686\">cables de conexi\u00f3n, puentes de equipo y cableado interno del dispositivo<\/strong>.<\/p>","protected":false},"featured_media":893,"comment_status":"open","ping_status":"closed","template":"","meta":[],"product_brand":[],"product_cat":[50],"product_tag":[],"class_list":{"0":"post-892","1":"product","2":"type-product","3":"status-publish","4":"has-post-thumbnail","6":"product_cat-lc-simplex-connectors-single-modemultimode","8":"first","9":"instock","10":"shipping-taxable","11":"product-type-simple"},"_links":{"self":[{"href":"https:\/\/www.fenxifiber.com\/es\/wp-json\/wp\/v2\/product\/892","targetHints":{"allow":["GET"]}}],"collection":[{"href":"https:\/\/www.fenxifiber.com\/es\/wp-json\/wp\/v2\/product"}],"about":[{"href":"https:\/\/www.fenxifiber.com\/es\/wp-json\/wp\/v2\/types\/product"}],"replies":[{"embeddable":true,"href":"https:\/\/www.fenxifiber.com\/es\/wp-json\/wp\/v2\/comments?post=892"}],"wp:featuredmedia":[{"embeddable":true,"href":"https:\/\/www.fenxifiber.com\/es\/wp-json\/wp\/v2\/media\/893"}],"wp:attachment":[{"href":"https:\/\/www.fenxifiber.com\/es\/wp-json\/wp\/v2\/media?parent=892"}],"wp:term":[{"taxonomy":"product_brand","embeddable":true,"href":"https:\/\/www.fenxifiber.com\/es\/wp-json\/wp\/v2\/product_brand?post=892"},{"taxonomy":"product_cat","embeddable":true,"href":"https:\/\/www.fenxifiber.com\/es\/wp-json\/wp\/v2\/product_cat?post=892"},{"taxonomy":"product_tag","embeddable":true,"href":"https:\/\/www.fenxifiber.com\/es\/wp-json\/wp\/v2\/product_tag?post=892"}],"curies":[{"name":"wp","href":"https:\/\/api.w.org\/{rel}","templated":true}]}}