{"id":894,"date":"2026-02-04T03:05:58","date_gmt":"2026-02-04T03:05:58","guid":{"rendered":"https:\/\/www.fenxifiber.com\/?post_type=product&#038;p=894"},"modified":"2026-02-05T02:23:02","modified_gmt":"2026-02-05T02:23:02","slug":"lc-apc-2-0-mm-simplex-monomodo","status":"publish","type":"product","link":"https:\/\/www.fenxifiber.com\/es\/product\/lc-apc-2-0mm-simplex-singlemode\/","title":{"rendered":"Conector LC APC 2,0 mm simplex monomodo"},"content":{"rendered":"<h3 data-start=\"767\" data-end=\"803\">\u00bfPor qu\u00e9 2,0 mm es el est\u00e1ndar FTTH?<\/h3>\n<p data-start=\"805\" data-end=\"1013\">Las redes FTTH y de acceso requieren cables de fibra \u00f3ptica que puedan soportar flexiones, tirones y reconexiones frecuentes.<br data-start=\"912\" data-end=\"915\" \/>En <strong data-start=\"919\" data-end=\"935\">Cubierta de 2,0 mm<\/strong> proporciona el equilibrio adecuado entre <strong data-start=\"971\" data-end=\"1012\">flexibilidad y protecci\u00f3n mec\u00e1nica<\/strong>.<\/p>\n<div class=\"TyagGW_tableContainer\">\n<div class=\"group TyagGW_tableWrapper flex flex-col-reverse w-fit\" tabindex=\"-1\">\n<table class=\"w-fit min-w-(--thread-content-width)\" data-start=\"1015\" data-end=\"1168\">\n<thead data-start=\"1015\" data-end=\"1043\">\n<tr data-start=\"1015\" data-end=\"1043\">\n<th class=\"\" data-start=\"1015\" data-end=\"1028\" data-col-size=\"sm\">Tama\u00f1o del cable<\/th>\n<th class=\"\" data-start=\"1028\" data-end=\"1043\" data-col-size=\"sm\">Uso t\u00edpico<\/th>\n<\/tr>\n<\/thead>\n<tbody data-start=\"1072\" data-end=\"1168\">\n<tr data-start=\"1072\" data-end=\"1114\">\n<td data-start=\"1072\" data-end=\"1084\" data-col-size=\"sm\"><strong data-start=\"1074\" data-end=\"1083\">0,9 mm<\/strong><\/td>\n<td data-col-size=\"sm\" data-start=\"1084\" data-end=\"1114\">Trenzas, equipo interior<\/td>\n<\/tr>\n<tr data-start=\"1115\" data-end=\"1168\">\n<td data-start=\"1115\" data-end=\"1127\" data-col-size=\"sm\"><strong data-start=\"1117\" data-end=\"1126\">2,0 mm<\/strong><\/td>\n<td data-col-size=\"sm\" data-start=\"1127\" data-end=\"1168\">Puentes FTTH, tomas de pared, cables ONT<\/td>\n<\/tr>\n<\/tbody>\n<\/table>\n<\/div>\n<\/div>\n<p data-start=\"1170\" data-end=\"1248\">Esto hace que la versi\u00f3n LC APC de 2,0 mm sea ideal para <strong data-start=\"1216\" data-end=\"1247\">conexiones de fibra \u00f3ptica de \u00faltima milla<\/strong>.<\/p>\n<hr data-start=\"1250\" data-end=\"1253\" \/>\n<h3 data-start=\"1255\" data-end=\"1306\">Rendimiento \u00f3ptico para redes PON y de acceso<\/h3>\n<div class=\"TyagGW_tableContainer\">\n<div class=\"group TyagGW_tableWrapper flex flex-col-reverse w-fit\" tabindex=\"-1\">\n<table class=\"w-fit min-w-(--thread-content-width)\" data-start=\"1308\" data-end=\"1574\">\n<thead data-start=\"1308\" data-end=\"1337\">\n<tr data-start=\"1308\" data-end=\"1337\">\n<th class=\"\" data-start=\"1308\" data-end=\"1320\" data-col-size=\"sm\">Par\u00e1metro<\/th>\n<th class=\"\" data-start=\"1320\" data-end=\"1337\" data-col-size=\"sm\">Valor t\u00edpico<\/th>\n<\/tr>\n<\/thead>\n<tbody data-start=\"1367\" data-end=\"1574\">\n<tr data-start=\"1367\" data-end=\"1406\">\n<td data-start=\"1367\" data-end=\"1380\" data-col-size=\"sm\">Tipo de fibra<\/td>\n<td data-col-size=\"sm\" data-start=\"1380\" data-end=\"1406\">Monomodo (9\/125 \u00b5m)<\/td>\n<\/tr>\n<tr data-start=\"1407\" data-end=\"1440\">\n<td data-start=\"1407\" data-end=\"1421\" data-col-size=\"sm\">Tipo de polaco<\/td>\n<td data-col-size=\"sm\" data-start=\"1421\" data-end=\"1440\">APC (\u00e1ngulo de 8\u00b0)<\/td>\n<\/tr>\n<tr data-start=\"1441\" data-end=\"1471\">\n<td data-start=\"1441\" data-end=\"1458\" data-col-size=\"sm\">P\u00e9rdida de inserci\u00f3n<\/td>\n<td data-col-size=\"sm\" data-start=\"1458\" data-end=\"1471\">\u2264 0,30 dB<\/td>\n<\/tr>\n<tr data-start=\"1472\" data-end=\"1497\">\n<td data-start=\"1472\" data-end=\"1486\" data-col-size=\"sm\">P\u00e9rdida de retorno<\/td>\n<td data-col-size=\"sm\" data-start=\"1486\" data-end=\"1497\">\u2265 60 dB<\/td>\n<\/tr>\n<tr data-start=\"1498\" data-end=\"1542\">\n<td data-start=\"1498\" data-end=\"1521\" data-col-size=\"sm\">Longitud de onda operativa<\/td>\n<td data-col-size=\"sm\" data-start=\"1521\" data-end=\"1542\">1310 nm \/ 1550 nm<\/td>\n<\/tr>\n<tr data-start=\"1543\" data-end=\"1574\">\n<td data-start=\"1543\" data-end=\"1557\" data-col-size=\"sm\">Vida en pareja<\/td>\n<td data-col-size=\"sm\" data-start=\"1557\" data-end=\"1574\">\u2265 1000 ciclos<\/td>\n<\/tr>\n<\/tbody>\n<\/table>\n<\/div>\n<\/div>\n<p data-start=\"1576\" data-end=\"1653\">La alta p\u00e9rdida de retorno garantiza <strong data-start=\"1605\" data-end=\"1652\">Calidad estable de la se\u00f1al GPON, XG-PON y CATV.<\/strong>.<\/p>\n<hr data-start=\"1655\" data-end=\"1658\" \/>\n<h3 data-start=\"1660\" data-end=\"1686\">Estructura mec\u00e1nica<\/h3>\n<div class=\"TyagGW_tableContainer\">\n<div class=\"group TyagGW_tableWrapper flex flex-col-reverse w-fit\" tabindex=\"-1\">\n<table class=\"w-fit min-w-(--thread-content-width)\" data-start=\"1688\" data-end=\"1978\">\n<thead data-start=\"1688\" data-end=\"1712\">\n<tr data-start=\"1688\" data-end=\"1712\">\n<th class=\"\" data-start=\"1688\" data-end=\"1695\" data-col-size=\"sm\">Art\u00edculo<\/th>\n<th class=\"\" data-start=\"1695\" data-end=\"1712\" data-col-size=\"sm\">Especificaci\u00f3n<\/th>\n<\/tr>\n<\/thead>\n<tbody data-start=\"1738\" data-end=\"1978\">\n<tr data-start=\"1738\" data-end=\"1769\">\n<td data-start=\"1738\" data-end=\"1755\" data-col-size=\"sm\">Tipo de conector<\/td>\n<td data-col-size=\"sm\" data-start=\"1755\" data-end=\"1769\">LC Simplex<\/td>\n<\/tr>\n<tr data-start=\"1770\" data-end=\"1792\">\n<td data-start=\"1770\" data-end=\"1783\" data-col-size=\"sm\">Tama\u00f1o del cable<\/td>\n<td data-col-size=\"sm\" data-start=\"1783\" data-end=\"1792\">2,0 mm<\/td>\n<\/tr>\n<tr data-start=\"1793\" data-end=\"1830\">\n<td data-start=\"1793\" data-end=\"1803\" data-col-size=\"sm\">Casquillo<\/td>\n<td data-col-size=\"sm\" data-start=\"1803\" data-end=\"1830\">Cer\u00e1mica de circonio de 1,25 mm.<\/td>\n<\/tr>\n<tr data-start=\"1831\" data-end=\"1871\">\n<td data-start=\"1831\" data-end=\"1849\" data-col-size=\"sm\">Sistema de cierre<\/td>\n<td data-col-size=\"sm\" data-start=\"1849\" data-end=\"1871\">Pestillo LC push-pull<\/td>\n<\/tr>\n<tr data-start=\"1872\" data-end=\"1904\">\n<td data-start=\"1872\" data-end=\"1883\" data-col-size=\"sm\">Extremo frontal<\/td>\n<td data-start=\"1883\" data-end=\"1904\" data-col-size=\"sm\">Pulido en \u00e1ngulo APC<\/td>\n<\/tr>\n<tr data-start=\"1905\" data-end=\"1947\">\n<td data-start=\"1905\" data-end=\"1929\" data-col-size=\"sm\">Temperatura de funcionamiento<\/td>\n<td data-col-size=\"sm\" data-start=\"1929\" data-end=\"1947\">De \u201340 \u00b0C a +75 \u00b0C<\/td>\n<\/tr>\n<tr data-start=\"1948\" data-end=\"1978\">\n<td data-start=\"1948\" data-end=\"1967\" data-col-size=\"sm\">Resistencia a la tracci\u00f3n<\/td>\n<td data-col-size=\"sm\" data-start=\"1967\" data-end=\"1978\">\u2265 100 N<\/td>\n<\/tr>\n<\/tbody>\n<\/table>\n<\/div>\n<\/div>\n<p data-start=\"1980\" data-end=\"2083\">En <strong data-start=\"1984\" data-end=\"2003\">Dise\u00f1o del pestillo LC<\/strong> permite una conexi\u00f3n r\u00e1pida en paneles densos, al tiempo que mantiene la fibra firmemente sujeta.<\/p>\n<hr data-start=\"2085\" data-end=\"2088\" \/>\n<h3 data-start=\"2090\" data-end=\"2116\">Aplicaciones t\u00edpicas<\/h3>\n<p data-start=\"2118\" data-end=\"2151\">Este conector se utiliza ampliamente en:<\/p>\n<ul data-start=\"2153\" data-end=\"2331\">\n<li data-start=\"2153\" data-end=\"2194\">\n<p data-start=\"2155\" data-end=\"2194\">Tomas de pared FTTH y conexiones ONT<\/p>\n<\/li>\n<li data-start=\"2195\" data-end=\"2221\">\n<p data-start=\"2197\" data-end=\"2221\">Cajas de distribuci\u00f3n PON<\/p>\n<\/li>\n<li data-start=\"2222\" data-end=\"2244\">\n<p data-start=\"2224\" data-end=\"2244\">Paneles de conexi\u00f3n de fibra \u00f3ptica<\/p>\n<\/li>\n<li data-start=\"2245\" data-end=\"2275\">\n<p data-start=\"2247\" data-end=\"2275\">Cables de conexi\u00f3n de red de acceso<\/p>\n<\/li>\n<li data-start=\"2276\" data-end=\"2306\">\n<p data-start=\"2278\" data-end=\"2306\">Enlaces CATV y RF sobre fibra<\/p>\n<\/li>\n<li data-start=\"2307\" data-end=\"2331\">\n<p data-start=\"2309\" data-end=\"2331\">Puentes de prueba \u00f3pticos<\/p>\n<\/li>\n<\/ul>\n<hr data-start=\"2333\" data-end=\"2336\" \/>\n<h2 data-start=\"2338\" data-end=\"2359\">Preguntas y respuestas profesionales<\/h2>\n<p data-start=\"2361\" data-end=\"2520\"><strong data-start=\"2361\" data-end=\"2410\">P1: \u00bfSe puede utilizar LC APC 2,0 mm en centros de datos?<\/strong><br data-start=\"2410\" data-end=\"2413\" \/>S\u00ed. Funciona bien en <strong data-start=\"2435\" data-end=\"2468\">enlaces de centro de datos monomodo<\/strong>, especialmente cuando <strong data-start=\"2487\" data-end=\"2519\">Se requiere una alta p\u00e9rdida de retorno.<\/strong>.<\/p>\n<hr data-start=\"2522\" data-end=\"2525\" \/>\n<p data-start=\"2527\" data-end=\"2706\"><strong data-start=\"2527\" data-end=\"2588\">P2: \u00bfEs 2,0 mm lo suficientemente resistente para los cables FTTH del lado del cliente?<\/strong><br data-start=\"2588\" data-end=\"2591\" \/>S\u00ed. 2,0 mm es el <strong data-start=\"2609\" data-end=\"2647\">Tama\u00f1o est\u00e1ndar para cables de conexi\u00f3n FTTH<\/strong>, que ofrece una buena flexibilidad con una resistencia a la tracci\u00f3n confiable.<\/p>\n<hr data-start=\"2708\" data-end=\"2711\" \/>\n<p data-start=\"2713\" data-end=\"2849\"><strong data-start=\"2713\" data-end=\"2750\">P3: \u00bfSe puede conectar un conector LC APC a un conector LC UPC?<\/strong><br data-start=\"2750\" data-end=\"2753\" \/>No. No se deben mezclar APC y UPC. Si lo hace, provocar\u00e1 <strong data-start=\"2808\" data-end=\"2848\">alta p\u00e9rdida \u00f3ptica y da\u00f1o en la f\u00e9rula<\/strong>.<\/p>","protected":false},"excerpt":{"rendered":"<h3 data-start=\"128\" data-end=\"173\">Dise\u00f1ado para trabajos reales con FTTH y fibra \u00f3ptica en campo.<\/h3>\n<p data-start=\"175\" data-end=\"381\">En <strong data-start=\"179\" data-end=\"225\">Conector LC APC 2,0 mm simplex monomodo<\/strong> est\u00e1 dise\u00f1ado para <strong data-start=\"242\" data-end=\"302\">Terminaci\u00f3n de fibra en el sitio y conjuntos de cables de conexi\u00f3n FTTH.<\/strong>, donde ambos <strong data-start=\"315\" data-end=\"358\">calidad \u00f3ptica y resistencia mec\u00e1nica<\/strong> son igualmente importantes.<\/p>\n<p data-start=\"383\" data-end=\"620\">En comparaci\u00f3n con los conectores pigtail de 0,9 mm, el <strong data-start=\"427\" data-end=\"453\">Versi\u00f3n con revestimiento de 2,0 mm<\/strong> proporciona <strong data-start=\"463\" data-end=\"510\">Mucho mejor alivio de tensi\u00f3n y resistencia al tir\u00f3n.<\/strong>, lo que lo hace adecuado para <strong data-start=\"535\" data-end=\"619\">tomas de pared, conexiones ONU, cajas de distribuci\u00f3n y enlaces de fibra \u00f3ptica del lado del cliente.<\/strong>.<\/p>\n<p data-start=\"622\" data-end=\"760\">Con <strong data-start=\"627\" data-end=\"651\">Pulido angular APC<\/strong> y el <strong data-start=\"660\" data-end=\"681\">formato LC compacto<\/strong>, este conector ofrece <strong data-start=\"707\" data-end=\"759\">Se\u00f1ales limpias en entornos de fibra de alta densidad.<\/strong>.<\/p>","protected":false},"featured_media":895,"comment_status":"open","ping_status":"closed","template":"","meta":[],"product_brand":[],"product_cat":[50],"product_tag":[],"class_list":{"0":"post-894","1":"product","2":"type-product","3":"status-publish","4":"has-post-thumbnail","6":"product_cat-lc-simplex-connectors-single-modemultimode","8":"first","9":"instock","10":"shipping-taxable","11":"product-type-simple"},"_links":{"self":[{"href":"https:\/\/www.fenxifiber.com\/es\/wp-json\/wp\/v2\/product\/894","targetHints":{"allow":["GET"]}}],"collection":[{"href":"https:\/\/www.fenxifiber.com\/es\/wp-json\/wp\/v2\/product"}],"about":[{"href":"https:\/\/www.fenxifiber.com\/es\/wp-json\/wp\/v2\/types\/product"}],"replies":[{"embeddable":true,"href":"https:\/\/www.fenxifiber.com\/es\/wp-json\/wp\/v2\/comments?post=894"}],"wp:featuredmedia":[{"embeddable":true,"href":"https:\/\/www.fenxifiber.com\/es\/wp-json\/wp\/v2\/media\/895"}],"wp:attachment":[{"href":"https:\/\/www.fenxifiber.com\/es\/wp-json\/wp\/v2\/media?parent=894"}],"wp:term":[{"taxonomy":"product_brand","embeddable":true,"href":"https:\/\/www.fenxifiber.com\/es\/wp-json\/wp\/v2\/product_brand?post=894"},{"taxonomy":"product_cat","embeddable":true,"href":"https:\/\/www.fenxifiber.com\/es\/wp-json\/wp\/v2\/product_cat?post=894"},{"taxonomy":"product_tag","embeddable":true,"href":"https:\/\/www.fenxifiber.com\/es\/wp-json\/wp\/v2\/product_tag?post=894"}],"curies":[{"name":"wp","href":"https:\/\/api.w.org\/{rel}","templated":true}]}}