{"id":896,"date":"2026-02-04T03:07:12","date_gmt":"2026-02-04T03:07:12","guid":{"rendered":"https:\/\/www.fenxifiber.com\/?post_type=product&#038;p=896"},"modified":"2026-02-05T02:23:47","modified_gmt":"2026-02-05T02:23:47","slug":"lc-apc-30-mm-simplex-monomodo","status":"publish","type":"product","link":"https:\/\/www.fenxifiber.com\/es\/product\/lc-apc-3-0mm-simplex-singlemode\/","title":{"rendered":"Conector LC APC de 3,0 mm simplex monomodo"},"content":{"rendered":"<h3 data-start=\"920\" data-end=\"962\">Por qu\u00e9 3,0 mm es importante en las redes de acceso<\/h3>\n<div class=\"TyagGW_tableContainer\">\n<div class=\"group TyagGW_tableWrapper flex flex-col-reverse w-fit\" tabindex=\"-1\">\n<table class=\"w-fit min-w-(--thread-content-width)\" data-start=\"964\" data-end=\"1255\">\n<thead data-start=\"964\" data-end=\"1017\">\n<tr data-start=\"964\" data-end=\"1017\">\n<th class=\"\" data-start=\"964\" data-end=\"981\" data-col-size=\"sm\">Di\u00e1metro del cable<\/th>\n<th class=\"\" data-start=\"981\" data-end=\"1002\" data-col-size=\"sm\">Beneficio mec\u00e1nico<\/th>\n<th class=\"\" data-start=\"1002\" data-end=\"1017\" data-col-size=\"sm\">Uso t\u00edpico<\/th>\n<\/tr>\n<\/thead>\n<tbody data-start=\"1071\" data-end=\"1255\">\n<tr data-start=\"1071\" data-end=\"1114\">\n<td data-start=\"1071\" data-end=\"1079\" data-col-size=\"sm\">0,9 mm<\/td>\n<td data-start=\"1079\" data-end=\"1093\" data-col-size=\"sm\">Ligero<\/td>\n<td data-start=\"1093\" data-end=\"1114\" data-col-size=\"sm\">Cables internos<\/td>\n<\/tr>\n<tr data-start=\"1115\" data-end=\"1164\">\n<td data-start=\"1115\" data-end=\"1123\" data-col-size=\"sm\">2,0 mm<\/td>\n<td data-start=\"1123\" data-end=\"1143\" data-col-size=\"sm\">Flexible y resistente<\/td>\n<td data-col-size=\"sm\" data-start=\"1143\" data-end=\"1164\">Cables FTTH para interiores<\/td>\n<\/tr>\n<tr data-start=\"1165\" data-end=\"1255\">\n<td data-start=\"1165\" data-end=\"1177\" data-col-size=\"sm\"><strong data-start=\"1167\" data-end=\"1176\">3,0 mm<\/strong><\/td>\n<td data-col-size=\"sm\" data-start=\"1177\" data-end=\"1215\"><strong data-start=\"1179\" data-end=\"1214\">Alta resistencia a la tracci\u00f3n y al aplastamiento<\/strong><\/td>\n<td data-col-size=\"sm\" data-start=\"1215\" data-end=\"1255\"><strong data-start=\"1217\" data-end=\"1253\">Enlaces de fibra \u00f3ptica para exteriores e industriales<\/strong><\/td>\n<\/tr>\n<\/tbody>\n<\/table>\n<\/div>\n<\/div>\n<p data-start=\"1257\" data-end=\"1375\">El dise\u00f1o de 3,0 mm protege las fibras de <strong data-start=\"1295\" data-end=\"1353\">tensi\u00f3n de instalaci\u00f3n, tirones accidentales y vibraciones<\/strong> en despliegues sobre el terreno.<\/p>\n<hr data-start=\"1377\" data-end=\"1380\" \/>\n<h3 data-start=\"1382\" data-end=\"1407\">Rendimiento \u00f3ptico<\/h3>\n<div class=\"TyagGW_tableContainer\">\n<div class=\"group TyagGW_tableWrapper flex flex-col-reverse w-fit\" tabindex=\"-1\">\n<table class=\"w-fit min-w-(--thread-content-width)\" data-start=\"1409\" data-end=\"1689\">\n<thead data-start=\"1409\" data-end=\"1438\">\n<tr data-start=\"1409\" data-end=\"1438\">\n<th class=\"\" data-start=\"1409\" data-end=\"1421\" data-col-size=\"sm\">Par\u00e1metro<\/th>\n<th class=\"\" data-start=\"1421\" data-end=\"1438\" data-col-size=\"sm\">Especificaci\u00f3n<\/th>\n<\/tr>\n<\/thead>\n<tbody data-start=\"1468\" data-end=\"1689\">\n<tr data-start=\"1468\" data-end=\"1505\">\n<td data-start=\"1468\" data-end=\"1481\" data-col-size=\"sm\">Tipo de fibra<\/td>\n<td data-start=\"1481\" data-end=\"1505\" data-col-size=\"sm\">Modo \u00fanico 9\/125 \u00b5m<\/td>\n<\/tr>\n<tr data-start=\"1506\" data-end=\"1532\">\n<td data-start=\"1506\" data-end=\"1520\" data-col-size=\"sm\">Tipo de polaco<\/td>\n<td data-start=\"1520\" data-end=\"1532\" data-col-size=\"sm\">APC (8\u00b0)<\/td>\n<\/tr>\n<tr data-start=\"1533\" data-end=\"1563\">\n<td data-start=\"1533\" data-end=\"1550\" data-col-size=\"sm\">P\u00e9rdida de inserci\u00f3n<\/td>\n<td data-start=\"1550\" data-end=\"1563\" data-col-size=\"sm\">\u2264 0,30 dB<\/td>\n<\/tr>\n<tr data-start=\"1564\" data-end=\"1589\">\n<td data-start=\"1564\" data-end=\"1578\" data-col-size=\"sm\">P\u00e9rdida de retorno<\/td>\n<td data-start=\"1578\" data-end=\"1589\" data-col-size=\"sm\">\u2265 60 dB<\/td>\n<\/tr>\n<tr data-start=\"1590\" data-end=\"1622\">\n<td data-start=\"1590\" data-end=\"1604\" data-col-size=\"sm\">Longitudes de onda<\/td>\n<td data-start=\"1604\" data-end=\"1622\" data-col-size=\"sm\">1310 \/ 1550 nm<\/td>\n<\/tr>\n<tr data-start=\"1623\" data-end=\"1651\">\n<td data-start=\"1623\" data-end=\"1639\" data-col-size=\"sm\">Repetibilidad<\/td>\n<td data-start=\"1639\" data-end=\"1651\" data-col-size=\"sm\">\u2264 0,1 dB<\/td>\n<\/tr>\n<tr data-start=\"1652\" data-end=\"1689\">\n<td data-start=\"1652\" data-end=\"1665\" data-col-size=\"sm\">Durabilidad<\/td>\n<td data-start=\"1665\" data-end=\"1689\" data-col-size=\"sm\">\u2265 1000 ciclos de apareamiento<\/td>\n<\/tr>\n<\/tbody>\n<\/table>\n<\/div>\n<\/div>\n<p data-start=\"1691\" data-end=\"1787\">Estos valores cumplen los requisitos de <strong data-start=\"1729\" data-end=\"1786\">GPON, XG-PON, FTTx, CATV y sistemas troncales de telecomunicaciones.<\/strong>.<\/p>\n<hr data-start=\"1789\" data-end=\"1792\" \/>\n<h3 data-start=\"1794\" data-end=\"1830\">Dise\u00f1o mec\u00e1nico y estructural<\/h3>\n<div class=\"TyagGW_tableContainer\">\n<div class=\"group TyagGW_tableWrapper flex flex-col-reverse w-fit\" tabindex=\"-1\">\n<table class=\"w-fit min-w-(--thread-content-width)\" data-start=\"1832\" data-end=\"2146\">\n<thead data-start=\"1832\" data-end=\"1857\">\n<tr data-start=\"1832\" data-end=\"1857\">\n<th class=\"\" data-start=\"1832\" data-end=\"1842\" data-col-size=\"sm\">Caracter\u00edstica<\/th>\n<th class=\"\" data-start=\"1842\" data-end=\"1857\" data-col-size=\"sm\">Descripci\u00f3n<\/th>\n<\/tr>\n<\/thead>\n<tbody data-start=\"1883\" data-end=\"2146\">\n<tr data-start=\"1883\" data-end=\"1916\">\n<td data-start=\"1883\" data-end=\"1902\" data-col-size=\"sm\">Formato del conector<\/td>\n<td data-start=\"1902\" data-end=\"1916\" data-col-size=\"sm\">LC Simplex<\/td>\n<\/tr>\n<tr data-start=\"1917\" data-end=\"1939\">\n<td data-start=\"1917\" data-end=\"1930\" data-col-size=\"sm\">Tama\u00f1o del cable<\/td>\n<td data-start=\"1930\" data-end=\"1939\" data-col-size=\"sm\">3,0 mm<\/td>\n<\/tr>\n<tr data-start=\"1940\" data-end=\"1977\">\n<td data-start=\"1940\" data-end=\"1950\" data-col-size=\"sm\">Casquillo<\/td>\n<td data-start=\"1950\" data-end=\"1977\" data-col-size=\"sm\">Cer\u00e1mica de circonio de 1,25 mm.<\/td>\n<\/tr>\n<tr data-start=\"1978\" data-end=\"2011\">\n<td data-start=\"1978\" data-end=\"1988\" data-col-size=\"sm\">Vivienda<\/td>\n<td data-start=\"1988\" data-end=\"2011\" data-col-size=\"sm\">Pol\u00edmero de alto impacto<\/td>\n<\/tr>\n<tr data-start=\"2012\" data-end=\"2046\">\n<td data-start=\"2012\" data-end=\"2019\" data-col-size=\"sm\">Bota<\/td>\n<td data-start=\"2019\" data-end=\"2046\" data-col-size=\"sm\">Funda larga para aliviar la tensi\u00f3n<\/td>\n<\/tr>\n<tr data-start=\"2047\" data-end=\"2079\">\n<td data-start=\"2047\" data-end=\"2057\" data-col-size=\"sm\">Bloqueo<\/td>\n<td data-col-size=\"sm\" data-start=\"2057\" data-end=\"2079\">Pestillo LC push-pull<\/td>\n<\/tr>\n<tr data-start=\"2080\" data-end=\"2115\">\n<td data-start=\"2080\" data-end=\"2097\" data-col-size=\"sm\">Temperatura de funcionamiento<\/td>\n<td data-col-size=\"sm\" data-start=\"2097\" data-end=\"2115\">De \u201340 \u00b0C a +75 \u00b0C<\/td>\n<\/tr>\n<tr data-start=\"2116\" data-end=\"2146\">\n<td data-start=\"2116\" data-end=\"2135\" data-col-size=\"sm\">Resistencia a la tracci\u00f3n<\/td>\n<td data-col-size=\"sm\" data-start=\"2135\" data-end=\"2146\">\u2265 120 N<\/td>\n<\/tr>\n<\/tbody>\n<\/table>\n<\/div>\n<\/div>\n<p data-start=\"2148\" data-end=\"2289\">En <strong data-start=\"2152\" data-end=\"2182\">botas largas y chamarra gruesa<\/strong> Absorben la fuerza de tracci\u00f3n y evitan las microdobladas, lo que ayuda a mantener un rendimiento \u00f3ptico estable a lo largo del tiempo.<\/p>\n<hr data-start=\"2291\" data-end=\"2294\" \/>\n<h3 data-start=\"2296\" data-end=\"2330\">D\u00f3nde se utiliza este conector<\/h3>\n<p data-start=\"2332\" data-end=\"2380\">El conector LC APC 3,0 mm Simplex es ideal para:<\/p>\n<ul data-start=\"2382\" data-end=\"2580\">\n<li data-start=\"2382\" data-end=\"2410\">\n<p data-start=\"2384\" data-end=\"2410\">Cables de conexi\u00f3n FTTH para exteriores<\/p>\n<\/li>\n<li data-start=\"2411\" data-end=\"2442\">\n<p data-start=\"2413\" data-end=\"2442\">Armarios de distribuci\u00f3n de fibra<\/p>\n<\/li>\n<li data-start=\"2443\" data-end=\"2468\">\n<p data-start=\"2445\" data-end=\"2468\">Estaciones base de telecomunicaciones<\/p>\n<\/li>\n<li data-start=\"2469\" data-end=\"2504\">\n<p data-start=\"2471\" data-end=\"2504\">Enlaces de fibra Ethernet industrial<\/p>\n<\/li>\n<li data-start=\"2505\" data-end=\"2539\">\n<p data-start=\"2507\" data-end=\"2539\">Sistemas CATV y RF sobre fibra<\/p>\n<\/li>\n<li data-start=\"2540\" data-end=\"2580\">\n<p data-start=\"2542\" data-end=\"2580\">Cables de prueba \u00f3pticos utilizados en el campo<\/p>\n<\/li>\n<\/ul>\n<hr data-start=\"2582\" data-end=\"2585\" \/>\n<h2 data-start=\"2587\" data-end=\"2608\">Preguntas y respuestas profesionales<\/h2>\n<p data-start=\"2610\" data-end=\"2800\"><strong data-start=\"2610\" data-end=\"2662\">P1: \u00bfCu\u00e1ndo debo elegir 3,0 mm en lugar de 2,0 mm?<\/strong><br data-start=\"2662\" data-end=\"2665\" \/>Uso <strong data-start=\"2669\" data-end=\"2678\">3,0 mm<\/strong> cu\u00e1ndo estar\u00e1 listo el cable <strong data-start=\"2702\" data-end=\"2752\">tirado, doblado con frecuencia o instalado al aire libre<\/strong>. Proporciona una protecci\u00f3n mec\u00e1nica mucho mejor.<\/p>\n<hr data-start=\"2802\" data-end=\"2805\" \/>\n<p data-start=\"2807\" data-end=\"2949\"><strong data-start=\"2807\" data-end=\"2851\">P2: \u00bfSe requiere LC APC para las redes PON?<\/strong><br data-start=\"2851\" data-end=\"2854\" \/>S\u00ed. La mayor\u00eda. <strong data-start=\"2864\" data-end=\"2897\">Sistemas GPON, XG-PON y CATV<\/strong> requieren conectores APC para reducir la reflexi\u00f3n de la se\u00f1al.<\/p>\n<hr data-start=\"2951\" data-end=\"2954\" \/>\n<p data-start=\"2956\" data-end=\"3114\"><strong data-start=\"2956\" data-end=\"3005\">P3: \u00bfSe puede utilizar LC APC 3,0 mm en paneles de conexi\u00f3n?<\/strong><br data-start=\"3005\" data-end=\"3008\" \/>S\u00ed. Se adapta a los adaptadores y paneles LC est\u00e1ndar, pero ofrece <strong data-start=\"3065\" data-end=\"3094\">mayor protecci\u00f3n del cable<\/strong> que los cordones m\u00e1s delgados.<\/p>","protected":false},"excerpt":{"rendered":"<h3 data-start=\"259\" data-end=\"319\">Dise\u00f1ado para entornos dif\u00edciles y fiabilidad a largo plazo.<\/h3>\n<p data-start=\"321\" data-end=\"528\">En <strong data-start=\"325\" data-end=\"371\">Conector LC APC 3,0 mm simplex monomodo<\/strong> est\u00e1 dise\u00f1ado para <strong data-start=\"388\" data-end=\"456\">l\u00edneas FTTH exteriores, gabinetes de telecomunicaciones y enlaces de fibra industrial<\/strong> donde la protecci\u00f3n mec\u00e1nica es tan importante como el rendimiento \u00f3ptico.<\/p>\n<p data-start=\"530\" data-end=\"773\">Mientras que los conectores de 2,0 mm se centran en la flexibilidad, los <strong data-start=\"579\" data-end=\"595\">Cubierta de 3,0 mm<\/strong> entrega <strong data-start=\"605\" data-end=\"670\">mayor resistencia a la tracci\u00f3n, resistencia al aplastamiento y protecci\u00f3n contra la flexi\u00f3n<\/strong>, lo que la convierte en la opci\u00f3n preferida para <strong data-start=\"707\" data-end=\"772\">cables de bajada, cables de conexi\u00f3n exteriores y tendidos de fibra para estaciones base<\/strong>.<\/p>\n<p data-start=\"775\" data-end=\"913\">Con su <strong data-start=\"784\" data-end=\"805\">Pulido en \u00e1ngulo APC<\/strong>, este conector minimiza la reflexi\u00f3n trasera, un requisito clave para <strong data-start=\"872\" data-end=\"912\">Sistemas PON, CATV y RF sobre fibra<\/strong>.<\/p>","protected":false},"featured_media":897,"comment_status":"open","ping_status":"closed","template":"","meta":[],"product_brand":[],"product_cat":[50],"product_tag":[],"class_list":{"0":"post-896","1":"product","2":"type-product","3":"status-publish","4":"has-post-thumbnail","6":"product_cat-lc-simplex-connectors-single-modemultimode","8":"first","9":"instock","10":"shipping-taxable","11":"product-type-simple"},"_links":{"self":[{"href":"https:\/\/www.fenxifiber.com\/es\/wp-json\/wp\/v2\/product\/896","targetHints":{"allow":["GET"]}}],"collection":[{"href":"https:\/\/www.fenxifiber.com\/es\/wp-json\/wp\/v2\/product"}],"about":[{"href":"https:\/\/www.fenxifiber.com\/es\/wp-json\/wp\/v2\/types\/product"}],"replies":[{"embeddable":true,"href":"https:\/\/www.fenxifiber.com\/es\/wp-json\/wp\/v2\/comments?post=896"}],"wp:featuredmedia":[{"embeddable":true,"href":"https:\/\/www.fenxifiber.com\/es\/wp-json\/wp\/v2\/media\/897"}],"wp:attachment":[{"href":"https:\/\/www.fenxifiber.com\/es\/wp-json\/wp\/v2\/media?parent=896"}],"wp:term":[{"taxonomy":"product_brand","embeddable":true,"href":"https:\/\/www.fenxifiber.com\/es\/wp-json\/wp\/v2\/product_brand?post=896"},{"taxonomy":"product_cat","embeddable":true,"href":"https:\/\/www.fenxifiber.com\/es\/wp-json\/wp\/v2\/product_cat?post=896"},{"taxonomy":"product_tag","embeddable":true,"href":"https:\/\/www.fenxifiber.com\/es\/wp-json\/wp\/v2\/product_tag?post=896"}],"curies":[{"name":"wp","href":"https:\/\/api.w.org\/{rel}","templated":true}]}}