{"id":898,"date":"2026-02-04T03:08:46","date_gmt":"2026-02-04T03:08:46","guid":{"rendered":"https:\/\/www.fenxifiber.com\/?post_type=product&#038;p=898"},"modified":"2026-02-05T02:24:15","modified_gmt":"2026-02-05T02:24:15","slug":"lc-upc-0-9-mm-simplex-monomodo","status":"publish","type":"product","link":"https:\/\/www.fenxifiber.com\/es\/product\/lc-upc-0-9mm-simplex-singlemode\/","title":{"rendered":"Conector LC UPC de 0,9 mm simplex monomodo"},"content":{"rendered":"<h3 data-start=\"793\" data-end=\"829\">\u00bfPor qu\u00e9 se utilizan pigtails de 0,9 mm?<\/h3>\n<div class=\"TyagGW_tableContainer\">\n<div class=\"group TyagGW_tableWrapper flex flex-col-reverse w-fit\" tabindex=\"-1\">\n<table class=\"w-fit min-w-(--thread-content-width)\" data-start=\"831\" data-end=\"1007\">\n<thead data-start=\"831\" data-end=\"856\">\n<tr data-start=\"831\" data-end=\"856\">\n<th class=\"\" data-start=\"831\" data-end=\"844\" data-col-size=\"sm\">Tama\u00f1o del cable<\/th>\n<th class=\"\" data-start=\"844\" data-end=\"856\" data-col-size=\"md\">Funci\u00f3n<\/th>\n<\/tr>\n<\/thead>\n<tbody data-start=\"883\" data-end=\"1007\">\n<tr data-start=\"883\" data-end=\"941\">\n<td data-start=\"883\" data-end=\"895\" data-col-size=\"sm\"><strong data-start=\"885\" data-end=\"894\">0,9 mm<\/strong><\/td>\n<td data-col-size=\"md\" data-start=\"895\" data-end=\"941\">Cables flexibles con empalmes por fusi\u00f3n y enrutamiento interno<\/td>\n<\/tr>\n<tr data-start=\"942\" data-end=\"965\">\n<td data-start=\"942\" data-end=\"950\" data-col-size=\"sm\">2,0 mm<\/td>\n<td data-col-size=\"md\" data-start=\"950\" data-end=\"965\">Cables de conexi\u00f3n<\/td>\n<\/tr>\n<tr data-start=\"966\" data-end=\"1007\">\n<td data-start=\"966\" data-end=\"974\" data-col-size=\"sm\">3,0 mm<\/td>\n<td data-col-size=\"md\" data-start=\"974\" data-end=\"1007\">Cordones para exteriores y de alta resistencia<\/td>\n<\/tr>\n<\/tbody>\n<\/table>\n<\/div>\n<\/div>\n<p data-start=\"1009\" data-end=\"1157\">En <strong data-start=\"1013\" data-end=\"1034\">chaqueta fina de 0,9 mm<\/strong> permite que la fibra sea <strong data-start=\"1058\" data-end=\"1115\">guardados cuidadosamente dentro de bandejas de empalmes y casetes de fibra<\/strong>, al tiempo que protege la fibra recubierta.<\/p>\n<hr data-start=\"1159\" data-end=\"1162\" \/>\n<h3 data-start=\"1164\" data-end=\"1189\">Rendimiento \u00f3ptico<\/h3>\n<div class=\"TyagGW_tableContainer\">\n<div class=\"group TyagGW_tableWrapper flex flex-col-reverse w-fit\" tabindex=\"-1\">\n<table class=\"w-fit min-w-(--thread-content-width)\" data-start=\"1191\" data-end=\"1484\">\n<thead data-start=\"1191\" data-end=\"1220\">\n<tr data-start=\"1191\" data-end=\"1220\">\n<th class=\"\" data-start=\"1191\" data-end=\"1203\" data-col-size=\"sm\">Par\u00e1metro<\/th>\n<th class=\"\" data-start=\"1203\" data-end=\"1220\" data-col-size=\"sm\">Valor t\u00edpico<\/th>\n<\/tr>\n<\/thead>\n<tbody data-start=\"1250\" data-end=\"1484\">\n<tr data-start=\"1250\" data-end=\"1287\">\n<td data-start=\"1250\" data-end=\"1263\" data-col-size=\"sm\">Tipo de fibra<\/td>\n<td data-start=\"1263\" data-end=\"1287\" data-col-size=\"sm\">Modo \u00fanico 9\/125 \u00b5m<\/td>\n<\/tr>\n<tr data-start=\"1288\" data-end=\"1309\">\n<td data-start=\"1288\" data-end=\"1302\" data-col-size=\"sm\">Tipo de polaco<\/td>\n<td data-start=\"1302\" data-end=\"1309\" data-col-size=\"sm\">UPC<\/td>\n<\/tr>\n<tr data-start=\"1310\" data-end=\"1340\">\n<td data-start=\"1310\" data-end=\"1327\" data-col-size=\"sm\">P\u00e9rdida de inserci\u00f3n<\/td>\n<td data-col-size=\"sm\" data-start=\"1327\" data-end=\"1340\">\u2264 0,25 dB<\/td>\n<\/tr>\n<tr data-start=\"1341\" data-end=\"1366\">\n<td data-start=\"1341\" data-end=\"1355\" data-col-size=\"sm\">P\u00e9rdida de retorno<\/td>\n<td data-col-size=\"sm\" data-start=\"1355\" data-end=\"1366\">\u2265 50 dB<\/td>\n<\/tr>\n<tr data-start=\"1367\" data-end=\"1408\">\n<td data-start=\"1367\" data-end=\"1390\" data-col-size=\"sm\">Longitud de onda operativa<\/td>\n<td data-col-size=\"sm\" data-start=\"1390\" data-end=\"1408\">1310 \/ 1550 nm<\/td>\n<\/tr>\n<tr data-start=\"1409\" data-end=\"1446\">\n<td data-start=\"1409\" data-end=\"1429\" data-col-size=\"sm\">Geometr\u00eda del extremo frontal<\/td>\n<td data-col-size=\"sm\" data-start=\"1429\" data-end=\"1446\">Conforme con la IEC<\/td>\n<\/tr>\n<tr data-start=\"1447\" data-end=\"1484\">\n<td data-start=\"1447\" data-end=\"1467\" data-col-size=\"sm\">Durabilidad del acoplamiento<\/td>\n<td data-col-size=\"sm\" data-start=\"1467\" data-end=\"1484\">\u2265 1000 ciclos<\/td>\n<\/tr>\n<\/tbody>\n<\/table>\n<\/div>\n<\/div>\n<p data-start=\"1486\" data-end=\"1582\">El pulido UPC garantiza <strong data-start=\"1508\" data-end=\"1538\">transmisi\u00f3n estable de se\u00f1ales<\/strong> para la mayor\u00eda <strong data-start=\"1548\" data-end=\"1581\">aplicaciones de telecomunicaciones y datos<\/strong>.<\/p>\n<hr data-start=\"1584\" data-end=\"1587\" \/>\n<h3 data-start=\"1589\" data-end=\"1615\">Estructura mec\u00e1nica<\/h3>\n<div class=\"TyagGW_tableContainer\">\n<div class=\"group TyagGW_tableWrapper flex flex-col-reverse w-fit\" tabindex=\"-1\">\n<table class=\"w-fit min-w-(--thread-content-width)\" data-start=\"1617\" data-end=\"1857\">\n<thead data-start=\"1617\" data-end=\"1641\">\n<tr data-start=\"1617\" data-end=\"1641\">\n<th class=\"\" data-start=\"1617\" data-end=\"1624\" data-col-size=\"sm\">Art\u00edculo<\/th>\n<th class=\"\" data-start=\"1624\" data-end=\"1641\" data-col-size=\"sm\">Especificaci\u00f3n<\/th>\n<\/tr>\n<\/thead>\n<tbody data-start=\"1667\" data-end=\"1857\">\n<tr data-start=\"1667\" data-end=\"1698\">\n<td data-start=\"1667\" data-end=\"1684\" data-col-size=\"sm\">Tipo de conector<\/td>\n<td data-start=\"1684\" data-end=\"1698\" data-col-size=\"sm\">LC Simplex<\/td>\n<\/tr>\n<tr data-start=\"1699\" data-end=\"1725\">\n<td data-start=\"1699\" data-end=\"1716\" data-col-size=\"sm\">Di\u00e1metro del cable<\/td>\n<td data-start=\"1716\" data-end=\"1725\" data-col-size=\"sm\">0,9 mm<\/td>\n<\/tr>\n<tr data-start=\"1726\" data-end=\"1763\">\n<td data-start=\"1726\" data-end=\"1736\" data-col-size=\"sm\">Casquillo<\/td>\n<td data-start=\"1736\" data-end=\"1763\" data-col-size=\"sm\">Cer\u00e1mica de circonio de 1,25 mm.<\/td>\n<\/tr>\n<tr data-start=\"1764\" data-end=\"1793\">\n<td data-start=\"1764\" data-end=\"1771\" data-col-size=\"sm\">Bota<\/td>\n<td data-start=\"1771\" data-end=\"1793\" data-col-size=\"sm\">Bota corta con lazo<\/td>\n<\/tr>\n<tr data-start=\"1794\" data-end=\"1818\">\n<td data-start=\"1794\" data-end=\"1802\" data-col-size=\"sm\">Pestillo<\/td>\n<td data-start=\"1802\" data-end=\"1818\" data-col-size=\"sm\">Empuje-tir\u00f3n LC<\/td>\n<\/tr>\n<tr data-start=\"1819\" data-end=\"1857\">\n<td data-start=\"1819\" data-end=\"1839\" data-col-size=\"sm\">Rango de temperatura<\/td>\n<td data-start=\"1839\" data-end=\"1857\" data-col-size=\"sm\">De \u201340 \u00b0C a +75 \u00b0C<\/td>\n<\/tr>\n<\/tbody>\n<\/table>\n<\/div>\n<\/div>\n<p data-start=\"1859\" data-end=\"1968\">En <strong data-start=\"1863\" data-end=\"1884\">dise\u00f1o de bota corta<\/strong> permite que el conector encaje f\u00e1cilmente en <strong data-start=\"1925\" data-end=\"1967\">bandejas de empalme y m\u00f3dulos compactos de fibra<\/strong>.<\/p>\n<hr data-start=\"1970\" data-end=\"1973\" \/>\n<h3 data-start=\"1975\" data-end=\"2001\">Aplicaciones t\u00edpicas<\/h3>\n<p data-start=\"2003\" data-end=\"2036\">Este conector se utiliza ampliamente en:<\/p>\n<ul data-start=\"2038\" data-end=\"2202\">\n<li data-start=\"2038\" data-end=\"2062\">\n<p data-start=\"2040\" data-end=\"2062\">Latiguillos de fibra \u00f3ptica<\/p>\n<\/li>\n<li data-start=\"2063\" data-end=\"2094\">\n<p data-start=\"2065\" data-end=\"2094\">ODF y bastidores de distribuci\u00f3n<\/p>\n<\/li>\n<li data-start=\"2095\" data-end=\"2131\">\n<p data-start=\"2097\" data-end=\"2131\">Casetes de fibra y bandejas de empalme<\/p>\n<\/li>\n<li data-start=\"2132\" data-end=\"2168\">\n<p data-start=\"2134\" data-end=\"2168\">Transceptores y m\u00f3dulos \u00f3pticos<\/p>\n<\/li>\n<li data-start=\"2169\" data-end=\"2202\">\n<p data-start=\"2171\" data-end=\"2202\">Equipo de oficina central FTTH<\/p>\n<\/li>\n<\/ul>\n<hr data-start=\"2204\" data-end=\"2207\" \/>\n<h2 data-start=\"2209\" data-end=\"2230\">Preguntas y respuestas profesionales<\/h2>\n<p data-start=\"2232\" data-end=\"2397\"><strong data-start=\"2232\" data-end=\"2285\">P1: \u00bfSe puede utilizar LC UPC 0,9 mm para fabricar cables de conexi\u00f3n?<\/strong><br data-start=\"2285\" data-end=\"2288\" \/>Los conectores de 0,9 mm est\u00e1n dise\u00f1ados para <strong data-start=\"2326\" data-end=\"2338\">coletas<\/strong> y deben empalmarse con cables m\u00e1s gruesos para formar cables de conexi\u00f3n.<\/p>\n<hr data-start=\"2399\" data-end=\"2402\" \/>\n<p data-start=\"2404\" data-end=\"2593\"><strong data-start=\"2404\" data-end=\"2452\">P2: \u00bfCu\u00e1ndo debo elegir UPC en lugar de APC?<\/strong><br data-start=\"2452\" data-end=\"2455\" \/>El UPC se utiliza en <strong data-start=\"2470\" data-end=\"2507\">telecomunicaciones generales y redes de datos<\/strong>. Se requiere APC para <strong data-start=\"2529\" data-end=\"2553\">Sistemas PON y CATV<\/strong> donde la reflexi\u00f3n debe ser extremadamente baja.<\/p>\n<hr data-start=\"2595\" data-end=\"2598\" \/>\n<p data-start=\"2600\" data-end=\"2738\"><strong data-start=\"2600\" data-end=\"2654\">P3: \u00bfEste conector es compatible con los adaptadores LC?<\/strong><br data-start=\"2654\" data-end=\"2657\" \/>S\u00ed. Combina perfectamente con <strong data-start=\"2686\" data-end=\"2714\">Adaptadores LC UPC est\u00e1ndar<\/strong> y cables de conexi\u00f3n LC UPC.<\/p>","protected":false},"excerpt":{"rendered":"<h3 data-start=\"220\" data-end=\"271\">Dise\u00f1ado para una terminaci\u00f3n limpia y precisa de la fibra.<\/h3>\n<p data-start=\"273\" data-end=\"582\">En <strong data-start=\"277\" data-end=\"323\">Conector LC UPC 0,9 mm simplex monomodo<\/strong> est\u00e1 optimizado para <strong data-start=\"341\" data-end=\"429\">trenzas fabricadas en f\u00e1brica, cableado interno del equipo y m\u00f3dulos \u00f3pticos de alta precisi\u00f3n.<\/strong>.<br data-start=\"430\" data-end=\"433\" \/>A diferencia de los conectores con revestimiento de 2,0 mm y 3,0 mm utilizados para los cables de conexi\u00f3n, el <strong data-start=\"502\" data-end=\"581\">La versi\u00f3n de 0,9 mm est\u00e1 dise\u00f1ada para empalmes por fusi\u00f3n directa y enrutamiento compacto de fibra.<\/strong>.<\/p>\n<p data-start=\"584\" data-end=\"786\">Con un <strong data-start=\"591\" data-end=\"616\">Extremo pulido UPC<\/strong> y un <strong data-start=\"623\" data-end=\"649\">Casquillo cer\u00e1mico de 1,25 mm<\/strong>, ofrece <strong data-start=\"663\" data-end=\"708\">P\u00e9rdida de inserci\u00f3n estable y baja reflectancia.<\/strong>, lo que lo hace ideal para <strong data-start=\"730\" data-end=\"785\">Bandejas ODF, m\u00f3dulos \u00f3pticos y bastidores de distribuci\u00f3n<\/strong>.<\/p>","protected":false},"featured_media":899,"comment_status":"open","ping_status":"closed","template":"","meta":[],"product_brand":[],"product_cat":[50],"product_tag":[],"class_list":{"0":"post-898","1":"product","2":"type-product","3":"status-publish","4":"has-post-thumbnail","6":"product_cat-lc-simplex-connectors-single-modemultimode","8":"first","9":"instock","10":"shipping-taxable","11":"product-type-simple"},"_links":{"self":[{"href":"https:\/\/www.fenxifiber.com\/es\/wp-json\/wp\/v2\/product\/898","targetHints":{"allow":["GET"]}}],"collection":[{"href":"https:\/\/www.fenxifiber.com\/es\/wp-json\/wp\/v2\/product"}],"about":[{"href":"https:\/\/www.fenxifiber.com\/es\/wp-json\/wp\/v2\/types\/product"}],"replies":[{"embeddable":true,"href":"https:\/\/www.fenxifiber.com\/es\/wp-json\/wp\/v2\/comments?post=898"}],"wp:featuredmedia":[{"embeddable":true,"href":"https:\/\/www.fenxifiber.com\/es\/wp-json\/wp\/v2\/media\/899"}],"wp:attachment":[{"href":"https:\/\/www.fenxifiber.com\/es\/wp-json\/wp\/v2\/media?parent=898"}],"wp:term":[{"taxonomy":"product_brand","embeddable":true,"href":"https:\/\/www.fenxifiber.com\/es\/wp-json\/wp\/v2\/product_brand?post=898"},{"taxonomy":"product_cat","embeddable":true,"href":"https:\/\/www.fenxifiber.com\/es\/wp-json\/wp\/v2\/product_cat?post=898"},{"taxonomy":"product_tag","embeddable":true,"href":"https:\/\/www.fenxifiber.com\/es\/wp-json\/wp\/v2\/product_tag?post=898"}],"curies":[{"name":"wp","href":"https:\/\/api.w.org\/{rel}","templated":true}]}}