{"id":902,"date":"2026-02-04T03:10:46","date_gmt":"2026-02-04T03:10:46","guid":{"rendered":"https:\/\/www.fenxifiber.com\/?post_type=product&#038;p=902"},"modified":"2026-02-05T02:25:27","modified_gmt":"2026-02-05T02:25:27","slug":"lc-upc-0-9-mm-simplex-multimodo-rosa-rojo","status":"publish","type":"product","link":"https:\/\/www.fenxifiber.com\/es\/product\/lc-upc-0-9mm-simplex-multimode-rose-red\/","title":{"rendered":"Conector multimodo simplex LC UPC de 0,9 mm (rosa-rojo)"},"content":{"rendered":"<h3 data-start=\"834\" data-end=\"891\">\u00bfPor qu\u00e9 se utiliza 0,9 mm para los pigtails multimodo de alta velocidad?<\/h3>\n<div class=\"TyagGW_tableContainer\">\n<div class=\"group TyagGW_tableWrapper flex flex-col-reverse w-fit\" tabindex=\"-1\">\n<table class=\"w-fit min-w-(--thread-content-width)\" data-start=\"893\" data-end=\"1080\">\n<thead data-start=\"893\" data-end=\"922\">\n<tr data-start=\"893\" data-end=\"922\">\n<th class=\"\" data-start=\"893\" data-end=\"906\" data-col-size=\"sm\">Tama\u00f1o del cable<\/th>\n<th class=\"\" data-start=\"906\" data-end=\"922\" data-col-size=\"sm\">Funci\u00f3n t\u00edpica<\/th>\n<\/tr>\n<\/thead>\n<tbody data-start=\"953\" data-end=\"1080\">\n<tr data-start=\"953\" data-end=\"1005\">\n<td data-start=\"953\" data-end=\"965\" data-col-size=\"sm\"><strong data-start=\"955\" data-end=\"964\">0,9 mm<\/strong><\/td>\n<td data-start=\"965\" data-end=\"1005\" data-col-size=\"sm\">Pigtails de empalme y m\u00f3dulos \u00f3pticos<\/td>\n<\/tr>\n<tr data-start=\"1006\" data-end=\"1039\">\n<td data-start=\"1006\" data-end=\"1014\" data-col-size=\"sm\">2,0 mm<\/td>\n<td data-start=\"1014\" data-end=\"1039\" data-col-size=\"sm\">Cables de conexi\u00f3n multimodo<\/td>\n<\/tr>\n<tr data-start=\"1040\" data-end=\"1080\">\n<td data-start=\"1040\" data-end=\"1048\" data-col-size=\"sm\">3,0 mm<\/td>\n<td data-start=\"1048\" data-end=\"1080\" data-col-size=\"sm\">Puentes multimodo de alta resistencia<\/td>\n<\/tr>\n<\/tbody>\n<\/table>\n<\/div>\n<\/div>\n<p data-start=\"1082\" data-end=\"1212\">En <strong data-start=\"1086\" data-end=\"1107\">chaqueta delgada de 0,9 mm<\/strong> permite un f\u00e1cil enrutamiento en el interior <strong data-start=\"1135\" data-end=\"1183\">QSFP, SFP, paneles de conexi\u00f3n y casetes de empalme<\/strong>, sin aglomeraciones ni estr\u00e9s.<\/p>\n<hr data-start=\"1214\" data-end=\"1217\" \/>\n<h3 data-start=\"1219\" data-end=\"1254\">Rendimiento \u00f3ptico multimodo<\/h3>\n<div class=\"TyagGW_tableContainer\">\n<div class=\"group TyagGW_tableWrapper flex flex-col-reverse w-fit\" tabindex=\"-1\">\n<table class=\"w-fit min-w-(--thread-content-width)\" data-start=\"1256\" data-end=\"1565\">\n<thead data-start=\"1256\" data-end=\"1285\">\n<tr data-start=\"1256\" data-end=\"1285\">\n<th class=\"\" data-start=\"1256\" data-end=\"1268\" data-col-size=\"sm\">Par\u00e1metro<\/th>\n<th class=\"\" data-start=\"1268\" data-end=\"1285\" data-col-size=\"sm\">Valor t\u00edpico<\/th>\n<\/tr>\n<\/thead>\n<tbody data-start=\"1315\" data-end=\"1565\">\n<tr data-start=\"1315\" data-end=\"1357\">\n<td data-start=\"1315\" data-end=\"1328\" data-col-size=\"sm\">Tipo de fibra<\/td>\n<td data-col-size=\"sm\" data-start=\"1328\" data-end=\"1357\">Multimodo OM3 \/ OM4 \/ OM5<\/td>\n<\/tr>\n<tr data-start=\"1358\" data-end=\"1391\">\n<td data-start=\"1358\" data-end=\"1376\" data-col-size=\"sm\">N\u00facleo \/ Revestimiento<\/td>\n<td data-start=\"1376\" data-end=\"1391\" data-col-size=\"sm\">50\/125 \u00b5m<\/td>\n<\/tr>\n<tr data-start=\"1392\" data-end=\"1413\">\n<td data-start=\"1392\" data-end=\"1406\" data-col-size=\"sm\">Tipo de polaco<\/td>\n<td data-start=\"1406\" data-end=\"1413\" data-col-size=\"sm\">UPC<\/td>\n<\/tr>\n<tr data-start=\"1414\" data-end=\"1444\">\n<td data-start=\"1414\" data-end=\"1431\" data-col-size=\"sm\">P\u00e9rdida de inserci\u00f3n<\/td>\n<td data-start=\"1431\" data-end=\"1444\" data-col-size=\"sm\">\u2264 0,30 dB<\/td>\n<\/tr>\n<tr data-start=\"1445\" data-end=\"1470\">\n<td data-start=\"1445\" data-end=\"1459\" data-col-size=\"sm\">P\u00e9rdida de retorno<\/td>\n<td data-start=\"1459\" data-end=\"1470\" data-col-size=\"sm\">\u2265 35 dB<\/td>\n<\/tr>\n<tr data-start=\"1471\" data-end=\"1505\">\n<td data-start=\"1471\" data-end=\"1485\" data-col-size=\"sm\">Longitudes de onda<\/td>\n<td data-col-size=\"sm\" data-start=\"1485\" data-end=\"1505\">850 nm \/ 1300 nm<\/td>\n<\/tr>\n<tr data-start=\"1506\" data-end=\"1565\">\n<td data-start=\"1506\" data-end=\"1525\" data-col-size=\"sm\">Velocidades compatibles<\/td>\n<td data-col-size=\"sm\" data-start=\"1525\" data-end=\"1565\">10G \/ 25G \/ 40G \/ 100G (alcance corto)<\/td>\n<\/tr>\n<\/tbody>\n<\/table>\n<\/div>\n<\/div>\n<p data-start=\"1567\" data-end=\"1674\">Estos valores cumplen los requisitos de <strong data-start=\"1605\" data-end=\"1673\">Ethernet de alta velocidad, canal de fibra y conexiones entre centros de datos.<\/strong>.<\/p>\n<hr data-start=\"1676\" data-end=\"1679\" \/>\n<h3 data-start=\"1681\" data-end=\"1711\">Conector y codificaci\u00f3n por colores<\/h3>\n<div class=\"TyagGW_tableContainer\">\n<div class=\"group TyagGW_tableWrapper flex flex-col-reverse w-fit\" tabindex=\"-1\">\n<table class=\"w-fit min-w-(--thread-content-width)\" data-start=\"1713\" data-end=\"2032\">\n<thead data-start=\"1713\" data-end=\"1738\">\n<tr data-start=\"1713\" data-end=\"1738\">\n<th class=\"\" data-start=\"1713\" data-end=\"1723\" data-col-size=\"sm\">Caracter\u00edstica<\/th>\n<th class=\"\" data-start=\"1723\" data-end=\"1738\" data-col-size=\"sm\">Descripci\u00f3n<\/th>\n<\/tr>\n<\/thead>\n<tbody data-start=\"1764\" data-end=\"2032\">\n<tr data-start=\"1764\" data-end=\"1795\">\n<td data-start=\"1764\" data-end=\"1781\" data-col-size=\"sm\">Tipo de conector<\/td>\n<td data-start=\"1781\" data-end=\"1795\" data-col-size=\"sm\">LC Simplex<\/td>\n<\/tr>\n<tr data-start=\"1796\" data-end=\"1822\">\n<td data-start=\"1796\" data-end=\"1813\" data-col-size=\"sm\">Di\u00e1metro del cable<\/td>\n<td data-start=\"1813\" data-end=\"1822\" data-col-size=\"sm\">0,9 mm<\/td>\n<\/tr>\n<tr data-start=\"1823\" data-end=\"1860\">\n<td data-start=\"1823\" data-end=\"1833\" data-col-size=\"sm\">Casquillo<\/td>\n<td data-start=\"1833\" data-end=\"1860\" data-col-size=\"sm\">Cer\u00e1mica de circonio de 1,25 mm.<\/td>\n<\/tr>\n<tr data-start=\"1861\" data-end=\"1916\">\n<td data-start=\"1861\" data-end=\"1877\" data-col-size=\"sm\">Color de la carcasa<\/td>\n<td data-start=\"1877\" data-end=\"1916\" data-col-size=\"sm\">Rojo rosado (identificaci\u00f3n OM4 \/ OM5)<\/td>\n<\/tr>\n<tr data-start=\"1917\" data-end=\"1951\">\n<td data-start=\"1917\" data-end=\"1935\" data-col-size=\"sm\">Sistema de cierre<\/td>\n<td data-start=\"1935\" data-end=\"1951\" data-col-size=\"sm\">Empuje-tir\u00f3n LC<\/td>\n<\/tr>\n<tr data-start=\"1952\" data-end=\"1994\">\n<td data-start=\"1952\" data-end=\"1976\" data-col-size=\"sm\">Temperatura de funcionamiento<\/td>\n<td data-col-size=\"sm\" data-start=\"1976\" data-end=\"1994\">De \u201340 \u00b0C a +75 \u00b0C<\/td>\n<\/tr>\n<tr data-start=\"1995\" data-end=\"2032\">\n<td data-start=\"1995\" data-end=\"2008\" data-col-size=\"sm\">Durabilidad<\/td>\n<td data-col-size=\"sm\" data-start=\"2008\" data-end=\"2032\">\u2265 1000 ciclos de apareamiento<\/td>\n<\/tr>\n<\/tbody>\n<\/table>\n<\/div>\n<\/div>\n<p data-start=\"2034\" data-end=\"2156\">En <strong data-start=\"2038\" data-end=\"2058\">vivienda rosa-roja<\/strong> permite a los t\u00e9cnicos <strong data-start=\"2081\" data-end=\"2134\">identificar al instante enlaces multimodo de gran ancho de banda<\/strong> en bastidores de fibra mixta.<\/p>\n<hr data-start=\"2158\" data-end=\"2161\" \/>\n<h3 data-start=\"2163\" data-end=\"2189\">Aplicaciones t\u00edpicas<\/h3>\n<p data-start=\"2191\" data-end=\"2224\">Este conector se utiliza ampliamente en:<\/p>\n<ul data-start=\"2226\" data-end=\"2433\">\n<li data-start=\"2226\" data-end=\"2258\">\n<p data-start=\"2228\" data-end=\"2258\">Pigtails multimodo OM4 \/ OM5<\/p>\n<\/li>\n<li data-start=\"2259\" data-end=\"2298\">\n<p data-start=\"2261\" data-end=\"2298\">Paneles de conexi\u00f3n de alta velocidad para centros de datos<\/p>\n<\/li>\n<li data-start=\"2299\" data-end=\"2329\">\n<p data-start=\"2301\" data-end=\"2329\">M\u00f3dulos \u00f3pticos QSFP y SFP<\/p>\n<\/li>\n<li data-start=\"2330\" data-end=\"2360\">\n<p data-start=\"2332\" data-end=\"2360\">Conjuntos de conexi\u00f3n MPO-LC<\/p>\n<\/li>\n<li data-start=\"2361\" data-end=\"2394\">\n<p data-start=\"2363\" data-end=\"2394\">Redes LAN y SAN empresariales<\/p>\n<\/li>\n<li data-start=\"2395\" data-end=\"2433\">\n<p data-start=\"2397\" data-end=\"2433\">Cables de prueba y medici\u00f3n \u00f3pticos<\/p>\n<\/li>\n<\/ul>\n<hr data-start=\"2435\" data-end=\"2438\" \/>\n<h2 data-start=\"2440\" data-end=\"2461\">Preguntas y respuestas profesionales<\/h2>\n<p data-start=\"2463\" data-end=\"2651\"><strong data-start=\"2463\" data-end=\"2505\">P1: \u00bfQu\u00e9 indica el color rojo rosado?<\/strong><br data-start=\"2505\" data-end=\"2508\" \/>El rosa rojizo se utiliza habitualmente para <strong data-start=\"2538\" data-end=\"2569\">Fibra multimodo OM4 y OM5<\/strong>, que admite <strong data-start=\"2586\" data-end=\"2628\">mayor ancho de banda y velocidades de datos m\u00e1s r\u00e1pidas<\/strong> que el est\u00e1ndar OM2\/OM3.<\/p>\n<hr data-start=\"2653\" data-end=\"2656\" \/>\n<p data-start=\"2658\" data-end=\"2813\"><strong data-start=\"2658\" data-end=\"2701\">P2: \u00bfSe puede utilizar para Ethernet 100G?<\/strong><br data-start=\"2701\" data-end=\"2704\" \/>S\u00ed. Cuando se usa con <strong data-start=\"2724\" data-end=\"2744\">Fibra OM4 u OM5<\/strong>, este conector es compatible con <strong data-start=\"2770\" data-end=\"2796\">Enlaces de corto alcance de 100G<\/strong> en centros de datos.<\/p>\n<hr data-start=\"2815\" data-end=\"2818\" \/>\n<p data-start=\"2820\" data-end=\"3002\"><strong data-start=\"2820\" data-end=\"2882\">P3: \u00bfSe puede conectar un multimodo rosa-rojo a un multimodo azul-lago?<\/strong><br data-start=\"2882\" data-end=\"2885\" \/>S\u00ed, siempre y cuando ambos sean <strong data-start=\"2910\" data-end=\"2930\">LC UPC multimodo<\/strong>. El color solo indica <strong data-start=\"2957\" data-end=\"2972\">grado de fibra<\/strong>, no la compatibilidad de los conectores.<\/p>","protected":false},"excerpt":{"rendered":"<h3 data-start=\"233\" data-end=\"289\">Optimizado para redes multimodo modernas de alta velocidad.<\/h3>\n<p data-start=\"291\" data-end=\"494\">En <strong data-start=\"295\" data-end=\"350\">Conector LC UPC 0,9 mm simplex multimodo (rosa-rojo)<\/strong> est\u00e1 dise\u00f1ado para <strong data-start=\"367\" data-end=\"410\">sistemas de fibra multimodo de \u00faltima generaci\u00f3n<\/strong>, donde <strong data-start=\"418\" data-end=\"480\">alto ancho de banda, baja p\u00e9rdida e identificaci\u00f3n instant\u00e1nea de la fibra<\/strong> son fundamentales.<\/p>\n<p data-start=\"496\" data-end=\"827\">En los centros de datos actuales, el rosa rojizo (tambi\u00e9n llamado violeta o magenta en algunas normas) se utiliza habitualmente para <strong data-start=\"601\" data-end=\"632\">Fibra multimodo OM4 y OM5<\/strong>, que admite <strong data-start=\"649\" data-end=\"694\">40G, 100G y m\u00e1s all\u00e1 en distancias cortas<\/strong>.<br data-start=\"695\" data-end=\"698\" \/>Esto hace que el conector sea especialmente adecuado para <strong data-start=\"747\" data-end=\"826\">conmutadores de alta densidad, transceptores \u00f3pticos y conjuntos de conexi\u00f3n MPO-LC.<\/strong>.<\/p>","protected":false},"featured_media":903,"comment_status":"open","ping_status":"closed","template":"","meta":[],"product_brand":[],"product_cat":[50],"product_tag":[],"class_list":{"0":"post-902","1":"product","2":"type-product","3":"status-publish","4":"has-post-thumbnail","6":"product_cat-lc-simplex-connectors-single-modemultimode","8":"first","9":"instock","10":"shipping-taxable","11":"product-type-simple"},"_links":{"self":[{"href":"https:\/\/www.fenxifiber.com\/es\/wp-json\/wp\/v2\/product\/902","targetHints":{"allow":["GET"]}}],"collection":[{"href":"https:\/\/www.fenxifiber.com\/es\/wp-json\/wp\/v2\/product"}],"about":[{"href":"https:\/\/www.fenxifiber.com\/es\/wp-json\/wp\/v2\/types\/product"}],"replies":[{"embeddable":true,"href":"https:\/\/www.fenxifiber.com\/es\/wp-json\/wp\/v2\/comments?post=902"}],"wp:featuredmedia":[{"embeddable":true,"href":"https:\/\/www.fenxifiber.com\/es\/wp-json\/wp\/v2\/media\/903"}],"wp:attachment":[{"href":"https:\/\/www.fenxifiber.com\/es\/wp-json\/wp\/v2\/media?parent=902"}],"wp:term":[{"taxonomy":"product_brand","embeddable":true,"href":"https:\/\/www.fenxifiber.com\/es\/wp-json\/wp\/v2\/product_brand?post=902"},{"taxonomy":"product_cat","embeddable":true,"href":"https:\/\/www.fenxifiber.com\/es\/wp-json\/wp\/v2\/product_cat?post=902"},{"taxonomy":"product_tag","embeddable":true,"href":"https:\/\/www.fenxifiber.com\/es\/wp-json\/wp\/v2\/product_tag?post=902"}],"curies":[{"name":"wp","href":"https:\/\/api.w.org\/{rel}","templated":true}]}}