{"id":904,"date":"2026-02-04T03:12:00","date_gmt":"2026-02-04T03:12:00","guid":{"rendered":"https:\/\/www.fenxifiber.com\/?post_type=product&#038;p=904"},"modified":"2026-02-05T02:26:08","modified_gmt":"2026-02-05T02:26:08","slug":"lc-upc-0-9-mm-simplex-multimodo-verde-aguamarina","status":"publish","type":"product","link":"https:\/\/www.fenxifiber.com\/es\/product\/lc-upc-0-9mm-simplex-multimode-aqua-green\/","title":{"rendered":"Conector multimodo simplex LC UPC de 0,9 mm (verde aqua)"},"content":{"rendered":"<h3 data-start=\"874\" data-end=\"920\">Por qu\u00e9 OM3 sigue dominando la fibra empresarial<\/h3>\n<div class=\"TyagGW_tableContainer\">\n<div class=\"group TyagGW_tableWrapper flex flex-col-reverse w-fit\" tabindex=\"-1\">\n<table class=\"w-fit min-w-(--thread-content-width)\" data-start=\"922\" data-end=\"1195\">\n<thead data-start=\"922\" data-end=\"965\">\n<tr data-start=\"922\" data-end=\"965\">\n<th class=\"\" data-start=\"922\" data-end=\"936\" data-col-size=\"sm\">Grado de fibra<\/th>\n<th class=\"\" data-start=\"936\" data-end=\"944\" data-col-size=\"sm\">Color<\/th>\n<th class=\"\" data-start=\"944\" data-end=\"965\" data-col-size=\"sm\">Velocidad de datos t\u00edpica<\/th>\n<\/tr>\n<\/thead>\n<tbody data-start=\"1009\" data-end=\"1195\">\n<tr data-start=\"1009\" data-end=\"1034\">\n<td data-start=\"1009\" data-end=\"1015\" data-col-size=\"sm\">OM2<\/td>\n<td data-start=\"1015\" data-end=\"1024\" data-col-size=\"sm\">Naranja<\/td>\n<td data-start=\"1024\" data-end=\"1034\" data-col-size=\"sm\">1G\u201310G<\/td>\n<\/tr>\n<tr data-start=\"1035\" data-end=\"1092\">\n<td data-start=\"1035\" data-end=\"1045\" data-col-size=\"sm\"><strong data-start=\"1037\" data-end=\"1044\">OM3<\/strong><\/td>\n<td data-start=\"1045\" data-end=\"1062\" data-col-size=\"sm\"><strong data-start=\"1047\" data-end=\"1061\">Verde aguamarina<\/strong><\/td>\n<td data-start=\"1062\" data-end=\"1092\" data-col-size=\"sm\"><strong data-start=\"1064\" data-end=\"1090\">10G\u2013100G (alcance corto)<\/strong><\/td>\n<\/tr>\n<tr data-start=\"1093\" data-end=\"1150\">\n<td data-start=\"1093\" data-end=\"1099\" data-col-size=\"sm\">OM4<\/td>\n<td data-col-size=\"sm\" data-start=\"1099\" data-end=\"1119\">Rojo rosado \/ violeta<\/td>\n<td data-col-size=\"sm\" data-start=\"1119\" data-end=\"1150\">Mayor distancia a 40G\/100G<\/td>\n<\/tr>\n<tr data-start=\"1151\" data-end=\"1195\">\n<td data-start=\"1151\" data-end=\"1157\" data-col-size=\"sm\">OM5<\/td>\n<td data-start=\"1157\" data-end=\"1170\" data-col-size=\"sm\">Verde lima<\/td>\n<td data-col-size=\"sm\" data-start=\"1170\" data-end=\"1195\">SWDM y enlaces avanzados<\/td>\n<\/tr>\n<\/tbody>\n<\/table>\n<\/div>\n<\/div>\n<p data-start=\"1197\" data-end=\"1294\">El OM3 se utiliza ampliamente porque proporciona <strong data-start=\"1236\" data-end=\"1277\">Excelente rendimiento con un costo m\u00e1s bajo.<\/strong> que OM4 u OM5.<\/p>\n<hr data-start=\"1296\" data-end=\"1299\" \/>\n<h3 data-start=\"1301\" data-end=\"1326\">Rendimiento \u00f3ptico<\/h3>\n<div class=\"TyagGW_tableContainer\">\n<div class=\"group TyagGW_tableWrapper flex flex-col-reverse w-fit\" tabindex=\"-1\">\n<table class=\"w-fit min-w-(--thread-content-width)\" data-start=\"1328\" data-end=\"1632\">\n<thead data-start=\"1328\" data-end=\"1357\">\n<tr data-start=\"1328\" data-end=\"1357\">\n<th class=\"\" data-start=\"1328\" data-end=\"1340\" data-col-size=\"sm\">Par\u00e1metro<\/th>\n<th class=\"\" data-start=\"1340\" data-end=\"1357\" data-col-size=\"sm\">Valor t\u00edpico<\/th>\n<\/tr>\n<\/thead>\n<tbody data-start=\"1387\" data-end=\"1632\">\n<tr data-start=\"1387\" data-end=\"1429\">\n<td data-start=\"1387\" data-end=\"1400\" data-col-size=\"sm\">Tipo de fibra<\/td>\n<td data-start=\"1400\" data-end=\"1429\" data-col-size=\"sm\">Multimodo OM3 (50\/125 \u00b5m)<\/td>\n<\/tr>\n<tr data-start=\"1430\" data-end=\"1451\">\n<td data-start=\"1430\" data-end=\"1444\" data-col-size=\"sm\">Tipo de polaco<\/td>\n<td data-col-size=\"sm\" data-start=\"1444\" data-end=\"1451\">UPC<\/td>\n<\/tr>\n<tr data-start=\"1452\" data-end=\"1482\">\n<td data-start=\"1452\" data-end=\"1469\" data-col-size=\"sm\">P\u00e9rdida de inserci\u00f3n<\/td>\n<td data-col-size=\"sm\" data-start=\"1469\" data-end=\"1482\">\u2264 0,30 dB<\/td>\n<\/tr>\n<tr data-start=\"1483\" data-end=\"1508\">\n<td data-start=\"1483\" data-end=\"1497\" data-col-size=\"sm\">P\u00e9rdida de retorno<\/td>\n<td data-start=\"1497\" data-end=\"1508\" data-col-size=\"sm\">\u2265 35 dB<\/td>\n<\/tr>\n<tr data-start=\"1509\" data-end=\"1543\">\n<td data-start=\"1509\" data-end=\"1523\" data-col-size=\"sm\">Longitudes de onda<\/td>\n<td data-start=\"1523\" data-end=\"1543\" data-col-size=\"sm\">850 nm \/ 1300 nm<\/td>\n<\/tr>\n<tr data-start=\"1544\" data-end=\"1594\">\n<td data-start=\"1544\" data-end=\"1562\" data-col-size=\"sm\">Ancho de banda modal<\/td>\n<td data-col-size=\"sm\" data-start=\"1562\" data-end=\"1594\">Optimizado para LAN de alta velocidad<\/td>\n<\/tr>\n<tr data-start=\"1595\" data-end=\"1632\">\n<td data-start=\"1595\" data-end=\"1608\" data-col-size=\"sm\">Durabilidad<\/td>\n<td data-start=\"1608\" data-end=\"1632\" data-col-size=\"sm\">\u2265 1000 ciclos de apareamiento<\/td>\n<\/tr>\n<\/tbody>\n<\/table>\n<\/div>\n<\/div>\n<p data-start=\"1634\" data-end=\"1710\">Este rendimiento admite f\u00e1cilmente <strong data-start=\"1667\" data-end=\"1709\">Ethernet de 10G, 40G y 100G de corto alcance<\/strong>.<\/p>\n<hr data-start=\"1712\" data-end=\"1715\" \/>\n<h3 data-start=\"1717\" data-end=\"1742\">Estructura del conector<\/h3>\n<div class=\"TyagGW_tableContainer\">\n<div class=\"group TyagGW_tableWrapper flex flex-col-reverse w-fit\" tabindex=\"-1\">\n<table class=\"w-fit min-w-(--thread-content-width)\" data-start=\"1744\" data-end=\"2018\">\n<thead data-start=\"1744\" data-end=\"1771\">\n<tr data-start=\"1744\" data-end=\"1771\">\n<th class=\"\" data-start=\"1744\" data-end=\"1754\" data-col-size=\"sm\">Caracter\u00edstica<\/th>\n<th class=\"\" data-start=\"1754\" data-end=\"1771\" data-col-size=\"sm\">Especificaci\u00f3n<\/th>\n<\/tr>\n<\/thead>\n<tbody data-start=\"1799\" data-end=\"2018\">\n<tr data-start=\"1799\" data-end=\"1830\">\n<td data-start=\"1799\" data-end=\"1816\" data-col-size=\"sm\">Tipo de conector<\/td>\n<td data-start=\"1816\" data-end=\"1830\" data-col-size=\"sm\">LC Simplex<\/td>\n<\/tr>\n<tr data-start=\"1831\" data-end=\"1857\">\n<td data-start=\"1831\" data-end=\"1848\" data-col-size=\"sm\">Di\u00e1metro del cable<\/td>\n<td data-start=\"1848\" data-end=\"1857\" data-col-size=\"sm\">0,9 mm<\/td>\n<\/tr>\n<tr data-start=\"1858\" data-end=\"1895\">\n<td data-start=\"1858\" data-end=\"1868\" data-col-size=\"sm\">Casquillo<\/td>\n<td data-start=\"1868\" data-end=\"1895\" data-col-size=\"sm\">Cer\u00e1mica de circonio de 1,25 mm.<\/td>\n<\/tr>\n<tr data-start=\"1896\" data-end=\"1937\">\n<td data-start=\"1896\" data-end=\"1912\" data-col-size=\"sm\">Color de la carcasa<\/td>\n<td data-start=\"1912\" data-end=\"1937\" data-col-size=\"sm\">Verde agua (c\u00f3digo OM3)<\/td>\n<\/tr>\n<tr data-start=\"1938\" data-end=\"1975\">\n<td data-start=\"1938\" data-end=\"1959\" data-col-size=\"sm\">Mecanismo de cierre<\/td>\n<td data-col-size=\"sm\" data-start=\"1959\" data-end=\"1975\">Empuje-tir\u00f3n LC<\/td>\n<\/tr>\n<tr data-start=\"1976\" data-end=\"2018\">\n<td data-start=\"1976\" data-end=\"2000\" data-col-size=\"sm\">Temperatura de funcionamiento<\/td>\n<td data-col-size=\"sm\" data-start=\"2000\" data-end=\"2018\">De \u201340 \u00b0C a +75 \u00b0C<\/td>\n<\/tr>\n<\/tbody>\n<\/table>\n<\/div>\n<\/div>\n<p data-start=\"2020\" data-end=\"2132\">En <strong data-start=\"2024\" data-end=\"2040\">Dise\u00f1o de 0,9 mm<\/strong> permite un f\u00e1cil enrutamiento en el interior <strong data-start=\"2068\" data-end=\"2131\">bandejas de fibra, m\u00f3dulos \u00f3pticos y paneles de conexi\u00f3n de alta densidad<\/strong>.<\/p>\n<hr data-start=\"2134\" data-end=\"2137\" \/>\n<h3 data-start=\"2139\" data-end=\"2165\">Aplicaciones t\u00edpicas<\/h3>\n<p data-start=\"2167\" data-end=\"2207\">Este conector LC OM3 se utiliza ampliamente en:<\/p>\n<ul data-start=\"2209\" data-end=\"2390\">\n<li data-start=\"2209\" data-end=\"2237\">\n<p data-start=\"2211\" data-end=\"2237\">Pigtails de fibra multimodo<\/p>\n<\/li>\n<li data-start=\"2238\" data-end=\"2266\">\n<p data-start=\"2240\" data-end=\"2266\">Paneles de conexi\u00f3n para centros de datos<\/p>\n<\/li>\n<li data-start=\"2267\" data-end=\"2304\">\n<p data-start=\"2269\" data-end=\"2304\">Transceptores \u00f3pticos (SFP+, QSFP)<\/p>\n<\/li>\n<li data-start=\"2305\" data-end=\"2337\">\n<p data-start=\"2307\" data-end=\"2337\">Sistemas LAN y SAN empresariales<\/p>\n<\/li>\n<li data-start=\"2338\" data-end=\"2360\">\n<p data-start=\"2340\" data-end=\"2360\">Cables de prueba \u00f3pticos<\/p>\n<\/li>\n<li data-start=\"2361\" data-end=\"2390\">\n<p data-start=\"2363\" data-end=\"2390\">Cableado interno del equipo<\/p>\n<\/li>\n<\/ul>\n<hr data-start=\"2392\" data-end=\"2395\" \/>\n<h2 data-start=\"2397\" data-end=\"2418\">Preguntas y respuestas profesionales<\/h2>\n<p data-start=\"2420\" data-end=\"2571\"><strong data-start=\"2420\" data-end=\"2458\">P1: \u00bfQu\u00e9 significa el color verde agua?<\/strong><br data-start=\"2458\" data-end=\"2461\" \/>El verde agua es el <strong data-start=\"2479\" data-end=\"2526\">Color internacional para fibra multimodo OM3<\/strong>, utilizado para <strong data-start=\"2537\" data-end=\"2570\">Enlaces de corto alcance de 10G a 100G<\/strong>.<\/p>\n<hr data-start=\"2573\" data-end=\"2576\" \/>\n<p data-start=\"2578\" data-end=\"2754\"><strong data-start=\"2578\" data-end=\"2631\">P2: \u00bfSe pueden utilizar conectores LC OM3 en sistemas OM4?<\/strong><br data-start=\"2631\" data-end=\"2634\" \/>S\u00ed. Los conectores OM3 son <strong data-start=\"2658\" data-end=\"2678\">totalmente compatible<\/strong> con fibra OM4; OM4 simplemente ofrece <strong data-start=\"2713\" data-end=\"2753\">mayor distancia y mayor ancho de banda<\/strong>.<\/p>\n<hr data-start=\"2756\" data-end=\"2759\" \/>\n<p data-start=\"2761\" data-end=\"2914\"><strong data-start=\"2761\" data-end=\"2800\">P3: \u00bfPor qu\u00e9 utilizar 0,9 mm en lugar de 2,0 mm?<\/strong><br data-start=\"2800\" data-end=\"2803\" \/>Los conectores de 0,9 mm se utilizan para <strong data-start=\"2833\" data-end=\"2872\">pigtails y enrutamiento interno de fibra<\/strong>, mientras que 2,0 mm se utiliza para <strong data-start=\"2898\" data-end=\"2913\">cables de conexi\u00f3n<\/strong>.<\/p>","protected":false},"excerpt":{"rendered":"<h3 data-start=\"206\" data-end=\"262\">Dise\u00f1ado para redes empresariales y centros de datos OM3.<\/h3>\n<p data-start=\"264\" data-end=\"500\">En <strong data-start=\"268\" data-end=\"325\">Conector LC UPC 0,9 mm simplex multimodo (verde aguamarina)<\/strong> est\u00e1 dise\u00f1ado para <strong data-start=\"339\" data-end=\"370\">Sistemas de fibra multimodo OM3<\/strong>, que siguen siendo uno de los tipos de fibra m\u00e1s utilizados en <strong data-start=\"432\" data-end=\"499\">redes empresariales, centros de datos en la nube y redes troncales de edificios.<\/strong>.<\/p>\n<p data-start=\"502\" data-end=\"695\">En <strong data-start=\"506\" data-end=\"526\">color verde agua<\/strong> es el est\u00e1ndar mundial para <strong data-start=\"554\" data-end=\"567\">Fibra OM3<\/strong>, lo que permite a los t\u00e9cnicos identificar r\u00e1pidamente <strong data-start=\"610\" data-end=\"643\">Enlaces preparados para 10G, 40G y 100G<\/strong> durante la instalaci\u00f3n, la resoluci\u00f3n de problemas y las actualizaciones.<\/p>\n<p data-start=\"697\" data-end=\"867\">Con su <strong data-start=\"706\" data-end=\"757\">Formato LC compacto y f\u00e9rula pulida UPC.<\/strong>, este conector ofrece <strong data-start=\"783\" data-end=\"836\">Transmisi\u00f3n multimodo de baja p\u00e9rdida y alta estabilidad.<\/strong> en entornos \u00f3pticos densos.<\/p>","protected":false},"featured_media":905,"comment_status":"open","ping_status":"closed","template":"","meta":[],"product_brand":[],"product_cat":[50],"product_tag":[],"class_list":{"0":"post-904","1":"product","2":"type-product","3":"status-publish","4":"has-post-thumbnail","6":"product_cat-lc-simplex-connectors-single-modemultimode","8":"first","9":"instock","10":"shipping-taxable","11":"product-type-simple"},"_links":{"self":[{"href":"https:\/\/www.fenxifiber.com\/es\/wp-json\/wp\/v2\/product\/904","targetHints":{"allow":["GET"]}}],"collection":[{"href":"https:\/\/www.fenxifiber.com\/es\/wp-json\/wp\/v2\/product"}],"about":[{"href":"https:\/\/www.fenxifiber.com\/es\/wp-json\/wp\/v2\/types\/product"}],"replies":[{"embeddable":true,"href":"https:\/\/www.fenxifiber.com\/es\/wp-json\/wp\/v2\/comments?post=904"}],"wp:featuredmedia":[{"embeddable":true,"href":"https:\/\/www.fenxifiber.com\/es\/wp-json\/wp\/v2\/media\/905"}],"wp:attachment":[{"href":"https:\/\/www.fenxifiber.com\/es\/wp-json\/wp\/v2\/media?parent=904"}],"wp:term":[{"taxonomy":"product_brand","embeddable":true,"href":"https:\/\/www.fenxifiber.com\/es\/wp-json\/wp\/v2\/product_brand?post=904"},{"taxonomy":"product_cat","embeddable":true,"href":"https:\/\/www.fenxifiber.com\/es\/wp-json\/wp\/v2\/product_cat?post=904"},{"taxonomy":"product_tag","embeddable":true,"href":"https:\/\/www.fenxifiber.com\/es\/wp-json\/wp\/v2\/product_tag?post=904"}],"curies":[{"name":"wp","href":"https:\/\/api.w.org\/{rel}","templated":true}]}}