{"id":906,"date":"2026-02-04T03:13:11","date_gmt":"2026-02-04T03:13:11","guid":{"rendered":"https:\/\/www.fenxifiber.com\/?post_type=product&#038;p=906"},"modified":"2026-02-05T02:26:35","modified_gmt":"2026-02-05T02:26:35","slug":"lc-upc-0-9-mm-simplex-multimodo","status":"publish","type":"product","link":"https:\/\/www.fenxifiber.com\/es\/product\/lc-upc-0-9mm-simplex-multimode\/","title":{"rendered":"LC UPC Conector de fibra \u00f3ptica multimodo simplex de 0,9 mm"},"content":{"rendered":"<h3 data-start=\"784\" data-end=\"827\">Optimizado para sistemas de fibra multimodo<\/h3>\n<p data-start=\"829\" data-end=\"947\">La fibra multimodo es la opci\u00f3n est\u00e1ndar para <strong data-start=\"872\" data-end=\"913\">enlaces \u00f3pticos de corto alcance y alta velocidad<\/strong> en redes empresariales y en la nube.<\/p>\n<div class=\"TyagGW_tableContainer\">\n<div class=\"group TyagGW_tableWrapper flex flex-col-reverse w-fit\" tabindex=\"-1\">\n<table class=\"w-fit min-w-(--thread-content-width)\" data-start=\"949\" data-end=\"1148\">\n<thead data-start=\"949\" data-end=\"1004\">\n<tr data-start=\"949\" data-end=\"1004\">\n<th class=\"\" data-start=\"949\" data-end=\"962\" data-col-size=\"sm\">Tipo de fibra<\/th>\n<th class=\"\" data-start=\"962\" data-end=\"983\" data-col-size=\"sm\">Longitud de onda t\u00edpica<\/th>\n<th class=\"\" data-start=\"983\" data-end=\"1004\" data-col-size=\"md\">Principales aplicaciones<\/th>\n<\/tr>\n<\/thead>\n<tbody data-start=\"1058\" data-end=\"1148\">\n<tr data-start=\"1058\" data-end=\"1148\">\n<td data-start=\"1058\" data-end=\"1081\" data-col-size=\"sm\">Multimodo (50\/125 \u00b5m)<\/td>\n<td data-col-size=\"sm\" data-start=\"1081\" data-end=\"1100\">850 nm \/ 1300 nm<\/td>\n<td data-col-size=\"md\" data-start=\"1100\" data-end=\"1148\">Centros de datos, LAN, SAN, redes troncales empresariales<\/td>\n<\/tr>\n<\/tbody>\n<\/table>\n<\/div>\n<\/div>\n<p data-start=\"1150\" data-end=\"1225\">El conector LC UPC de 0,9 mm es compatible con <strong data-start=\"1186\" data-end=\"1224\">Grados de fibra OM2, OM3, OM4 y OM5<\/strong>.<\/p>\n<hr data-start=\"1227\" data-end=\"1230\" \/>\n<h3 data-start=\"1232\" data-end=\"1260\">Especificaciones \u00f3pticas<\/h3>\n<div class=\"TyagGW_tableContainer\">\n<div class=\"group TyagGW_tableWrapper flex flex-col-reverse w-fit\" tabindex=\"-1\">\n<table class=\"w-fit min-w-(--thread-content-width)\" data-start=\"1262\" data-end=\"1560\">\n<thead data-start=\"1262\" data-end=\"1291\">\n<tr data-start=\"1262\" data-end=\"1291\">\n<th class=\"\" data-start=\"1262\" data-end=\"1274\" data-col-size=\"sm\">Par\u00e1metro<\/th>\n<th class=\"\" data-start=\"1274\" data-end=\"1291\" data-col-size=\"sm\">Valor t\u00edpico<\/th>\n<\/tr>\n<\/thead>\n<tbody data-start=\"1321\" data-end=\"1560\">\n<tr data-start=\"1321\" data-end=\"1372\">\n<td data-start=\"1321\" data-end=\"1334\" data-col-size=\"sm\">Tipo de fibra<\/td>\n<td data-start=\"1334\" data-end=\"1372\" data-col-size=\"sm\">Multimodo 50\/125 \u00b5m o 62.5\/125 \u00b5m<\/td>\n<\/tr>\n<tr data-start=\"1373\" data-end=\"1394\">\n<td data-start=\"1373\" data-end=\"1387\" data-col-size=\"sm\">Tipo de polaco<\/td>\n<td data-start=\"1387\" data-end=\"1394\" data-col-size=\"sm\">UPC<\/td>\n<\/tr>\n<tr data-start=\"1395\" data-end=\"1425\">\n<td data-start=\"1395\" data-end=\"1412\" data-col-size=\"sm\">P\u00e9rdida de inserci\u00f3n<\/td>\n<td data-start=\"1412\" data-end=\"1425\" data-col-size=\"sm\">\u2264 0,30 dB<\/td>\n<\/tr>\n<tr data-start=\"1426\" data-end=\"1451\">\n<td data-start=\"1426\" data-end=\"1440\" data-col-size=\"sm\">P\u00e9rdida de retorno<\/td>\n<td data-start=\"1440\" data-end=\"1451\" data-col-size=\"sm\">\u2265 35 dB<\/td>\n<\/tr>\n<tr data-start=\"1452\" data-end=\"1493\">\n<td data-start=\"1452\" data-end=\"1476\" data-col-size=\"sm\">Longitudes de onda operativas<\/td>\n<td data-col-size=\"sm\" data-start=\"1476\" data-end=\"1493\">850\/1300 nm<\/td>\n<\/tr>\n<tr data-start=\"1494\" data-end=\"1522\">\n<td data-start=\"1494\" data-end=\"1510\" data-col-size=\"sm\">Repetibilidad<\/td>\n<td data-col-size=\"sm\" data-start=\"1510\" data-end=\"1522\">\u2264 0,1 dB<\/td>\n<\/tr>\n<tr data-start=\"1523\" data-end=\"1560\">\n<td data-start=\"1523\" data-end=\"1543\" data-col-size=\"sm\">Durabilidad del acoplamiento<\/td>\n<td data-col-size=\"sm\" data-start=\"1543\" data-end=\"1560\">\u2265 1000 ciclos<\/td>\n<\/tr>\n<\/tbody>\n<\/table>\n<\/div>\n<\/div>\n<p data-start=\"1562\" data-end=\"1654\">Estos valores cumplen los requisitos para <strong data-start=\"1601\" data-end=\"1653\">Enlaces \u00f3pticos de 10G, 25G, 40G y 100G de corto alcance.<\/strong>.<\/p>\n<hr data-start=\"1656\" data-end=\"1659\" \/>\n<h3 data-start=\"1661\" data-end=\"1684\">Dise\u00f1o mec\u00e1nico<\/h3>\n<div class=\"TyagGW_tableContainer\">\n<div class=\"group TyagGW_tableWrapper flex flex-col-reverse w-fit\" tabindex=\"-1\">\n<table class=\"w-fit min-w-(--thread-content-width)\" data-start=\"1686\" data-end=\"1937\">\n<thead data-start=\"1686\" data-end=\"1713\">\n<tr data-start=\"1686\" data-end=\"1713\">\n<th class=\"\" data-start=\"1686\" data-end=\"1696\" data-col-size=\"sm\">Caracter\u00edstica<\/th>\n<th class=\"\" data-start=\"1696\" data-end=\"1713\" data-col-size=\"sm\">Especificaci\u00f3n<\/th>\n<\/tr>\n<\/thead>\n<tbody data-start=\"1741\" data-end=\"1937\">\n<tr data-start=\"1741\" data-end=\"1772\">\n<td data-start=\"1741\" data-end=\"1758\" data-col-size=\"sm\">Tipo de conector<\/td>\n<td data-start=\"1758\" data-end=\"1772\" data-col-size=\"sm\">LC Simplex<\/td>\n<\/tr>\n<tr data-start=\"1773\" data-end=\"1799\">\n<td data-start=\"1773\" data-end=\"1790\" data-col-size=\"sm\">Di\u00e1metro del cable<\/td>\n<td data-start=\"1790\" data-end=\"1799\" data-col-size=\"sm\">0,9 mm<\/td>\n<\/tr>\n<tr data-start=\"1800\" data-end=\"1837\">\n<td data-start=\"1800\" data-end=\"1810\" data-col-size=\"sm\">Casquillo<\/td>\n<td data-start=\"1810\" data-end=\"1837\" data-col-size=\"sm\">Cer\u00e1mica de circonio de 1,25 mm.<\/td>\n<\/tr>\n<tr data-start=\"1838\" data-end=\"1862\">\n<td data-start=\"1838\" data-end=\"1846\" data-col-size=\"sm\">Pestillo<\/td>\n<td data-start=\"1846\" data-end=\"1862\" data-col-size=\"sm\">Empuje-tir\u00f3n LC<\/td>\n<\/tr>\n<tr data-start=\"1863\" data-end=\"1894\">\n<td data-start=\"1863\" data-end=\"1870\" data-col-size=\"sm\">Bota<\/td>\n<td data-start=\"1870\" data-end=\"1894\" data-col-size=\"sm\">Bota compacta tipo pigtail<\/td>\n<\/tr>\n<tr data-start=\"1895\" data-end=\"1937\">\n<td data-start=\"1895\" data-end=\"1919\" data-col-size=\"sm\">Temperatura de funcionamiento<\/td>\n<td data-start=\"1919\" data-end=\"1937\" data-col-size=\"sm\">De \u201340 \u00b0C a +75 \u00b0C<\/td>\n<\/tr>\n<\/tbody>\n<\/table>\n<\/div>\n<\/div>\n<p data-start=\"1939\" data-end=\"2072\">En <strong data-start=\"1943\" data-end=\"1964\">chaqueta delgada de 0,9 mm<\/strong> hace que este conector sea ideal para <strong data-start=\"1996\" data-end=\"2039\">empalme por fusi\u00f3n y tendido apretado de cables<\/strong> dentro de bandejas y m\u00f3dulos de empalme.<\/p>\n<hr data-start=\"2074\" data-end=\"2077\" \/>\n<h3 data-start=\"2079\" data-end=\"2105\">Aplicaciones t\u00edpicas<\/h3>\n<p data-start=\"2107\" data-end=\"2142\">Este conector se utiliza habitualmente en:<\/p>\n<ul data-start=\"2144\" data-end=\"2324\">\n<li data-start=\"2144\" data-end=\"2172\">\n<p data-start=\"2146\" data-end=\"2172\">Pigtails de fibra multimodo<\/p>\n<\/li>\n<li data-start=\"2173\" data-end=\"2201\">\n<p data-start=\"2175\" data-end=\"2201\">Paneles de conexi\u00f3n para centros de datos<\/p>\n<\/li>\n<li data-start=\"2202\" data-end=\"2233\">\n<p data-start=\"2204\" data-end=\"2233\">M\u00f3dulos transceptores \u00f3pticos<\/p>\n<\/li>\n<li data-start=\"2234\" data-end=\"2267\">\n<p data-start=\"2236\" data-end=\"2267\">Redes LAN y SAN empresariales<\/p>\n<\/li>\n<li data-start=\"2268\" data-end=\"2297\">\n<p data-start=\"2270\" data-end=\"2297\">Cuadros de distribuci\u00f3n de fibra<\/p>\n<\/li>\n<li data-start=\"2298\" data-end=\"2324\">\n<p data-start=\"2300\" data-end=\"2324\">Cables para pruebas \u00f3pticas<\/p>\n<\/li>\n<\/ul>\n<hr data-start=\"2326\" data-end=\"2329\" \/>\n<h2 data-start=\"2331\" data-end=\"2352\">Preguntas y respuestas profesionales<\/h2>\n<p data-start=\"2354\" data-end=\"2534\"><strong data-start=\"2354\" data-end=\"2416\">P1: \u00bfEste conector es adecuado para fibra OM3, OM4 y OM5?<\/strong><br data-start=\"2416\" data-end=\"2419\" \/>S\u00ed. El conector multimodo LC UPC de 0,9 mm funciona con <strong data-start=\"2472\" data-end=\"2505\">todos los grados multimodo est\u00e1ndar<\/strong>, incluyendo OM3, OM4 y OM5.<\/p>\n<hr data-start=\"2536\" data-end=\"2539\" \/>\n<p data-start=\"2541\" data-end=\"2719\"><strong data-start=\"2541\" data-end=\"2584\">P2: \u00bfSe puede utilizar para fabricar cables de conexi\u00f3n?<\/strong><br data-start=\"2584\" data-end=\"2587\" \/>No. Este conector est\u00e1 dise\u00f1ado para <strong data-start=\"2622\" data-end=\"2640\">Cables flexibles de 0,9 mm<\/strong> y debe ser <strong data-start=\"2653\" data-end=\"2697\">empalmado por fusi\u00f3n a un cable de 2,0 mm o 3,0 mm<\/strong> para formar un cable de conexi\u00f3n.<\/p>\n<hr data-start=\"2721\" data-end=\"2724\" \/>\n<p data-start=\"2726\" data-end=\"2909\"><strong data-start=\"2726\" data-end=\"2787\">P3: \u00bfCu\u00e1l es la ventaja del pulido UPC para multimodo?<\/strong><br data-start=\"2787\" data-end=\"2790\" \/>UPC ofrece <strong data-start=\"2803\" data-end=\"2844\">Baja p\u00e9rdida de inserci\u00f3n y contacto estable.<\/strong>, ideal para <strong data-start=\"2865\" data-end=\"2908\">enlaces multimodo de corto alcance y alta velocidad<\/strong>.<\/p>","protected":false},"excerpt":{"rendered":"<h3 data-start=\"232\" data-end=\"289\">Una soluci\u00f3n compacta para conjuntos de pigtails multimodo.<\/h3>\n<p data-start=\"291\" data-end=\"592\">En <strong data-start=\"295\" data-end=\"339\">Conector LC UPC 0,9 mm simplex multimodo<\/strong> est\u00e1 dise\u00f1ado para <strong data-start=\"356\" data-end=\"444\">Terminaci\u00f3n de fibra de alta densidad en centros de datos, salas de telecomunicaciones y equipos \u00f3pticos.<\/strong>.<br data-start=\"445\" data-end=\"448\" \/>Se utiliza ampliamente para <strong data-start=\"470\" data-end=\"518\">Cables flexibles multimodo y cableado interno de fibra \u00f3ptica.<\/strong>, donde el espacio, la estabilidad y el rendimiento \u00f3ptico repetible son fundamentales.<\/p>\n<p data-start=\"594\" data-end=\"777\">Con su <strong data-start=\"603\" data-end=\"655\">Casquillo cer\u00e1mico de 1,25 mm y extremo pulido UPC.<\/strong>, este conector garantiza <strong data-start=\"680\" data-end=\"746\">P\u00e9rdida de inserci\u00f3n baja y constante y transmisi\u00f3n de se\u00f1al confiable.<\/strong> para redes multimodo modernas.<\/p>","protected":false},"featured_media":907,"comment_status":"open","ping_status":"closed","template":"","meta":[],"product_brand":[],"product_cat":[50],"product_tag":[],"class_list":{"0":"post-906","1":"product","2":"type-product","3":"status-publish","4":"has-post-thumbnail","6":"product_cat-lc-simplex-connectors-single-modemultimode","8":"first","9":"instock","10":"shipping-taxable","11":"product-type-simple"},"_links":{"self":[{"href":"https:\/\/www.fenxifiber.com\/es\/wp-json\/wp\/v2\/product\/906","targetHints":{"allow":["GET"]}}],"collection":[{"href":"https:\/\/www.fenxifiber.com\/es\/wp-json\/wp\/v2\/product"}],"about":[{"href":"https:\/\/www.fenxifiber.com\/es\/wp-json\/wp\/v2\/types\/product"}],"replies":[{"embeddable":true,"href":"https:\/\/www.fenxifiber.com\/es\/wp-json\/wp\/v2\/comments?post=906"}],"wp:featuredmedia":[{"embeddable":true,"href":"https:\/\/www.fenxifiber.com\/es\/wp-json\/wp\/v2\/media\/907"}],"wp:attachment":[{"href":"https:\/\/www.fenxifiber.com\/es\/wp-json\/wp\/v2\/media?parent=906"}],"wp:term":[{"taxonomy":"product_brand","embeddable":true,"href":"https:\/\/www.fenxifiber.com\/es\/wp-json\/wp\/v2\/product_brand?post=906"},{"taxonomy":"product_cat","embeddable":true,"href":"https:\/\/www.fenxifiber.com\/es\/wp-json\/wp\/v2\/product_cat?post=906"},{"taxonomy":"product_tag","embeddable":true,"href":"https:\/\/www.fenxifiber.com\/es\/wp-json\/wp\/v2\/product_tag?post=906"}],"curies":[{"name":"wp","href":"https:\/\/api.w.org\/{rel}","templated":true}]}}