{"id":908,"date":"2026-02-04T03:14:21","date_gmt":"2026-02-04T03:14:21","guid":{"rendered":"https:\/\/www.fenxifiber.com\/?post_type=product&#038;p=908"},"modified":"2026-02-05T02:27:02","modified_gmt":"2026-02-05T02:27:02","slug":"lc-upc-2-0-mm-simplex-monomodo","status":"publish","type":"product","link":"https:\/\/www.fenxifiber.com\/es\/product\/lc-upc-2-0mm-simplex-singlemode\/","title":{"rendered":"LC UPC Conector monomodo simplex de 2,0 mm"},"content":{"rendered":"<h3 data-start=\"872\" data-end=\"922\">\u00bfPor qu\u00e9 2,0 mm es el est\u00e1ndar para los cables de conexi\u00f3n LC?<\/h3>\n<div class=\"TyagGW_tableContainer\">\n<div class=\"group TyagGW_tableWrapper flex flex-col-reverse w-fit\" tabindex=\"-1\">\n<table class=\"w-fit min-w-(--thread-content-width)\" data-start=\"924\" data-end=\"1108\">\n<thead data-start=\"924\" data-end=\"957\">\n<tr data-start=\"924\" data-end=\"957\">\n<th class=\"\" data-start=\"924\" data-end=\"941\" data-col-size=\"sm\">Di\u00e1metro del cable<\/th>\n<th class=\"\" data-start=\"941\" data-end=\"957\" data-col-size=\"sm\">Funci\u00f3n t\u00edpica<\/th>\n<\/tr>\n<\/thead>\n<tbody data-start=\"992\" data-end=\"1108\">\n<tr data-start=\"992\" data-end=\"1028\">\n<td data-start=\"992\" data-end=\"1000\" data-col-size=\"sm\">0,9 mm<\/td>\n<td data-start=\"1000\" data-end=\"1028\" data-col-size=\"sm\">Trenzas, fibra interna<\/td>\n<\/tr>\n<tr data-start=\"1029\" data-end=\"1073\">\n<td data-start=\"1029\" data-end=\"1041\" data-col-size=\"sm\"><strong data-start=\"1031\" data-end=\"1040\">2,0 mm<\/strong><\/td>\n<td data-col-size=\"sm\" data-start=\"1041\" data-end=\"1073\"><strong data-start=\"1043\" data-end=\"1071\">Cables de conexi\u00f3n y puentes LC<\/strong><\/td>\n<\/tr>\n<tr data-start=\"1074\" data-end=\"1108\">\n<td data-start=\"1074\" data-end=\"1082\" data-col-size=\"sm\">3,0 mm<\/td>\n<td data-col-size=\"sm\" data-start=\"1082\" data-end=\"1108\">Cables para exteriores y resistentes<\/td>\n<\/tr>\n<\/tbody>\n<\/table>\n<\/div>\n<\/div>\n<p data-start=\"1110\" data-end=\"1241\">En <strong data-start=\"1114\" data-end=\"1129\">Cable de 2,0 mm<\/strong> ofrece el mejor equilibrio entre <strong data-start=\"1162\" data-end=\"1198\">flexibilidad y resistencia a la tracci\u00f3n<\/strong>, lo que lo hace ideal para el enrutamiento de fibra en interiores.<\/p>\n<hr data-start=\"1243\" data-end=\"1246\" \/>\n<h3 data-start=\"1248\" data-end=\"1273\">Rendimiento \u00f3ptico<\/h3>\n<div class=\"TyagGW_tableContainer\">\n<div class=\"group TyagGW_tableWrapper flex flex-col-reverse w-fit\" tabindex=\"-1\">\n<table class=\"w-fit min-w-(--thread-content-width)\" data-start=\"1275\" data-end=\"1550\">\n<thead data-start=\"1275\" data-end=\"1304\">\n<tr data-start=\"1275\" data-end=\"1304\">\n<th class=\"\" data-start=\"1275\" data-end=\"1287\" data-col-size=\"sm\">Par\u00e1metro<\/th>\n<th class=\"\" data-start=\"1287\" data-end=\"1304\" data-col-size=\"sm\">Valor t\u00edpico<\/th>\n<\/tr>\n<\/thead>\n<tbody data-start=\"1334\" data-end=\"1550\">\n<tr data-start=\"1334\" data-end=\"1371\">\n<td data-start=\"1334\" data-end=\"1347\" data-col-size=\"sm\">Tipo de fibra<\/td>\n<td data-start=\"1347\" data-end=\"1371\" data-col-size=\"sm\">Modo \u00fanico 9\/125 \u00b5m<\/td>\n<\/tr>\n<tr data-start=\"1372\" data-end=\"1393\">\n<td data-start=\"1372\" data-end=\"1386\" data-col-size=\"sm\">Tipo de polaco<\/td>\n<td data-start=\"1386\" data-end=\"1393\" data-col-size=\"sm\">UPC<\/td>\n<\/tr>\n<tr data-start=\"1394\" data-end=\"1424\">\n<td data-start=\"1394\" data-end=\"1411\" data-col-size=\"sm\">P\u00e9rdida de inserci\u00f3n<\/td>\n<td data-start=\"1411\" data-end=\"1424\" data-col-size=\"sm\">\u2264 0,30 dB<\/td>\n<\/tr>\n<tr data-start=\"1425\" data-end=\"1450\">\n<td data-start=\"1425\" data-end=\"1439\" data-col-size=\"sm\">P\u00e9rdida de retorno<\/td>\n<td data-start=\"1439\" data-end=\"1450\" data-col-size=\"sm\">\u2265 50 dB<\/td>\n<\/tr>\n<tr data-start=\"1451\" data-end=\"1483\">\n<td data-start=\"1451\" data-end=\"1465\" data-col-size=\"sm\">Longitudes de onda<\/td>\n<td data-start=\"1465\" data-end=\"1483\" data-col-size=\"sm\">1310 \/ 1550 nm<\/td>\n<\/tr>\n<tr data-start=\"1484\" data-end=\"1512\">\n<td data-start=\"1484\" data-end=\"1500\" data-col-size=\"sm\">Repetibilidad<\/td>\n<td data-start=\"1500\" data-end=\"1512\" data-col-size=\"sm\">\u2264 0,1 dB<\/td>\n<\/tr>\n<tr data-start=\"1513\" data-end=\"1550\">\n<td data-start=\"1513\" data-end=\"1533\" data-col-size=\"sm\">Durabilidad del acoplamiento<\/td>\n<td data-start=\"1533\" data-end=\"1550\" data-col-size=\"sm\">\u2265 1000 ciclos<\/td>\n<\/tr>\n<\/tbody>\n<\/table>\n<\/div>\n<\/div>\n<p data-start=\"1552\" data-end=\"1633\">Esta actuaci\u00f3n apoya <strong data-start=\"1578\" data-end=\"1632\">FTTH, red troncal de telecomunicaciones y enlaces de transmisi\u00f3n de datos<\/strong>.<\/p>\n<hr data-start=\"1635\" data-end=\"1638\" \/>\n<h3 data-start=\"1640\" data-end=\"1666\">Estructura mec\u00e1nica<\/h3>\n<div class=\"TyagGW_tableContainer\">\n<div class=\"group TyagGW_tableWrapper flex flex-col-reverse w-fit\" tabindex=\"-1\">\n<table class=\"w-fit min-w-(--thread-content-width)\" data-start=\"1668\" data-end=\"1967\">\n<thead data-start=\"1668\" data-end=\"1695\">\n<tr data-start=\"1668\" data-end=\"1695\">\n<th class=\"\" data-start=\"1668\" data-end=\"1678\" data-col-size=\"sm\">Caracter\u00edstica<\/th>\n<th class=\"\" data-start=\"1678\" data-end=\"1695\" data-col-size=\"sm\">Especificaci\u00f3n<\/th>\n<\/tr>\n<\/thead>\n<tbody data-start=\"1723\" data-end=\"1967\">\n<tr data-start=\"1723\" data-end=\"1754\">\n<td data-start=\"1723\" data-end=\"1740\" data-col-size=\"sm\">Tipo de conector<\/td>\n<td data-col-size=\"sm\" data-start=\"1740\" data-end=\"1754\">LC Simplex<\/td>\n<\/tr>\n<tr data-start=\"1755\" data-end=\"1781\">\n<td data-start=\"1755\" data-end=\"1772\" data-col-size=\"sm\">Di\u00e1metro del cable<\/td>\n<td data-col-size=\"sm\" data-start=\"1772\" data-end=\"1781\">2,0 mm<\/td>\n<\/tr>\n<tr data-start=\"1782\" data-end=\"1819\">\n<td data-start=\"1782\" data-end=\"1792\" data-col-size=\"sm\">Casquillo<\/td>\n<td data-col-size=\"sm\" data-start=\"1792\" data-end=\"1819\">Cer\u00e1mica de circonio de 1,25 mm.<\/td>\n<\/tr>\n<tr data-start=\"1820\" data-end=\"1858\">\n<td data-start=\"1820\" data-end=\"1827\" data-col-size=\"sm\">Bota<\/td>\n<td data-start=\"1827\" data-end=\"1858\" data-col-size=\"sm\">Funda protectora est\u00e1ndar para aliviar la tensi\u00f3n<\/td>\n<\/tr>\n<tr data-start=\"1859\" data-end=\"1893\">\n<td data-start=\"1859\" data-end=\"1877\" data-col-size=\"sm\">Sistema de cierre<\/td>\n<td data-col-size=\"sm\" data-start=\"1877\" data-end=\"1893\">Empuje-tir\u00f3n LC<\/td>\n<\/tr>\n<tr data-start=\"1894\" data-end=\"1936\">\n<td data-start=\"1894\" data-end=\"1918\" data-col-size=\"sm\">Temperatura de funcionamiento<\/td>\n<td data-start=\"1918\" data-end=\"1936\" data-col-size=\"sm\">De \u201340 \u00b0C a +75 \u00b0C<\/td>\n<\/tr>\n<tr data-start=\"1937\" data-end=\"1967\">\n<td data-start=\"1937\" data-end=\"1956\" data-col-size=\"sm\">Resistencia a la tracci\u00f3n<\/td>\n<td data-start=\"1956\" data-end=\"1967\" data-col-size=\"sm\">\u2265 100 N<\/td>\n<\/tr>\n<\/tbody>\n<\/table>\n<\/div>\n<\/div>\n<p data-start=\"1969\" data-end=\"2074\">En <strong data-start=\"1973\" data-end=\"2003\">bota y chamarra reforzadas<\/strong> proteger la fibra de <strong data-start=\"2027\" data-end=\"2073\">doblar y tirar durante el funcionamiento diario<\/strong>.<\/p>\n<hr data-start=\"2076\" data-end=\"2079\" \/>\n<h3 data-start=\"2081\" data-end=\"2107\">Aplicaciones t\u00edpicas<\/h3>\n<p data-start=\"2109\" data-end=\"2155\">Este conector LC UPC de 2,0 mm se utiliza ampliamente en:<\/p>\n<ul data-start=\"2157\" data-end=\"2360\">\n<li data-start=\"2157\" data-end=\"2188\">\n<p data-start=\"2159\" data-end=\"2188\">Cables de conexi\u00f3n LC-LC y LC-SC<\/p>\n<\/li>\n<li data-start=\"2189\" data-end=\"2216\">\n<p data-start=\"2191\" data-end=\"2216\">Enlaces de fibra \u00f3ptica FTTH para interiores<\/p>\n<\/li>\n<li data-start=\"2217\" data-end=\"2254\">\n<p data-start=\"2219\" data-end=\"2254\">Cuadros de distribuci\u00f3n \u00f3ptica (ODF)<\/p>\n<\/li>\n<li data-start=\"2255\" data-end=\"2287\">\n<p data-start=\"2257\" data-end=\"2287\">Conmutadores y enrutadores de red<\/p>\n<\/li>\n<li data-start=\"2288\" data-end=\"2327\">\n<p data-start=\"2290\" data-end=\"2327\">Conexiones monomodo para centros de datos<\/p>\n<\/li>\n<li data-start=\"2328\" data-end=\"2360\">\n<p data-start=\"2330\" data-end=\"2360\">Puentes de prueba y medici\u00f3n<\/p>\n<\/li>\n<\/ul>","protected":false},"excerpt":{"rendered":"<h3 data-start=\"233\" data-end=\"289\">Dise\u00f1ado para cables de conexi\u00f3n y redes de distribuci\u00f3n.<\/h3>\n<p data-start=\"291\" data-end=\"490\">En <strong data-start=\"295\" data-end=\"341\">Conector LC UPC 2,0 mm simplex monomodo<\/strong> est\u00e1 dise\u00f1ado para <strong data-start=\"355\" data-end=\"414\">Cables de conexi\u00f3n listos para usar y enlaces de fibra para redes de acceso.<\/strong>, donde <strong data-start=\"422\" data-end=\"467\">resistencia mec\u00e1nica y estabilidad \u00f3ptica<\/strong> son igualmente importantes.<\/p>\n<p data-start=\"492\" data-end=\"710\">A diferencia de los conectores pigtail de 0,9 mm que se empalman dentro del equipo, el <strong data-start=\"563\" data-end=\"594\">Conector LC con revestimiento de 2,0 mm<\/strong> est\u00e1 dise\u00f1ado para ser <strong data-start=\"613\" data-end=\"658\">manipulado, enchufado y desenchufado repetidamente<\/strong> en <strong data-start=\"662\" data-end=\"709\">Paneles ODF, tomas de corriente, interruptores y ONT.<\/strong>.<\/p>\n<p data-start=\"712\" data-end=\"865\">Con su <strong data-start=\"721\" data-end=\"746\">Extremo pulido UPC<\/strong>, ofrece <strong data-start=\"760\" data-end=\"812\">baja p\u00e9rdida de inserci\u00f3n y transmisi\u00f3n de se\u00f1al limpia<\/strong> para <strong data-start=\"817\" data-end=\"864\">aplicaciones de telecomunicaciones, FTTH y redes de datos<\/strong>.<\/p>","protected":false},"featured_media":909,"comment_status":"open","ping_status":"closed","template":"","meta":[],"product_brand":[],"product_cat":[50],"product_tag":[],"class_list":{"0":"post-908","1":"product","2":"type-product","3":"status-publish","4":"has-post-thumbnail","6":"product_cat-lc-simplex-connectors-single-modemultimode","8":"first","9":"instock","10":"shipping-taxable","11":"product-type-simple"},"_links":{"self":[{"href":"https:\/\/www.fenxifiber.com\/es\/wp-json\/wp\/v2\/product\/908","targetHints":{"allow":["GET"]}}],"collection":[{"href":"https:\/\/www.fenxifiber.com\/es\/wp-json\/wp\/v2\/product"}],"about":[{"href":"https:\/\/www.fenxifiber.com\/es\/wp-json\/wp\/v2\/types\/product"}],"replies":[{"embeddable":true,"href":"https:\/\/www.fenxifiber.com\/es\/wp-json\/wp\/v2\/comments?post=908"}],"wp:featuredmedia":[{"embeddable":true,"href":"https:\/\/www.fenxifiber.com\/es\/wp-json\/wp\/v2\/media\/909"}],"wp:attachment":[{"href":"https:\/\/www.fenxifiber.com\/es\/wp-json\/wp\/v2\/media?parent=908"}],"wp:term":[{"taxonomy":"product_brand","embeddable":true,"href":"https:\/\/www.fenxifiber.com\/es\/wp-json\/wp\/v2\/product_brand?post=908"},{"taxonomy":"product_cat","embeddable":true,"href":"https:\/\/www.fenxifiber.com\/es\/wp-json\/wp\/v2\/product_cat?post=908"},{"taxonomy":"product_tag","embeddable":true,"href":"https:\/\/www.fenxifiber.com\/es\/wp-json\/wp\/v2\/product_tag?post=908"}],"curies":[{"name":"wp","href":"https:\/\/api.w.org\/{rel}","templated":true}]}}