{"id":910,"date":"2026-02-04T03:15:23","date_gmt":"2026-02-04T03:15:23","guid":{"rendered":"https:\/\/www.fenxifiber.com\/?post_type=product&#038;p=910"},"modified":"2026-02-05T02:27:30","modified_gmt":"2026-02-05T02:27:30","slug":"lc-upc-20-mm-simplex-con-conector-corto","status":"publish","type":"product","link":"https:\/\/www.fenxifiber.com\/es\/product\/lc-upc-2-0mm-simplex-with-short-boot\/","title":{"rendered":"LC UPC Conector simplex de 2,0 mm con boquilla corta"},"content":{"rendered":"<h3 data-start=\"825\" data-end=\"866\">Por qu\u00e9 son importantes los conectores LC de arranque corto<\/h3>\n<div class=\"TyagGW_tableContainer\">\n<div class=\"group TyagGW_tableWrapper flex flex-col-reverse w-fit\" tabindex=\"-1\">\n<table class=\"w-fit min-w-(--thread-content-width)\" data-start=\"868\" data-end=\"1100\">\n<thead data-start=\"868\" data-end=\"907\">\n<tr data-start=\"868\" data-end=\"907\">\n<th class=\"\" data-start=\"868\" data-end=\"880\" data-col-size=\"sm\">Tipo de bota<\/th>\n<th class=\"\" data-start=\"880\" data-end=\"892\" data-col-size=\"sm\">Ventaja<\/th>\n<th class=\"\" data-start=\"892\" data-end=\"907\" data-col-size=\"sm\">Uso t\u00edpico<\/th>\n<\/tr>\n<\/thead>\n<tbody data-start=\"948\" data-end=\"1100\">\n<tr data-start=\"948\" data-end=\"1012\">\n<td data-start=\"948\" data-end=\"964\" data-col-size=\"sm\">Bota est\u00e1ndar<\/td>\n<td data-start=\"964\" data-end=\"989\" data-col-size=\"sm\">Mejor protecci\u00f3n contra tirones<\/td>\n<td data-col-size=\"sm\" data-start=\"989\" data-end=\"1012\">Cables de conexi\u00f3n generales<\/td>\n<\/tr>\n<tr data-start=\"1013\" data-end=\"1100\">\n<td data-start=\"1013\" data-end=\"1030\" data-col-size=\"sm\"><strong data-start=\"1015\" data-end=\"1029\">Bota corta<\/strong><\/td>\n<td data-start=\"1030\" data-end=\"1064\" data-col-size=\"sm\"><strong data-start=\"1032\" data-end=\"1063\">Ahorra espacio, enrutamiento m\u00e1s f\u00e1cil<\/strong><\/td>\n<td data-col-size=\"sm\" data-start=\"1064\" data-end=\"1100\"><strong data-start=\"1066\" data-end=\"1098\">Racks y m\u00f3dulos de alta densidad<\/strong><\/td>\n<\/tr>\n<\/tbody>\n<\/table>\n<\/div>\n<\/div>\n<p data-start=\"1102\" data-end=\"1234\">Los dise\u00f1os de botas cortas se utilizan ampliamente en <strong data-start=\"1140\" data-end=\"1177\">centros de datos y gabinetes de telecomunicaciones<\/strong> donde cientos de fibras terminan en un \u00e1rea peque\u00f1a.<\/p>\n<hr data-start=\"1236\" data-end=\"1239\" \/>\n<h3 data-start=\"1241\" data-end=\"1269\">Especificaciones \u00f3pticas<\/h3>\n<div class=\"TyagGW_tableContainer\">\n<div class=\"group TyagGW_tableWrapper flex flex-col-reverse w-fit\" tabindex=\"-1\">\n<table class=\"w-fit min-w-(--thread-content-width)\" data-start=\"1271\" data-end=\"1517\">\n<thead data-start=\"1271\" data-end=\"1300\">\n<tr data-start=\"1271\" data-end=\"1300\">\n<th class=\"\" data-start=\"1271\" data-end=\"1283\" data-col-size=\"sm\">Par\u00e1metro<\/th>\n<th class=\"\" data-start=\"1283\" data-end=\"1300\" data-col-size=\"sm\">Valor t\u00edpico<\/th>\n<\/tr>\n<\/thead>\n<tbody data-start=\"1330\" data-end=\"1517\">\n<tr data-start=\"1330\" data-end=\"1367\">\n<td data-start=\"1330\" data-end=\"1343\" data-col-size=\"sm\">Tipo de fibra<\/td>\n<td data-start=\"1343\" data-end=\"1367\" data-col-size=\"sm\">Modo \u00fanico 9\/125 \u00b5m<\/td>\n<\/tr>\n<tr data-start=\"1368\" data-end=\"1389\">\n<td data-start=\"1368\" data-end=\"1382\" data-col-size=\"sm\">Tipo de polaco<\/td>\n<td data-start=\"1382\" data-end=\"1389\" data-col-size=\"sm\">UPC<\/td>\n<\/tr>\n<tr data-start=\"1390\" data-end=\"1420\">\n<td data-start=\"1390\" data-end=\"1407\" data-col-size=\"sm\">P\u00e9rdida de inserci\u00f3n<\/td>\n<td data-col-size=\"sm\" data-start=\"1407\" data-end=\"1420\">\u2264 0,30 dB<\/td>\n<\/tr>\n<tr data-start=\"1421\" data-end=\"1446\">\n<td data-start=\"1421\" data-end=\"1435\" data-col-size=\"sm\">P\u00e9rdida de retorno<\/td>\n<td data-col-size=\"sm\" data-start=\"1435\" data-end=\"1446\">\u2265 50 dB<\/td>\n<\/tr>\n<tr data-start=\"1447\" data-end=\"1479\">\n<td data-start=\"1447\" data-end=\"1461\" data-col-size=\"sm\">Longitudes de onda<\/td>\n<td data-start=\"1461\" data-end=\"1479\" data-col-size=\"sm\">1310 \/ 1550 nm<\/td>\n<\/tr>\n<tr data-start=\"1480\" data-end=\"1517\">\n<td data-start=\"1480\" data-end=\"1493\" data-col-size=\"sm\">Durabilidad<\/td>\n<td data-start=\"1493\" data-end=\"1517\" data-col-size=\"sm\">\u2265 1000 ciclos de apareamiento<\/td>\n<\/tr>\n<\/tbody>\n<\/table>\n<\/div>\n<\/div>\n<p data-start=\"1519\" data-end=\"1611\">Estos valores garantizan <strong data-start=\"1539\" data-end=\"1569\">transmisi\u00f3n estable de se\u00f1ales<\/strong> para <strong data-start=\"1574\" data-end=\"1610\">FTTH, telecomunicaciones y redes de datos<\/strong>.<\/p>\n<hr data-start=\"1613\" data-end=\"1616\" \/>\n<h3 data-start=\"1618\" data-end=\"1641\">Dise\u00f1o mec\u00e1nico<\/h3>\n<div class=\"TyagGW_tableContainer\">\n<div class=\"group TyagGW_tableWrapper flex flex-col-reverse w-fit\" tabindex=\"-1\">\n<table class=\"w-fit min-w-(--thread-content-width)\" data-start=\"1643\" data-end=\"1947\">\n<thead data-start=\"1643\" data-end=\"1670\">\n<tr data-start=\"1643\" data-end=\"1670\">\n<th class=\"\" data-start=\"1643\" data-end=\"1653\" data-col-size=\"sm\">Caracter\u00edstica<\/th>\n<th class=\"\" data-start=\"1653\" data-end=\"1670\" data-col-size=\"sm\">Especificaci\u00f3n<\/th>\n<\/tr>\n<\/thead>\n<tbody data-start=\"1698\" data-end=\"1947\">\n<tr data-start=\"1698\" data-end=\"1729\">\n<td data-start=\"1698\" data-end=\"1715\" data-col-size=\"sm\">Tipo de conector<\/td>\n<td data-start=\"1715\" data-end=\"1729\" data-col-size=\"sm\">LC Simplex<\/td>\n<\/tr>\n<tr data-start=\"1730\" data-end=\"1756\">\n<td data-start=\"1730\" data-end=\"1747\" data-col-size=\"sm\">Di\u00e1metro del cable<\/td>\n<td data-start=\"1747\" data-end=\"1756\" data-col-size=\"sm\">2,0 mm<\/td>\n<\/tr>\n<tr data-start=\"1757\" data-end=\"1794\">\n<td data-start=\"1757\" data-end=\"1767\" data-col-size=\"sm\">Casquillo<\/td>\n<td data-start=\"1767\" data-end=\"1794\" data-col-size=\"sm\">Cer\u00e1mica de circonio de 1,25 mm.<\/td>\n<\/tr>\n<tr data-start=\"1795\" data-end=\"1838\">\n<td data-start=\"1795\" data-end=\"1802\" data-col-size=\"sm\">Bota<\/td>\n<td data-start=\"1802\" data-end=\"1838\" data-col-size=\"sm\">Alivio de tensi\u00f3n corto y de perfil bajo<\/td>\n<\/tr>\n<tr data-start=\"1839\" data-end=\"1873\">\n<td data-start=\"1839\" data-end=\"1857\" data-col-size=\"sm\">Sistema de cierre<\/td>\n<td data-start=\"1857\" data-end=\"1873\" data-col-size=\"sm\">Empuje-tir\u00f3n LC<\/td>\n<\/tr>\n<tr data-start=\"1874\" data-end=\"1916\">\n<td data-start=\"1874\" data-end=\"1898\" data-col-size=\"sm\">Temperatura de funcionamiento<\/td>\n<td data-start=\"1898\" data-end=\"1916\" data-col-size=\"sm\">De \u201340 \u00b0C a +75 \u00b0C<\/td>\n<\/tr>\n<tr data-start=\"1917\" data-end=\"1947\">\n<td data-start=\"1917\" data-end=\"1936\" data-col-size=\"sm\">Resistencia a la tracci\u00f3n<\/td>\n<td data-start=\"1936\" data-end=\"1947\" data-col-size=\"sm\">\u2265 100 N<\/td>\n<\/tr>\n<\/tbody>\n<\/table>\n<\/div>\n<\/div>\n<p data-start=\"1949\" data-end=\"2058\">En <strong data-start=\"1953\" data-end=\"1967\">bota corta<\/strong> permite que el conector se ajuste c\u00f3modamente en <strong data-start=\"2011\" data-end=\"2057\">paneles de conexi\u00f3n y jaulas de transceptores abarrotados<\/strong>.<\/p>\n<hr data-start=\"2060\" data-end=\"2063\" \/>\n<h3 data-start=\"2065\" data-end=\"2091\">Aplicaciones t\u00edpicas<\/h3>\n<p data-start=\"2093\" data-end=\"2121\">Este conector es ideal para:<\/p>\n<ul data-start=\"2123\" data-end=\"2315\">\n<li data-start=\"2123\" data-end=\"2152\">\n<p data-start=\"2125\" data-end=\"2152\">Paneles de conexi\u00f3n de alta densidad<\/p>\n<\/li>\n<li data-start=\"2153\" data-end=\"2183\">\n<p data-start=\"2155\" data-end=\"2183\">Cables de conexi\u00f3n LC para centros de datos<\/p>\n<\/li>\n<li data-start=\"2184\" data-end=\"2212\">\n<p data-start=\"2186\" data-end=\"2212\">Cuadros de distribuci\u00f3n FTTH<\/p>\n<\/li>\n<li data-start=\"2213\" data-end=\"2245\">\n<p data-start=\"2215\" data-end=\"2245\">Conmutadores y enrutadores de red<\/p>\n<\/li>\n<li data-start=\"2246\" data-end=\"2281\">\n<p data-start=\"2248\" data-end=\"2281\">Conexiones de transceptores \u00f3pticos<\/p>\n<\/li>\n<li data-start=\"2282\" data-end=\"2315\">\n<p data-start=\"2284\" data-end=\"2315\">Equipos de prueba y monitoreo<\/p>\n<\/li>\n<\/ul>\n<hr data-start=\"2317\" data-end=\"2320\" \/>\n<h2 data-start=\"2322\" data-end=\"2343\">Preguntas y respuestas profesionales<\/h2>\n<p data-start=\"2345\" data-end=\"2513\"><strong data-start=\"2345\" data-end=\"2393\">P1: \u00bfUn arranque corto reduce la resistencia del cable?<\/strong><br data-start=\"2393\" data-end=\"2396\" \/>No. La bota corta sigue proporcionando <strong data-start=\"2430\" data-end=\"2456\">alivio de tensi\u00f3n adecuado<\/strong> para cables de conexi\u00f3n internos, al tiempo que mejora la eficiencia del espacio.<\/p>\n<hr data-start=\"2515\" data-end=\"2518\" \/>\n<p data-start=\"2520\" data-end=\"2649\"><strong data-start=\"2520\" data-end=\"2569\">P2: \u00bfSe puede utilizar en adaptadores LC est\u00e1ndar?<\/strong><br data-start=\"2569\" data-end=\"2572\" \/>S\u00ed. Lo es. <strong data-start=\"2583\" data-end=\"2603\">totalmente compatible<\/strong> con todos los adaptadores y paneles LC UPC est\u00e1ndar.<\/p>\n<hr data-start=\"2651\" data-end=\"2654\" \/>\n<p data-start=\"2656\" data-end=\"2838\"><strong data-start=\"2656\" data-end=\"2711\">P3: \u00bfCu\u00e1ndo debo elegir un conector LC de boot corto?<\/strong><br data-start=\"2711\" data-end=\"2714\" \/>Cuando trabajas con <strong data-start=\"2740\" data-end=\"2792\">estantes abarrotados, estantes de fibra o dispositivos compactos<\/strong> donde las botas est\u00e1ndar son dif\u00edciles de manejar.<\/p>","protected":false},"excerpt":{"rendered":"<h3 data-start=\"216\" data-end=\"277\">Dise\u00f1ado para espacios reducidos y paneles de fibra de alta densidad.<\/h3>\n<p data-start=\"279\" data-end=\"647\">En <strong data-start=\"283\" data-end=\"333\">Conector LC UPC simplex de 2,0 mm con funda corta<\/strong> est\u00e1 dise\u00f1ado para <strong data-start=\"352\" data-end=\"435\">entornos de fibra \u00f3ptica en los que el espacio es limitado, pero no se puede comprometer el rendimiento<\/strong>.<br data-start=\"436\" data-end=\"439\" \/>Al sustituir la funda protectora est\u00e1ndar por una <strong data-start=\"496\" data-end=\"518\">bota corta compacta<\/strong>, este conector permite <strong data-start=\"542\" data-end=\"584\">Enrutamiento m\u00e1s sencillo y mayor densidad de puertos<\/strong> en <strong data-start=\"588\" data-end=\"646\">Racks ODF, paneles de conexi\u00f3n, conmutadores y m\u00f3dulos \u00f3pticos.<\/strong>.<\/p>\n<p data-start=\"649\" data-end=\"818\">Mantiene lo mismo. <strong data-start=\"671\" data-end=\"721\">rendimiento \u00f3ptico y fiabilidad mec\u00e1nica<\/strong> como conector LC UPC est\u00e1ndar, al tiempo que ofrece <strong data-start=\"769\" data-end=\"817\">Mejor espacio libre detr\u00e1s de los adaptadores y m\u00f3dulos.<\/strong>.<\/p>","protected":false},"featured_media":911,"comment_status":"open","ping_status":"closed","template":"","meta":[],"product_brand":[],"product_cat":[50],"product_tag":[],"class_list":{"0":"post-910","1":"product","2":"type-product","3":"status-publish","4":"has-post-thumbnail","6":"product_cat-lc-simplex-connectors-single-modemultimode","8":"first","9":"instock","10":"shipping-taxable","11":"product-type-simple"},"_links":{"self":[{"href":"https:\/\/www.fenxifiber.com\/es\/wp-json\/wp\/v2\/product\/910","targetHints":{"allow":["GET"]}}],"collection":[{"href":"https:\/\/www.fenxifiber.com\/es\/wp-json\/wp\/v2\/product"}],"about":[{"href":"https:\/\/www.fenxifiber.com\/es\/wp-json\/wp\/v2\/types\/product"}],"replies":[{"embeddable":true,"href":"https:\/\/www.fenxifiber.com\/es\/wp-json\/wp\/v2\/comments?post=910"}],"wp:featuredmedia":[{"embeddable":true,"href":"https:\/\/www.fenxifiber.com\/es\/wp-json\/wp\/v2\/media\/911"}],"wp:attachment":[{"href":"https:\/\/www.fenxifiber.com\/es\/wp-json\/wp\/v2\/media?parent=910"}],"wp:term":[{"taxonomy":"product_brand","embeddable":true,"href":"https:\/\/www.fenxifiber.com\/es\/wp-json\/wp\/v2\/product_brand?post=910"},{"taxonomy":"product_cat","embeddable":true,"href":"https:\/\/www.fenxifiber.com\/es\/wp-json\/wp\/v2\/product_cat?post=910"},{"taxonomy":"product_tag","embeddable":true,"href":"https:\/\/www.fenxifiber.com\/es\/wp-json\/wp\/v2\/product_tag?post=910"}],"curies":[{"name":"wp","href":"https:\/\/api.w.org\/{rel}","templated":true}]}}