{"id":912,"date":"2026-02-04T03:16:46","date_gmt":"2026-02-04T03:16:46","guid":{"rendered":"https:\/\/www.fenxifiber.com\/?post_type=product&#038;p=912"},"modified":"2026-02-05T02:27:53","modified_gmt":"2026-02-05T02:27:53","slug":"lc-upc-20-mm-simplex-multimodo","status":"publish","type":"product","link":"https:\/\/www.fenxifiber.com\/es\/product\/lc-upc-2-0mm-simplex-multimode\/","title":{"rendered":"LC UPC Conector de fibra multimodo simplex de 2,0 mm"},"content":{"rendered":"<h3 data-start=\"786\" data-end=\"839\">\u00bfPor qu\u00e9 2,0 mm es el est\u00e1ndar para los puentes multimodo?<\/h3>\n<div class=\"TyagGW_tableContainer\">\n<div class=\"group TyagGW_tableWrapper flex flex-col-reverse w-fit\" tabindex=\"-1\">\n<table class=\"w-fit min-w-(--thread-content-width)\" data-start=\"841\" data-end=\"1021\">\n<thead data-start=\"841\" data-end=\"877\">\n<tr data-start=\"841\" data-end=\"877\">\n<th class=\"\" data-start=\"841\" data-end=\"854\" data-col-size=\"sm\">Tama\u00f1o del cable<\/th>\n<th class=\"\" data-start=\"854\" data-end=\"877\" data-col-size=\"sm\">Aplicaci\u00f3n t\u00edpica<\/th>\n<\/tr>\n<\/thead>\n<tbody data-start=\"913\" data-end=\"1021\">\n<tr data-start=\"913\" data-end=\"943\">\n<td data-start=\"913\" data-end=\"921\" data-col-size=\"sm\">0,9 mm<\/td>\n<td data-start=\"921\" data-end=\"943\" data-col-size=\"sm\">Pigtails multimodo<\/td>\n<\/tr>\n<tr data-start=\"944\" data-end=\"985\">\n<td data-start=\"944\" data-end=\"956\" data-col-size=\"sm\"><strong data-start=\"946\" data-end=\"955\">2,0 mm<\/strong><\/td>\n<td data-start=\"956\" data-end=\"985\" data-col-size=\"sm\"><strong data-start=\"958\" data-end=\"983\">Cables de conexi\u00f3n multimodo<\/strong><\/td>\n<\/tr>\n<tr data-start=\"986\" data-end=\"1021\">\n<td data-start=\"986\" data-end=\"994\" data-col-size=\"sm\">3,0 mm<\/td>\n<td data-col-size=\"sm\" data-start=\"994\" data-end=\"1021\">Cables resistentes o para exteriores<\/td>\n<\/tr>\n<\/tbody>\n<\/table>\n<\/div>\n<\/div>\n<p data-start=\"1023\" data-end=\"1187\">En <strong data-start=\"1027\" data-end=\"1042\">Cable de 2,0 mm<\/strong> proporciona el equilibrio ideal entre <strong data-start=\"1078\" data-end=\"1114\">flexibilidad y resistencia a la tracci\u00f3n<\/strong>, lo que lo hace perfecto para <strong data-start=\"1138\" data-end=\"1186\">Conexiones de rack a rack y de dispositivo a panel.<\/strong>.<\/p>\n<hr data-start=\"1189\" data-end=\"1192\" \/>\n<h3 data-start=\"1194\" data-end=\"1229\">Rendimiento \u00f3ptico multimodo<\/h3>\n<div class=\"TyagGW_tableContainer\">\n<div class=\"group TyagGW_tableWrapper flex flex-col-reverse w-fit\" tabindex=\"-1\">\n<table class=\"w-fit min-w-(--thread-content-width)\" data-start=\"1231\" data-end=\"1570\">\n<thead data-start=\"1231\" data-end=\"1260\">\n<tr data-start=\"1231\" data-end=\"1260\">\n<th class=\"\" data-start=\"1231\" data-end=\"1243\" data-col-size=\"sm\">Par\u00e1metro<\/th>\n<th class=\"\" data-start=\"1243\" data-end=\"1260\" data-col-size=\"md\">Valor t\u00edpico<\/th>\n<\/tr>\n<\/thead>\n<tbody data-start=\"1290\" data-end=\"1570\">\n<tr data-start=\"1290\" data-end=\"1350\">\n<td data-start=\"1290\" data-end=\"1303\" data-col-size=\"sm\">Tipo de fibra<\/td>\n<td data-start=\"1303\" data-end=\"1350\" data-col-size=\"md\">Multimodo 50\/125 \u00b5m (OM2 \/ OM3 \/ OM4 \/ OM5)<\/td>\n<\/tr>\n<tr data-start=\"1351\" data-end=\"1372\">\n<td data-start=\"1351\" data-end=\"1365\" data-col-size=\"sm\">Tipo de polaco<\/td>\n<td data-start=\"1365\" data-end=\"1372\" data-col-size=\"md\">UPC<\/td>\n<\/tr>\n<tr data-start=\"1373\" data-end=\"1403\">\n<td data-start=\"1373\" data-end=\"1390\" data-col-size=\"sm\">P\u00e9rdida de inserci\u00f3n<\/td>\n<td data-start=\"1390\" data-end=\"1403\" data-col-size=\"md\">\u2264 0,30 dB<\/td>\n<\/tr>\n<tr data-start=\"1404\" data-end=\"1429\">\n<td data-start=\"1404\" data-end=\"1418\" data-col-size=\"sm\">P\u00e9rdida de retorno<\/td>\n<td data-start=\"1418\" data-end=\"1429\" data-col-size=\"md\">\u2265 35 dB<\/td>\n<\/tr>\n<tr data-start=\"1430\" data-end=\"1474\">\n<td data-start=\"1430\" data-end=\"1454\" data-col-size=\"sm\">Longitudes de onda operativas<\/td>\n<td data-start=\"1454\" data-end=\"1474\" data-col-size=\"md\">850 nm \/ 1300 nm<\/td>\n<\/tr>\n<tr data-start=\"1475\" data-end=\"1538\">\n<td data-start=\"1475\" data-end=\"1498\" data-col-size=\"sm\">Velocidades de datos compatibles<\/td>\n<td data-start=\"1498\" data-end=\"1538\" data-col-size=\"md\">10G \/ 25G \/ 40G \/ 100G (alcance corto)<\/td>\n<\/tr>\n<tr data-start=\"1539\" data-end=\"1570\">\n<td data-start=\"1539\" data-end=\"1553\" data-col-size=\"sm\">Vida en pareja<\/td>\n<td data-start=\"1553\" data-end=\"1570\" data-col-size=\"md\">\u2265 1000 ciclos<\/td>\n<\/tr>\n<\/tbody>\n<\/table>\n<\/div>\n<\/div>\n<p data-start=\"1572\" data-end=\"1668\">Estas especificaciones garantizan <strong data-start=\"1600\" data-end=\"1633\">transmisi\u00f3n estable y con bajas p\u00e9rdidas<\/strong> para redes multimodo de alta velocidad.<\/p>\n<hr data-start=\"1670\" data-end=\"1673\" \/>\n<h3 data-start=\"1675\" data-end=\"1708\">Estructura del conector y del cable<\/h3>\n<div class=\"TyagGW_tableContainer\">\n<div class=\"group TyagGW_tableWrapper flex flex-col-reverse w-fit\" tabindex=\"-1\">\n<table class=\"w-fit min-w-(--thread-content-width)\" data-start=\"1710\" data-end=\"2009\">\n<thead data-start=\"1710\" data-end=\"1737\">\n<tr data-start=\"1710\" data-end=\"1737\">\n<th class=\"\" data-start=\"1710\" data-end=\"1720\" data-col-size=\"sm\">Caracter\u00edstica<\/th>\n<th class=\"\" data-start=\"1720\" data-end=\"1737\" data-col-size=\"sm\">Especificaci\u00f3n<\/th>\n<\/tr>\n<\/thead>\n<tbody data-start=\"1765\" data-end=\"2009\">\n<tr data-start=\"1765\" data-end=\"1796\">\n<td data-start=\"1765\" data-end=\"1782\" data-col-size=\"sm\">Tipo de conector<\/td>\n<td data-col-size=\"sm\" data-start=\"1782\" data-end=\"1796\">LC Simplex<\/td>\n<\/tr>\n<tr data-start=\"1797\" data-end=\"1823\">\n<td data-start=\"1797\" data-end=\"1814\" data-col-size=\"sm\">Di\u00e1metro del cable<\/td>\n<td data-col-size=\"sm\" data-start=\"1814\" data-end=\"1823\">2,0 mm<\/td>\n<\/tr>\n<tr data-start=\"1824\" data-end=\"1861\">\n<td data-start=\"1824\" data-end=\"1834\" data-col-size=\"sm\">Casquillo<\/td>\n<td data-start=\"1834\" data-end=\"1861\" data-col-size=\"sm\">Cer\u00e1mica de circonio de 1,25 mm.<\/td>\n<\/tr>\n<tr data-start=\"1862\" data-end=\"1900\">\n<td data-start=\"1862\" data-end=\"1869\" data-col-size=\"sm\">Bota<\/td>\n<td data-start=\"1869\" data-end=\"1900\" data-col-size=\"sm\">Funda protectora est\u00e1ndar para aliviar la tensi\u00f3n<\/td>\n<\/tr>\n<tr data-start=\"1901\" data-end=\"1935\">\n<td data-start=\"1901\" data-end=\"1919\" data-col-size=\"sm\">Sistema de cierre<\/td>\n<td data-start=\"1919\" data-end=\"1935\" data-col-size=\"sm\">Empuje-tir\u00f3n LC<\/td>\n<\/tr>\n<tr data-start=\"1936\" data-end=\"1978\">\n<td data-start=\"1936\" data-end=\"1960\" data-col-size=\"sm\">Temperatura de funcionamiento<\/td>\n<td data-start=\"1960\" data-end=\"1978\" data-col-size=\"sm\">De \u201340 \u00b0C a +75 \u00b0C<\/td>\n<\/tr>\n<tr data-start=\"1979\" data-end=\"2009\">\n<td data-start=\"1979\" data-end=\"1998\" data-col-size=\"sm\">Resistencia a la tracci\u00f3n<\/td>\n<td data-col-size=\"sm\" data-start=\"1998\" data-end=\"2009\">\u2265 100 N<\/td>\n<\/tr>\n<\/tbody>\n<\/table>\n<\/div>\n<\/div>\n<p data-start=\"2011\" data-end=\"2115\">En <strong data-start=\"2015\" data-end=\"2045\">chaqueta y botas reforzadas<\/strong> proteger la fibra de <strong data-start=\"2069\" data-end=\"2114\">doblar y tirar durante los parches diarios<\/strong>.<\/p>\n<hr data-start=\"2117\" data-end=\"2120\" \/>\n<h3 data-start=\"2122\" data-end=\"2148\">Aplicaciones t\u00edpicas<\/h3>\n<p data-start=\"2150\" data-end=\"2198\">Este conector multimodo LC se utiliza habitualmente en:<\/p>\n<ul data-start=\"2200\" data-end=\"2402\">\n<li data-start=\"2200\" data-end=\"2227\">\n<p data-start=\"2202\" data-end=\"2227\">Cables de conexi\u00f3n para centros de datos<\/p>\n<\/li>\n<li data-start=\"2228\" data-end=\"2275\">\n<p data-start=\"2230\" data-end=\"2275\">Enlaces de conmutador a conmutador y de conmutador a servidor<\/p>\n<\/li>\n<li data-start=\"2276\" data-end=\"2309\">\n<p data-start=\"2278\" data-end=\"2309\">Redes LAN y SAN empresariales<\/p>\n<\/li>\n<li data-start=\"2310\" data-end=\"2345\">\n<p data-start=\"2312\" data-end=\"2345\">Conexiones de transceptores \u00f3pticos<\/p>\n<\/li>\n<li data-start=\"2346\" data-end=\"2372\">\n<p data-start=\"2348\" data-end=\"2372\">Puentes de prueba multimodo<\/p>\n<\/li>\n<li data-start=\"2373\" data-end=\"2402\">\n<p data-start=\"2375\" data-end=\"2402\">Cuadros de distribuci\u00f3n de fibra<\/p>\n<\/li>\n<\/ul>","protected":false},"excerpt":{"rendered":"<h3 data-start=\"236\" data-end=\"299\">Un conector confiable para cables de conexi\u00f3n multimodo de alta velocidad.<\/h3>\n<p data-start=\"301\" data-end=\"640\">En <strong data-start=\"305\" data-end=\"349\">Conector LC UPC 2,0 mm simplex multimodo<\/strong> est\u00e1 dise\u00f1ado para <strong data-start=\"366\" data-end=\"397\">cables de conexi\u00f3n de fibra multimodo<\/strong> utilizado en <strong data-start=\"406\" data-end=\"464\">centros de datos, redes empresariales y salas de equipos<\/strong>.<br data-start=\"465\" data-end=\"468\" \/>Combina el <strong data-start=\"484\" data-end=\"510\">formato LC compacto<\/strong> con un <strong data-start=\"518\" data-end=\"542\">chaqueta resistente de 2,0 mm<\/strong>, proporcionando tanto <strong data-start=\"559\" data-end=\"605\">precisi\u00f3n \u00f3ptica y estabilidad mec\u00e1nica<\/strong> para un funcionamiento diario plug-and-play.<\/p>\n<p data-start=\"642\" data-end=\"779\">Este conector se utiliza ampliamente para construir <strong data-start=\"681\" data-end=\"725\">Puentes multimodo LC-LC, LC-SC y LC-FC<\/strong> para <strong data-start=\"730\" data-end=\"778\">Enlaces Ethernet de 10G, 25G y 100G de corto alcance<\/strong>.<\/p>","protected":false},"featured_media":913,"comment_status":"open","ping_status":"closed","template":"","meta":[],"product_brand":[],"product_cat":[50],"product_tag":[],"class_list":{"0":"post-912","1":"product","2":"type-product","3":"status-publish","4":"has-post-thumbnail","6":"product_cat-lc-simplex-connectors-single-modemultimode","8":"first","9":"instock","10":"shipping-taxable","11":"product-type-simple"},"_links":{"self":[{"href":"https:\/\/www.fenxifiber.com\/es\/wp-json\/wp\/v2\/product\/912","targetHints":{"allow":["GET"]}}],"collection":[{"href":"https:\/\/www.fenxifiber.com\/es\/wp-json\/wp\/v2\/product"}],"about":[{"href":"https:\/\/www.fenxifiber.com\/es\/wp-json\/wp\/v2\/types\/product"}],"replies":[{"embeddable":true,"href":"https:\/\/www.fenxifiber.com\/es\/wp-json\/wp\/v2\/comments?post=912"}],"wp:featuredmedia":[{"embeddable":true,"href":"https:\/\/www.fenxifiber.com\/es\/wp-json\/wp\/v2\/media\/913"}],"wp:attachment":[{"href":"https:\/\/www.fenxifiber.com\/es\/wp-json\/wp\/v2\/media?parent=912"}],"wp:term":[{"taxonomy":"product_brand","embeddable":true,"href":"https:\/\/www.fenxifiber.com\/es\/wp-json\/wp\/v2\/product_brand?post=912"},{"taxonomy":"product_cat","embeddable":true,"href":"https:\/\/www.fenxifiber.com\/es\/wp-json\/wp\/v2\/product_cat?post=912"},{"taxonomy":"product_tag","embeddable":true,"href":"https:\/\/www.fenxifiber.com\/es\/wp-json\/wp\/v2\/product_tag?post=912"}],"curies":[{"name":"wp","href":"https:\/\/api.w.org\/{rel}","templated":true}]}}