{"id":916,"date":"2026-02-04T03:19:09","date_gmt":"2026-02-04T03:19:09","guid":{"rendered":"https:\/\/www.fenxifiber.com\/?post_type=product&#038;p=916"},"modified":"2026-02-05T02:28:47","modified_gmt":"2026-02-05T02:28:47","slug":"lc-upc-30-mm-simplex-multimodo","status":"publish","type":"product","link":"https:\/\/www.fenxifiber.com\/es\/product\/lc-upc-3-0mm-simplex-multimode\/","title":{"rendered":"LC UPC Conector de fibra multimodo simplex de 3,0 mm"},"content":{"rendered":"<h3 data-start=\"845\" data-end=\"889\">\u00bfPor qu\u00e9 elegir 3,0 mm para los puentes multimodo?<\/h3>\n<div class=\"TyagGW_tableContainer\">\n<div class=\"group TyagGW_tableWrapper flex flex-col-reverse w-fit\" tabindex=\"-1\">\n<table class=\"w-fit min-w-(--thread-content-width)\" data-start=\"891\" data-end=\"1145\">\n<thead data-start=\"891\" data-end=\"944\">\n<tr data-start=\"891\" data-end=\"944\">\n<th class=\"\" data-start=\"891\" data-end=\"908\" data-col-size=\"sm\">Di\u00e1metro del cable<\/th>\n<th class=\"\" data-start=\"908\" data-end=\"921\" data-col-size=\"sm\">Durabilidad<\/th>\n<th class=\"\" data-start=\"921\" data-end=\"944\" data-col-size=\"sm\">Entorno t\u00edpico<\/th>\n<\/tr>\n<\/thead>\n<tbody data-start=\"999\" data-end=\"1145\">\n<tr data-start=\"999\" data-end=\"1035\">\n<td data-start=\"999\" data-end=\"1007\" data-col-size=\"sm\">0,9 mm<\/td>\n<td data-start=\"1007\" data-end=\"1013\" data-col-size=\"sm\">Bajo<\/td>\n<td data-start=\"1013\" data-end=\"1035\" data-col-size=\"sm\">Trenzas, empalmes<\/td>\n<\/tr>\n<tr data-start=\"1036\" data-end=\"1077\">\n<td data-start=\"1036\" data-end=\"1044\" data-col-size=\"sm\">2,0 mm<\/td>\n<td data-start=\"1044\" data-end=\"1053\" data-col-size=\"sm\">Medio<\/td>\n<td data-start=\"1053\" data-end=\"1077\" data-col-size=\"sm\">Cables de conexi\u00f3n est\u00e1ndar<\/td>\n<\/tr>\n<tr data-start=\"1078\" data-end=\"1145\">\n<td data-start=\"1078\" data-end=\"1090\" data-col-size=\"sm\"><strong data-start=\"1080\" data-end=\"1089\">3,0 mm<\/strong><\/td>\n<td data-start=\"1090\" data-end=\"1101\" data-col-size=\"sm\"><strong data-start=\"1092\" data-end=\"1100\">Alto<\/strong><\/td>\n<td data-start=\"1101\" data-end=\"1145\" data-col-size=\"sm\"><strong data-start=\"1103\" data-end=\"1143\">Estantes de alto tr\u00e1fico, sitios industriales<\/strong><\/td>\n<\/tr>\n<\/tbody>\n<\/table>\n<\/div>\n<\/div>\n<p data-start=\"1147\" data-end=\"1238\">En <strong data-start=\"1151\" data-end=\"1169\">chamarra m\u00e1s gruesa<\/strong> protege las fibras de <strong data-start=\"1191\" data-end=\"1237\">doblagio, vibraci\u00f3n y tirones accidentales<\/strong>.<\/p>\n<hr data-start=\"1240\" data-end=\"1243\" \/>\n<h3 data-start=\"1245\" data-end=\"1280\">Rendimiento \u00f3ptico multimodo<\/h3>\n<div class=\"TyagGW_tableContainer\">\n<div class=\"group TyagGW_tableWrapper flex flex-col-reverse w-fit\" tabindex=\"-1\">\n<table class=\"w-fit min-w-(--thread-content-width)\" data-start=\"1282\" data-end=\"1653\">\n<thead data-start=\"1282\" data-end=\"1311\">\n<tr data-start=\"1282\" data-end=\"1311\">\n<th class=\"\" data-start=\"1282\" data-end=\"1294\" data-col-size=\"sm\">Par\u00e1metro<\/th>\n<th class=\"\" data-start=\"1294\" data-end=\"1311\" data-col-size=\"sm\">Valor t\u00edpico<\/th>\n<\/tr>\n<\/thead>\n<tbody data-start=\"1341\" data-end=\"1653\">\n<tr data-start=\"1341\" data-end=\"1389\">\n<td data-start=\"1341\" data-end=\"1354\" data-col-size=\"sm\">Tipo de fibra<\/td>\n<td data-col-size=\"sm\" data-start=\"1354\" data-end=\"1389\">Multimodo OM2 \/ OM3 \/ OM4 \/ OM5<\/td>\n<\/tr>\n<tr data-start=\"1390\" data-end=\"1440\">\n<td data-start=\"1390\" data-end=\"1408\" data-col-size=\"sm\">N\u00facleo \/ Revestimiento<\/td>\n<td data-col-size=\"sm\" data-start=\"1408\" data-end=\"1440\">50\/125 \u00b5m o 62,5\/125 \u00b5m<\/td>\n<\/tr>\n<tr data-start=\"1441\" data-end=\"1462\">\n<td data-start=\"1441\" data-end=\"1455\" data-col-size=\"sm\">Tipo de polaco<\/td>\n<td data-col-size=\"sm\" data-start=\"1455\" data-end=\"1462\">UPC<\/td>\n<\/tr>\n<tr data-start=\"1463\" data-end=\"1493\">\n<td data-start=\"1463\" data-end=\"1480\" data-col-size=\"sm\">P\u00e9rdida de inserci\u00f3n<\/td>\n<td data-start=\"1480\" data-end=\"1493\" data-col-size=\"sm\">\u2264 0,30 dB<\/td>\n<\/tr>\n<tr data-start=\"1494\" data-end=\"1519\">\n<td data-start=\"1494\" data-end=\"1508\" data-col-size=\"sm\">P\u00e9rdida de retorno<\/td>\n<td data-col-size=\"sm\" data-start=\"1508\" data-end=\"1519\">\u2265 35 dB<\/td>\n<\/tr>\n<tr data-start=\"1520\" data-end=\"1551\">\n<td data-start=\"1520\" data-end=\"1534\" data-col-size=\"sm\">Longitudes de onda<\/td>\n<td data-col-size=\"sm\" data-start=\"1534\" data-end=\"1551\">850\/1300 nm<\/td>\n<\/tr>\n<tr data-start=\"1552\" data-end=\"1615\">\n<td data-start=\"1552\" data-end=\"1575\" data-col-size=\"sm\">Velocidades de datos compatibles<\/td>\n<td data-start=\"1575\" data-end=\"1615\" data-col-size=\"sm\">10G \/ 25G \/ 40G \/ 100G (alcance corto)<\/td>\n<\/tr>\n<tr data-start=\"1616\" data-end=\"1653\">\n<td data-start=\"1616\" data-end=\"1629\" data-col-size=\"sm\">Durabilidad<\/td>\n<td data-start=\"1629\" data-end=\"1653\" data-col-size=\"sm\">\u2265 1000 ciclos de apareamiento<\/td>\n<\/tr>\n<\/tbody>\n<\/table>\n<\/div>\n<\/div>\n<p data-start=\"1655\" data-end=\"1733\">Estas especificaciones garantizan <strong data-start=\"1674\" data-end=\"1701\">calidad de se\u00f1al confiable<\/strong> incluso en entornos exigentes.<\/p>\n<hr data-start=\"1735\" data-end=\"1738\" \/>\n<h3 data-start=\"1740\" data-end=\"1769\">Construcci\u00f3n mec\u00e1nica<\/h3>\n<div class=\"TyagGW_tableContainer\">\n<div class=\"group TyagGW_tableWrapper flex flex-col-reverse w-fit\" tabindex=\"-1\">\n<table class=\"w-fit min-w-(--thread-content-width)\" data-start=\"1771\" data-end=\"2073\">\n<thead data-start=\"1771\" data-end=\"1798\">\n<tr data-start=\"1771\" data-end=\"1798\">\n<th class=\"\" data-start=\"1771\" data-end=\"1781\" data-col-size=\"sm\">Caracter\u00edstica<\/th>\n<th class=\"\" data-start=\"1781\" data-end=\"1798\" data-col-size=\"sm\">Especificaci\u00f3n<\/th>\n<\/tr>\n<\/thead>\n<tbody data-start=\"1826\" data-end=\"2073\">\n<tr data-start=\"1826\" data-end=\"1857\">\n<td data-start=\"1826\" data-end=\"1843\" data-col-size=\"sm\">Tipo de conector<\/td>\n<td data-start=\"1843\" data-end=\"1857\" data-col-size=\"sm\">LC Simplex<\/td>\n<\/tr>\n<tr data-start=\"1858\" data-end=\"1884\">\n<td data-start=\"1858\" data-end=\"1875\" data-col-size=\"sm\">Di\u00e1metro del cable<\/td>\n<td data-start=\"1875\" data-end=\"1884\" data-col-size=\"sm\">3,0 mm<\/td>\n<\/tr>\n<tr data-start=\"1885\" data-end=\"1922\">\n<td data-start=\"1885\" data-end=\"1895\" data-col-size=\"sm\">Casquillo<\/td>\n<td data-start=\"1895\" data-end=\"1922\" data-col-size=\"sm\">Cer\u00e1mica de circonio de 1,25 mm.<\/td>\n<\/tr>\n<tr data-start=\"1923\" data-end=\"1964\">\n<td data-start=\"1923\" data-end=\"1930\" data-col-size=\"sm\">Bota<\/td>\n<td data-start=\"1930\" data-end=\"1964\" data-col-size=\"sm\">Alivio de tensi\u00f3n largo y reforzado<\/td>\n<\/tr>\n<tr data-start=\"1965\" data-end=\"1999\">\n<td data-start=\"1965\" data-end=\"1983\" data-col-size=\"sm\">Sistema de cierre<\/td>\n<td data-start=\"1983\" data-end=\"1999\" data-col-size=\"sm\">Empuje-tir\u00f3n LC<\/td>\n<\/tr>\n<tr data-start=\"2000\" data-end=\"2042\">\n<td data-start=\"2000\" data-end=\"2024\" data-col-size=\"sm\">Temperatura de funcionamiento<\/td>\n<td data-start=\"2024\" data-end=\"2042\" data-col-size=\"sm\">De \u201340 \u00b0C a +75 \u00b0C<\/td>\n<\/tr>\n<tr data-start=\"2043\" data-end=\"2073\">\n<td data-start=\"2043\" data-end=\"2062\" data-col-size=\"sm\">Resistencia a la tracci\u00f3n<\/td>\n<td data-start=\"2062\" data-end=\"2073\" data-col-size=\"sm\">\u2265 120 N<\/td>\n<\/tr>\n<\/tbody>\n<\/table>\n<\/div>\n<\/div>\n<p data-start=\"2075\" data-end=\"2195\">En <strong data-start=\"2079\" data-end=\"2115\">bota reforzada y chamarra gruesa<\/strong> Evita las microcurvaturas y la tensi\u00f3n mec\u00e1nica que pueden degradar las se\u00f1ales multimodo.<\/p>\n<hr data-start=\"2197\" data-end=\"2200\" \/>\n<h3 data-start=\"2202\" data-end=\"2228\">Aplicaciones t\u00edpicas<\/h3>\n<p data-start=\"2230\" data-end=\"2282\">Este conector multimodo LC de 3,0 mm se utiliza ampliamente en:<\/p>\n<ul data-start=\"2284\" data-end=\"2480\">\n<li data-start=\"2284\" data-end=\"2316\">\n<p data-start=\"2286\" data-end=\"2316\">Puentes troncales del centro de datos<\/p>\n<\/li>\n<li data-start=\"2317\" data-end=\"2353\">\n<p data-start=\"2319\" data-end=\"2353\">Enlaces multimodo de conmutador a conmutador<\/p>\n<\/li>\n<li data-start=\"2354\" data-end=\"2392\">\n<p data-start=\"2356\" data-end=\"2392\">Redes industriales de fibra Ethernet<\/p>\n<\/li>\n<li data-start=\"2393\" data-end=\"2425\">\n<p data-start=\"2395\" data-end=\"2425\">Armarios y bastidores para equipos<\/p>\n<\/li>\n<li data-start=\"2426\" data-end=\"2450\">\n<p data-start=\"2428\" data-end=\"2450\">Cables de prueba multimodo<\/p>\n<\/li>\n<li data-start=\"2451\" data-end=\"2480\">\n<p data-start=\"2453\" data-end=\"2480\">Cuadros de distribuci\u00f3n de fibra<\/p>\n<\/li>\n<\/ul>","protected":false},"excerpt":{"rendered":"<h3 data-start=\"226\" data-end=\"290\">Dise\u00f1ado para enlaces multimodo de alta velocidad en entornos dif\u00edciles.<\/h3>\n<p data-start=\"292\" data-end=\"669\">En <strong data-start=\"296\" data-end=\"340\">Conector LC UPC 3,0 mm simplex multimodo<\/strong> est\u00e1 dise\u00f1ado para <strong data-start=\"357\" data-end=\"426\">Cables de conexi\u00f3n de fibra multimodo que requieren protecci\u00f3n mec\u00e1nica adicional.<\/strong>.<br data-start=\"427\" data-end=\"430\" \/>Aunque los cables de 2,0 mm son habituales en los bastidores est\u00e1ndar, el <strong data-start=\"483\" data-end=\"499\">Cubierta de 3,0 mm<\/strong> proporciona <strong data-start=\"509\" data-end=\"583\">Mayor resistencia a la tracci\u00f3n, mejor resistencia al aplastamiento y mayor vida \u00fatil.<\/strong>, lo que lo hace ideal para <strong data-start=\"605\" data-end=\"668\">centros de datos con gran volumen de datos, gabinetes industriales y salas de equipos<\/strong>.<\/p>\n<p data-start=\"671\" data-end=\"838\">Con <strong data-start=\"676\" data-end=\"701\">Casquillos pulidos UPC<\/strong> y <strong data-start=\"706\" data-end=\"739\">Compatibilidad con fibra multimodo<\/strong>, este conector es compatible con <strong data-start=\"765\" data-end=\"812\">transmisi\u00f3n \u00f3ptica de alta velocidad y corto alcance<\/strong> con excelente estabilidad.<\/p>","protected":false},"featured_media":917,"comment_status":"open","ping_status":"closed","template":"","meta":[],"product_brand":[],"product_cat":[50],"product_tag":[],"class_list":{"0":"post-916","1":"product","2":"type-product","3":"status-publish","4":"has-post-thumbnail","6":"product_cat-lc-simplex-connectors-single-modemultimode","8":"first","9":"instock","10":"shipping-taxable","11":"product-type-simple"},"_links":{"self":[{"href":"https:\/\/www.fenxifiber.com\/es\/wp-json\/wp\/v2\/product\/916","targetHints":{"allow":["GET"]}}],"collection":[{"href":"https:\/\/www.fenxifiber.com\/es\/wp-json\/wp\/v2\/product"}],"about":[{"href":"https:\/\/www.fenxifiber.com\/es\/wp-json\/wp\/v2\/types\/product"}],"replies":[{"embeddable":true,"href":"https:\/\/www.fenxifiber.com\/es\/wp-json\/wp\/v2\/comments?post=916"}],"wp:featuredmedia":[{"embeddable":true,"href":"https:\/\/www.fenxifiber.com\/es\/wp-json\/wp\/v2\/media\/917"}],"wp:attachment":[{"href":"https:\/\/www.fenxifiber.com\/es\/wp-json\/wp\/v2\/media?parent=916"}],"wp:term":[{"taxonomy":"product_brand","embeddable":true,"href":"https:\/\/www.fenxifiber.com\/es\/wp-json\/wp\/v2\/product_brand?post=916"},{"taxonomy":"product_cat","embeddable":true,"href":"https:\/\/www.fenxifiber.com\/es\/wp-json\/wp\/v2\/product_cat?post=916"},{"taxonomy":"product_tag","embeddable":true,"href":"https:\/\/www.fenxifiber.com\/es\/wp-json\/wp\/v2\/product_tag?post=916"}],"curies":[{"name":"wp","href":"https:\/\/api.w.org\/{rel}","templated":true}]}}