{"id":918,"date":"2026-02-04T03:21:16","date_gmt":"2026-02-04T03:21:16","guid":{"rendered":"https:\/\/www.fenxifiber.com\/?post_type=product&#038;p=918"},"modified":"2026-02-05T02:14:10","modified_gmt":"2026-02-05T02:14:10","slug":"fc-apc-2-0-3-0-mm-ajustable","status":"publish","type":"product","link":"https:\/\/www.fenxifiber.com\/es\/product\/fc-apc-2-0-3-0mm-adjustable\/","title":{"rendered":"Conector de fibra \u00f3ptica ajustable FC APC 2.0\/3.0mm"},"content":{"rendered":"<h2 data-start=\"1143\" data-end=\"1160\">Caracter\u00edsticas principales<\/h2>\n<ul data-start=\"1162\" data-end=\"1943\">\n<li data-start=\"1162\" data-end=\"1297\">\n<p data-start=\"1164\" data-end=\"1297\"><strong data-start=\"1164\" data-end=\"1207\">Opciones de botas ajustables de 2,0 mm \/ 3,0 mm<\/strong> \u2014 Compatible con di\u00e1metros de cable de fibra est\u00e1ndar.<\/p>\n<\/li>\n<li data-start=\"1298\" data-end=\"1434\">\n<p data-start=\"1300\" data-end=\"1434\"><strong data-start=\"1300\" data-end=\"1340\">Pulido por contacto f\u00edsico en \u00e1ngulo (APC)<\/strong> \u2014 Rendimiento superior en p\u00e9rdida de retorno (m\u00e1s de 60 dB t\u00edpico).<\/p>\n<\/li>\n<li data-start=\"1435\" data-end=\"1532\">\n<p data-start=\"1437\" data-end=\"1532\"><strong data-start=\"1437\" data-end=\"1459\">Baja p\u00e9rdida de inserci\u00f3n<\/strong> para un rendimiento de se\u00f1al optimizado.<\/p>\n<\/li>\n<li data-start=\"1533\" data-end=\"1635\">\n<p data-start=\"1535\" data-end=\"1635\"><strong data-start=\"1535\" data-end=\"1565\">Casquillo de circonio de precisi\u00f3n<\/strong> para una alineaci\u00f3n precisa de la fibra.<\/p>\n<\/li>\n<li data-start=\"1636\" data-end=\"1743\">\n<p data-start=\"1638\" data-end=\"1743\"><strong data-start=\"1638\" data-end=\"1669\">Tuerca de acoplamiento met\u00e1lica roscada<\/strong> para un acoplamiento s\u00f3lido.<\/p>\n<\/li>\n<li data-start=\"1744\" data-end=\"1844\">\n<p data-start=\"1746\" data-end=\"1844\"><strong data-start=\"1746\" data-end=\"1782\">Amplio rango de temperaturas de funcionamiento<\/strong> para la resiliencia del campo.<\/p>\n<\/li>\n<li data-start=\"1845\" data-end=\"1943\">\n<p data-start=\"1847\" data-end=\"1943\"><strong data-start=\"1847\" data-end=\"1871\">Colores opcionales para las botas<\/strong> para adaptarse a los entornos de implementaci\u00f3n.<\/p>\n<\/li>\n<\/ul>\n<hr data-start=\"1945\" data-end=\"1948\" \/>\n<h2 data-start=\"1950\" data-end=\"1979\">Especificaciones t\u00e9cnicas<\/h2>\n<h3 data-start=\"1981\" data-end=\"2004\">Rendimiento \u00f3ptico<\/h3>\n<div class=\"TyagGW_tableContainer\">\n<div class=\"group TyagGW_tableWrapper flex flex-col-reverse w-fit\" tabindex=\"-1\">\n<table class=\"w-fit min-w-(--thread-content-width)\" data-start=\"2006\" data-end=\"2251\">\n<thead data-start=\"2006\" data-end=\"2035\">\n<tr data-start=\"2006\" data-end=\"2035\">\n<th class=\"\" data-start=\"2006\" data-end=\"2018\" data-col-size=\"sm\">Par\u00e1metro<\/th>\n<th class=\"\" data-start=\"2018\" data-end=\"2035\" data-col-size=\"sm\">Valor t\u00edpico<\/th>\n<\/tr>\n<\/thead>\n<tbody data-start=\"2067\" data-end=\"2251\">\n<tr data-start=\"2067\" data-end=\"2103\">\n<td data-start=\"2067\" data-end=\"2090\" data-col-size=\"sm\">P\u00e9rdida de inserci\u00f3n (APC)<\/td>\n<td data-start=\"2090\" data-end=\"2103\" data-col-size=\"sm\">\u2264 0,25 dB<\/td>\n<\/tr>\n<tr data-start=\"2104\" data-end=\"2135\">\n<td data-start=\"2104\" data-end=\"2124\" data-col-size=\"sm\">P\u00e9rdida de retorno (APC)<\/td>\n<td data-col-size=\"sm\" data-start=\"2124\" data-end=\"2135\">\u2265 60 dB<\/td>\n<\/tr>\n<tr data-start=\"2136\" data-end=\"2179\">\n<td data-start=\"2136\" data-end=\"2159\" data-col-size=\"sm\">Longitud de onda operativa<\/td>\n<td data-col-size=\"sm\" data-start=\"2159\" data-end=\"2179\">1310 nm, 1550 nm<\/td>\n<\/tr>\n<tr data-start=\"2180\" data-end=\"2219\">\n<td data-start=\"2180\" data-end=\"2193\" data-col-size=\"sm\">Modo Fibra<\/td>\n<td data-start=\"2193\" data-end=\"2219\" data-col-size=\"sm\">Monomodo (9\/125 \u00b5m)<\/td>\n<\/tr>\n<tr data-start=\"2220\" data-end=\"2251\">\n<td data-start=\"2220\" data-end=\"2233\" data-col-size=\"sm\">Durabilidad<\/td>\n<td data-col-size=\"sm\" data-start=\"2233\" data-end=\"2251\">&gt; 1000 apareamientos<\/td>\n<\/tr>\n<\/tbody>\n<\/table>\n<\/div>\n<\/div>\n<p data-start=\"2253\" data-end=\"2363\"><em data-start=\"2253\" data-end=\"2325\">(Datos representativos de los valores t\u00edpicos de la industria para conectores FC APC).<\/em><\/p>\n<h3 data-start=\"2365\" data-end=\"2395\">Mec\u00e1nica y medio ambiente<\/h3>\n<div class=\"TyagGW_tableContainer\">\n<div class=\"group TyagGW_tableWrapper flex flex-col-reverse w-fit\" tabindex=\"-1\">\n<table class=\"w-fit min-w-(--thread-content-width)\" data-start=\"2397\" data-end=\"2680\">\n<thead data-start=\"2397\" data-end=\"2424\">\n<tr data-start=\"2397\" data-end=\"2424\">\n<th class=\"\" data-start=\"2397\" data-end=\"2407\" data-col-size=\"sm\">Caracter\u00edstica<\/th>\n<th class=\"\" data-start=\"2407\" data-end=\"2424\" data-col-size=\"sm\">Especificaci\u00f3n<\/th>\n<\/tr>\n<\/thead>\n<tbody data-start=\"2454\" data-end=\"2680\">\n<tr data-start=\"2454\" data-end=\"2490\">\n<td data-start=\"2454\" data-end=\"2471\" data-col-size=\"sm\">Di\u00e1metro del cable<\/td>\n<td data-col-size=\"sm\" data-start=\"2471\" data-end=\"2490\">2,0 mm \/ 3,0 mm<\/td>\n<\/tr>\n<tr data-start=\"2491\" data-end=\"2532\">\n<td data-start=\"2491\" data-end=\"2510\" data-col-size=\"sm\">Material de la virola<\/td>\n<td data-start=\"2510\" data-end=\"2532\" data-col-size=\"sm\">Cer\u00e1mica (circonita)<\/td>\n<\/tr>\n<tr data-start=\"2533\" data-end=\"2577\">\n<td data-start=\"2533\" data-end=\"2557\" data-col-size=\"sm\">Temperatura de funcionamiento<\/td>\n<td data-col-size=\"sm\" data-start=\"2557\" data-end=\"2577\">De -40 \u00b0C a +80 \u00b0C<\/td>\n<\/tr>\n<tr data-start=\"2578\" data-end=\"2614\">\n<td data-start=\"2578\" data-end=\"2595\" data-col-size=\"sm\">Estilo de acoplamiento<\/td>\n<td data-start=\"2595\" data-end=\"2614\" data-col-size=\"sm\">Tuerca roscada FC<\/td>\n<\/tr>\n<tr data-start=\"2615\" data-end=\"2680\">\n<td data-start=\"2615\" data-end=\"2639\" data-col-size=\"sm\">Colores de las fundas de los conectores<\/td>\n<td data-start=\"2639\" data-end=\"2680\" data-col-size=\"sm\">Verde (APC est\u00e1ndar), otros opcionales<\/td>\n<\/tr>\n<\/tbody>\n<\/table>\n<\/div>\n<\/div>\n<p data-start=\"2682\" data-end=\"2783\"><em data-start=\"2682\" data-end=\"2743\">(Cumplimiento de las normas industriales y tolerancias medioambientales)<\/em><\/p>\n<hr data-start=\"2785\" data-end=\"2788\" \/>\n<h2 data-start=\"2790\" data-end=\"2815\">Aplicaciones t\u00edpicas<\/h2>\n<ul data-start=\"2817\" data-end=\"3413\">\n<li data-start=\"2817\" data-end=\"2946\">\n<p data-start=\"2819\" data-end=\"2946\"><strong data-start=\"2819\" data-end=\"2850\">Redes de telecomunicaciones<\/strong> \u2013 Transmisi\u00f3n de se\u00f1ales a alta velocidad con baja reflexi\u00f3n.<\/p>\n<\/li>\n<li data-start=\"2947\" data-end=\"3074\">\n<p data-start=\"2949\" data-end=\"3074\"><strong data-start=\"2949\" data-end=\"2975\">Implementaciones PON\/FTTH<\/strong> \u2013 Conexiones de acceso de fibra que requieren una gran fiabilidad.<\/p>\n<\/li>\n<li data-start=\"3075\" data-end=\"3172\">\n<p data-start=\"3077\" data-end=\"3172\"><strong data-start=\"3077\" data-end=\"3093\">sistemas CATV<\/strong> \u2013 Distribuci\u00f3n de se\u00f1ales a larga distancia.<\/p>\n<\/li>\n<li data-start=\"3173\" data-end=\"3298\">\n<p data-start=\"3175\" data-end=\"3298\"><strong data-start=\"3175\" data-end=\"3202\">Infraestructuras LAN\/WAN<\/strong> \u2013 Paneles de conexi\u00f3n y tendidos de fibra en redes empresariales.<\/p>\n<\/li>\n<li data-start=\"3299\" data-end=\"3413\">\n<p data-start=\"3301\" data-end=\"3413\"><strong data-start=\"3301\" data-end=\"3344\">Interfaces para equipos de prueba y medici\u00f3n<\/strong> \u2013 Alineaci\u00f3n \u00f3ptica precisa.<\/p>\n<\/li>\n<\/ul>\n<hr data-start=\"3415\" data-end=\"3418\" \/>\n<h2 data-start=\"3420\" data-end=\"3439\">Preguntas y respuestas profesionales<\/h2>\n<p data-start=\"3441\" data-end=\"3810\"><strong data-start=\"3441\" data-end=\"3492\">P1: \u00bfQu\u00e9 significa APC y por qu\u00e9 es importante?<\/strong><br data-start=\"3492\" data-end=\"3495\" \/><strong data-start=\"3495\" data-end=\"3502\">A1:<\/strong> APC significa <em data-start=\"3518\" data-end=\"3543\">Contacto f\u00edsico en \u00e1ngulo<\/em>, un tipo de pulido del extremo de la fibra en el que el extremo del casquillo se inclina (normalmente 8\u00b0). Esto reduce la reflexi\u00f3n trasera y mejora la p\u00e9rdida de retorno, lo cual es fundamental para los sistemas monomodo de alto rendimiento y las redes de gran ancho de banda.<\/p>\n<p data-start=\"3812\" data-end=\"4115\"><strong data-start=\"3812\" data-end=\"3879\">P2: \u00bfSe pueden utilizar los conectores FC APC en instalaciones de fibra \u00f3ptica en exteriores?<\/strong><br data-start=\"3879\" data-end=\"3882\" \/><strong data-start=\"3882\" data-end=\"3889\">A2:<\/strong> S\u00ed. Los conectores FC APC con acoplamiento met\u00e1lico reforzado y amplio rango de temperaturas son adecuados para entornos industriales y exteriores protegidos cuando se alojan correctamente y se alivian las tensiones.<\/p>\n<p data-start=\"4117\" data-end=\"4440\"><strong data-start=\"4117\" data-end=\"4173\">P3: \u00bfCu\u00e1l es la diferencia entre FC\/APC y FC\/UPC?<\/strong><br data-start=\"4173\" data-end=\"4176\" \/><strong data-start=\"4176\" data-end=\"4183\">A3:<\/strong> Ambos son conectores FC; el APC tiene un pulido en \u00e1ngulo que proporciona una p\u00e9rdida de retorno mucho mayor (normalmente \u2265 60 dB) que el UPC (\u2264 55 dB), lo que hace que el APC sea mejor para sistemas sensibles a la reflexi\u00f3n. Son <strong data-start=\"4372\" data-end=\"4379\">no<\/strong> directamente compatible.<\/p>","protected":false},"excerpt":{"rendered":"<h2 data-start=\"115\" data-end=\"136\">Productos<\/h2>\n<p data-start=\"138\" data-end=\"730\">En <strong data-start=\"142\" data-end=\"183\">Conector ajustable FC APC 2,0\/3,0 mm<\/strong> es un conector de fibra \u00f3ptica de precisi\u00f3n dise\u00f1ado para aplicaciones monomodo de alto rendimiento en sistemas modernos de comunicaci\u00f3n \u00f3ptica. Desarrollado para entornos exigentes, como redes de telecomunicaciones, redes \u00f3pticas pasivas (PON), CATV e implementaci\u00f3n de FTTx, este conector ofrece una integridad de se\u00f1al confiable, baja p\u00e9rdida de inserci\u00f3n y excelente p\u00e9rdida de retorno para enlaces de fibra cr\u00edticos. Es ideal para clientes que buscan un rendimiento \u00f3ptico superior con opciones de instalaci\u00f3n flexibles.<\/p>\n<p data-start=\"732\" data-end=\"1136\">Construido con un roscado <strong data-start=\"754\" data-end=\"780\">FC (conector de f\u00e9rula)<\/strong> dise\u00f1o, este producto ofrece un acoplamiento mec\u00e1nico seguro que resiste las vibraciones y el estr\u00e9s mec\u00e1nico, lo que lo hace ideal tanto para instalaciones de campo como para entornos de red controlados. El <strong data-start=\"967\" data-end=\"1000\">APC (contacto f\u00edsico en \u00e1ngulo)<\/strong> El pulido garantiza una alta p\u00e9rdida de retorno, lo que reduce la reflexi\u00f3n trasera y maximiza la calidad de la transmisi\u00f3n.<\/p>","protected":false},"featured_media":919,"comment_status":"open","ping_status":"closed","template":"","meta":[],"product_brand":[],"product_cat":[34],"product_tag":[],"class_list":{"0":"post-918","1":"product","2":"type-product","3":"status-publish","4":"has-post-thumbnail","6":"product_cat-fc-connector","8":"first","9":"instock","10":"shipping-taxable","11":"product-type-simple"},"_links":{"self":[{"href":"https:\/\/www.fenxifiber.com\/es\/wp-json\/wp\/v2\/product\/918","targetHints":{"allow":["GET"]}}],"collection":[{"href":"https:\/\/www.fenxifiber.com\/es\/wp-json\/wp\/v2\/product"}],"about":[{"href":"https:\/\/www.fenxifiber.com\/es\/wp-json\/wp\/v2\/types\/product"}],"replies":[{"embeddable":true,"href":"https:\/\/www.fenxifiber.com\/es\/wp-json\/wp\/v2\/comments?post=918"}],"wp:featuredmedia":[{"embeddable":true,"href":"https:\/\/www.fenxifiber.com\/es\/wp-json\/wp\/v2\/media\/919"}],"wp:attachment":[{"href":"https:\/\/www.fenxifiber.com\/es\/wp-json\/wp\/v2\/media?parent=918"}],"wp:term":[{"taxonomy":"product_brand","embeddable":true,"href":"https:\/\/www.fenxifiber.com\/es\/wp-json\/wp\/v2\/product_brand?post=918"},{"taxonomy":"product_cat","embeddable":true,"href":"https:\/\/www.fenxifiber.com\/es\/wp-json\/wp\/v2\/product_cat?post=918"},{"taxonomy":"product_tag","embeddable":true,"href":"https:\/\/www.fenxifiber.com\/es\/wp-json\/wp\/v2\/product_tag?post=918"}],"curies":[{"name":"wp","href":"https:\/\/api.w.org\/{rel}","templated":true}]}}