{"id":922,"date":"2026-02-04T03:23:22","date_gmt":"2026-02-04T03:23:22","guid":{"rendered":"https:\/\/www.fenxifiber.com\/?post_type=product&#038;p=922"},"modified":"2026-02-05T02:15:51","modified_gmt":"2026-02-05T02:15:51","slug":"fc-apc-2-0-3-0-mm-no-ajustable","status":"publish","type":"product","link":"https:\/\/www.fenxifiber.com\/es\/product\/fc-apc-2-0-3-0mm-non-adjustable\/","title":{"rendered":"FC APC Conector de fibra \u00f3ptica no ajustable de 2,0\/3,0 mm"},"content":{"rendered":"<h2 data-start=\"1097\" data-end=\"1114\">Caracter\u00edsticas principales<\/h2>\n<ul data-start=\"1116\" data-end=\"1888\">\n<li data-start=\"1116\" data-end=\"1237\">\n<p data-start=\"1118\" data-end=\"1237\"><strong data-start=\"1118\" data-end=\"1163\">Fijo no ajustable de 2,0 mm \/ 3,0 mm<\/strong> para cubiertas de cable de fibra est\u00e1ndar.<\/p>\n<\/li>\n<li data-start=\"1238\" data-end=\"1349\">\n<p data-start=\"1240\" data-end=\"1349\"><strong data-start=\"1240\" data-end=\"1261\">Pulido en \u00e1ngulo APC<\/strong> para un rendimiento superior en p\u00e9rdida de retorno (\u2265 60 dB).<\/p>\n<\/li>\n<li data-start=\"1350\" data-end=\"1452\">\n<p data-start=\"1352\" data-end=\"1452\"><strong data-start=\"1352\" data-end=\"1374\">Baja p\u00e9rdida de inserci\u00f3n<\/strong> t\u00edpico para aplicaciones monomodo.<\/p>\n<\/li>\n<li data-start=\"1453\" data-end=\"1558\">\n<p data-start=\"1455\" data-end=\"1558\"><strong data-start=\"1455\" data-end=\"1484\">Casquillo cer\u00e1mico de precisi\u00f3n<\/strong> garantiza una alineaci\u00f3n precisa de la fibra.<\/p>\n<\/li>\n<li data-start=\"1559\" data-end=\"1680\">\n<p data-start=\"1561\" data-end=\"1680\"><strong data-start=\"1561\" data-end=\"1592\">Tuerca de acoplamiento met\u00e1lica roscada<\/strong> ofrece conexiones seguras y resistentes a las vibraciones.<\/p>\n<\/li>\n<li data-start=\"1681\" data-end=\"1785\">\n<p data-start=\"1683\" data-end=\"1785\"><strong data-start=\"1683\" data-end=\"1716\">Cumple con las normas ISO9001:2015 y RoHS.<\/strong> fabricaci\u00f3n y materiales.<\/p>\n<\/li>\n<li data-start=\"1786\" data-end=\"1888\">\n<p data-start=\"1788\" data-end=\"1888\"><strong data-start=\"1788\" data-end=\"1812\">M\u00faltiples colores de arranque<\/strong> disponible para la identificaci\u00f3n de la red.<\/p>\n<\/li>\n<\/ul>\n<hr data-start=\"1890\" data-end=\"1893\" \/>\n<h2 data-start=\"1895\" data-end=\"1924\">Especificaciones t\u00e9cnicas<\/h2>\n<h3 data-start=\"1926\" data-end=\"1949\">Rendimiento \u00f3ptico<\/h3>\n<div class=\"TyagGW_tableContainer\">\n<div class=\"group TyagGW_tableWrapper flex flex-col-reverse w-fit\" tabindex=\"-1\">\n<table class=\"w-fit min-w-(--thread-content-width)\" data-start=\"1951\" data-end=\"2207\">\n<thead data-start=\"1951\" data-end=\"1980\">\n<tr data-start=\"1951\" data-end=\"1980\">\n<th class=\"align-top\" data-start=\"1951\" data-end=\"1963\" data-col-size=\"sm\">Par\u00e1metro<\/th>\n<th class=\"align-top\" data-start=\"1963\" data-end=\"1980\" data-col-size=\"sm\">Valor t\u00edpico<\/th>\n<\/tr>\n<\/thead>\n<tbody data-start=\"2012\" data-end=\"2207\">\n<tr data-start=\"2012\" data-end=\"2048\">\n<td data-start=\"2012\" data-end=\"2035\" data-col-size=\"sm\">P\u00e9rdida de inserci\u00f3n (APC)<\/td>\n<td data-start=\"2035\" data-end=\"2048\" data-col-size=\"sm\">\u2264 0,25 dB<\/td>\n<\/tr>\n<tr data-start=\"2049\" data-end=\"2080\">\n<td data-start=\"2049\" data-end=\"2069\" data-col-size=\"sm\">P\u00e9rdida de retorno (APC)<\/td>\n<td data-start=\"2069\" data-end=\"2080\" data-col-size=\"sm\">\u2265 60 dB<\/td>\n<\/tr>\n<tr data-start=\"2081\" data-end=\"2120\">\n<td data-start=\"2081\" data-end=\"2094\" data-col-size=\"sm\">Modo Fibra<\/td>\n<td data-start=\"2094\" data-end=\"2120\" data-col-size=\"sm\">Monomodo (9\/125 \u00b5m)<\/td>\n<\/tr>\n<tr data-start=\"2121\" data-end=\"2165\">\n<td data-start=\"2121\" data-end=\"2144\" data-col-size=\"sm\">Longitud de onda operativa<\/td>\n<td data-start=\"2144\" data-end=\"2165\" data-col-size=\"sm\">1310 nm \/ 1550 nm<\/td>\n<\/tr>\n<tr data-start=\"2166\" data-end=\"2207\">\n<td data-start=\"2166\" data-end=\"2185\" data-col-size=\"sm\">Material de la virola<\/td>\n<td data-start=\"2185\" data-end=\"2207\" data-col-size=\"sm\">Cer\u00e1mica (circonita)<\/td>\n<\/tr>\n<\/tbody>\n<\/table>\n<\/div>\n<\/div>\n<p data-start=\"2209\" data-end=\"2319\"><em data-start=\"2209\" data-end=\"2279\">Valores t\u00edpicos de la industria para conectores FC\/APC con fundas de 2,0\/3,0 mm.<\/em><\/p>\n<h3 data-start=\"2321\" data-end=\"2351\">Mec\u00e1nica y medio ambiente<\/h3>\n<div class=\"TyagGW_tableContainer\">\n<div class=\"group TyagGW_tableWrapper flex flex-col-reverse w-fit\" tabindex=\"-1\">\n<table class=\"w-fit min-w-(--thread-content-width)\" data-start=\"2353\" data-end=\"2620\">\n<thead data-start=\"2353\" data-end=\"2380\">\n<tr data-start=\"2353\" data-end=\"2380\">\n<th class=\"align-top\" data-start=\"2353\" data-end=\"2363\" data-col-size=\"sm\">Caracter\u00edstica<\/th>\n<th class=\"align-top\" data-start=\"2363\" data-end=\"2380\" data-col-size=\"sm\">Especificaci\u00f3n<\/th>\n<\/tr>\n<\/thead>\n<tbody data-start=\"2410\" data-end=\"2620\">\n<tr data-start=\"2410\" data-end=\"2445\">\n<td data-start=\"2410\" data-end=\"2426\" data-col-size=\"sm\">Di\u00e1metro de la bota<\/td>\n<td data-start=\"2426\" data-end=\"2445\" data-col-size=\"sm\">2,0 mm \/ 3,0 mm<\/td>\n<\/tr>\n<tr data-start=\"2446\" data-end=\"2488\">\n<td data-start=\"2446\" data-end=\"2470\" data-col-size=\"sm\">Temperatura de funcionamiento<\/td>\n<td data-start=\"2470\" data-end=\"2488\" data-col-size=\"sm\">De -40 \u00b0C a +85 \u00b0C<\/td>\n<\/tr>\n<tr data-start=\"2489\" data-end=\"2528\">\n<td data-start=\"2489\" data-end=\"2506\" data-col-size=\"sm\">Estilo de acoplamiento<\/td>\n<td data-start=\"2506\" data-end=\"2528\" data-col-size=\"sm\">Tuerca met\u00e1lica roscada<\/td>\n<\/tr>\n<tr data-start=\"2529\" data-end=\"2582\">\n<td data-start=\"2529\" data-end=\"2551\" data-col-size=\"sm\">Cumplimiento de las normas<\/td>\n<td data-start=\"2551\" data-end=\"2582\" data-col-size=\"sm\">IEC 61754-13 \/ ISO9001:2015<\/td>\n<\/tr>\n<tr data-start=\"2583\" data-end=\"2620\">\n<td data-start=\"2583\" data-end=\"2596\" data-col-size=\"sm\">Durabilidad<\/td>\n<td data-start=\"2596\" data-end=\"2620\" data-col-size=\"sm\">\u2265 1000 ciclos de apareamiento<\/td>\n<\/tr>\n<\/tbody>\n<\/table>\n<\/div>\n<\/div>\n<p data-start=\"2622\" data-end=\"2746\"><em data-start=\"2622\" data-end=\"2706\">Representa las expectativas de rendimiento est\u00e1ndar para conectores FC\/APC no ajustables.<\/em><\/p>\n<hr data-start=\"2748\" data-end=\"2751\" \/>\n<h2 data-start=\"2753\" data-end=\"2778\">Aplicaciones t\u00edpicas<\/h2>\n<ul data-start=\"2780\" data-end=\"3446\">\n<li data-start=\"2780\" data-end=\"2913\">\n<p data-start=\"2782\" data-end=\"2913\"><strong data-start=\"2782\" data-end=\"2813\">Redes de telecomunicaciones<\/strong> \u2013 Terminaciones confiables para redes de largo alcance y metropolitanas.<\/p>\n<\/li>\n<li data-start=\"2914\" data-end=\"3040\">\n<p data-start=\"2916\" data-end=\"3040\"><strong data-start=\"2916\" data-end=\"2941\">Implementaci\u00f3n de PON\/FTTH<\/strong> \u2013 Conexiones de acceso \u00f3ptico estables con baja reflexi\u00f3n.<\/p>\n<\/li>\n<li data-start=\"3041\" data-end=\"3172\">\n<p data-start=\"3043\" data-end=\"3172\"><strong data-start=\"3043\" data-end=\"3071\">Sistemas CATV \/ Banda ancha<\/strong> \u2013 Conectores de alta p\u00e9rdida de retorno que garantizan la integridad de la se\u00f1al.<\/p>\n<\/li>\n<li data-start=\"3173\" data-end=\"3306\">\n<p data-start=\"3175\" data-end=\"3306\"><strong data-start=\"3175\" data-end=\"3203\">Infraestructura LAN y WAN<\/strong> \u2013 Paneles de conexi\u00f3n, bastidores de distribuci\u00f3n y terminaciones de fibra.<\/p>\n<\/li>\n<li data-start=\"3307\" data-end=\"3446\">\n<p data-start=\"3309\" data-end=\"3446\"><strong data-start=\"3309\" data-end=\"3352\">Interfaces para equipos de prueba y medici\u00f3n<\/strong> \u2013 Alineaci\u00f3n \u00f3ptica precisa en pruebas de laboratorio y de campo.<\/p>\n<\/li>\n<\/ul>\n<hr data-start=\"3448\" data-end=\"3451\" \/>\n<h2 data-start=\"3453\" data-end=\"3472\">Preguntas y respuestas profesionales<\/h2>\n<p data-start=\"3474\" data-end=\"3850\"><strong data-start=\"3474\" data-end=\"3543\">P1: \u00bfPor qu\u00e9 elegir un conector no ajustable en lugar de uno ajustable?<\/strong><br data-start=\"3543\" data-end=\"3546\" \/><strong data-start=\"3546\" data-end=\"3553\">A1:<\/strong> Los conectores no ajustables est\u00e1n optimizados de f\u00e1brica con dimensiones fijas que eliminan la necesidad de realizar ajustes sobre el terreno, lo que garantiza un rendimiento \u00f3ptico constante, un montaje m\u00e1s r\u00e1pido y un control de calidad m\u00e1s sencillo en la producci\u00f3n de grandes vol\u00famenes o en los conjuntos de cables estandarizados.<\/p>\n<p data-start=\"3852\" data-end=\"4202\"><strong data-start=\"3852\" data-end=\"3897\">P2: \u00bfQu\u00e9 es APC y por qu\u00e9 es beneficioso?<\/strong><br data-start=\"3897\" data-end=\"3900\" \/><strong data-start=\"3900\" data-end=\"3907\">A2:<\/strong> APC significa <em data-start=\"3923\" data-end=\"3948\">Contacto f\u00edsico en \u00e1ngulo<\/em>. El extremo del conector est\u00e1 pulido en \u00e1ngulo (normalmente 8\u00b0), lo que reduce significativamente la reflexi\u00f3n trasera y mejora la p\u00e9rdida de retorno, algo fundamental para las redes monomodo de alto rendimiento y los enlaces \u00f3pticos sensibles.<\/p>\n<p data-start=\"4204\" data-end=\"4562\"><strong data-start=\"4204\" data-end=\"4296\">P3: \u00bfSon compatibles los conectores FC APC con fundas de 2,0\/3,0 mm con los cables de telecomunicaciones est\u00e1ndar?<\/strong><br data-start=\"4296\" data-end=\"4299\" \/><strong data-start=\"4299\" data-end=\"4306\">A3:<\/strong> S\u00ed, los conectores FC APC compatibles con di\u00e1metros de 2,0 mm y 3,0 mm est\u00e1n dise\u00f1ados para adaptarse a las cubiertas t\u00edpicas de los cables de fibra \u00f3ptica para telecomunicaciones y empresas, lo que ofrece un acoplamiento seguro y un rendimiento robusto en un amplio rango de temperaturas.<\/p>","protected":false},"excerpt":{"rendered":"<h2 data-start=\"107\" data-end=\"128\">Productos<\/h2>\n<p data-start=\"130\" data-end=\"684\">En <strong data-start=\"134\" data-end=\"175\"><span class=\"entity-underline hover:entity-accent inline cursor-pointer align-baseline\"><span class=\"whitespace-normal\">Conector FC APC monomodo de 3,0 mm con capuch\u00f3n<\/span><\/span><\/strong> es un conector de fibra \u00f3ptica no ajustable fabricado con precisi\u00f3n y dise\u00f1ado para implementaciones exigentes de comunicaci\u00f3n \u00f3ptica monomodo. Dise\u00f1ado con un <strong data-start=\"335\" data-end=\"368\">Di\u00e1metro de la funda: 2,0 mm \/ 3,0 mm<\/strong>, este conector ofrece un rendimiento \u00f3ptico estable y una alta p\u00e9rdida de retorno a trav\u00e9s de <strong data-start=\"450\" data-end=\"498\">Pulido de casquillos APC (contacto f\u00edsico en \u00e1ngulo)<\/strong>, lo que lo convierte en una excelente opci\u00f3n para <strong data-start=\"534\" data-end=\"645\">redes de telecomunicaciones, sistemas PON\/FTTH, CATV, infraestructuras LAN\/WAN e interfaces de equipos de prueba.<\/strong>.<\/p>\n<p data-start=\"686\" data-end=\"1090\">A diferencia de los conectores ajustables, la versi\u00f3n no ajustable viene optimizada de f\u00e1brica con dimensiones fijas, lo que proporciona una alineaci\u00f3n de acoplamiento consistente y caracter\u00edsticas \u00f3pticas repetibles sin necesidad de ajuste en el campo. Su robusto cuerpo met\u00e1lico con acoplamiento roscado garantiza un acoplamiento mec\u00e1nico seguro, ideal tanto para entornos de instalaci\u00f3n como para operaciones a largo plazo.<\/p>","protected":false},"featured_media":923,"comment_status":"open","ping_status":"closed","template":"","meta":[],"product_brand":[],"product_cat":[34],"product_tag":[],"class_list":{"0":"post-922","1":"product","2":"type-product","3":"status-publish","4":"has-post-thumbnail","6":"product_cat-fc-connector","8":"first","9":"instock","10":"shipping-taxable","11":"product-type-simple"},"_links":{"self":[{"href":"https:\/\/www.fenxifiber.com\/es\/wp-json\/wp\/v2\/product\/922","targetHints":{"allow":["GET"]}}],"collection":[{"href":"https:\/\/www.fenxifiber.com\/es\/wp-json\/wp\/v2\/product"}],"about":[{"href":"https:\/\/www.fenxifiber.com\/es\/wp-json\/wp\/v2\/types\/product"}],"replies":[{"embeddable":true,"href":"https:\/\/www.fenxifiber.com\/es\/wp-json\/wp\/v2\/comments?post=922"}],"wp:featuredmedia":[{"embeddable":true,"href":"https:\/\/www.fenxifiber.com\/es\/wp-json\/wp\/v2\/media\/923"}],"wp:attachment":[{"href":"https:\/\/www.fenxifiber.com\/es\/wp-json\/wp\/v2\/media?parent=922"}],"wp:term":[{"taxonomy":"product_brand","embeddable":true,"href":"https:\/\/www.fenxifiber.com\/es\/wp-json\/wp\/v2\/product_brand?post=922"},{"taxonomy":"product_cat","embeddable":true,"href":"https:\/\/www.fenxifiber.com\/es\/wp-json\/wp\/v2\/product_cat?post=922"},{"taxonomy":"product_tag","embeddable":true,"href":"https:\/\/www.fenxifiber.com\/es\/wp-json\/wp\/v2\/product_tag?post=922"}],"curies":[{"name":"wp","href":"https:\/\/api.w.org\/{rel}","templated":true}]}}