{"id":926,"date":"2026-02-04T03:25:34","date_gmt":"2026-02-04T03:25:34","guid":{"rendered":"https:\/\/www.fenxifiber.com\/?post_type=product&#038;p=926"},"modified":"2026-02-05T02:17:12","modified_gmt":"2026-02-05T02:17:12","slug":"fc-pc-0-9mm-ajustable","status":"publish","type":"product","link":"https:\/\/www.fenxifiber.com\/es\/product\/fc-pc-0-9mm-adjustable\/","title":{"rendered":"FC PC Conector de fibra \u00f3ptica ajustable de 0,9 mm"},"content":{"rendered":"<h2 data-start=\"867\" data-end=\"884\">Caracter\u00edsticas principales<\/h2>\n<ul data-start=\"886\" data-end=\"1439\">\n<li data-start=\"886\" data-end=\"963\">\n<p data-start=\"888\" data-end=\"963\"><strong data-start=\"888\" data-end=\"918\">0,9 mm Soporte de b\u00fafer estrecho<\/strong> - Dise\u00f1ado para cables de fibra compactos de interior<\/p>\n<\/li>\n<li data-start=\"964\" data-end=\"1044\">\n<p data-start=\"966\" data-end=\"1044\"><strong data-start=\"966\" data-end=\"998\">PC (contacto f\u00edsico) Polaco<\/strong> - Contacto de fibra plano para una baja p\u00e9rdida de inserci\u00f3n<\/p>\n<\/li>\n<li data-start=\"1045\" data-end=\"1139\">\n<p data-start=\"1047\" data-end=\"1139\"><strong data-start=\"1047\" data-end=\"1076\">Dise\u00f1o de virola ajustable<\/strong> - Permite un control preciso de la altura de la fibra y la geometr\u00eda de la cara final<\/p>\n<\/li>\n<li data-start=\"1140\" data-end=\"1214\">\n<p data-start=\"1142\" data-end=\"1214\"><strong data-start=\"1142\" data-end=\"1177\">Virola de circonio de alta precisi\u00f3n<\/strong> - Garantiza una alineaci\u00f3n precisa de las fibras<\/p>\n<\/li>\n<li data-start=\"1215\" data-end=\"1294\">\n<p data-start=\"1217\" data-end=\"1294\"><strong data-start=\"1217\" data-end=\"1241\">Acoplamiento roscado FC<\/strong> - Excelente estabilidad mec\u00e1nica y repetibilidad<\/p>\n<\/li>\n<li data-start=\"1295\" data-end=\"1365\">\n<p data-start=\"1297\" data-end=\"1365\"><strong data-start=\"1297\" data-end=\"1322\">Rendimiento duradero<\/strong> - Resistencia a m\u00e1s de 1.000 ciclos de acoplamiento<\/p>\n<\/li>\n<li data-start=\"1366\" data-end=\"1439\">\n<p data-start=\"1368\" data-end=\"1439\"><strong data-start=\"1368\" data-end=\"1396\">Materiales que cumplen la directiva RoHS<\/strong> - Fabricaci\u00f3n respetuosa con el medio ambiente<\/p>\n<\/li>\n<\/ul>\n<hr data-start=\"1441\" data-end=\"1444\" \/>\n<h2 data-start=\"1446\" data-end=\"1470\">Rendimiento \u00f3ptico<\/h2>\n<div class=\"TyagGW_tableContainer\">\n<div class=\"group TyagGW_tableWrapper flex flex-col-reverse w-fit\" tabindex=\"-1\">\n<table class=\"w-fit min-w-(--thread-content-width)\" data-start=\"1472\" data-end=\"1749\">\n<thead data-start=\"1472\" data-end=\"1501\">\n<tr data-start=\"1472\" data-end=\"1501\">\n<th class=\"\" data-start=\"1472\" data-end=\"1484\" data-col-size=\"sm\">Par\u00e1metro<\/th>\n<th class=\"\" data-start=\"1484\" data-end=\"1501\" data-col-size=\"sm\">Valor t\u00edpico<\/th>\n<\/tr>\n<\/thead>\n<tbody data-start=\"1530\" data-end=\"1749\">\n<tr data-start=\"1530\" data-end=\"1569\">\n<td data-start=\"1530\" data-end=\"1543\" data-col-size=\"sm\">Tipo de fibra<\/td>\n<td data-start=\"1543\" data-end=\"1569\" data-col-size=\"sm\">Monomodo (9\/125 \u00b5m)<\/td>\n<\/tr>\n<tr data-start=\"1570\" data-end=\"1609\">\n<td data-start=\"1570\" data-end=\"1584\" data-col-size=\"sm\">Tipo de polaco<\/td>\n<td data-start=\"1584\" data-end=\"1609\" data-col-size=\"sm\">PC (Contacto f\u00edsico)<\/td>\n<\/tr>\n<tr data-start=\"1610\" data-end=\"1640\">\n<td data-start=\"1610\" data-end=\"1627\" data-col-size=\"sm\">P\u00e9rdida de inserci\u00f3n<\/td>\n<td data-start=\"1627\" data-end=\"1640\" data-col-size=\"sm\">\u2264 0,30 dB<\/td>\n<\/tr>\n<tr data-start=\"1641\" data-end=\"1666\">\n<td data-start=\"1641\" data-end=\"1655\" data-col-size=\"sm\">P\u00e9rdida de retorno<\/td>\n<td data-start=\"1655\" data-end=\"1666\" data-col-size=\"sm\">\u2265 45 dB<\/td>\n<\/tr>\n<tr data-start=\"1667\" data-end=\"1711\">\n<td data-start=\"1667\" data-end=\"1690\" data-col-size=\"sm\">Longitud de onda operativa<\/td>\n<td data-col-size=\"sm\" data-start=\"1690\" data-end=\"1711\">1310 nm \/ 1550 nm<\/td>\n<\/tr>\n<tr data-start=\"1712\" data-end=\"1749\">\n<td data-start=\"1712\" data-end=\"1732\" data-col-size=\"sm\">Durabilidad del acoplamiento<\/td>\n<td data-col-size=\"sm\" data-start=\"1732\" data-end=\"1749\">\u2265 1000 ciclos<\/td>\n<\/tr>\n<\/tbody>\n<\/table>\n<\/div>\n<\/div>\n<hr data-start=\"1751\" data-end=\"1754\" \/>\n<h2 data-start=\"1756\" data-end=\"1787\">Mec\u00e1nica y medio ambiente<\/h2>\n<div class=\"TyagGW_tableContainer\">\n<div class=\"group TyagGW_tableWrapper flex flex-col-reverse w-fit\" tabindex=\"-1\">\n<table class=\"w-fit min-w-(--thread-content-width)\" data-start=\"1789\" data-end=\"2113\">\n<thead data-start=\"1789\" data-end=\"1813\">\n<tr data-start=\"1789\" data-end=\"1813\">\n<th class=\"\" data-start=\"1789\" data-end=\"1796\" data-col-size=\"sm\">Art\u00edculo<\/th>\n<th class=\"\" data-start=\"1796\" data-end=\"1813\" data-col-size=\"sm\">Especificaci\u00f3n<\/th>\n<\/tr>\n<\/thead>\n<tbody data-start=\"1840\" data-end=\"2113\">\n<tr data-start=\"1840\" data-end=\"1877\">\n<td data-start=\"1840\" data-end=\"1857\" data-col-size=\"sm\">Tipo de conector<\/td>\n<td data-start=\"1857\" data-end=\"1877\" data-col-size=\"sm\">FC PC Ajustable<\/td>\n<\/tr>\n<tr data-start=\"1878\" data-end=\"1904\">\n<td data-start=\"1878\" data-end=\"1894\" data-col-size=\"sm\">Di\u00e1metro de la bota<\/td>\n<td data-start=\"1894\" data-end=\"1904\" data-col-size=\"sm\">0,9 mm<\/td>\n<\/tr>\n<tr data-start=\"1905\" data-end=\"1944\">\n<td data-start=\"1905\" data-end=\"1924\" data-col-size=\"sm\">Material de la virola<\/td>\n<td data-start=\"1924\" data-end=\"1944\" data-col-size=\"sm\">Cer\u00e1mica de circonio<\/td>\n<\/tr>\n<tr data-start=\"1945\" data-end=\"1990\">\n<td data-start=\"1945\" data-end=\"1966\" data-col-size=\"sm\">Mecanismo de acoplamiento<\/td>\n<td data-start=\"1966\" data-end=\"1990\" data-col-size=\"sm\">Tornillo met\u00e1lico roscado<\/td>\n<\/tr>\n<tr data-start=\"1991\" data-end=\"2037\">\n<td data-start=\"1991\" data-end=\"2009\" data-col-size=\"sm\">Tipo de ajuste<\/td>\n<td data-start=\"2009\" data-end=\"2037\" data-col-size=\"sm\">Ajuste axial de la virola<\/td>\n<\/tr>\n<tr data-start=\"2038\" data-end=\"2082\">\n<td data-start=\"2038\" data-end=\"2062\" data-col-size=\"sm\">Temperatura de funcionamiento<\/td>\n<td data-start=\"2062\" data-end=\"2082\" data-col-size=\"sm\">-40 \u00b0C a +75 \u00b0C<\/td>\n<\/tr>\n<tr data-start=\"2083\" data-end=\"2113\">\n<td data-start=\"2083\" data-end=\"2102\" data-col-size=\"sm\">Resistencia a la tracci\u00f3n<\/td>\n<td data-start=\"2102\" data-end=\"2113\" data-col-size=\"sm\">\u2265 200 N<\/td>\n<\/tr>\n<\/tbody>\n<\/table>\n<\/div>\n<\/div>\n<hr data-start=\"2115\" data-end=\"2118\" \/>\n<h2 data-start=\"2120\" data-end=\"2145\">Aplicaciones t\u00edpicas<\/h2>\n<ul data-start=\"2147\" data-end=\"2392\">\n<li data-start=\"2147\" data-end=\"2201\">\n<p data-start=\"2149\" data-end=\"2201\"><strong data-start=\"2149\" data-end=\"2199\">Redes troncales de telecomunicaciones y redes de acceso<\/strong><\/p>\n<\/li>\n<li data-start=\"2202\" data-end=\"2232\">\n<p data-start=\"2204\" data-end=\"2232\"><strong data-start=\"2204\" data-end=\"2230\">Enlaces de fibra FTTH y PON<\/strong><\/p>\n<\/li>\n<li data-start=\"2233\" data-end=\"2277\">\n<p data-start=\"2235\" data-end=\"2277\"><strong data-start=\"2235\" data-end=\"2275\">Latiguillos y cables de conexi\u00f3n de fibra \u00f3ptica<\/strong><\/p>\n<\/li>\n<li data-start=\"2278\" data-end=\"2320\">\n<p data-start=\"2280\" data-end=\"2320\"><strong data-start=\"2280\" data-end=\"2318\">Marcos y paneles de distribuci\u00f3n ODF<\/strong><\/p>\n<\/li>\n<li data-start=\"2321\" data-end=\"2357\">\n<p data-start=\"2323\" data-end=\"2357\"><strong data-start=\"2323\" data-end=\"2355\">Equipos de prueba y medici\u00f3n<\/strong><\/p>\n<\/li>\n<li data-start=\"2358\" data-end=\"2392\">\n<p data-start=\"2360\" data-end=\"2392\"><strong data-start=\"2360\" data-end=\"2390\">CATV y sistemas de banda ancha<\/strong><\/p>\n<\/li>\n<\/ul>\n<hr data-start=\"2394\" data-end=\"2397\" \/>\n<h2 data-start=\"2399\" data-end=\"2451\">\u00bfPor qu\u00e9 elegir un conector FC PC ajustable de 0,9 mm?<\/h2>\n<p data-start=\"2453\" data-end=\"2534\">En comparaci\u00f3n con los conectores no ajustables, el <strong data-start=\"2498\" data-end=\"2524\">ajustable FC PC 0.9mm<\/strong> proporciona:<\/p>\n<ul data-start=\"2536\" data-end=\"2721\">\n<li data-start=\"2536\" data-end=\"2579\">\n<p data-start=\"2538\" data-end=\"2579\"><strong data-start=\"2538\" data-end=\"2577\">Control m\u00e1s preciso del extremo de la fibra<\/strong><\/p>\n<\/li>\n<li data-start=\"2580\" data-end=\"2627\">\n<p data-start=\"2582\" data-end=\"2627\"><strong data-start=\"2582\" data-end=\"2625\">Mayor uniformidad en los resultados del pulido<\/strong><\/p>\n<\/li>\n<li data-start=\"2628\" data-end=\"2671\">\n<p data-start=\"2630\" data-end=\"2671\"><strong data-start=\"2630\" data-end=\"2669\">Menor p\u00e9rdida de inserci\u00f3n entre lotes<\/strong><\/p>\n<\/li>\n<li data-start=\"2672\" data-end=\"2721\">\n<p data-start=\"2674\" data-end=\"2721\"><strong data-start=\"2674\" data-end=\"2719\">Mayor rendimiento en la producci\u00f3n de ensamblaje de cables<\/strong><\/p>\n<\/li>\n<\/ul>\n<p data-start=\"2723\" data-end=\"2834\">Esto lo hace especialmente adecuado para <strong data-start=\"2761\" data-end=\"2833\">fabricantes profesionales de fibra \u00f3ptica y montajes de cable de alta gama<\/strong>.<\/p>\n<hr data-start=\"2836\" data-end=\"2839\" \/>\n<h2 data-start=\"2841\" data-end=\"2862\">Preguntas y respuestas profesionales<\/h2>\n<p data-start=\"2864\" data-end=\"3156\"><strong data-start=\"2864\" data-end=\"2924\">P1: \u00bfCu\u00e1l es la ventaja de un conector FC ajustable?<\/strong><br data-start=\"2924\" data-end=\"2927\" \/><strong data-start=\"2927\" data-end=\"2933\">A:<\/strong> El dise\u00f1o ajustable permite colocar la virola con precisi\u00f3n durante el montaje y el pulido, garantizando <strong data-start=\"3042\" data-end=\"3092\">Geometr\u00eda \u00f3ptima de la protuberancia de la fibra y de la cara final<\/strong>, lo que conduce a <strong data-start=\"3109\" data-end=\"3155\">menor p\u00e9rdida y rendimiento m\u00e1s constante<\/strong>.<\/p>\n<hr data-start=\"3158\" data-end=\"3161\" \/>\n<p data-start=\"3163\" data-end=\"3384\"><strong data-start=\"3163\" data-end=\"3203\">P2: \u00bfEs compatible FC PC con FC APC?<\/strong><br data-start=\"3203\" data-end=\"3206\" \/><strong data-start=\"3206\" data-end=\"3212\">A:<\/strong> No. <strong data-start=\"3217\" data-end=\"3240\">FC PC (pulido plano)<\/strong> y <strong data-start=\"3245\" data-end=\"3271\">FC APC (pulido en \u00e1ngulo)<\/strong> los conectores no deben acoplarse entre s\u00ed, ya que esto puede causar <strong data-start=\"3331\" data-end=\"3383\">p\u00e9rdidas de inserci\u00f3n elevadas y posibles da\u00f1os en la virola<\/strong>.<\/p>\n<hr data-start=\"3386\" data-end=\"3389\" \/>\n<p data-start=\"3391\" data-end=\"3628\"><strong data-start=\"3391\" data-end=\"3455\">P3: \u00bfPor qu\u00e9 se suele utilizar 0,9 mm para latiguillos y cables de conexi\u00f3n?<\/strong><br data-start=\"3455\" data-end=\"3458\" \/><strong data-start=\"3458\" data-end=\"3464\">A:<\/strong> <strong data-start=\"3465\" data-end=\"3493\">Fibra tamp\u00f3n de 0,9 mm<\/strong> es flexible, compacta e ideal para su uso en interiores, por lo que es perfecta para <strong data-start=\"3564\" data-end=\"3627\">latiguillos de fibra, cables de conexi\u00f3n e interconexiones de equipos<\/strong>.<\/p>","protected":false},"excerpt":{"rendered":"<h2 data-start=\"121\" data-end=\"142\">Productos<\/h2>\n<p data-start=\"144\" data-end=\"640\">En <strong data-start=\"148\" data-end=\"196\">FC PC Conector de fibra \u00f3ptica ajustable de 0,9 mm<\/strong> est\u00e1 dise\u00f1ado para la terminaci\u00f3n de alta precisi\u00f3n de <strong data-start=\"243\" data-end=\"289\">fibras monomodo con b\u00fafer estrecho (0,9 mm)<\/strong> utilizados en telecomunicaciones, FTTH, CATV y equipos de prueba.<br data-start=\"349\" data-end=\"352\" \/>Mediante la combinaci\u00f3n de un <strong data-start=\"367\" data-end=\"414\">PC (contacto f\u00edsico) virola plana pulida<\/strong> con un <strong data-start=\"423\" data-end=\"455\">estructura de la virola ajustable<\/strong>, Este conector permite a instaladores y fabricantes <strong data-start=\"511\" data-end=\"567\">ajuste fino de la protuberancia de la fibra y de la geometr\u00eda de la cara final<\/strong>, logrando un rendimiento \u00f3ptico \u00f3ptimo y una calidad constante del conector.<\/p>\n<p data-start=\"642\" data-end=\"860\">Con su <strong data-start=\"651\" data-end=\"681\">acoplamiento met\u00e1lico FC roscado<\/strong>, el conector proporciona <strong data-start=\"706\" data-end=\"744\">acoplamiento seguro y resistente a las vibraciones<\/strong>, lo que la hace muy adecuada para oficinas centrales, marcos ODF, instrumentos de laboratorio y sistemas \u00f3pticos industriales.<\/p>","protected":false},"featured_media":927,"comment_status":"open","ping_status":"closed","template":"","meta":[],"product_brand":[],"product_cat":[34],"product_tag":[],"class_list":{"0":"post-926","1":"product","2":"type-product","3":"status-publish","4":"has-post-thumbnail","6":"product_cat-fc-connector","8":"first","9":"instock","10":"shipping-taxable","11":"product-type-simple"},"_links":{"self":[{"href":"https:\/\/www.fenxifiber.com\/es\/wp-json\/wp\/v2\/product\/926","targetHints":{"allow":["GET"]}}],"collection":[{"href":"https:\/\/www.fenxifiber.com\/es\/wp-json\/wp\/v2\/product"}],"about":[{"href":"https:\/\/www.fenxifiber.com\/es\/wp-json\/wp\/v2\/types\/product"}],"replies":[{"embeddable":true,"href":"https:\/\/www.fenxifiber.com\/es\/wp-json\/wp\/v2\/comments?post=926"}],"wp:featuredmedia":[{"embeddable":true,"href":"https:\/\/www.fenxifiber.com\/es\/wp-json\/wp\/v2\/media\/927"}],"wp:attachment":[{"href":"https:\/\/www.fenxifiber.com\/es\/wp-json\/wp\/v2\/media?parent=926"}],"wp:term":[{"taxonomy":"product_brand","embeddable":true,"href":"https:\/\/www.fenxifiber.com\/es\/wp-json\/wp\/v2\/product_brand?post=926"},{"taxonomy":"product_cat","embeddable":true,"href":"https:\/\/www.fenxifiber.com\/es\/wp-json\/wp\/v2\/product_cat?post=926"},{"taxonomy":"product_tag","embeddable":true,"href":"https:\/\/www.fenxifiber.com\/es\/wp-json\/wp\/v2\/product_tag?post=926"}],"curies":[{"name":"wp","href":"https:\/\/api.w.org\/{rel}","templated":true}]}}