{"id":931,"date":"2026-02-04T03:27:48","date_gmt":"2026-02-04T03:27:48","guid":{"rendered":"https:\/\/www.fenxifiber.com\/?post_type=product&#038;p=931"},"modified":"2026-02-05T02:18:49","modified_gmt":"2026-02-05T02:18:49","slug":"fc-pc-2-0-3-0-mm-ajustable","status":"publish","type":"product","link":"https:\/\/www.fenxifiber.com\/es\/product\/fc-pc-2-0-3-0mm-adjustable\/","title":{"rendered":"Conector de fibra \u00f3ptica ajustable FC PC 2,0\/3,0 mm"},"content":{"rendered":"<h3 data-start=\"782\" data-end=\"826\">\u00bfPor qu\u00e9 elegir un conector FC ajustable?<\/h3>\n<p data-start=\"828\" data-end=\"1011\">En los conjuntos de fibra de alta calidad, incluso unas pocas micras de altura de la fibra pueden afectar a la p\u00e9rdida \u00f3ptica.<br data-start=\"921\" data-end=\"924\" \/>Por eso se prefieren los conectores ajustables en <strong data-start=\"974\" data-end=\"1010\">fabricaci\u00f3n profesional de cables<\/strong>.<\/p>\n<p data-start=\"1013\" data-end=\"1059\">Con este conector FC para PC ajustable, usted puede:<\/p>\n<ul data-start=\"1061\" data-end=\"1216\">\n<li data-start=\"1061\" data-end=\"1106\">\n<p data-start=\"1063\" data-end=\"1106\">Controle con precisi\u00f3n la posici\u00f3n del extremo de la fibra.<\/p>\n<\/li>\n<li data-start=\"1107\" data-end=\"1143\">\n<p data-start=\"1109\" data-end=\"1143\">Consigue mejores resultados de pulido<\/p>\n<\/li>\n<li data-start=\"1144\" data-end=\"1179\">\n<p data-start=\"1146\" data-end=\"1179\">Reducir la variaci\u00f3n de la p\u00e9rdida de inserci\u00f3n<\/p>\n<\/li>\n<li data-start=\"1180\" data-end=\"1216\">\n<p data-start=\"1182\" data-end=\"1216\">Mejorar el rendimiento en la producci\u00f3n en masa<\/p>\n<\/li>\n<\/ul>\n<p data-start=\"1218\" data-end=\"1378\">Esto es especialmente valioso para empresas como <strong data-start=\"1265\" data-end=\"1321\">Changzhou Fenxi Optoelectronics Technology Co.<\/strong>, donde <strong data-start=\"1329\" data-end=\"1370\">calidad estable y producci\u00f3n de gran volumen<\/strong> materia.<\/p>\n<hr data-start=\"1380\" data-end=\"1383\" \/>\n<h3 data-start=\"1385\" data-end=\"1435\">Compatible con cables de fibra de 2,0 mm y 3,0 mm.<\/h3>\n<div class=\"TyagGW_tableContainer\">\n<div class=\"group TyagGW_tableWrapper flex flex-col-reverse w-fit\" tabindex=\"-1\">\n<table class=\"w-fit min-w-(--thread-content-width)\" data-start=\"1437\" data-end=\"1600\">\n<thead data-start=\"1437\" data-end=\"1469\">\n<tr data-start=\"1437\" data-end=\"1469\">\n<th class=\"\" data-start=\"1437\" data-end=\"1454\" data-col-size=\"sm\">Di\u00e1metro del cable<\/th>\n<th class=\"\" data-start=\"1454\" data-end=\"1469\" data-col-size=\"sm\">Uso t\u00edpico<\/th>\n<\/tr>\n<\/thead>\n<tbody data-start=\"1501\" data-end=\"1600\">\n<tr data-start=\"1501\" data-end=\"1551\">\n<td data-start=\"1501\" data-end=\"1513\" data-col-size=\"sm\"><strong data-start=\"1503\" data-end=\"1512\">2,0 mm<\/strong><\/td>\n<td data-col-size=\"sm\" data-start=\"1513\" data-end=\"1551\">Cables de conexi\u00f3n para interiores, puentes para dispositivos<\/td>\n<\/tr>\n<tr data-start=\"1552\" data-end=\"1600\">\n<td data-start=\"1552\" data-end=\"1564\" data-col-size=\"sm\"><strong data-start=\"1554\" data-end=\"1563\">3,0 mm<\/strong><\/td>\n<td data-col-size=\"sm\" data-start=\"1564\" data-end=\"1600\">Cables de conexi\u00f3n para telecomunicaciones y redes troncales<\/td>\n<\/tr>\n<\/tbody>\n<\/table>\n<\/div>\n<\/div>\n<p data-start=\"1602\" data-end=\"1688\">Un solo dise\u00f1o de conector es compatible con ambos tama\u00f1os, lo que facilita considerablemente el inventario y la producci\u00f3n.<\/p>\n<hr data-start=\"1690\" data-end=\"1693\" \/>\n<h3 data-start=\"1695\" data-end=\"1720\">Rendimiento \u00f3ptico<\/h3>\n<div class=\"TyagGW_tableContainer\">\n<div class=\"group TyagGW_tableWrapper flex flex-col-reverse w-fit\" tabindex=\"-1\">\n<table class=\"w-fit min-w-(--thread-content-width)\" data-start=\"1722\" data-end=\"1993\">\n<thead data-start=\"1722\" data-end=\"1751\">\n<tr data-start=\"1722\" data-end=\"1751\">\n<th class=\"\" data-start=\"1722\" data-end=\"1734\" data-col-size=\"sm\">Par\u00e1metro<\/th>\n<th class=\"\" data-start=\"1734\" data-end=\"1751\" data-col-size=\"sm\">Valor t\u00edpico<\/th>\n<\/tr>\n<\/thead>\n<tbody data-start=\"1780\" data-end=\"1993\">\n<tr data-start=\"1780\" data-end=\"1819\">\n<td data-start=\"1780\" data-end=\"1793\" data-col-size=\"sm\">Tipo de fibra<\/td>\n<td data-start=\"1793\" data-end=\"1819\" data-col-size=\"sm\">Monomodo (9\/125 \u00b5m)<\/td>\n<\/tr>\n<tr data-start=\"1820\" data-end=\"1859\">\n<td data-start=\"1820\" data-end=\"1834\" data-col-size=\"sm\">Tipo de polaco<\/td>\n<td data-start=\"1834\" data-end=\"1859\" data-col-size=\"sm\">PC (Contacto f\u00edsico)<\/td>\n<\/tr>\n<tr data-start=\"1860\" data-end=\"1890\">\n<td data-start=\"1860\" data-end=\"1877\" data-col-size=\"sm\">P\u00e9rdida de inserci\u00f3n<\/td>\n<td data-col-size=\"sm\" data-start=\"1877\" data-end=\"1890\">\u2264 0,30 dB<\/td>\n<\/tr>\n<tr data-start=\"1891\" data-end=\"1916\">\n<td data-start=\"1891\" data-end=\"1905\" data-col-size=\"sm\">P\u00e9rdida de retorno<\/td>\n<td data-col-size=\"sm\" data-start=\"1905\" data-end=\"1916\">\u2265 45 dB<\/td>\n<\/tr>\n<tr data-start=\"1917\" data-end=\"1961\">\n<td data-start=\"1917\" data-end=\"1940\" data-col-size=\"sm\">Longitud de onda operativa<\/td>\n<td data-start=\"1940\" data-end=\"1961\" data-col-size=\"sm\">1310 nm \/ 1550 nm<\/td>\n<\/tr>\n<tr data-start=\"1962\" data-end=\"1993\">\n<td data-start=\"1962\" data-end=\"1976\" data-col-size=\"sm\">Vida en pareja<\/td>\n<td data-start=\"1976\" data-end=\"1993\" data-col-size=\"sm\">\u2265 1000 ciclos<\/td>\n<\/tr>\n<\/tbody>\n<\/table>\n<\/div>\n<\/div>\n<p data-start=\"1995\" data-end=\"2082\">Estos valores cumplen los requisitos de <strong data-start=\"2033\" data-end=\"2081\">telecomunicaciones, FTTH y redes de fibra \u00f3ptica empresariales<\/strong>.<\/p>\n<hr data-start=\"2084\" data-end=\"2087\" \/>\n<h3 data-start=\"2089\" data-end=\"2128\">Dise\u00f1o mec\u00e1nico y ambiental<\/h3>\n<div class=\"TyagGW_tableContainer\">\n<div class=\"group TyagGW_tableWrapper flex flex-col-reverse w-fit\" tabindex=\"-1\">\n<table class=\"w-fit min-w-(--thread-content-width)\" data-start=\"2130\" data-end=\"2450\">\n<thead data-start=\"2130\" data-end=\"2154\">\n<tr data-start=\"2130\" data-end=\"2154\">\n<th class=\"\" data-start=\"2130\" data-end=\"2137\" data-col-size=\"sm\">Art\u00edculo<\/th>\n<th class=\"\" data-start=\"2137\" data-end=\"2154\" data-col-size=\"sm\">Especificaci\u00f3n<\/th>\n<\/tr>\n<\/thead>\n<tbody data-start=\"2180\" data-end=\"2450\">\n<tr data-start=\"2180\" data-end=\"2217\">\n<td data-start=\"2180\" data-end=\"2197\" data-col-size=\"sm\">Tipo de conector<\/td>\n<td data-start=\"2197\" data-end=\"2217\" data-col-size=\"sm\">FC PC Ajustable<\/td>\n<\/tr>\n<tr data-start=\"2218\" data-end=\"2248\">\n<td data-start=\"2218\" data-end=\"2231\" data-col-size=\"sm\">Tama\u00f1o del cable<\/td>\n<td data-start=\"2231\" data-end=\"2248\" data-col-size=\"sm\">2,0 mm \/ 3,0 mm<\/td>\n<\/tr>\n<tr data-start=\"2249\" data-end=\"2288\">\n<td data-start=\"2249\" data-end=\"2268\" data-col-size=\"sm\">Material de la virola<\/td>\n<td data-start=\"2268\" data-end=\"2288\" data-col-size=\"sm\">Cer\u00e1mica de circonio<\/td>\n<\/tr>\n<tr data-start=\"2289\" data-end=\"2329\">\n<td data-start=\"2289\" data-end=\"2305\" data-col-size=\"sm\">Tipo de acoplamiento<\/td>\n<td data-start=\"2305\" data-end=\"2329\" data-col-size=\"sm\">Tornillo met\u00e1lico roscado<\/td>\n<\/tr>\n<tr data-start=\"2330\" data-end=\"2376\">\n<td data-start=\"2330\" data-end=\"2348\" data-col-size=\"sm\">Tipo de ajuste<\/td>\n<td data-start=\"2348\" data-end=\"2376\" data-col-size=\"sm\">Ajuste axial del casquillo<\/td>\n<\/tr>\n<tr data-start=\"2377\" data-end=\"2419\">\n<td data-start=\"2377\" data-end=\"2401\" data-col-size=\"sm\">Temperatura de funcionamiento<\/td>\n<td data-start=\"2401\" data-end=\"2419\" data-col-size=\"sm\">De \u201340 \u00b0C a +75 \u00b0C<\/td>\n<\/tr>\n<tr data-start=\"2420\" data-end=\"2450\">\n<td data-start=\"2420\" data-end=\"2439\" data-col-size=\"sm\">Resistencia a la tracci\u00f3n<\/td>\n<td data-start=\"2439\" data-end=\"2450\" data-col-size=\"sm\">\u2265 200 N<\/td>\n<\/tr>\n<\/tbody>\n<\/table>\n<\/div>\n<\/div>\n<p data-start=\"2452\" data-end=\"2609\">En <strong data-start=\"2456\" data-end=\"2480\">acoplamiento FC roscado<\/strong> garantiza una excelente resistencia a las vibraciones, lo que hace que este conector sea adecuado para <strong data-start=\"2559\" data-end=\"2608\">bastidores, gabinetes y sitios de telecomunicaciones industriales<\/strong>.<\/p>\n<hr data-start=\"2611\" data-end=\"2614\" \/>\n<h3 data-start=\"2616\" data-end=\"2642\">Aplicaciones t\u00edpicas<\/h3>\n<p data-start=\"2644\" data-end=\"2677\">Este conector se utiliza ampliamente en:<\/p>\n<ul data-start=\"2679\" data-end=\"2886\">\n<li data-start=\"2679\" data-end=\"2712\">\n<p data-start=\"2681\" data-end=\"2712\">Redes de telecomunicaciones y redes troncales<\/p>\n<\/li>\n<li data-start=\"2713\" data-end=\"2739\">\n<p data-start=\"2715\" data-end=\"2739\">Implementaciones de FTTH y PON<\/p>\n<\/li>\n<li data-start=\"2740\" data-end=\"2774\">\n<p data-start=\"2742\" data-end=\"2774\">Cables de conexi\u00f3n de fibra y pigtails<\/p>\n<\/li>\n<li data-start=\"2775\" data-end=\"2812\">\n<p data-start=\"2777\" data-end=\"2812\">Cuadros de distribuci\u00f3n \u00f3ptica (ODF)<\/p>\n<\/li>\n<li data-start=\"2813\" data-end=\"2843\">\n<p data-start=\"2815\" data-end=\"2843\">CATV y sistemas de banda ancha<\/p>\n<\/li>\n<li data-start=\"2844\" data-end=\"2886\">\n<p data-start=\"2846\" data-end=\"2886\">Equipos \u00f3pticos de prueba y medici\u00f3n<\/p>\n<\/li>\n<\/ul>\n<hr data-start=\"2888\" data-end=\"2891\" \/>\n<h2 data-start=\"2893\" data-end=\"2914\">Preguntas y respuestas profesionales<\/h2>\n<p data-start=\"2916\" data-end=\"3149\"><strong data-start=\"2916\" data-end=\"2974\">P1: \u00bfQu\u00e9 ventaja ofrece la estructura ajustable?<\/strong><br data-start=\"2974\" data-end=\"2977\" \/>Permite ajustar con precisi\u00f3n la posici\u00f3n del casquillo durante el pulido y el montaje, lo que proporciona <strong data-start=\"3063\" data-end=\"3108\">mejor control de la geometr\u00eda del extremo de la fibra<\/strong> y <strong data-start=\"3113\" data-end=\"3148\">rendimiento \u00f3ptico m\u00e1s estable<\/strong>.<\/p>\n<hr data-start=\"3151\" data-end=\"3154\" \/>\n<p data-start=\"3156\" data-end=\"3363\"><strong data-start=\"3156\" data-end=\"3199\">P2: \u00bfEs FC PC adecuado para sistemas FTTH?<\/strong><br data-start=\"3199\" data-end=\"3202\" \/>S\u00ed. Los conectores FC PC se utilizan ampliamente en <strong data-start=\"3243\" data-end=\"3285\">FTTH, telecomunicaciones y redes empresariales<\/strong> d\u00f3nde <strong data-start=\"3292\" data-end=\"3349\">Baja p\u00e9rdida de inserci\u00f3n y conexi\u00f3n mec\u00e1nica confiable.<\/strong> son necesarios.<\/p>\n<hr data-start=\"3365\" data-end=\"3368\" \/>\n<p data-start=\"3370\" data-end=\"3550\"><strong data-start=\"3370\" data-end=\"3406\">P3: \u00bfSe puede conectar un FC PC a un FC APC?<\/strong><br data-start=\"3406\" data-end=\"3409\" \/>No. PC y APC tienen geometr\u00edas de extremo diferentes. Deben <strong data-start=\"3470\" data-end=\"3497\">nunca se emparejar\u00e1n<\/strong>, ya que provoca grandes p\u00e9rdidas y puede da\u00f1ar los casquillos.<\/p>","protected":false},"excerpt":{"rendered":"<h3 data-start=\"147\" data-end=\"203\">Un conector dise\u00f1ado para ofrecer precisi\u00f3n y flexibilidad.<\/h3>\n<p data-start=\"205\" data-end=\"426\">En <strong data-start=\"209\" data-end=\"261\">Conector de fibra \u00f3ptica ajustable FC PC 2,0\/3,0 mm<\/strong> est\u00e1 dise\u00f1ado para fabricantes e instaladores de redes que necesitan <strong data-start=\"321\" data-end=\"383\">alineaci\u00f3n precisa de la fibra y rendimiento \u00f3ptico constante<\/strong> al terminar cables de fibra \u00f3ptica monomodo.<\/p>\n<p data-start=\"428\" data-end=\"775\">Es compatible con ambos. <strong data-start=\"445\" data-end=\"480\">Fibras con revestimiento de 2,0 mm y 3,0 mm<\/strong>, lo que lo hace ideal para <strong data-start=\"502\" data-end=\"562\">cables de conexi\u00f3n para telecomunicaciones, pigtails y conjuntos de cables FTTH<\/strong>. El <strong data-start=\"568\" data-end=\"623\">Casquillo cer\u00e1mico pulido plano PC (contacto f\u00edsico)<\/strong> garantiza una baja p\u00e9rdida de inserci\u00f3n, mientras que el <strong data-start=\"662\" data-end=\"694\">estructura de la virola ajustable<\/strong> permite un control preciso de la protuberancia de la fibra y la geometr\u00eda del extremo durante la producci\u00f3n.<\/p>","protected":false},"featured_media":932,"comment_status":"open","ping_status":"closed","template":"","meta":[],"product_brand":[],"product_cat":[34],"product_tag":[],"class_list":{"0":"post-931","1":"product","2":"type-product","3":"status-publish","4":"has-post-thumbnail","6":"product_cat-fc-connector","8":"first","9":"instock","10":"shipping-taxable","11":"product-type-simple"},"_links":{"self":[{"href":"https:\/\/www.fenxifiber.com\/es\/wp-json\/wp\/v2\/product\/931","targetHints":{"allow":["GET"]}}],"collection":[{"href":"https:\/\/www.fenxifiber.com\/es\/wp-json\/wp\/v2\/product"}],"about":[{"href":"https:\/\/www.fenxifiber.com\/es\/wp-json\/wp\/v2\/types\/product"}],"replies":[{"embeddable":true,"href":"https:\/\/www.fenxifiber.com\/es\/wp-json\/wp\/v2\/comments?post=931"}],"wp:featuredmedia":[{"embeddable":true,"href":"https:\/\/www.fenxifiber.com\/es\/wp-json\/wp\/v2\/media\/932"}],"wp:attachment":[{"href":"https:\/\/www.fenxifiber.com\/es\/wp-json\/wp\/v2\/media?parent=931"}],"wp:term":[{"taxonomy":"product_brand","embeddable":true,"href":"https:\/\/www.fenxifiber.com\/es\/wp-json\/wp\/v2\/product_brand?post=931"},{"taxonomy":"product_cat","embeddable":true,"href":"https:\/\/www.fenxifiber.com\/es\/wp-json\/wp\/v2\/product_cat?post=931"},{"taxonomy":"product_tag","embeddable":true,"href":"https:\/\/www.fenxifiber.com\/es\/wp-json\/wp\/v2\/product_tag?post=931"}],"curies":[{"name":"wp","href":"https:\/\/api.w.org\/{rel}","templated":true}]}}