{"id":933,"date":"2026-02-04T03:28:48","date_gmt":"2026-02-04T03:28:48","guid":{"rendered":"https:\/\/www.fenxifiber.com\/?post_type=product&#038;p=933"},"modified":"2026-02-05T02:19:46","modified_gmt":"2026-02-05T02:19:46","slug":"fc-pc-2-0-3-0-mm-cable-de-bajada-componentes-a-granel","status":"publish","type":"product","link":"https:\/\/www.fenxifiber.com\/es\/product\/fc-pc-2-0-3-0mm-drop-cable-bulk-components\/","title":{"rendered":"FC PC 2.0\/3.0mm Drop Cable Bulk Components"},"content":{"rendered":"<h3 data-start=\"765\" data-end=\"823\">Por qu\u00e9 los \u201ccomponentes a granel\u201d son importantes en las f\u00e1bricas de cables de conexi\u00f3n<\/h3>\n<p data-start=\"825\" data-end=\"996\">En las l\u00edneas de producci\u00f3n de FTTH, el conector en s\u00ed mismo es solo la mitad de la historia.<br data-start=\"895\" data-end=\"898\" \/>Lo que realmente determina el rendimiento, la velocidad y el desempe\u00f1o a largo plazo es el <strong data-start=\"968\" data-end=\"995\">conjunto de componentes detr\u00e1s de \u00e9l<\/strong>.<\/p>\n<p data-start=\"998\" data-end=\"1052\">Estos componentes a granel para PC FC est\u00e1n dise\u00f1ados para ofrecer:<\/p>\n<ul data-start=\"1054\" data-end=\"1256\">\n<li data-start=\"1054\" data-end=\"1099\">\n<p data-start=\"1056\" data-end=\"1099\">Posicionamiento estable de la fibra durante el pulido<\/p>\n<\/li>\n<li data-start=\"1100\" data-end=\"1157\">\n<p data-start=\"1102\" data-end=\"1157\">Alivio de tensi\u00f3n confiable en cables de conexi\u00f3n de 2,0 mm y 3,0 mm.<\/p>\n<\/li>\n<li data-start=\"1158\" data-end=\"1208\">\n<p data-start=\"1160\" data-end=\"1208\">Ajuste mec\u00e1nico uniforme en lotes grandes<\/p>\n<\/li>\n<li data-start=\"1209\" data-end=\"1256\">\n<p data-start=\"1211\" data-end=\"1256\">Montaje automatizado o semiautomatizado fluido<\/p>\n<\/li>\n<\/ul>\n<p data-start=\"1258\" data-end=\"1382\">Por eso son ampliamente utilizados por fabricantes profesionales como <strong data-start=\"1326\" data-end=\"1382\">Changzhou Fenxi Optoelectronics Technology Co.<\/strong><\/p>\n<hr data-start=\"1384\" data-end=\"1387\" \/>\n<h3 data-start=\"1389\" data-end=\"1438\">Dise\u00f1ado para cables de derivaci\u00f3n FTTH de 2,0 mm y 3,0 mm.<\/h3>\n<div class=\"TyagGW_tableContainer\">\n<div class=\"group TyagGW_tableWrapper flex flex-col-reverse w-fit\" tabindex=\"-1\">\n<table class=\"w-fit min-w-(--thread-content-width)\" data-start=\"1440\" data-end=\"1637\">\n<thead data-start=\"1440\" data-end=\"1468\">\n<tr data-start=\"1440\" data-end=\"1468\">\n<th class=\"\" data-start=\"1440\" data-end=\"1453\" data-col-size=\"sm\">Tipo de cable<\/th>\n<th class=\"\" data-start=\"1453\" data-end=\"1468\" data-col-size=\"md\">Uso t\u00edpico<\/th>\n<\/tr>\n<\/thead>\n<tbody data-start=\"1498\" data-end=\"1637\">\n<tr data-start=\"1498\" data-end=\"1563\">\n<td data-start=\"1498\" data-end=\"1521\" data-col-size=\"sm\"><strong data-start=\"1500\" data-end=\"1520\">Cable de bajada de 2,0 mm<\/strong><\/td>\n<td data-col-size=\"md\" data-start=\"1521\" data-end=\"1563\">FTTH interior, tomas de pared, puentes ONT<\/td>\n<\/tr>\n<tr data-start=\"1564\" data-end=\"1637\">\n<td data-start=\"1564\" data-end=\"1587\" data-col-size=\"sm\"><strong data-start=\"1566\" data-end=\"1586\">Cable de bajada de 3,0 mm<\/strong><\/td>\n<td data-start=\"1587\" data-end=\"1637\" data-col-size=\"md\">FTTH exterior, entrada al edificio, red troncal hasta el hogar.<\/td>\n<\/tr>\n<\/tbody>\n<\/table>\n<\/div>\n<\/div>\n<p data-start=\"1639\" data-end=\"1749\">El mismo sistema de componentes es compatible con ambos, lo que reduce <strong data-start=\"1689\" data-end=\"1748\">cambios de herramientas, complejidad del inventario y costo de producci\u00f3n<\/strong>.<\/p>\n<hr data-start=\"1751\" data-end=\"1754\" \/>\n<h3 data-start=\"1756\" data-end=\"1797\">Objetivos de dise\u00f1o \u00f3ptico y mec\u00e1nico<\/h3>\n<div class=\"TyagGW_tableContainer\">\n<div class=\"group TyagGW_tableWrapper flex flex-col-reverse w-fit\" tabindex=\"-1\">\n<table class=\"w-fit min-w-(--thread-content-width)\" data-start=\"1799\" data-end=\"2061\">\n<thead data-start=\"1799\" data-end=\"1833\">\n<tr data-start=\"1799\" data-end=\"1833\">\n<th class=\"\" data-start=\"1799\" data-end=\"1811\" data-col-size=\"sm\">Par\u00e1metro<\/th>\n<th class=\"\" data-start=\"1811\" data-end=\"1833\" data-col-size=\"sm\">Rendimiento objetivo<\/th>\n<\/tr>\n<\/thead>\n<tbody data-start=\"1865\" data-end=\"2061\">\n<tr data-start=\"1865\" data-end=\"1891\">\n<td data-start=\"1865\" data-end=\"1882\" data-col-size=\"sm\">Tipo de conector<\/td>\n<td data-start=\"1882\" data-end=\"1891\" data-col-size=\"sm\">FC PC<\/td>\n<\/tr>\n<tr data-start=\"1892\" data-end=\"1929\">\n<td data-start=\"1892\" data-end=\"1905\" data-col-size=\"sm\">Modo Fibra<\/td>\n<td data-start=\"1905\" data-end=\"1929\" data-col-size=\"sm\">Modo \u00fanico 9\/125 \u00b5m<\/td>\n<\/tr>\n<tr data-start=\"1930\" data-end=\"1960\">\n<td data-start=\"1930\" data-end=\"1947\" data-col-size=\"sm\">P\u00e9rdida de inserci\u00f3n<\/td>\n<td data-start=\"1947\" data-end=\"1960\" data-col-size=\"sm\">\u2264 0,30 dB<\/td>\n<\/tr>\n<tr data-start=\"1961\" data-end=\"1986\">\n<td data-start=\"1961\" data-end=\"1975\" data-col-size=\"sm\">P\u00e9rdida de retorno<\/td>\n<td data-start=\"1975\" data-end=\"1986\" data-col-size=\"sm\">\u2265 45 dB<\/td>\n<\/tr>\n<tr data-start=\"1987\" data-end=\"2017\">\n<td data-start=\"1987\" data-end=\"1997\" data-col-size=\"sm\">Casquillo<\/td>\n<td data-start=\"1997\" data-end=\"2017\" data-col-size=\"sm\">Cer\u00e1mica de circonio<\/td>\n<\/tr>\n<tr data-start=\"2018\" data-end=\"2061\">\n<td data-start=\"2018\" data-end=\"2031\" data-col-size=\"sm\">Agarre para cable<\/td>\n<td data-start=\"2031\" data-end=\"2061\" data-col-size=\"sm\">Engarzado de alta resistencia + funda<\/td>\n<\/tr>\n<\/tbody>\n<\/table>\n<\/div>\n<\/div>\n<p data-start=\"2063\" data-end=\"2203\">Estos componentes est\u00e1n dise\u00f1ados para cumplir con <strong data-start=\"2101\" data-end=\"2133\">normas FTTH de grado telecomunicaciones<\/strong>, garantizando un rendimiento estable desde la f\u00e1brica hasta el hogar del cliente.<\/p>\n<hr data-start=\"2205\" data-end=\"2208\" \/>\n<h3 data-start=\"2210\" data-end=\"2249\">\u00bfQu\u00e9 incluye el paquete al por mayor?<\/h3>\n<div class=\"TyagGW_tableContainer\">\n<div class=\"group TyagGW_tableWrapper flex flex-col-reverse w-fit\" tabindex=\"-1\">\n<table class=\"w-fit min-w-(--thread-content-width)\" data-start=\"2251\" data-end=\"2584\">\n<thead data-start=\"2251\" data-end=\"2275\">\n<tr data-start=\"2251\" data-end=\"2275\">\n<th class=\"\" data-start=\"2251\" data-end=\"2263\" data-col-size=\"sm\">Componente<\/th>\n<th class=\"\" data-start=\"2263\" data-end=\"2275\" data-col-size=\"sm\">Funci\u00f3n<\/th>\n<\/tr>\n<\/thead>\n<tbody data-start=\"2300\" data-end=\"2584\">\n<tr data-start=\"2300\" data-end=\"2350\">\n<td data-start=\"2300\" data-end=\"2316\" data-col-size=\"sm\">Cuerpo met\u00e1lico FC<\/td>\n<td data-col-size=\"sm\" data-start=\"2316\" data-end=\"2350\">Proporciona interfaz FC roscada.<\/td>\n<\/tr>\n<tr data-start=\"2351\" data-end=\"2408\">\n<td data-start=\"2351\" data-end=\"2369\" data-col-size=\"sm\">Casquillo cer\u00e1mico<\/td>\n<td data-col-size=\"sm\" data-start=\"2369\" data-end=\"2408\">Alineaci\u00f3n de fibras y contacto \u00f3ptico<\/td>\n<\/tr>\n<tr data-start=\"2409\" data-end=\"2466\">\n<td data-start=\"2409\" data-end=\"2424\" data-col-size=\"sm\">Manguito de engarzar<\/td>\n<td data-col-size=\"sm\" data-start=\"2424\" data-end=\"2466\">Fija la cubierta del cable y el elemento de refuerzo.<\/td>\n<\/tr>\n<tr data-start=\"2467\" data-end=\"2526\">\n<td data-start=\"2467\" data-end=\"2486\" data-col-size=\"sm\">Bota (2,0\/3,0 mm)<\/td>\n<td data-col-size=\"sm\" data-start=\"2486\" data-end=\"2526\">Alivio de tensi\u00f3n y protecci\u00f3n contra dobleces<\/td>\n<\/tr>\n<tr data-start=\"2527\" data-end=\"2584\">\n<td data-start=\"2527\" data-end=\"2545\" data-col-size=\"sm\">Soporte interno<\/td>\n<td data-col-size=\"sm\" data-start=\"2545\" data-end=\"2584\">Controla la posici\u00f3n de la fibra y la f\u00e9rula.<\/td>\n<\/tr>\n<\/tbody>\n<\/table>\n<\/div>\n<\/div>\n<p data-start=\"2586\" data-end=\"2670\">Juntos, forman un <strong data-start=\"2608\" data-end=\"2645\">Sistema completo de terminaci\u00f3n FC para PC<\/strong> para el montaje del cable de bajada.<\/p>\n<hr data-start=\"2672\" data-end=\"2675\" \/>\n<h3 data-start=\"2677\" data-end=\"2714\">D\u00f3nde se utilizan estos componentes<\/h3>\n<p data-start=\"2716\" data-end=\"2755\">Estas piezas a granel se utilizan ampliamente en:<\/p>\n<ul data-start=\"2757\" data-end=\"2935\">\n<li data-start=\"2757\" data-end=\"2786\">\n<p data-start=\"2759\" data-end=\"2786\">F\u00e1bricas de cables de conexi\u00f3n FTTH<\/p>\n<\/li>\n<li data-start=\"2787\" data-end=\"2824\">\n<p data-start=\"2789\" data-end=\"2824\">L\u00edneas de producci\u00f3n de cables de conexi\u00f3n de fibra \u00f3ptica<\/p>\n<\/li>\n<li data-start=\"2825\" data-end=\"2861\">\n<p data-start=\"2827\" data-end=\"2861\">Cables preconectados para telecomunicaciones<\/p>\n<\/li>\n<li data-start=\"2862\" data-end=\"2894\">\n<p data-start=\"2864\" data-end=\"2894\">Conjunto de puentes de fibra para interiores<\/p>\n<\/li>\n<li data-start=\"2895\" data-end=\"2935\">\n<p data-start=\"2897\" data-end=\"2935\">Sistemas de cable de red de acceso y PON<\/p>\n<\/li>\n<\/ul>\n<p data-start=\"2937\" data-end=\"3029\">Son ideales para cualquier empresa que necesite <strong data-start=\"2979\" data-end=\"3028\">Cables de conexi\u00f3n FC PC de gran volumen y calidad estable<\/strong>.<\/p>\n<hr data-start=\"3031\" data-end=\"3034\" \/>\n<h2 data-start=\"3036\" data-end=\"3057\">Preguntas y respuestas profesionales<\/h2>\n<p data-start=\"3059\" data-end=\"3241\"><strong data-start=\"3059\" data-end=\"3128\">P1: \u00bfEstos componentes son para conectores terminados o para ensamblaje?<\/strong><br data-start=\"3128\" data-end=\"3131\" \/>Son <strong data-start=\"3140\" data-end=\"3167\">piezas a granel para ensamblar<\/strong>. Las f\u00e1bricas los utilizan para construir <strong data-start=\"3205\" data-end=\"3240\">Conectores FC PC en cables de derivaci\u00f3n<\/strong>.<\/p>\n<hr data-start=\"3243\" data-end=\"3246\" \/>\n<p data-start=\"3248\" data-end=\"3405\"><strong data-start=\"3248\" data-end=\"3306\">P2: \u00bfSe pueden utilizar con cables de 2,0 mm y 3,0 mm?<\/strong><br data-start=\"3306\" data-end=\"3309\" \/>S\u00ed. Las piezas de arranque y engarzado est\u00e1n dise\u00f1adas para soportar <strong data-start=\"3363\" data-end=\"3404\">Cables de conexi\u00f3n FTTH de 2,0 mm y 3,0 mm.<\/strong>.<\/p>\n<hr data-start=\"3407\" data-end=\"3410\" \/>\n<p data-start=\"3412\" data-end=\"3633\"><strong data-start=\"3412\" data-end=\"3470\">P3: \u00bfSon adecuados para l\u00edneas de producci\u00f3n automatizadas?<\/strong><br data-start=\"3470\" data-end=\"3473\" \/>S\u00ed. Los componentes est\u00e1n dise\u00f1ados con <strong data-start=\"3511\" data-end=\"3536\">tolerancias consistentes<\/strong>, lo que los hace compatibles con <strong data-start=\"3566\" data-end=\"3632\">Equipos semiautom\u00e1ticos y totalmente autom\u00e1ticos para terminaci\u00f3n de fibra \u00f3ptica.<\/strong>.<\/p>","protected":false},"excerpt":{"rendered":"<h3 data-start=\"135\" data-end=\"177\">Dise\u00f1ado para la producci\u00f3n de cables de conexi\u00f3n FTTH.<\/h3>\n<p data-start=\"179\" data-end=\"394\">En <strong data-start=\"183\" data-end=\"229\">FC PC 2.0\/3.0mm Drop Cable Bulk Components<\/strong> no son simples conectores, son <strong data-start=\"267\" data-end=\"305\">piezas de terminaci\u00f3n de grado industrial<\/strong> dise\u00f1ado espec\u00edficamente para <strong data-start=\"332\" data-end=\"393\">producci\u00f3n en masa de cables de conexi\u00f3n FTTH y cables de conexi\u00f3n de fibra \u00f3ptica<\/strong>.<\/p>\n<p data-start=\"396\" data-end=\"758\">En lugar de centrarse en un \u00fanico conector, este producto es un <strong data-start=\"459\" data-end=\"492\">soluci\u00f3n completa de terminaci\u00f3n<\/strong> para conjuntos de cables de conexi\u00f3n FC PC, que cubren <strong data-start=\"535\" data-end=\"609\">casquillos, cuerpos, botas, piezas de engarzado y estructuras de alineaci\u00f3n interna<\/strong>. Permite a los fabricantes construir <strong data-start=\"644\" data-end=\"677\">Extremos de fibra FC PC de alta calidad<\/strong> en cables de conexi\u00f3n de 2,0 mm y 3,0 mm con <strong data-start=\"714\" data-end=\"757\">alta consistencia y baja tasa de rechazo<\/strong>.<\/p>","protected":false},"featured_media":934,"comment_status":"open","ping_status":"closed","template":"","meta":[],"product_brand":[],"product_cat":[34],"product_tag":[],"class_list":{"0":"post-933","1":"product","2":"type-product","3":"status-publish","4":"has-post-thumbnail","6":"product_cat-fc-connector","8":"first","9":"instock","10":"shipping-taxable","11":"product-type-simple"},"_links":{"self":[{"href":"https:\/\/www.fenxifiber.com\/es\/wp-json\/wp\/v2\/product\/933","targetHints":{"allow":["GET"]}}],"collection":[{"href":"https:\/\/www.fenxifiber.com\/es\/wp-json\/wp\/v2\/product"}],"about":[{"href":"https:\/\/www.fenxifiber.com\/es\/wp-json\/wp\/v2\/types\/product"}],"replies":[{"embeddable":true,"href":"https:\/\/www.fenxifiber.com\/es\/wp-json\/wp\/v2\/comments?post=933"}],"wp:featuredmedia":[{"embeddable":true,"href":"https:\/\/www.fenxifiber.com\/es\/wp-json\/wp\/v2\/media\/934"}],"wp:attachment":[{"href":"https:\/\/www.fenxifiber.com\/es\/wp-json\/wp\/v2\/media?parent=933"}],"wp:term":[{"taxonomy":"product_brand","embeddable":true,"href":"https:\/\/www.fenxifiber.com\/es\/wp-json\/wp\/v2\/product_brand?post=933"},{"taxonomy":"product_cat","embeddable":true,"href":"https:\/\/www.fenxifiber.com\/es\/wp-json\/wp\/v2\/product_cat?post=933"},{"taxonomy":"product_tag","embeddable":true,"href":"https:\/\/www.fenxifiber.com\/es\/wp-json\/wp\/v2\/product_tag?post=933"}],"curies":[{"name":"wp","href":"https:\/\/api.w.org\/{rel}","templated":true}]}}