{"id":36,"date":"2026-01-14T01:43:26","date_gmt":"2026-01-14T01:43:26","guid":{"rendered":"https:\/\/www.fenxifiber.com\/?page_id=36"},"modified":"2026-01-15T02:17:36","modified_gmt":"2026-01-15T02:17:36","slug":"a-propos-de-nous","status":"publish","type":"page","link":"https:\/\/www.fenxifiber.com\/fr\/about-us\/","title":{"rendered":"\u00c0 propos de nous"},"content":{"rendered":"<div data-elementor-type=\"wp-page\" data-elementor-id=\"36\" class=\"elementor elementor-36\" data-elementor-post-type=\"page\">\n\t\t\t\t<div class=\"elementor-element elementor-element-3b2907d5 e-flex e-con-boxed e-con e-parent\" data-id=\"3b2907d5\" data-element_type=\"container\" data-e-type=\"container\" data-settings=\"{&quot;background_background&quot;:&quot;classic&quot;}\">\n\t\t\t\t\t<div class=\"e-con-inner\">\n\t\t\t\t<div class=\"elementor-element elementor-element-fb6968 animated-slow elementor-invisible elementor-widget elementor-widget-heading\" data-id=\"fb6968\" data-element_type=\"widget\" data-e-type=\"widget\" data-settings=\"{&quot;_animation&quot;:&quot;slideInUp&quot;}\" data-widget_type=\"heading.default\">\n\t\t\t\t\t<h2 class=\"elementor-heading-title elementor-size-default\">Connecter l'avenir<\/h2>\t\t\t\t<\/div>\n\t\t\t\t<div class=\"elementor-element elementor-element-1e984b01 animated-slow elementor-invisible elementor-widget elementor-widget-heading\" data-id=\"1e984b01\" data-element_type=\"widget\" data-e-type=\"widget\" data-settings=\"{&quot;_animation&quot;:&quot;slideInUp&quot;}\" data-widget_type=\"heading.default\">\n\t\t\t\t\t<h1 class=\"elementor-heading-title elementor-size-default\">\u00e0 propos de nous<\/h1>\t\t\t\t<\/div>\n\t\t<div class=\"elementor-element elementor-element-5885960f e-con-full e-flex e-con e-child\" data-id=\"5885960f\" data-element_type=\"container\" data-e-type=\"container\">\n\t\t<div class=\"elementor-element elementor-element-65f1be24 e-con-full e-flex e-con e-child\" data-id=\"65f1be24\" data-element_type=\"container\" data-e-type=\"container\">\n\t\t\t\t<div class=\"elementor-element elementor-element-7e2d2775 elementor-blockquote--skin-quotation elementor-blockquote--align-center elementor-widget elementor-widget-blockquote\" data-id=\"7e2d2775\" data-element_type=\"widget\" data-e-type=\"widget\" data-widget_type=\"blockquote.default\">\n\t\t\t\t\t\t\t<blockquote class=\"elementor-blockquote\">\n\t\t\t<p class=\"elementor-blockquote__content\">\n\t\t\t\tChangzhou Fenxi Optoelectronics Technology Co. Ltd.\t\t\t<\/p>\n\t\t\t\t\t<\/blockquote>\n\t\t\t\t\t\t<\/div>\n\t\t\t\t<div class=\"elementor-element elementor-element-174a5941 elementor-widget elementor-widget-text-editor\" data-id=\"174a5941\" data-element_type=\"widget\" data-e-type=\"widget\" data-widget_type=\"text-editor.default\">\n\t\t\t\t\t\t\t\t\t<p>Changzhou Fenxi Optoelectronics Technology Co. est une entreprise \u00e9mergente dans le secteur des communications optiques. Elle a r\u00e9uni un groupe de professionnels chevronn\u00e9s de la recherche et du d\u00e9veloppement de produits, ainsi que du personnel exp\u00e9riment\u00e9 de la production et de la gestion de la qualit\u00e9, originaires du pays et de l'\u00e9tranger, qui se concentrent sur la recherche et le d\u00e9veloppement, la production et la vente de produits de communication optique.<\/p><p>Les activit\u00e9s de l'entreprise couvrent principalement les op\u00e9rations de t\u00e9l\u00e9communications, l'int\u00e9gration de syst\u00e8mes, la fibre optique \u00e0 domicile, la transmission par fibre optique et d'autres domaines. Elle produit principalement diverses sp\u00e9cifications et mod\u00e8les de produits de communication optique, y compris des composants de connecteurs \u00e0 fibre optique, des cordons de raccordement \u00e0 fibre optique, des queues de cochon \u00e0 fibre optique, des queues de cochon \u00e0 ruban, des cordons de raccordement \u00e0 fibre optique blind\u00e9s, des adaptateurs \u00e0 fibre optique, des connecteurs rapides \u00e0 fibre optique, des s\u00e9parateurs \u00e0 fibre optique PLC, des s\u00e9parateurs \u00e0 fibre optique FBT, des cassettes \u00e0 fibre optique \u00e0 12 fils, des r\u00e9partiteurs \u00e0 fibre optique ODF, des bo\u00eetes de terminaison \u00e0 fibre optique, des fermetures d'\u00e9pissure \u00e0 fibre optique et des cordons de raccordement \u00e0 un r\u00e9seau.<\/p><p>Adh\u00e9rant au principe de produits de haute qualit\u00e9, de prix pr\u00e9f\u00e9rentiels et d'excellents services, Changzhou Fenxi Optoelectronics Technology Co. est pr\u00eate \u00e0 coop\u00e9rer sinc\u00e8rement avec tous les secteurs pour rechercher un d\u00e9veloppement commun et cr\u00e9er de brillantes perspectives ensemble.<\/p>\t\t\t\t\t\t\t\t<\/div>\n\t\t\t\t<\/div>\n\t\t\t\t<\/div>\n\t\t\t\t\t<\/div>\n\t\t\t\t<\/div>\n\t\t\t\t<\/div>","protected":false},"excerpt":{"rendered":"<p>Connecting the Future about us Changzhou Fenxi Optoelectronics Technology Co., Ltd. Changzhou Fenxi Optoelectronics Technology Co., Ltd. is an emerging enterprise in the optical communication industry. It has brought together a group of senior product R&amp;D professionals as well as experienced production and quality management personnel from home and abroad, focusing on the R&amp;D, production [&hellip;]<\/p>\n","protected":false},"author":1,"featured_media":0,"parent":0,"menu_order":0,"comment_status":"closed","ping_status":"closed","template":"","meta":{"footnotes":""},"class_list":["post-36","page","type-page","status-publish","hentry"],"_links":{"self":[{"href":"https:\/\/www.fenxifiber.com\/fr\/wp-json\/wp\/v2\/pages\/36","targetHints":{"allow":["GET"]}}],"collection":[{"href":"https:\/\/www.fenxifiber.com\/fr\/wp-json\/wp\/v2\/pages"}],"about":[{"href":"https:\/\/www.fenxifiber.com\/fr\/wp-json\/wp\/v2\/types\/page"}],"author":[{"embeddable":true,"href":"https:\/\/www.fenxifiber.com\/fr\/wp-json\/wp\/v2\/users\/1"}],"replies":[{"embeddable":true,"href":"https:\/\/www.fenxifiber.com\/fr\/wp-json\/wp\/v2\/comments?post=36"}],"version-history":[{"count":16,"href":"https:\/\/www.fenxifiber.com\/fr\/wp-json\/wp\/v2\/pages\/36\/revisions"}],"predecessor-version":[{"id":197,"href":"https:\/\/www.fenxifiber.com\/fr\/wp-json\/wp\/v2\/pages\/36\/revisions\/197"}],"wp:attachment":[{"href":"https:\/\/www.fenxifiber.com\/fr\/wp-json\/wp\/v2\/media?parent=36"}],"curies":[{"name":"wp","href":"https:\/\/api.w.org\/{rel}","templated":true}]}}