{"id":351,"date":"2026-01-26T05:33:30","date_gmt":"2026-01-26T05:33:30","guid":{"rendered":"https:\/\/www.fenxifiber.com\/?post_type=product&#038;p=351"},"modified":"2026-01-26T05:33:30","modified_gmt":"2026-01-26T05:33:30","slug":"fabricant-de-boites-de-terminaison-de-fibre-lc-96core","status":"publish","type":"product","link":"https:\/\/www.fenxifiber.com\/fr\/product\/fiber-termination-box-lc-96core-manufacturer\/","title":{"rendered":"Bo\u00eete de terminaison de fibre LC-96core Fabricant"},"content":{"rendered":"<p><strong>Connectivit\u00e9 et conception \u00e0 haute densit\u00e9<\/strong><\/p>\n<p>L'optimisation de l'espace est essentielle dans l'infrastructure des r\u00e9seaux d'aujourd'hui. Notre bo\u00eetier de terminaison LC-96core pr\u00e9sente une conception compacte et modulaire pouvant accueillir 96 connexions LC (g\u00e9n\u00e9ralement \u00e0 l'aide d'adaptateurs LC Duplex). La structure interne est m\u00e9ticuleusement organis\u00e9e avec des plateaux d'\u00e9pissure qui garantissent un rayon de courbure de la fibre sup\u00e9rieur \u00e0 30 mm, \u00e9vitant ainsi la perte de signal et les dommages physiques. Cette conception facilite l'acc\u00e8s pour l'installation, la maintenance et l'expansion future de la capacit\u00e9 sans perturber les connexions existantes.<\/p>\n<p><strong>Durabilit\u00e9 et protection de l'environnement<\/strong><\/p>\n<p>Construit en acier lamin\u00e9 \u00e0 froid de haute qualit\u00e9 (SPCC) ou en mat\u00e9riaux ABS r\u00e9sistants aux chocs (personnalisables sur demande), ce bo\u00eetier de terminaison offre une protection robuste contre les chocs physiques et les facteurs environnementaux. Il est trait\u00e9 par pulv\u00e9risation \u00e9lectrostatique pour une finition lisse et r\u00e9sistante \u00e0 la corrosion, ce qui le rend adapt\u00e9 \u00e0 divers sc\u00e9narios de d\u00e9ploiement, y compris le montage mural en int\u00e9rieur et le montage en rack standard de 19 pouces. L'unit\u00e9 prot\u00e8ge efficacement les \u00e9pissures de fibres sensibles de la poussi\u00e8re, de l'humidit\u00e9 et des contraintes m\u00e9caniques, garantissant ainsi une longue dur\u00e9e de vie op\u00e9rationnelle.<\/p>\n<p><strong>Sp\u00e9cifications techniques<\/strong><\/p>\n<p>Pour vous aider \u00e0 comprendre les capacit\u00e9s de performance de notre bo\u00eete de terminaison fibre LC-96core, veuillez vous r\u00e9f\u00e9rer aux param\u00e8tres techniques standard ci-dessous :<\/p>\n<table>\n<thead>\n<tr>\n<th>Fonctionnalit\u00e9<\/th>\n<th>Sp\u00e9cifications<\/th>\n<\/tr>\n<\/thead>\n<tbody>\n<tr>\n<td><strong>Nom du produit<\/strong><\/td>\n<td>Bo\u00eete de terminaison de fibre LC-96core<\/td>\n<\/tr>\n<tr>\n<td><strong>Capacit\u00e9 maximale<\/strong><\/td>\n<td>96 c\u0153urs<\/td>\n<\/tr>\n<tr>\n<td><strong>Type d'adaptateur<\/strong><\/td>\n<td>LC (Duplex\/Quad)<\/td>\n<\/tr>\n<tr>\n<td><strong>Mat\u00e9riau<\/strong><\/td>\n<td>SPCC Acier lamin\u00e9 \u00e0 froid \/ ABS de haute qualit\u00e9<\/td>\n<\/tr>\n<tr>\n<td><strong>Perte d'insertion<\/strong><\/td>\n<td>\u2264 0,3dB<\/td>\n<\/tr>\n<tr>\n<td><strong>Perte de retour<\/strong><\/td>\n<td>\u2265 50dB (UPC) \/ \u2265 60dB (APC)<\/td>\n<\/tr>\n<tr>\n<td><strong>Temp\u00e9rature de fonctionnement<\/strong><\/td>\n<td>-40\u00b0C \u00e0 +85\u00b0C<\/td>\n<\/tr>\n<tr>\n<td><strong>Mode d'installation<\/strong><\/td>\n<td>Montage mural \/ montage en rack (19 pouces)<\/td>\n<\/tr>\n<tr>\n<td><strong>Dur\u00e9e de vie<\/strong><\/td>\n<td>&gt; 20 ans<\/td>\n<\/tr>\n<\/tbody>\n<\/table>\n<p><strong>Applications et assurance qualit\u00e9<\/strong><\/p>\n<p>Ce produit est largement utilis\u00e9 dans les r\u00e9seaux locaux (LAN), les r\u00e9seaux \u00e9tendus (WAN), les syst\u00e8mes CATV et l'int\u00e9gration des r\u00e9seaux de t\u00e9l\u00e9communications. Chez Fenxi Optoelectronics Technology, nous combinons une expertise de haut niveau en mati\u00e8re de recherche et de d\u00e9veloppement avec une gestion stricte de la qualit\u00e9. Chaque bo\u00eetier de terminaison de fibre LC-96core est soumis \u00e0 des tests optiques rigoureux avant d'\u00eatre exp\u00e9di\u00e9 afin de s'assurer qu'il r\u00e9pond aux normes internationales. Qu'il s'agisse d'un projet de t\u00e9l\u00e9communications \u00e0 grande \u00e9chelle ou d'une t\u00e2che d'int\u00e9gration de syst\u00e8me sp\u00e9cifique, Fenxi fournit des services OEM\/ODM fiables pour soutenir la croissance de votre entreprise.<\/p>","protected":false},"excerpt":{"rendered":"<p><strong>Aper\u00e7u du produit<\/strong><\/p>\n<p>Le\u00a0<strong>Bo\u00eete de terminaison de fibre LC-96core<\/strong>\u00a0est une solution de distribution optique haute densit\u00e9 con\u00e7ue pour r\u00e9pondre aux exigences rigoureuses des r\u00e9seaux modernes FTTH (Fiber to the Home) et de t\u00e9l\u00e9communication. Con\u00e7ue par Fenxi Optoelectronics Technology, cette unit\u00e9 permet une gestion efficace des c\u00e2bles, une \u00e9pissure par fusion s\u00e9curis\u00e9e et une connectivit\u00e9 fiable pour un maximum de 96 c\u0153urs de fibre. C'est le choix id\u00e9al pour maximiser l'utilisation de l'espace dans les salles de serveurs et les centres de donn\u00e9es tout en assurant une transmission sup\u00e9rieure du signal.<\/p>","protected":false},"featured_media":352,"comment_status":"open","ping_status":"closed","template":"","meta":[],"product_brand":[],"product_cat":[23],"product_tag":[],"class_list":{"0":"post-351","1":"product","2":"type-product","3":"status-publish","4":"has-post-thumbnail","6":"product_cat-fiber-termination-box","8":"first","9":"instock","10":"shipping-taxable","11":"product-type-simple"},"_links":{"self":[{"href":"https:\/\/www.fenxifiber.com\/fr\/wp-json\/wp\/v2\/product\/351","targetHints":{"allow":["GET"]}}],"collection":[{"href":"https:\/\/www.fenxifiber.com\/fr\/wp-json\/wp\/v2\/product"}],"about":[{"href":"https:\/\/www.fenxifiber.com\/fr\/wp-json\/wp\/v2\/types\/product"}],"replies":[{"embeddable":true,"href":"https:\/\/www.fenxifiber.com\/fr\/wp-json\/wp\/v2\/comments?post=351"}],"wp:featuredmedia":[{"embeddable":true,"href":"https:\/\/www.fenxifiber.com\/fr\/wp-json\/wp\/v2\/media\/352"}],"wp:attachment":[{"href":"https:\/\/www.fenxifiber.com\/fr\/wp-json\/wp\/v2\/media?parent=351"}],"wp:term":[{"taxonomy":"product_brand","embeddable":true,"href":"https:\/\/www.fenxifiber.com\/fr\/wp-json\/wp\/v2\/product_brand?post=351"},{"taxonomy":"product_cat","embeddable":true,"href":"https:\/\/www.fenxifiber.com\/fr\/wp-json\/wp\/v2\/product_cat?post=351"},{"taxonomy":"product_tag","embeddable":true,"href":"https:\/\/www.fenxifiber.com\/fr\/wp-json\/wp\/v2\/product_tag?post=351"}],"curies":[{"name":"wp","href":"https:\/\/api.w.org\/{rel}","templated":true}]}}