{"id":353,"date":"2026-01-26T05:39:22","date_gmt":"2026-01-26T05:39:22","guid":{"rendered":"https:\/\/www.fenxifiber.com\/?post_type=product&#038;p=353"},"modified":"2026-01-26T05:39:22","modified_gmt":"2026-01-26T05:39:22","slug":"fournisseur-de-boites-de-terminaison-de-fibre-sc-upc-24core","status":"publish","type":"product","link":"https:\/\/www.fenxifiber.com\/fr\/product\/fiber-termination-box-sc-upc-24core-supplier\/","title":{"rendered":"Bo\u00eete de terminaison de fibre SC\/UPC-24core Fournisseur"},"content":{"rendered":"<p><strong>Connectivit\u00e9 SC\/UPC de pr\u00e9cision<\/strong><\/p>\n<p>Cette bo\u00eete de terminaison est sp\u00e9cifiquement optimis\u00e9e pour les connecteurs SC\/UPC (Ultra Physical Contact), qui sont largement reconnus pour leur fiabilit\u00e9 dans la transmission de donn\u00e9es. L'agencement interne pr\u00e9sente une conception conviviale avec des plateaux d'\u00e9pissure d\u00e9di\u00e9s et des chemins d'acheminement des c\u00e2bles qui garantissent que le rayon de courbure de la fibre est maintenu au-dessus de 30 mm. Cette conception m\u00e9ticuleuse minimise l'att\u00e9nuation du signal et simplifie l'installation des adaptateurs SC et des pigtails, ce qui en fait un produit id\u00e9al pour le montage mural ou sur poteau dans les couloirs, les sous-sols et les armoires de t\u00e9l\u00e9communication.<\/p>\n<p><strong>Param\u00e8tres techniques standard<\/strong><\/p>\n<p>Pour aider les \u00e9quipes d'approvisionnement et les ing\u00e9nieurs \u00e0 \u00e9valuer la compatibilit\u00e9 des produits, nous fournissons des donn\u00e9es industrielles standard en temps r\u00e9el pour le bo\u00eetier de terminaison en fibre SC\/UPC-24core ci-dessous :<\/p>\n<table>\n<thead>\n<tr>\n<th>Attribut technique<\/th>\n<th>D\u00e9tails de la sp\u00e9cification<\/th>\n<\/tr>\n<\/thead>\n<tbody>\n<tr>\n<td><strong>Nom du mod\u00e8le<\/strong><\/td>\n<td>Bo\u00eete de terminaison de fibre SC\/UPC-24core<\/td>\n<\/tr>\n<tr>\n<td><strong>Capacit\u00e9 du port<\/strong><\/td>\n<td>24 ports (SC Simplex)<\/td>\n<\/tr>\n<tr>\n<td><strong>Type de connecteur<\/strong><\/td>\n<td>SC\/UPC (bo\u00eetier bleu)<\/td>\n<\/tr>\n<tr>\n<td><strong>Construction mat\u00e9rielle<\/strong><\/td>\n<td>Alliage ABS ou PC+ABS \u00e0 fort impact<\/td>\n<\/tr>\n<tr>\n<td><strong>Perte d'insertion<\/strong><\/td>\n<td>\u2264 0,3 dB<\/td>\n<\/tr>\n<tr>\n<td><strong>Perte de retour<\/strong><\/td>\n<td>\u2265 50 dB (norme UPC)<\/td>\n<\/tr>\n<tr>\n<td><strong>Niveau de protection<\/strong><\/td>\n<td>IP55 \/ IP65 (s\u00e9lectionnable pour int\u00e9rieur\/ext\u00e9rieur)<\/td>\n<\/tr>\n<tr>\n<td><strong>Temp\u00e9rature de fonctionnement<\/strong><\/td>\n<td>De -40\u00b0C \u00e0 +75\u00b0C<\/td>\n<\/tr>\n<tr>\n<td><strong>M\u00e9thode d'installation<\/strong><\/td>\n<td>Montage mural \/ Montage sur poteau<\/td>\n<\/tr>\n<\/tbody>\n<\/table>\n<p><strong>Excellence en mati\u00e8re de R&amp;D et contr\u00f4le de la qualit\u00e9<\/strong><\/p>\n<p>Fenxi Optoelectronics Technology se consacre \u00e0 la fourniture de produits de communication optique de haute performance. Gr\u00e2ce \u00e0 notre \u00e9quipe de professionnels chevronn\u00e9s en recherche et d\u00e9veloppement et \u00e0 notre personnel exp\u00e9riment\u00e9 en gestion de la qualit\u00e9, nous nous assurons que chaque bo\u00eetier de terminaison \u00e0 24 fils r\u00e9siste aux conditions environnementales difficiles et aux contraintes m\u00e9caniques. Nos produits s'int\u00e8grent parfaitement dans les syst\u00e8mes de transmission par fibre optique et peuvent \u00eatre personnalis\u00e9s (OEM\/ODM) pour r\u00e9pondre aux exigences de projets sp\u00e9cifiques, garantissant ainsi des performances de r\u00e9seau stables aux clients du monde entier.<\/p>","protected":false},"excerpt":{"rendered":"<p><strong>Solution avanc\u00e9e de distribution de fibres<\/strong><\/p>\n<p>Le\u00a0<strong>Bo\u00eete de terminaison de fibre SC\/UPC-24core<\/strong>\u00a0est un dispositif d'interface compact et durable con\u00e7u pour combler le foss\u00e9 entre les c\u00e2bles d'alimentation et les c\u00e2bles de distribution dans les r\u00e9seaux FTTx (Fiber to the x). Fabriqu\u00e9e par Fenxi Optoelectronics Technology, cette unit\u00e9 prend en charge la terminaison, l'\u00e9pissage et la distribution d'un maximum de 24 fibres optiques. Elle est con\u00e7ue pour simplifier le d\u00e9ploiement de r\u00e9seaux pour les op\u00e9rations de t\u00e9l\u00e9communications et l'int\u00e9gration de syst\u00e8mes dans les b\u00e2timents, en fournissant un environnement s\u00e9curis\u00e9 pour prot\u00e9ger les connexions de fibres sensibles.<\/p>","protected":false},"featured_media":354,"comment_status":"open","ping_status":"closed","template":"","meta":[],"product_brand":[],"product_cat":[23],"product_tag":[],"class_list":{"0":"post-353","1":"product","2":"type-product","3":"status-publish","4":"has-post-thumbnail","6":"product_cat-fiber-termination-box","8":"first","9":"instock","10":"shipping-taxable","11":"product-type-simple"},"_links":{"self":[{"href":"https:\/\/www.fenxifiber.com\/fr\/wp-json\/wp\/v2\/product\/353","targetHints":{"allow":["GET"]}}],"collection":[{"href":"https:\/\/www.fenxifiber.com\/fr\/wp-json\/wp\/v2\/product"}],"about":[{"href":"https:\/\/www.fenxifiber.com\/fr\/wp-json\/wp\/v2\/types\/product"}],"replies":[{"embeddable":true,"href":"https:\/\/www.fenxifiber.com\/fr\/wp-json\/wp\/v2\/comments?post=353"}],"wp:featuredmedia":[{"embeddable":true,"href":"https:\/\/www.fenxifiber.com\/fr\/wp-json\/wp\/v2\/media\/354"}],"wp:attachment":[{"href":"https:\/\/www.fenxifiber.com\/fr\/wp-json\/wp\/v2\/media?parent=353"}],"wp:term":[{"taxonomy":"product_brand","embeddable":true,"href":"https:\/\/www.fenxifiber.com\/fr\/wp-json\/wp\/v2\/product_brand?post=353"},{"taxonomy":"product_cat","embeddable":true,"href":"https:\/\/www.fenxifiber.com\/fr\/wp-json\/wp\/v2\/product_cat?post=353"},{"taxonomy":"product_tag","embeddable":true,"href":"https:\/\/www.fenxifiber.com\/fr\/wp-json\/wp\/v2\/product_tag?post=353"}],"curies":[{"name":"wp","href":"https:\/\/api.w.org\/{rel}","templated":true}]}}