{"id":362,"date":"2026-01-26T06:13:33","date_gmt":"2026-01-26T06:13:33","guid":{"rendered":"https:\/\/www.fenxifiber.com\/?post_type=product&#038;p=362"},"modified":"2026-01-26T06:13:33","modified_gmt":"2026-01-26T06:13:33","slug":"boite-de-terminaison-de-fibre-lc-24core-grossiste","status":"publish","type":"product","link":"https:\/\/www.fenxifiber.com\/fr\/product\/fiber-termination-box-lc-24core-wholesaler\/","title":{"rendered":"Bo\u00eete de terminaison de fibre LC-24core Grossiste"},"content":{"rendered":"<p><strong>Conception LC haute densit\u00e9 et polyvalence<\/strong><\/p>\n<p>L'espace est un atout majeur dans les environnements r\u00e9seau modernes. Notre bo\u00eetier de terminaison LC-24core est con\u00e7u pour offrir une connectivit\u00e9 haute densit\u00e9 sans compromettre la facilit\u00e9 d'acc\u00e8s. L'unit\u00e9 est dot\u00e9e d'une structure interne modulaire qui permet d'\u00e9pisser, de stocker et de distribuer les fibres en toute s\u00e9curit\u00e9. Il est compatible avec\u00a0<strong>Adaptateurs LC Duplex<\/strong>, La densit\u00e9 des ports est ainsi doubl\u00e9e par rapport aux connecteurs SC ou ST traditionnels. Il s'agit donc d'un excellent choix pour \u00e9tendre la capacit\u00e9 du r\u00e9seau dans des espaces limit\u00e9s, tels que les armoires t\u00e9l\u00e9com murales ou les syst\u00e8mes de racks encombr\u00e9s.<\/p>\n<p><strong>Principales sp\u00e9cifications techniques<\/strong><\/p>\n<p>Pour garantir une int\u00e9gration transparente dans votre infrastructure existante, nous fournissons les donn\u00e9es techniques en temps r\u00e9el suivantes. Ces sp\u00e9cifications refl\u00e8tent les normes rigoureuses maintenues par nos \u00e9quipes de production et de gestion de la qualit\u00e9 :<\/p>\n<table>\n<thead>\n<tr>\n<th>Param\u00e8tres techniques<\/th>\n<th>Donn\u00e9es de sp\u00e9cification<\/th>\n<\/tr>\n<\/thead>\n<tbody>\n<tr>\n<td><strong>Mod\u00e8le de produit<\/strong><\/td>\n<td>Bo\u00eete de terminaison de fibre LC-24core<\/td>\n<\/tr>\n<tr>\n<td><strong>Capacit\u00e9 maximale de fibres<\/strong><\/td>\n<td>24 c\u0153urs<\/td>\n<\/tr>\n<tr>\n<td><strong>Configuration de l'adaptateur<\/strong><\/td>\n<td>Adaptateurs 12x LC Duplex<\/td>\n<\/tr>\n<tr>\n<td><strong>Mat\u00e9riau<\/strong><\/td>\n<td>SPCC Acier lamin\u00e9 \u00e0 froid ou plastique ABS<\/td>\n<\/tr>\n<tr>\n<td><strong>Perte d'insertion<\/strong><\/td>\n<td>\u2264 0,2 dB (Typique) \/ \u2264 0,3 dB (Max)<\/td>\n<\/tr>\n<tr>\n<td><strong>Perte de retour<\/strong><\/td>\n<td>\u2265 50 dB (UPC) \/ \u2265 60 dB (APC)<\/td>\n<\/tr>\n<tr>\n<td><strong>Rayon de courbure de la fibre<\/strong><\/td>\n<td>\u2265 30 mm<\/td>\n<\/tr>\n<tr>\n<td><strong>Temp\u00e9rature de fonctionnement<\/strong><\/td>\n<td>-40\u00b0C \u00e0 +85\u00b0C<\/td>\n<\/tr>\n<tr>\n<td><strong>Options d'installation<\/strong><\/td>\n<td>Compatible avec le montage mural \/ le montage en rack 19\u2033.<\/td>\n<\/tr>\n<\/tbody>\n<\/table>\n<p><strong>Engagement en faveur de la qualit\u00e9 et de l'innovation<\/strong><\/p>\n<p>Fenxi Optoelectronics Technology se distingue dans l'industrie de la communication optique en combinant l'expertise de professionnels chevronn\u00e9s de la recherche et du d\u00e9veloppement avec des processus de fabrication avanc\u00e9s. Chaque bo\u00eete de terminaison de fibre LC-24core est soumise \u00e0 des tests de performance optique complets afin de minimiser la perte d'insertion et d'assurer une fiabilit\u00e9 \u00e0 long terme. Que vous ayez besoin de commandes en vrac ou de solutions personnalis\u00e9es pour des projets d'int\u00e9gration de syst\u00e8mes sp\u00e9cifiques, notre \u00e9quipe est \u00e9quip\u00e9e pour r\u00e9pondre \u00e0 vos besoins commerciaux mondiaux avec rapidit\u00e9 et pr\u00e9cision.<\/p>","protected":false},"excerpt":{"rendered":"<p><strong>Pr\u00e9sentation du produit<\/strong><\/p>\n<p>Le\u00a0<strong>Bo\u00eete de terminaison de fibre LC-24core<\/strong>\u00a0est une unit\u00e9 de distribution optique \u00e0 haute efficacit\u00e9 con\u00e7ue pour maximiser l'utilisation de l'espace dans les centres de donn\u00e9es et les r\u00e9seaux de t\u00e9l\u00e9communications. Commercialis\u00e9 par Fenxi Optoelectronics Technology, ce bo\u00eetier de terminaison utilise l'interface de connecteur LC \u00e0 petit facteur de forme (SFF). Pouvant accueillir 24 c\u0153urs de fibre dans un encombrement r\u00e9duit (g\u00e9n\u00e9ralement via 12 adaptateurs LC Duplex), il s'agit de la premi\u00e8re solution pour la gestion de la fibre \u00e0 haute densit\u00e9 dans les salles de serveurs, les d\u00e9ploiements FTTH (Fiber to the Home) et l'int\u00e9gration de syst\u00e8mes LAN.<\/p>","protected":false},"featured_media":363,"comment_status":"open","ping_status":"closed","template":"","meta":[],"product_brand":[],"product_cat":[23],"product_tag":[],"class_list":{"0":"post-362","1":"product","2":"type-product","3":"status-publish","4":"has-post-thumbnail","6":"product_cat-fiber-termination-box","8":"first","9":"instock","10":"shipping-taxable","11":"product-type-simple"},"_links":{"self":[{"href":"https:\/\/www.fenxifiber.com\/fr\/wp-json\/wp\/v2\/product\/362","targetHints":{"allow":["GET"]}}],"collection":[{"href":"https:\/\/www.fenxifiber.com\/fr\/wp-json\/wp\/v2\/product"}],"about":[{"href":"https:\/\/www.fenxifiber.com\/fr\/wp-json\/wp\/v2\/types\/product"}],"replies":[{"embeddable":true,"href":"https:\/\/www.fenxifiber.com\/fr\/wp-json\/wp\/v2\/comments?post=362"}],"wp:featuredmedia":[{"embeddable":true,"href":"https:\/\/www.fenxifiber.com\/fr\/wp-json\/wp\/v2\/media\/363"}],"wp:attachment":[{"href":"https:\/\/www.fenxifiber.com\/fr\/wp-json\/wp\/v2\/media?parent=362"}],"wp:term":[{"taxonomy":"product_brand","embeddable":true,"href":"https:\/\/www.fenxifiber.com\/fr\/wp-json\/wp\/v2\/product_brand?post=362"},{"taxonomy":"product_cat","embeddable":true,"href":"https:\/\/www.fenxifiber.com\/fr\/wp-json\/wp\/v2\/product_cat?post=362"},{"taxonomy":"product_tag","embeddable":true,"href":"https:\/\/www.fenxifiber.com\/fr\/wp-json\/wp\/v2\/product_tag?post=362"}],"curies":[{"name":"wp","href":"https:\/\/api.w.org\/{rel}","templated":true}]}}