{"id":398,"date":"2026-01-28T01:03:32","date_gmt":"2026-01-28T01:03:32","guid":{"rendered":"https:\/\/www.fenxifiber.com\/?post_type=product&#038;p=398"},"modified":"2026-01-28T01:13:07","modified_gmt":"2026-01-28T01:13:07","slug":"fabricant-depissures-pour-fibres-optiques-fc-apc-12core","status":"publish","type":"product","link":"https:\/\/www.fenxifiber.com\/fr\/product\/fiber-optic-splice-tray-fc-apc-12core-manufacturer\/","title":{"rendered":"Plateau d'\u00e9pissure pour fibre optique FC\/APC-12core Fabricant"},"content":{"rendered":"<p><strong>Gestion et protection optimis\u00e9es des fibres<\/strong><\/p>\n<p>Le plateau d'\u00e9pissure 12 fils est con\u00e7u pour \u00e9tendre les capacit\u00e9s d'\u00e9pissure des fibres dans les r\u00e9partiteurs optiques (ODF), les bo\u00eetiers de terminaison des fibres et les fermetures d'\u00e9pissure. Il s'adapte sp\u00e9cifiquement aux adaptateurs FC\/APC, garantissant une faible perte d'insertion et une perte de retour \u00e9lev\u00e9e pour la transmission des signaux critiques. Le plateau pr\u00e9sente une disposition pr\u00e9cise qui maintient le rayon de courbure minimal de la fibre, \u00e9vitant ainsi l'att\u00e9nuation du signal et les dommages physiques. Sa conception empilable permet une expansion \u00e9volutive du r\u00e9seau, ce qui le rend id\u00e9al pour les infrastructures de fibre optique jusqu'\u00e0 la maison (FTTH) en pleine croissance.<\/p>\n<p><strong>Sp\u00e9cifications techniques<\/strong><\/p>\n<p>Nos plateaux d'\u00e9pissure sont fabriqu\u00e9s \u00e0 l'aide de mat\u00e9riaux ignifuges de haute qualit\u00e9, ce qui garantit leur fiabilit\u00e9 dans des environnements difficiles. Vous trouverez ci-dessous les param\u00e8tres techniques standard de ce produit :<\/p>\n<table>\n<thead>\n<tr>\n<th>Param\u00e8tres<\/th>\n<th>Sp\u00e9cifications<\/th>\n<\/tr>\n<\/thead>\n<tbody>\n<tr>\n<td><strong>Nom du produit<\/strong><\/td>\n<td>Plateau d'\u00e9pissure pour fibre optique FC\/APC-12core<\/td>\n<\/tr>\n<tr>\n<td><strong>Mat\u00e9riau<\/strong><\/td>\n<td>ABS \/ PC haute r\u00e9sistance (ignifug\u00e9)<\/td>\n<\/tr>\n<tr>\n<td><strong>Capacit\u00e9<\/strong><\/td>\n<td>12 c\u0153urs (max)<\/td>\n<\/tr>\n<tr>\n<td><strong>Interface de l'adaptateur<\/strong><\/td>\n<td>FC\/APC (pr\u00e9-fente ou charg\u00e9e)<\/td>\n<\/tr>\n<tr>\n<td><strong>Couleur<\/strong><\/td>\n<td>Blanc \/ Gris \/ Noir<\/td>\n<\/tr>\n<tr>\n<td><strong>Temp\u00e9rature de fonctionnement<\/strong><\/td>\n<td>-40\u00b0C \u00e0 +85\u00b0C<\/td>\n<\/tr>\n<tr>\n<td><strong>Temp\u00e9rature de stockage<\/strong><\/td>\n<td>-40\u00b0C \u00e0 +85\u00b0C<\/td>\n<\/tr>\n<tr>\n<td><strong>Pression atmosph\u00e9rique<\/strong><\/td>\n<td>70kPa \u00e0 106kPa<\/td>\n<\/tr>\n<tr>\n<td><strong>Humidit\u00e9 relative<\/strong><\/td>\n<td>\u226485% (+30\u00b0C)<\/td>\n<\/tr>\n<tr>\n<td><strong>Dimensions (L<em>W<\/em>H)<\/strong><\/td>\n<td>Taille standard des plateaux \u00e0 12 noyaux (personnalisable)<\/td>\n<\/tr>\n<\/tbody>\n<\/table>\n<p><strong>Sc\u00e9narios d'application polyvalents<\/strong><\/p>\n<p>Ce produit est largement utilis\u00e9 dans l'industrie des communications optiques. Il sert de composant de base dans :<\/p>\n<ul>\n<li><strong>Les r\u00e9partiteurs de fibres optiques (ODF) :<\/strong>\u00a0Faciliter l'organisation de l'\u00e9pissage et du rapi\u00e9\u00e7age.<\/li>\n<li><strong>Panneaux de raccordement en fibre optique :<\/strong>\u00a0Gestion des c\u00e2bles entrants et sortants.<\/li>\n<li><strong>Bo\u00eetes de terminaison de fibre :<\/strong>\u00a0Assurer la s\u00e9curit\u00e9 de la terminaison des fibres dans les projets FTTx.<\/li>\n<li><strong>Centres de donn\u00e9es et salles de serveurs :<\/strong>\u00a0Prise en charge des syst\u00e8mes de c\u00e2blage \u00e0 haute densit\u00e9.<\/li>\n<\/ul>\n<p><strong>Pourquoi choisir Fenxi Optoelectronics ?<\/strong><\/p>\n<p>Fenxi Optoelectronics Technology est plus qu'un simple fournisseur ; nous sommes votre partenaire strat\u00e9gique en mati\u00e8re de communication optique.<\/p>\n<ul>\n<li><strong>Excellence en mati\u00e8re de R&amp;D :<\/strong>\u00a0Nous r\u00e9unissons des professionnels chevronn\u00e9s de la recherche et du d\u00e9veloppement de produits pour nous assurer que nos conceptions sont conformes aux normes les plus r\u00e9centes de l'industrie.<\/li>\n<li><strong>Assurance qualit\u00e9 :<\/strong>\u00a0Notre personnel exp\u00e9riment\u00e9 en mati\u00e8re de gestion de la qualit\u00e9 applique un contr\u00f4le strict de la qualit\u00e9, de l'approvisionnement en mati\u00e8res premi\u00e8res \u00e0 la production finale.<\/li>\n<li><strong>Portfolio complet :<\/strong>\u00a0Des cordons de raccordement en fibre optique aux r\u00e9partiteurs PLC complexes et aux fermetures d'\u00e9pissures, nous offrons une solution d'approvisionnement unique aux int\u00e9grateurs mondiaux.<\/li>\n<\/ul>","protected":false},"excerpt":{"rendered":"<p><strong>Introduction<\/strong><\/p>\n<p>Fenxi Optoelectronics Technology est sp\u00e9cialis\u00e9e dans la fourniture de solutions de communication optique de haute performance. Nos\u00a0<strong>Plateau d'\u00e9pissure pour fibre optique FC\/APC-12core<\/strong>\u00a0est con\u00e7u pour offrir une protection et une organisation sup\u00e9rieures pour l'\u00e9pissage par fusion des fibres. Con\u00e7u pour \u00eatre durable et facile \u00e0 utiliser, ce plateau d'\u00e9pissure est un composant essentiel pour les op\u00e9rateurs de t\u00e9l\u00e9communications et les int\u00e9grateurs de syst\u00e8mes qui g\u00e8rent des r\u00e9seaux de fibres \u00e0 haute densit\u00e9.<\/p>","protected":false},"featured_media":399,"comment_status":"open","ping_status":"closed","template":"","meta":[],"product_brand":[],"product_cat":[26],"product_tag":[],"class_list":{"0":"post-398","1":"product","2":"type-product","3":"status-publish","4":"has-post-thumbnail","6":"product_cat-fiber-optic-splice-tray","8":"first","9":"instock","10":"shipping-taxable","11":"product-type-simple"},"_links":{"self":[{"href":"https:\/\/www.fenxifiber.com\/fr\/wp-json\/wp\/v2\/product\/398","targetHints":{"allow":["GET"]}}],"collection":[{"href":"https:\/\/www.fenxifiber.com\/fr\/wp-json\/wp\/v2\/product"}],"about":[{"href":"https:\/\/www.fenxifiber.com\/fr\/wp-json\/wp\/v2\/types\/product"}],"replies":[{"embeddable":true,"href":"https:\/\/www.fenxifiber.com\/fr\/wp-json\/wp\/v2\/comments?post=398"}],"wp:featuredmedia":[{"embeddable":true,"href":"https:\/\/www.fenxifiber.com\/fr\/wp-json\/wp\/v2\/media\/399"}],"wp:attachment":[{"href":"https:\/\/www.fenxifiber.com\/fr\/wp-json\/wp\/v2\/media?parent=398"}],"wp:term":[{"taxonomy":"product_brand","embeddable":true,"href":"https:\/\/www.fenxifiber.com\/fr\/wp-json\/wp\/v2\/product_brand?post=398"},{"taxonomy":"product_cat","embeddable":true,"href":"https:\/\/www.fenxifiber.com\/fr\/wp-json\/wp\/v2\/product_cat?post=398"},{"taxonomy":"product_tag","embeddable":true,"href":"https:\/\/www.fenxifiber.com\/fr\/wp-json\/wp\/v2\/product_tag?post=398"}],"curies":[{"name":"wp","href":"https:\/\/api.w.org\/{rel}","templated":true}]}}