{"id":407,"date":"2026-01-28T01:44:45","date_gmt":"2026-01-28T01:44:45","guid":{"rendered":"https:\/\/www.fenxifiber.com\/?post_type=product&#038;p=407"},"modified":"2026-01-28T01:44:45","modified_gmt":"2026-01-28T01:44:45","slug":"epissure-fibre-optique-lc-upc-24-core-wholesale","status":"publish","type":"product","link":"https:\/\/www.fenxifiber.com\/fr\/product\/fiber-optic-splice-tray-lc-upc-24-core-wholesale\/","title":{"rendered":"R\u00e9partiteur pour fibre optique LC\/UPC-24 core Wholesale"},"content":{"rendered":"<h2>Principales caract\u00e9ristiques et conception<\/h2>\n<ul>\n<li><strong>Capacit\u00e9 de haute densit\u00e9 :<\/strong>\u00a0Prend en charge jusqu'\u00e0 24 \u00e9pissures de fusion de fibres, ce qui est id\u00e9al pour les environnements \u00e0 espace limit\u00e9 tels que les centres de donn\u00e9es et les armoires de rue.<\/li>\n<li><strong>Optimisation LC\/UPC :<\/strong>\u00a0La structure et les chemins d'acheminement sont optimis\u00e9s pour les pigtails et adaptateurs LC, garantissant un rayon de courbure s\u00fbr (&gt;30mm).<\/li>\n<li><strong>Mat\u00e9riau robuste :<\/strong>\u00a0Fabriqu\u00e9 \u00e0 partir de mat\u00e9riaux ABS tr\u00e8s r\u00e9sistants et ignifug\u00e9s, il est durable et r\u00e9siste aux contraintes environnementales et au vieillissement.<\/li>\n<li><strong>Design empilable :<\/strong>\u00a0Sa structure modulaire permet d'empiler plusieurs plateaux en toute s\u00e9curit\u00e9, ce qui facilite l'extension et la maintenance du r\u00e9seau.<\/li>\n<li><strong>Identification facile :<\/strong>\u00a0Comprend des zones d'\u00e9tiquetage claires pour la num\u00e9rotation des fibres, ce qui simplifie le processus de d\u00e9pannage pour le personnel de maintenance.<\/li>\n<\/ul>\n<h2>Sp\u00e9cifications techniques<\/h2>\n<p>Les sp\u00e9cifications suivantes sont bas\u00e9es sur les normes internationales (IEC\/ISO) pour les accessoires en fibre optique, garantissant la compatibilit\u00e9 avec l'infrastructure du r\u00e9seau mondial.<\/p>\n<table>\n<thead>\n<tr>\n<th>Param\u00e8tres<\/th>\n<th>Sp\u00e9cifications<\/th>\n<\/tr>\n<\/thead>\n<tbody>\n<tr>\n<td><strong>Nom du produit<\/strong><\/td>\n<td>Plateau d'\u00e9pissure pour fibre optique<\/td>\n<\/tr>\n<tr>\n<td><strong>Type de mod\u00e8le<\/strong><\/td>\n<td>LC\/UPC-24 Core<\/td>\n<\/tr>\n<tr>\n<td><strong>Capacit\u00e9 maximale<\/strong><\/td>\n<td>24 fibres (fusion unique)<\/td>\n<\/tr>\n<tr>\n<td><strong>Mat\u00e9riau<\/strong><\/td>\n<td>ABS \/ PC \u00e0 fort impact (ignifug\u00e9 UL94-V0)<\/td>\n<\/tr>\n<tr>\n<td><strong>Interface de l'adaptateur<\/strong><\/td>\n<td>LC Duplex (12 ports) ou LC Quad (6 ports)<\/td>\n<\/tr>\n<tr>\n<td><strong>Rayon de courbure<\/strong><\/td>\n<td>\u2265 30mm<\/td>\n<\/tr>\n<tr>\n<td><strong>Splice Longueur de la manche<\/strong><\/td>\n<td>Compatible avec les manchons de 40mm \/ 60mm<\/td>\n<\/tr>\n<tr>\n<td><strong>Temp\u00e9rature de fonctionnement<\/strong><\/td>\n<td>-40\u00b0C \u00e0 +85\u00b0C<\/td>\n<\/tr>\n<tr>\n<td><strong>Couleur<\/strong><\/td>\n<td>Blanc \/ Gris \/ Noir (personnalisable)<\/td>\n<\/tr>\n<tr>\n<td><strong>Esp\u00e9rance de vie<\/strong><\/td>\n<td>\u2265 20 ans<\/td>\n<\/tr>\n<\/tbody>\n<\/table>\n<h2>Applications<\/h2>\n<p>S'appuyant sur l'exp\u00e9rience de Fenxi Optoelectronics en mati\u00e8re d'op\u00e9rations de t\u00e9l\u00e9communications et d'int\u00e9gration de syst\u00e8mes, ce produit est largement utilis\u00e9 :<\/p>\n<ul>\n<li><strong>Les cadres de distribution optique (ODF) :<\/strong>\u00a0Gestion des c\u00e2bles dans les bureaux centraux et les salles de serveurs.<\/li>\n<li><strong>Bo\u00eetes de terminaison de fibre :<\/strong>\u00a0Supports muraux FTTH pour l'int\u00e9rieur et l'ext\u00e9rieur.<\/li>\n<li><strong>Fermetures d'\u00e9pissures en fibre optique :<\/strong>\u00a0Protection des joints souterrains et a\u00e9riens.<\/li>\n<li><strong>C\u00e2blage du centre de donn\u00e9es :<\/strong>\u00a0Zones de patch LC \u00e0 haute densit\u00e9.<\/li>\n<\/ul>\n<h2>Pourquoi choisir Fenxi Optoelectronics ?<\/h2>\n<p><strong>Changzhou Fenxi Optoelectronics Technology Co. Ltd.<\/strong>\u00a0associe une expertise de haut niveau en mati\u00e8re de R&amp;D \u00e0 une gestion exp\u00e9riment\u00e9e de la production afin de fournir des produits optiques de haute qualit\u00e9. Nous adh\u00e9rons \u00e0 la philosophie \u201cproduits de haute qualit\u00e9 et prix pr\u00e9f\u00e9rentiels\u201d. Nos plateaux d'\u00e9pissure sont soumis \u00e0 des contr\u00f4les de qualit\u00e9 rigoureux afin de garantir qu'ils r\u00e9pondent aux exigences des fournisseurs de services internationaux. Nous sommes heureux de coop\u00e9rer avec des int\u00e9grateurs de syst\u00e8mes et des distributeurs du monde entier pour cr\u00e9er ensemble de brillantes perspectives.<\/p>","protected":false},"excerpt":{"rendered":"<h2>Aper\u00e7u du produit<\/h2>\n<p>Le\u00a0<strong>Support d'\u00e9pissure pour fibre optique LC\/UPC-24 core<\/strong>, produit par\u00a0<strong>Changzhou Fenxi Optoelectronics Technology Co. Ltd.<\/strong>, Fenxi Optoelectronics est une solution de gestion des fibres \u00e0 haute densit\u00e9 con\u00e7ue pour les t\u00e9l\u00e9communications modernes et les projets d'int\u00e9gration de syst\u00e8mes. En tant qu'expert en R&amp;D dans le domaine des communications optiques, Fenxi Optoelectronics a con\u00e7u ce plateau pour offrir une protection sup\u00e9rieure aux points de fusion tout en optimisant l'espace dans les cadres de distribution optique (ODF) et les bo\u00eetes de terminaison de fibre.<\/p>\n<p>Con\u00e7u sp\u00e9cifiquement pour\u00a0<strong>LC\/UPC<\/strong>\u00a0Gr\u00e2ce \u00e0 sa connectivit\u00e9, ce plateau 24 c\u0153urs assure une organisation efficace des pigtails et des fibres, minimisant ainsi la perte de signal caus\u00e9e par les micro-courbes. Il s'agit d'un composant essentiel pour les op\u00e9rateurs de r\u00e9seaux qui cherchent \u00e0 augmenter la capacit\u00e9 des r\u00e9seaux de fibre optique jusqu'\u00e0 la maison (FTTH) et de transmission par fibre optique.<\/p>","protected":false},"featured_media":410,"comment_status":"open","ping_status":"closed","template":"","meta":[],"product_brand":[],"product_cat":[26],"product_tag":[],"class_list":{"0":"post-407","1":"product","2":"type-product","3":"status-publish","4":"has-post-thumbnail","6":"product_cat-fiber-optic-splice-tray","8":"first","9":"instock","10":"shipping-taxable","11":"product-type-simple"},"_links":{"self":[{"href":"https:\/\/www.fenxifiber.com\/fr\/wp-json\/wp\/v2\/product\/407","targetHints":{"allow":["GET"]}}],"collection":[{"href":"https:\/\/www.fenxifiber.com\/fr\/wp-json\/wp\/v2\/product"}],"about":[{"href":"https:\/\/www.fenxifiber.com\/fr\/wp-json\/wp\/v2\/types\/product"}],"replies":[{"embeddable":true,"href":"https:\/\/www.fenxifiber.com\/fr\/wp-json\/wp\/v2\/comments?post=407"}],"wp:featuredmedia":[{"embeddable":true,"href":"https:\/\/www.fenxifiber.com\/fr\/wp-json\/wp\/v2\/media\/410"}],"wp:attachment":[{"href":"https:\/\/www.fenxifiber.com\/fr\/wp-json\/wp\/v2\/media?parent=407"}],"wp:term":[{"taxonomy":"product_brand","embeddable":true,"href":"https:\/\/www.fenxifiber.com\/fr\/wp-json\/wp\/v2\/product_brand?post=407"},{"taxonomy":"product_cat","embeddable":true,"href":"https:\/\/www.fenxifiber.com\/fr\/wp-json\/wp\/v2\/product_cat?post=407"},{"taxonomy":"product_tag","embeddable":true,"href":"https:\/\/www.fenxifiber.com\/fr\/wp-json\/wp\/v2\/product_tag?post=407"}],"curies":[{"name":"wp","href":"https:\/\/api.w.org\/{rel}","templated":true}]}}