{"id":432,"date":"2026-01-28T06:13:11","date_gmt":"2026-01-28T06:13:11","guid":{"rendered":"https:\/\/www.fenxifiber.com\/?post_type=product&#038;p=432"},"modified":"2026-01-28T06:13:11","modified_gmt":"2026-01-28T06:13:11","slug":"adaptateur-fibre-optique-lc-upc-quadruple-connectivite-haute-densite","status":"publish","type":"product","link":"https:\/\/www.fenxifiber.com\/fr\/product\/fiber-optic-adapter-lc-upc-quadruple-high-density-connectivity\/","title":{"rendered":"Adaptateur fibre optique LC\/UPC-Quadruple | Connectivit\u00e9 haute densit\u00e9"},"content":{"rendered":"<p><strong>Alignement et performances de haute pr\u00e9cision<\/strong><\/p>\n<p>Au c\u0153ur de notre adaptateur quadruple LC\/UPC se trouve un manchon en c\u00e9ramique zircone de haute pr\u00e9cision. Ce composant critique assure un contact physique pr\u00e9cis entre les extr\u00e9mit\u00e9s des fibres, ce qui permet d'obtenir des r\u00e9sultats exceptionnels.\u00a0<strong>faible perte d'insertion<\/strong>\u00a0et une grande interchangeabilit\u00e9. Le polissage UPC (Ultra Physical Contact) garantit une perte de retour \u00e9lev\u00e9e, minimisant la r\u00e9flexion du signal, ce qui est crucial pour les syst\u00e8mes de transmission de donn\u00e9es \u00e0 haut d\u00e9bit. Le bo\u00eetier de l'adaptateur est fabriqu\u00e9 en plastique ignifug\u00e9 de haute qualit\u00e9, offrant une durabilit\u00e9 et une protection dans des conditions environnementales vari\u00e9es, allant des centres de donn\u00e9es aux fermetures d'\u00e9pissures ext\u00e9rieures.<\/p>\n<p><strong>Sp\u00e9cifications techniques<\/strong><\/p>\n<p>Afin d'assurer la transparence et la r\u00e9f\u00e9rence professionnelle des ing\u00e9nieurs r\u00e9seau, voici les param\u00e8tres techniques standard de notre adaptateur quadruple LC\/UPC :<\/p>\n<table>\n<thead>\n<tr>\n<th>Param\u00e8tres<\/th>\n<th>Sp\u00e9cifications<\/th>\n<\/tr>\n<\/thead>\n<tbody>\n<tr>\n<td><strong>Type de connecteur<\/strong><\/td>\n<td>LC Quadruple (4 ports)<\/td>\n<\/tr>\n<tr>\n<td><strong>Type de polissage<\/strong><\/td>\n<td>UPC (Ultra Physical Contact)<\/td>\n<\/tr>\n<tr>\n<td><strong>Mode fibre<\/strong><\/td>\n<td>monomode (9\/125\u00b5m)<\/td>\n<\/tr>\n<tr>\n<td><strong>Perte d'insertion (IL)<\/strong><\/td>\n<td><span class=\"katex\"><span class=\"katex-html\" aria-hidden=\"true\"><span class=\"base\"><span class=\"mrel\">\u2264<\/span><\/span><\/span><\/span>\u00a00,20 dB<\/td>\n<\/tr>\n<tr>\n<td><strong>Perte de retour (RL)<\/strong><\/td>\n<td><span class=\"katex\"><span class=\"katex-html\" aria-hidden=\"true\"><span class=\"base\"><span class=\"mrel\">\u2265<\/span><\/span><\/span><\/span>\u00a050 dB<\/td>\n<\/tr>\n<tr>\n<td><strong>Mat\u00e9riau de la manche<\/strong><\/td>\n<td>C\u00e9ramique zircone<\/td>\n<\/tr>\n<tr>\n<td><strong>Mat\u00e9riau du bo\u00eetier<\/strong><\/td>\n<td>PEI \/ PBT (class\u00e9 UL94-V0)<\/td>\n<\/tr>\n<tr>\n<td><strong>Durabilit\u00e9 de l'accouplement<\/strong><\/td>\n<td>&gt; 1000 cycles<\/td>\n<\/tr>\n<tr>\n<td><strong>Temp\u00e9rature de fonctionnement<\/strong><\/td>\n<td>-40\u00b0C \u00e0 +85\u00b0C<\/td>\n<\/tr>\n<tr>\n<td><strong>Couleur<\/strong><\/td>\n<td>Bleu (standard pour UPC monomode)<\/td>\n<\/tr>\n<\/tbody>\n<\/table>\n<p><strong>Assurance qualit\u00e9 et application<\/strong><\/p>\n<p>S'appuyant sur les solides capacit\u00e9s de R&amp;D de Fenxi Optoelectronics et sur des syst\u00e8mes de gestion de la qualit\u00e9 tr\u00e8s stricts, chaque adaptateur de fibre optique est soumis \u00e0 des tests rigoureux avant d'\u00eatre exp\u00e9di\u00e9. Nos adaptateurs sont enti\u00e8rement conformes aux normes IEC et TIA\/EIA. Ils sont largement utilis\u00e9s dans :<\/p>\n<ul>\n<li><strong>T\u00e9l\u00e9communications :<\/strong>\u00a0R\u00e9seaux de bureaux centraux et de boucles locales.<\/li>\n<li><strong>R\u00e9seaux de donn\u00e9es :<\/strong>\u00a0Panneaux de brassage haute densit\u00e9 et baies de serveurs.<\/li>\n<li><strong>CATV et multim\u00e9dia :<\/strong>\u00a0Acheminement fiable des signaux vid\u00e9o et des donn\u00e9es.<\/li>\n<li><strong>D\u00e9ploiement FTTx :<\/strong>\u00a0Id\u00e9al pour les r\u00e9partiteurs et les bo\u00eetes de terminaison.<\/li>\n<\/ul>","protected":false},"excerpt":{"rendered":"<p><strong>Aper\u00e7u du produit<\/strong><\/p>\n<p>Le\u00a0<strong>Adaptateur fibre optique LC\/UPC-Quadruple<\/strong>\u00a0est une solution de connectivit\u00e9 de premier ordre con\u00e7ue pour les environnements modernes de c\u00e2blage \u00e0 haute densit\u00e9. Fabriqu\u00e9 par\u00a0<strong>Fenxi Optoelectronics Technology<\/strong>, Cet adaptateur permet la connexion transparente de quatre connecteurs LC dans une seule empreinte, ce qui optimise consid\u00e9rablement l'utilisation de l'espace dans les cadres de distribution optique (ODF) et les bo\u00eetiers de terminaison de fibre. Que ce soit pour des d\u00e9ploiements de fibre optique jusqu'\u00e0 la maison (FTTH), des r\u00e9seaux de t\u00e9l\u00e9communications ou des projets d'int\u00e9gration de syst\u00e8mes, notre adaptateur LC Quad assure une transmission fiable des signaux avec une stabilit\u00e9 m\u00e9canique sup\u00e9rieure.<\/p>","protected":false},"featured_media":433,"comment_status":"open","ping_status":"closed","template":"","meta":[],"product_brand":[],"product_cat":[25],"product_tag":[],"class_list":{"0":"post-432","1":"product","2":"type-product","3":"status-publish","4":"has-post-thumbnail","6":"product_cat-fiber-optic-adapter","8":"first","9":"instock","10":"shipping-taxable","11":"product-type-simple"},"_links":{"self":[{"href":"https:\/\/www.fenxifiber.com\/fr\/wp-json\/wp\/v2\/product\/432","targetHints":{"allow":["GET"]}}],"collection":[{"href":"https:\/\/www.fenxifiber.com\/fr\/wp-json\/wp\/v2\/product"}],"about":[{"href":"https:\/\/www.fenxifiber.com\/fr\/wp-json\/wp\/v2\/types\/product"}],"replies":[{"embeddable":true,"href":"https:\/\/www.fenxifiber.com\/fr\/wp-json\/wp\/v2\/comments?post=432"}],"wp:featuredmedia":[{"embeddable":true,"href":"https:\/\/www.fenxifiber.com\/fr\/wp-json\/wp\/v2\/media\/433"}],"wp:attachment":[{"href":"https:\/\/www.fenxifiber.com\/fr\/wp-json\/wp\/v2\/media?parent=432"}],"wp:term":[{"taxonomy":"product_brand","embeddable":true,"href":"https:\/\/www.fenxifiber.com\/fr\/wp-json\/wp\/v2\/product_brand?post=432"},{"taxonomy":"product_cat","embeddable":true,"href":"https:\/\/www.fenxifiber.com\/fr\/wp-json\/wp\/v2\/product_cat?post=432"},{"taxonomy":"product_tag","embeddable":true,"href":"https:\/\/www.fenxifiber.com\/fr\/wp-json\/wp\/v2\/product_tag?post=432"}],"curies":[{"name":"wp","href":"https:\/\/api.w.org\/{rel}","templated":true}]}}