{"id":437,"date":"2026-01-28T06:24:02","date_gmt":"2026-01-28T06:24:02","guid":{"rendered":"https:\/\/www.fenxifiber.com\/?post_type=product&#038;p=437"},"modified":"2026-01-28T06:24:02","modified_gmt":"2026-01-28T06:24:02","slug":"adaptateur-fibre-optique-lc-upc-dx-om3-10g-coupleur-multimode","status":"publish","type":"product","link":"https:\/\/www.fenxifiber.com\/fr\/product\/fiber-optic-adapter-lc-upc-dx-om3-10g-multimode-coupler\/","title":{"rendered":"Adaptateur fibre optique LC\/UPC-DX-OM3 : Coupleur multimode 10G"},"content":{"rendered":"<p><strong>Ing\u00e9nierie de pr\u00e9cision et performances 10G<\/strong><\/p>\n<p>Notre adaptateur LC Duplex OM3 se caract\u00e9rise par une\u00a0<strong>Aqua<\/strong>\u00a0L'adaptateur est dot\u00e9 d'un bo\u00eetier de couleur noire, strictement conforme aux normes de codage couleur de l'industrie TIA\/EIA pour une identification facile dans les ODF \u00e0 haute densit\u00e9 et les panneaux de brassage. A l'int\u00e9rieur, l'adaptateur utilise un manchon d'alignement de haute pr\u00e9cision (c\u00e9ramique de zircone ou bronze phosphoreux) pour assurer un contact physique pr\u00e9cis entre les extr\u00e9mit\u00e9s de la fibre. Cette conception minimise la perte d'insertion et maximise la perte de retour, ce qui est essentiel pour maintenir l'int\u00e9grit\u00e9 du signal sur les liens de fibre multimode \u00e0 des longueurs d'onde de 850 nm. La construction robuste du corps offre une excellente stabilit\u00e9 thermique et une durabilit\u00e9 m\u00e9canique, ce qui le rend id\u00e9al pour les projets d'int\u00e9gration de syst\u00e8mes et de transmission par fibre.<\/p>\n<p><strong>Sp\u00e9cifications techniques<\/strong><\/p>\n<p>Pour aider les architectes de r\u00e9seaux et les sp\u00e9cialistes de l'approvisionnement, le tableau suivant pr\u00e9sente les param\u00e8tres techniques standard de notre adaptateur LC\/UPC-DX-OM3, refl\u00e9tant les normes actuelles de l'industrie :<\/p>\n<table>\n<thead>\n<tr>\n<th>Param\u00e8tres<\/th>\n<th>Sp\u00e9cifications<\/th>\n<\/tr>\n<\/thead>\n<tbody>\n<tr>\n<td><strong>Nom du produit<\/strong><\/td>\n<td>Adaptateur fibre optique LC\/UPC-DX-OM3<\/td>\n<\/tr>\n<tr>\n<td><strong>Type de fibre<\/strong><\/td>\n<td>Multimode OM3 (50\/125\u00b5m)<\/td>\n<\/tr>\n<tr>\n<td><strong>Configuration du connecteur<\/strong><\/td>\n<td>LC Duplex (2 ports)<\/td>\n<\/tr>\n<tr>\n<td><strong>Couleur du bo\u00eetier<\/strong><\/td>\n<td>Aqua (Standard OM3 ID)<\/td>\n<\/tr>\n<tr>\n<td><strong>Perte d'insertion<\/strong><\/td>\n<td><span class=\"katex\"><span class=\"katex-html\" aria-hidden=\"true\"><span class=\"base\"><span class=\"mrel\">\u2264<\/span><\/span><\/span><\/span>\u00a00,20 dB<\/td>\n<\/tr>\n<tr>\n<td><strong>Perte de retour<\/strong><\/td>\n<td><span class=\"katex\"><span class=\"katex-html\" aria-hidden=\"true\"><span class=\"base\"><span class=\"mrel\">\u2265<\/span><\/span><\/span><\/span>\u00a035 dB (UPC polonais)<\/td>\n<\/tr>\n<tr>\n<td><strong>Douille d'alignement<\/strong><\/td>\n<td>Bronze phosphoreux \/ c\u00e9ramique de haute pr\u00e9cision<\/td>\n<\/tr>\n<tr>\n<td><strong>Mat\u00e9riau du bo\u00eetier<\/strong><\/td>\n<td>Plastique class\u00e9 UL94-V0<\/td>\n<\/tr>\n<tr>\n<td><strong>Temp\u00e9rature de fonctionnement<\/strong><\/td>\n<td>-40\u00b0C \u00e0 +85\u00b0C<\/td>\n<\/tr>\n<tr>\n<td><strong>Durabilit\u00e9<\/strong><\/td>\n<td>&gt; 1000 cycles d'accouplement<\/td>\n<\/tr>\n<tr>\n<td><strong>Conformit\u00e9<\/strong><\/td>\n<td>RoHS, TIA\/EIA-568-C.3, IEC 61754<\/td>\n<\/tr>\n<\/tbody>\n<\/table>\n<p><strong>Applications et assurance qualit\u00e9<\/strong><\/p>\n<p>Fenxi Optoelectronics Technology s'appuie sur l'expertise de professionnels de la recherche et du d\u00e9veloppement pour fournir des produits qui r\u00e9sistent \u00e0 l'\u00e9preuve du temps. L'adaptateur LC\/UPC-DX-OM3 est largement utilis\u00e9 dans :<\/p>\n<ul>\n<li><strong>Centres de donn\u00e9es :<\/strong>\u00a0Connexion des liaisons dorsales 10G et des interconnexions de serveurs.<\/li>\n<li><strong>R\u00e9seaux de stockage (SAN) :<\/strong>\u00a0Garantir la fiabilit\u00e9 des communications Fiber Channel.<\/li>\n<li><strong>R\u00e9seaux d'entreprise :<\/strong>\u00a0La fibre optique jusqu'au bureau (FTTD) et les r\u00e9seaux f\u00e9d\u00e9rateurs.<\/li>\n<li><strong>Cadres de distribution :<\/strong>\u00a0Compatible avec les d\u00e9coupes standard pour une gestion efficace des c\u00e2bles.<\/li>\n<\/ul>\n<p>En choisissant nos adaptateurs, les clients b\u00e9n\u00e9ficient d'une connexion stable et \u00e0 faible perte, garantie par notre syst\u00e8me complet de contr\u00f4le de la qualit\u00e9.<\/p>","protected":false},"excerpt":{"rendered":"<p><strong>Aper\u00e7u du produit<\/strong><\/p>\n<p>Le\u00a0<strong>Adaptateur fibre optique LC\/UPC-DX-OM3<\/strong>\u00a0est une unit\u00e9 de couplage haute performance con\u00e7ue pour les r\u00e9seaux 10 Gigabit Ethernet. Produit par\u00a0<strong>Fenxi Optoelectronics Technology<\/strong>, Cet adaptateur facilite l'accouplement pr\u00e9cis de deux connecteurs LC duplex, garantissant une transmission transparente des signaux dans les centres de donn\u00e9es \u00e0 haut d\u00e9bit et les r\u00e9seaux locaux (LAN). En tant qu'entreprise sp\u00e9cialis\u00e9e dans la R&amp;D et la gestion de la qualit\u00e9, nous veillons \u00e0 ce que chaque adaptateur OM3 r\u00e9ponde aux exigences rigoureuses du c\u00e2blage structur\u00e9 moderne en fibre optique.<\/p>","protected":false},"featured_media":438,"comment_status":"open","ping_status":"closed","template":"","meta":[],"product_brand":[],"product_cat":[25],"product_tag":[],"class_list":{"0":"post-437","1":"product","2":"type-product","3":"status-publish","4":"has-post-thumbnail","6":"product_cat-fiber-optic-adapter","8":"first","9":"instock","10":"shipping-taxable","11":"product-type-simple"},"_links":{"self":[{"href":"https:\/\/www.fenxifiber.com\/fr\/wp-json\/wp\/v2\/product\/437","targetHints":{"allow":["GET"]}}],"collection":[{"href":"https:\/\/www.fenxifiber.com\/fr\/wp-json\/wp\/v2\/product"}],"about":[{"href":"https:\/\/www.fenxifiber.com\/fr\/wp-json\/wp\/v2\/types\/product"}],"replies":[{"embeddable":true,"href":"https:\/\/www.fenxifiber.com\/fr\/wp-json\/wp\/v2\/comments?post=437"}],"wp:featuredmedia":[{"embeddable":true,"href":"https:\/\/www.fenxifiber.com\/fr\/wp-json\/wp\/v2\/media\/438"}],"wp:attachment":[{"href":"https:\/\/www.fenxifiber.com\/fr\/wp-json\/wp\/v2\/media?parent=437"}],"wp:term":[{"taxonomy":"product_brand","embeddable":true,"href":"https:\/\/www.fenxifiber.com\/fr\/wp-json\/wp\/v2\/product_brand?post=437"},{"taxonomy":"product_cat","embeddable":true,"href":"https:\/\/www.fenxifiber.com\/fr\/wp-json\/wp\/v2\/product_cat?post=437"},{"taxonomy":"product_tag","embeddable":true,"href":"https:\/\/www.fenxifiber.com\/fr\/wp-json\/wp\/v2\/product_tag?post=437"}],"curies":[{"name":"wp","href":"https:\/\/api.w.org\/{rel}","templated":true}]}}