{"id":441,"date":"2026-01-28T06:33:36","date_gmt":"2026-01-28T06:33:36","guid":{"rendered":"https:\/\/www.fenxifiber.com\/?post_type=product&#038;p=441"},"modified":"2026-01-28T06:33:36","modified_gmt":"2026-01-28T06:33:36","slug":"adaptateur-fibre-optique-lc-apc-trapezoid-pour-reseaux-telecom","status":"publish","type":"product","link":"https:\/\/www.fenxifiber.com\/fr\/product\/fiber-optic-adapter-lc-apc-trapezoid-for-telecom-networks\/","title":{"rendered":"Adaptateur fibre optique LC\/APC-Trap\u00e9zo\u00efde pour r\u00e9seaux t\u00e9l\u00e9coms"},"content":{"rendered":"<h2>Caract\u00e9ristiques principales<\/h2>\n<ul>\n<li><strong>Interface LC\/APC<\/strong>Contact physique angulaire de 8\u00b0 r\u00e9duisant la r\u00e9flexion arri\u00e8re et am\u00e9liorant la qualit\u00e9 du signal<\/li>\n<li><strong>Bo\u00eetier trap\u00e9zo\u00efdal<\/strong>: Assure une installation solide et la compatibilit\u00e9 avec les panneaux adaptateurs standard<\/li>\n<li><strong>Faible perte d'insertion<\/strong>: Manchons c\u00e9ramiques optimis\u00e9s pour un alignement pr\u00e9cis des noyaux<\/li>\n<li><strong>Perte par retour \u00e9lev\u00e9e<\/strong>: Convient \u00e0 la transmission optique \u00e0 grande vitesse et \u00e0 longue distance<\/li>\n<li><strong>Mat\u00e9riaux durables<\/strong>: Bo\u00eetier ignifug\u00e9 avec une excellente stabilit\u00e9 m\u00e9canique<\/li>\n<li><strong>Conformit\u00e9<\/strong>: Conforme aux normes industrielles IEC et Telcordia<\/li>\n<\/ul>\n<h2>Sp\u00e9cifications techniques<\/h2>\n<table>\n<thead>\n<tr>\n<th>Param\u00e8tres<\/th>\n<th>Sp\u00e9cifications<\/th>\n<\/tr>\n<\/thead>\n<tbody>\n<tr>\n<td>Type de connecteur<\/td>\n<td>LC\/APC \u00e0 LC\/APC<\/td>\n<\/tr>\n<tr>\n<td>Type de polissage<\/td>\n<td>APC (angle de 8\u00b0)<\/td>\n<\/tr>\n<tr>\n<td>Perte d'insertion<\/td>\n<td>\u2264 0,2 dB<\/td>\n<\/tr>\n<tr>\n<td>Perte de retour<\/td>\n<td>\u2265 60 dB<\/td>\n<\/tr>\n<tr>\n<td>Mat\u00e9riau de la manche<\/td>\n<td>C\u00e9ramique zircone<\/td>\n<\/tr>\n<tr>\n<td>Temp\u00e9rature de fonctionnement<\/td>\n<td>De -40\u00b0C \u00e0 +75\u00b0C<\/td>\n<\/tr>\n<tr>\n<td>Temp\u00e9rature de stockage<\/td>\n<td>-40\u00b0C \u00e0 +85\u00b0C<\/td>\n<\/tr>\n<tr>\n<td>Durabilit\u00e9<\/td>\n<td>\u2265 500 cycles d'accouplement<\/td>\n<\/tr>\n<\/tbody>\n<\/table>\n<h2>Sc\u00e9narios d'application<\/h2>\n<p>L'adaptateur fibre optique LC\/APC-Trap\u00e9zo\u00efde est adapt\u00e9 \u00e0 une large gamme d'environnements de communication optique, y compris :<\/p>\n<ul>\n<li>Bureaux centraux de t\u00e9l\u00e9communications<\/li>\n<li>R\u00e9seaux d'acc\u00e8s FTTH et FTTx<\/li>\n<li>Centres de donn\u00e9es et r\u00e9seaux d'entreprise<\/li>\n<li>R\u00e9partiteurs optiques (ODF)<\/li>\n<li>Bo\u00eetes d'\u00e9pissure et de terminaison pour fibres optiques<\/li>\n<\/ul>\n<p>Ses performances optiques stables le rendent particuli\u00e8rement adapt\u00e9 aux applications \u00e0 large bande passante telles que le fronthaul 5G, les r\u00e9seaux m\u00e9tropolitains et les syst\u00e8mes de transmission de la dorsale.<\/p>\n<h2>Avantage de la qualit\u00e9 et de la fabrication<\/h2>\n<p>Fenxi Optoelectronics Technology int\u00e8gre des processus de production avanc\u00e9s \u00e0 des syst\u00e8mes de gestion de la qualit\u00e9 tr\u00e8s stricts. Chaque adaptateur est soumis \u00e0 des tests optiques et m\u00e9caniques complets afin de garantir la coh\u00e9rence, la fiabilit\u00e9 et la conformit\u00e9 aux normes internationales, ce qui permet aux clients B2B de disposer d'une capacit\u00e9 d'approvisionnement fiable et \u00e9volutive.<\/p>\n<h2>Personnalisation et capacit\u00e9 d'approvisionnement<\/h2>\n<p>L'adaptateur pour fibre optique LC\/APC-Trap\u00e9zo\u00efde peut \u00eatre personnalis\u00e9 en termes de couleur de bo\u00eetier, d'\u00e9tiquetage et d'emballage afin de r\u00e9pondre aux exigences sp\u00e9cifiques d'un projet ou d'une marque. Les op\u00e9rateurs de t\u00e9l\u00e9communications, les int\u00e9grateurs de syst\u00e8mes et les distributeurs du monde entier peuvent b\u00e9n\u00e9ficier de services d'approvisionnement en vrac, d'OEM et d'ODM.<\/p>","protected":false},"excerpt":{"rendered":"<h2>Aper\u00e7u du produit<\/h2>\n<p>Le\u00a0<strong>Adaptateur fibre optique LC\/APC-Trap\u00e9zo\u00efde<\/strong>\u00a0est un composant passif de haute pr\u00e9cision con\u00e7u pour une interconnexion fiable des fibres optiques dans les r\u00e9seaux de communication modernes. Fabriqu\u00e9 par Fenxi Optoelectronics Technology, cet adaptateur est con\u00e7u pour garantir un alignement pr\u00e9cis des fibres, une faible perte d'insertion et des performances stables \u00e0 long terme, r\u00e9pondant ainsi aux exigences strictes des op\u00e9rateurs de t\u00e9l\u00e9communications, des int\u00e9grateurs de syst\u00e8mes et des fournisseurs d'infrastructures de r\u00e9seaux.<\/p>\n<p>Avec son interface LC\/APC et son bo\u00eetier trap\u00e9zo\u00efdal, l'adaptateur est largement utilis\u00e9 dans les environnements de distribution \u00e0 haute densit\u00e9 tels que les ODF, les bo\u00eetiers de terminaison de fibre et les r\u00e9seaux d'acc\u00e8s FTTH.<\/p>","protected":false},"featured_media":442,"comment_status":"open","ping_status":"closed","template":"","meta":[],"product_brand":[],"product_cat":[25],"product_tag":[],"class_list":{"0":"post-441","1":"product","2":"type-product","3":"status-publish","4":"has-post-thumbnail","6":"product_cat-fiber-optic-adapter","8":"first","9":"instock","10":"shipping-taxable","11":"product-type-simple"},"_links":{"self":[{"href":"https:\/\/www.fenxifiber.com\/fr\/wp-json\/wp\/v2\/product\/441","targetHints":{"allow":["GET"]}}],"collection":[{"href":"https:\/\/www.fenxifiber.com\/fr\/wp-json\/wp\/v2\/product"}],"about":[{"href":"https:\/\/www.fenxifiber.com\/fr\/wp-json\/wp\/v2\/types\/product"}],"replies":[{"embeddable":true,"href":"https:\/\/www.fenxifiber.com\/fr\/wp-json\/wp\/v2\/comments?post=441"}],"wp:featuredmedia":[{"embeddable":true,"href":"https:\/\/www.fenxifiber.com\/fr\/wp-json\/wp\/v2\/media\/442"}],"wp:attachment":[{"href":"https:\/\/www.fenxifiber.com\/fr\/wp-json\/wp\/v2\/media?parent=441"}],"wp:term":[{"taxonomy":"product_brand","embeddable":true,"href":"https:\/\/www.fenxifiber.com\/fr\/wp-json\/wp\/v2\/product_brand?post=441"},{"taxonomy":"product_cat","embeddable":true,"href":"https:\/\/www.fenxifiber.com\/fr\/wp-json\/wp\/v2\/product_cat?post=441"},{"taxonomy":"product_tag","embeddable":true,"href":"https:\/\/www.fenxifiber.com\/fr\/wp-json\/wp\/v2\/product_tag?post=441"}],"curies":[{"name":"wp","href":"https:\/\/api.w.org\/{rel}","templated":true}]}}