{"id":445,"date":"2026-01-28T06:41:35","date_gmt":"2026-01-28T06:41:35","guid":{"rendered":"https:\/\/www.fenxifiber.com\/?post_type=product&#038;p=445"},"modified":"2026-01-28T06:52:15","modified_gmt":"2026-01-28T06:52:15","slug":"adaptateur-fibre-optique-lc-upc-quadruple-om3","status":"publish","type":"product","link":"https:\/\/www.fenxifiber.com\/fr\/product\/fiber-optic-adapter-lc-upc-quadruple-om3\/","title":{"rendered":"Adaptateur fibre optique LC\/UPC-Quadruple-OM3"},"content":{"rendered":"<h2>Caract\u00e9ristiques principales<\/h2>\n<ul>\n<li><strong>Interface quadruple LC\/UPC<\/strong>: Prise en charge de quatre connecteurs LC dans un format compact<\/li>\n<li><strong>Compatibilit\u00e9 multimode OM3<\/strong>: Optimis\u00e9 pour la transmission de la longueur d'onde de 850 nm<\/li>\n<li><strong>Conception \u00e0 haute densit\u00e9<\/strong>: Id\u00e9al pour les centres de donn\u00e9es et les syst\u00e8mes de racks d'entreprise<\/li>\n<li><strong>Faible perte d'insertion<\/strong>: Les manchons c\u00e9ramiques de pr\u00e9cision assurent un alignement pr\u00e9cis des fibres<\/li>\n<li><strong>Une structure de logement fiable<\/strong>: Mat\u00e9riaux durables et ignifuges pour une utilisation \u00e0 long terme<\/li>\n<li><strong>Respect des normes<\/strong>: Conforme \u00e0 la norme IEC 61754 et aux sp\u00e9cifications TIA\/EIA<\/li>\n<\/ul>\n<h2>Sp\u00e9cifications techniques<\/h2>\n<table>\n<thead>\n<tr>\n<th>Param\u00e8tres<\/th>\n<th>Sp\u00e9cifications<\/th>\n<\/tr>\n<\/thead>\n<tbody>\n<tr>\n<td>Type de connecteur<\/td>\n<td>LC\/UPC Quadruple<\/td>\n<\/tr>\n<tr>\n<td>Type de fibre<\/td>\n<td>OM3 Multimode (50\/125 \u03bcm)<\/td>\n<\/tr>\n<tr>\n<td>Longueur d'onde de fonctionnement<\/td>\n<td>850 nm<\/td>\n<\/tr>\n<tr>\n<td>Perte d'insertion<\/td>\n<td>\u2264 0,2 dB<\/td>\n<\/tr>\n<tr>\n<td>Perte de retour<\/td>\n<td>\u2265 35 dB<\/td>\n<\/tr>\n<tr>\n<td>Mat\u00e9riau de la manche<\/td>\n<td>C\u00e9ramique zircone<\/td>\n<\/tr>\n<tr>\n<td>Temp\u00e9rature de fonctionnement<\/td>\n<td>De -40\u00b0C \u00e0 +75\u00b0C<\/td>\n<\/tr>\n<tr>\n<td>Temp\u00e9rature de stockage<\/td>\n<td>-40\u00b0C \u00e0 +85\u00b0C<\/td>\n<\/tr>\n<tr>\n<td>Durabilit\u00e9 de l'accouplement<\/td>\n<td>\u2265 500 cycles<\/td>\n<\/tr>\n<\/tbody>\n<\/table>\n<h2>Sc\u00e9narios d'application<\/h2>\n<p>L'adaptateur fibre optique LC\/UPC-Quadruple-OM3 est largement utilis\u00e9 dans :<\/p>\n<ul>\n<li>Centres de donn\u00e9es hyperscale et d'entreprise<\/li>\n<li>R\u00e9seaux Ethernet \u00e0 haut d\u00e9bit<\/li>\n<li>Infrastructure SAN et informatique en nuage<\/li>\n<li>R\u00e9partiteurs optiques et panneaux de brassage<\/li>\n<\/ul>\n<p>La fibre multimode OM3 reste un choix courant pour la transmission Ethernet 10G et 40G jusqu'\u00e0 300 m\u00e8tres, qui continuera \u00e0 \u00eatre largement d\u00e9ploy\u00e9e dans l'infrastructure mondiale des centres de donn\u00e9es \u00e0 partir de 2025.<\/p>\n<h2>Fabrication et contr\u00f4le de la qualit\u00e9<\/h2>\n<p>Fenxi Optoelectronics Technology int\u00e8gre des processus de production automatis\u00e9s \u00e0 des syst\u00e8mes d'inspection de la qualit\u00e9 tr\u00e8s stricts. Chaque adaptateur est test\u00e9 en termes de perte optique, de stabilit\u00e9 m\u00e9canique et de fiabilit\u00e9 environnementale, ce qui garantit des performances constantes dans le cadre de d\u00e9ploiements B2B \u00e0 grande \u00e9chelle.<\/p>\n<p>Les \u00e9quipes exp\u00e9riment\u00e9es de R&amp;D et de gestion de la qualit\u00e9 de l'entreprise assurent un approvisionnement stable, une coh\u00e9rence technique et une coop\u00e9ration \u00e0 long terme avec les int\u00e9grateurs de syst\u00e8mes et les distributeurs.<\/p>\n<h2>Personnalisation et capacit\u00e9 OEM<\/h2>\n<p>L'adaptateur de fibre optique LC\/UPC-Quadruple-OM3 est compatible avec les services OEM et ODM, y compris les couleurs de bo\u00eetier, l'\u00e9tiquetage et l'emballage personnalis\u00e9s. Sa capacit\u00e9 de production flexible et sa fabrication standardis\u00e9e en font un produit adapt\u00e9 \u00e0 l'achat en gros et \u00e0 la livraison dans le cadre d'un projet.<\/p>","protected":false},"excerpt":{"rendered":"<h2>Aper\u00e7u du produit<\/h2>\n<p>Le\u00a0<strong>Adaptateur fibre optique LC\/UPC-Quadruple-OM3<\/strong>\u00a0est une solution d'interconnexion de fibre multimode haute densit\u00e9 con\u00e7ue pour une transmission rapide et fiable des signaux optiques dans les centres de donn\u00e9es et les r\u00e9seaux d'entreprise. D\u00e9velopp\u00e9 par Fenxi Optoelectronics Technology, cet adaptateur prend en charge la fibre multimode OM3 et dispose d'une interface LC quadruple, permettant une utilisation efficace des ports et une gestion simplifi\u00e9e des c\u00e2bles dans les environnements \u00e0 haute densit\u00e9.<\/p>\n<p>Con\u00e7u pour des performances optiques stables et une longue dur\u00e9e de vie, l'adaptateur r\u00e9pond aux exigences des applications modernes de r\u00e9seaux \u00e0 courte port\u00e9e et \u00e0 haut d\u00e9bit.<\/p>","protected":false},"featured_media":446,"comment_status":"open","ping_status":"closed","template":"","meta":[],"product_brand":[],"product_cat":[25],"product_tag":[],"class_list":{"0":"post-445","1":"product","2":"type-product","3":"status-publish","4":"has-post-thumbnail","6":"product_cat-fiber-optic-adapter","8":"first","9":"instock","10":"shipping-taxable","11":"product-type-simple"},"_links":{"self":[{"href":"https:\/\/www.fenxifiber.com\/fr\/wp-json\/wp\/v2\/product\/445","targetHints":{"allow":["GET"]}}],"collection":[{"href":"https:\/\/www.fenxifiber.com\/fr\/wp-json\/wp\/v2\/product"}],"about":[{"href":"https:\/\/www.fenxifiber.com\/fr\/wp-json\/wp\/v2\/types\/product"}],"replies":[{"embeddable":true,"href":"https:\/\/www.fenxifiber.com\/fr\/wp-json\/wp\/v2\/comments?post=445"}],"wp:featuredmedia":[{"embeddable":true,"href":"https:\/\/www.fenxifiber.com\/fr\/wp-json\/wp\/v2\/media\/446"}],"wp:attachment":[{"href":"https:\/\/www.fenxifiber.com\/fr\/wp-json\/wp\/v2\/media?parent=445"}],"wp:term":[{"taxonomy":"product_brand","embeddable":true,"href":"https:\/\/www.fenxifiber.com\/fr\/wp-json\/wp\/v2\/product_brand?post=445"},{"taxonomy":"product_cat","embeddable":true,"href":"https:\/\/www.fenxifiber.com\/fr\/wp-json\/wp\/v2\/product_cat?post=445"},{"taxonomy":"product_tag","embeddable":true,"href":"https:\/\/www.fenxifiber.com\/fr\/wp-json\/wp\/v2\/product_tag?post=445"}],"curies":[{"name":"wp","href":"https:\/\/api.w.org\/{rel}","templated":true}]}}