{"id":447,"date":"2026-01-28T06:47:13","date_gmt":"2026-01-28T06:47:13","guid":{"rendered":"https:\/\/www.fenxifiber.com\/?post_type=product&#038;p=447"},"modified":"2026-01-28T06:47:13","modified_gmt":"2026-01-28T06:47:13","slug":"adaptateur-fibre-optique-lc-upc-trapezoidal-om3-exportateur-pour-centres-de-donnees","status":"publish","type":"product","link":"https:\/\/www.fenxifiber.com\/fr\/product\/fiber-optic-adapter-lc-upc-trapezoid-om3-exporter-for-data-centers\/","title":{"rendered":"Adaptateur fibre optique LC\/UPC-Trap\u00e9zo\u00efde-OM3 Exporter pour centres de donn\u00e9es"},"content":{"rendered":"<h2>Caract\u00e9ristiques principales<\/h2>\n<ul>\n<li><strong>LC\/UPC Type de connecteur<\/strong>: Assure un contact physique fiable et une transmission coh\u00e9rente du signal<\/li>\n<li><strong>Support de fibre multimode OM3<\/strong>: Optimis\u00e9 pour les applications de longueur d'onde de 850 nm<\/li>\n<li><strong>Bo\u00eetier trap\u00e9zo\u00efdal<\/strong>: Assure une installation stable et la compatibilit\u00e9 avec les panneaux courants<\/li>\n<li><strong>Faible perte d'insertion<\/strong>: Manchons en c\u00e9ramique de haute pr\u00e9cision pour un alignement pr\u00e9cis du c\u0153ur de la fibre<\/li>\n<li><strong>Construction durable<\/strong>: Mat\u00e9riaux ignifuges pour une stabilit\u00e9 op\u00e9rationnelle \u00e0 long terme<\/li>\n<li><strong>Conformit\u00e9 de l'industrie<\/strong>: Conforme aux normes IEC et TIA\/EIA en mati\u00e8re de composants optiques<\/li>\n<\/ul>\n<h2>Sp\u00e9cifications techniques<\/h2>\n<table>\n<thead>\n<tr>\n<th>Param\u00e8tres<\/th>\n<th>Sp\u00e9cifications<\/th>\n<\/tr>\n<\/thead>\n<tbody>\n<tr>\n<td>Type de connecteur<\/td>\n<td>LC\/UPC \u00e0 LC\/UPC<\/td>\n<\/tr>\n<tr>\n<td>Type de fibre<\/td>\n<td>OM3 Multimode (50\/125 \u03bcm)<\/td>\n<\/tr>\n<tr>\n<td>Longueur d'onde de fonctionnement<\/td>\n<td>850 nm<\/td>\n<\/tr>\n<tr>\n<td>Perte d'insertion<\/td>\n<td>\u2264 0,2 dB<\/td>\n<\/tr>\n<tr>\n<td>Perte de retour<\/td>\n<td>\u2265 35 dB<\/td>\n<\/tr>\n<tr>\n<td>Mat\u00e9riau de la manche<\/td>\n<td>C\u00e9ramique zircone<\/td>\n<\/tr>\n<tr>\n<td>Temp\u00e9rature de fonctionnement<\/td>\n<td>De -40\u00b0C \u00e0 +75\u00b0C<\/td>\n<\/tr>\n<tr>\n<td>Temp\u00e9rature de stockage<\/td>\n<td>-40\u00b0C \u00e0 +85\u00b0C<\/td>\n<\/tr>\n<tr>\n<td>Durabilit\u00e9 de l'accouplement<\/td>\n<td>\u2265 500 cycles<\/td>\n<\/tr>\n<\/tbody>\n<\/table>\n<h2>Sc\u00e9narios d'application<\/h2>\n<p>L'adaptateur fibre optique LC\/UPC-Trap\u00e9zo\u00efde-OM3 est largement utilis\u00e9 dans :<\/p>\n<ul>\n<li>Centres de donn\u00e9es et installations d'informatique en nuage<\/li>\n<li>R\u00e9seaux locaux d'entreprise<\/li>\n<li>Syst\u00e8mes Ethernet \u00e0 haut d\u00e9bit<\/li>\n<li>R\u00e9partiteurs optiques et panneaux de brassage<\/li>\n<\/ul>\n<p>La fibre multimode OM3 reste une solution courante pour la transmission Ethernet 10G et 40G jusqu'\u00e0 300 m\u00e8tres, qui reste couramment d\u00e9ploy\u00e9e dans l'infrastructure mondiale des centres de donn\u00e9es \u00e0 l'horizon 2025.<\/p>\n<h2>Fabrication et assurance qualit\u00e9<\/h2>\n<p>Fenxi Optoelectronics Technology utilise des \u00e9quipements de fabrication avanc\u00e9s associ\u00e9s \u00e0 des proc\u00e9dures strictes de contr\u00f4le de la qualit\u00e9. Chaque adaptateur est soumis \u00e0 des tests de performance optique et \u00e0 une inspection de fiabilit\u00e9 m\u00e9canique afin de garantir la stabilit\u00e9 des performances et la coh\u00e9rence des applications B2B \u00e0 grande \u00e9chelle.<\/p>\n<p>Les \u00e9quipes exp\u00e9riment\u00e9es de R&amp;D et de gestion de la qualit\u00e9 de l'entreprise contribuent au d\u00e9veloppement efficace des produits et \u00e0 la fiabilit\u00e9 de l'approvisionnement des clients internationaux.<\/p>\n<h2>Personnalisation et approvisionnement B2B<\/h2>\n<p>L'adaptateur fibre optique LC\/UPC-Trap\u00e9zo\u00efde-OM3 est compatible avec la personnalisation OEM et ODM, y compris la couleur du bo\u00eetier, l'\u00e9tiquetage et les options d'emballage. La capacit\u00e9 de production en masse et les processus standardis\u00e9s en font un produit adapt\u00e9 aux int\u00e9grateurs de syst\u00e8mes, aux distributeurs et aux projets de centres de donn\u00e9es.<\/p>","protected":false},"excerpt":{"rendered":"<h2>Aper\u00e7u du produit<\/h2>\n<p>Le\u00a0<strong>Adaptateur fibre optique LC\/UPC-Trap\u00e9zo\u00efde-OM3<\/strong>\u00a0est un composant d'interconnexion de fibre multimode de pr\u00e9cision con\u00e7u pour une transmission stable et efficace des signaux optiques. Fabriqu\u00e9 par Fenxi Optoelectronics Technology, cet adaptateur prend en charge la fibre multimode OM3 et pr\u00e9sente un bo\u00eetier trap\u00e9zo\u00efdal qui permet un montage s\u00fbr dans les panneaux d'adaptateurs et les r\u00e9partiteurs optiques standard.<\/p>\n<p>Avec des interfaces LC\/UPC et une pr\u00e9cision d'alignement optimis\u00e9e, l'adaptateur est bien adapt\u00e9 aux centres de donn\u00e9es \u00e0 haut d\u00e9bit, aux entreprises et aux environnements de r\u00e9seaux de t\u00e9l\u00e9communications.<\/p>","protected":false},"featured_media":448,"comment_status":"open","ping_status":"closed","template":"","meta":[],"product_brand":[],"product_cat":[25],"product_tag":[],"class_list":{"0":"post-447","1":"product","2":"type-product","3":"status-publish","4":"has-post-thumbnail","6":"product_cat-fiber-optic-adapter","8":"first","9":"instock","10":"shipping-taxable","11":"product-type-simple"},"_links":{"self":[{"href":"https:\/\/www.fenxifiber.com\/fr\/wp-json\/wp\/v2\/product\/447","targetHints":{"allow":["GET"]}}],"collection":[{"href":"https:\/\/www.fenxifiber.com\/fr\/wp-json\/wp\/v2\/product"}],"about":[{"href":"https:\/\/www.fenxifiber.com\/fr\/wp-json\/wp\/v2\/types\/product"}],"replies":[{"embeddable":true,"href":"https:\/\/www.fenxifiber.com\/fr\/wp-json\/wp\/v2\/comments?post=447"}],"wp:featuredmedia":[{"embeddable":true,"href":"https:\/\/www.fenxifiber.com\/fr\/wp-json\/wp\/v2\/media\/448"}],"wp:attachment":[{"href":"https:\/\/www.fenxifiber.com\/fr\/wp-json\/wp\/v2\/media?parent=447"}],"wp:term":[{"taxonomy":"product_brand","embeddable":true,"href":"https:\/\/www.fenxifiber.com\/fr\/wp-json\/wp\/v2\/product_brand?post=447"},{"taxonomy":"product_cat","embeddable":true,"href":"https:\/\/www.fenxifiber.com\/fr\/wp-json\/wp\/v2\/product_cat?post=447"},{"taxonomy":"product_tag","embeddable":true,"href":"https:\/\/www.fenxifiber.com\/fr\/wp-json\/wp\/v2\/product_tag?post=447"}],"curies":[{"name":"wp","href":"https:\/\/api.w.org\/{rel}","templated":true}]}}