{"id":464,"date":"2026-01-29T06:01:39","date_gmt":"2026-01-29T06:01:39","guid":{"rendered":"https:\/\/www.fenxifiber.com\/?post_type=product&#038;p=464"},"modified":"2026-02-03T00:52:29","modified_gmt":"2026-02-03T00:52:29","slug":"separateur-de-fibre-optique-sc-apc-12-unite-fttx-haute-performance","status":"publish","type":"product","link":"https:\/\/www.fenxifiber.com\/fr\/product\/fiber-optical-splitter-sc-apc-12-high-performance-fttx-unit\/","title":{"rendered":"R\u00e9partiteur fibre optique SC\/APC-1*2 : Unit\u00e9 FTTx haute performance"},"content":{"rendered":"<p><strong>Performance optique et stabilit\u00e9 sup\u00e9rieures<\/strong><\/p>\n<p>Notre s\u00e9parateur optique 1\u00d72 utilise la technologie avanc\u00e9e des circuits planaires \u00e0 ondes lumineuses (PLC) ou les processus de pr\u00e9cision Fused Biconical Taper (FBT), en fonction de vos exigences sp\u00e9cifiques en mati\u00e8re de largeur de bande. L'unit\u00e9 est \u00e9quip\u00e9e d'une terminaison de haute qualit\u00e9\u00a0<strong>SC\/APC (contact physique angulaire)<\/strong>\u00a0connecteurs. L'angle de polissage de 8 degr\u00e9s r\u00e9duit consid\u00e9rablement la r\u00e9flexion arri\u00e8re, ce qui permet d'obtenir une perte de retour sup\u00e9rieure \u00e0 60 dB. Cette caract\u00e9ristique est essentielle pour la transmission de signaux vid\u00e9o analogiques et de donn\u00e9es \u00e0 haut d\u00e9bit, garantissant que votre r\u00e9seau reste stable m\u00eame dans des conditions environnementales difficiles.<\/p>\n<p><strong>Principales sp\u00e9cifications techniques<\/strong><\/p>\n<p>La fiabilit\u00e9 est au c\u0153ur de Fenxi Optoelectronics. Nos produits sont soumis \u00e0 des protocoles de contr\u00f4le de qualit\u00e9 stricts g\u00e9r\u00e9s par un personnel exp\u00e9riment\u00e9. Vous trouverez ci-dessous les param\u00e8tres techniques standard de notre r\u00e9partiteur 1*2 SC\/APC, qui refl\u00e8tent les r\u00e9f\u00e9rences actuelles de l'industrie pour les composants de qualit\u00e9 professionnelle.<\/p>\n<table>\n<thead>\n<tr>\n<th>Nom du produit<\/th>\n<th>S\u00e9parateur de fibres optiques SC\/APC-1*2<\/th>\n<\/tr>\n<\/thead>\n<tbody>\n<tr>\n<td>Type de connecteur<\/td>\n<td>SC\/UPC, SC\/APC, FC\/UPC, FC\/APC, LC\/UPC, LC\/APC, ST\/UPC<\/td>\n<\/tr>\n<tr>\n<td>Couleur<\/td>\n<td>Jaune\/blanc\/couleur<\/td>\n<\/tr>\n<tr>\n<td>Largeur de bande<\/td>\n<td>\u00b140nm<\/td>\n<\/tr>\n<tr>\n<td>R\u00e9sistance \u00e0 la traction<\/td>\n<td>\u2265200N<\/td>\n<\/tr>\n<tr>\n<td>Longueur d'onde<\/td>\n<td>1310nm-1490nm-1550nm\/850nm<\/td>\n<\/tr>\n<tr>\n<td>Durabilit\u00e9<\/td>\n<td>\u22651000 fois<\/td>\n<\/tr>\n<tr>\n<td>Mat\u00e9riau<\/td>\n<td>LSZH<\/td>\n<\/tr>\n<tr>\n<td>Perte d'insertion<\/td>\n<td>\\<\/td>\n<\/tr>\n<tr>\n<td>Perte de retour<\/td>\n<td>UPC&gt;50dB, APC&gt;60dB<\/td>\n<\/tr>\n<\/tbody>\n<\/table>\n<p><strong>Applications polyvalentes dans l'architecture des r\u00e9seaux<\/strong><\/p>\n<p>Le s\u00e9parateur optique SC\/APC-1*2 est compact et polyvalent, ce qui le rend id\u00e9al pour divers sc\u00e9narios de d\u00e9ploiement g\u00e9r\u00e9s par Fenxi Optoelectronics. Qu'il soit int\u00e9gr\u00e9 dans\u00a0<strong>Cassettes de fibres optiques \u00e0 12 fils<\/strong>, plac\u00e9 \u00e0 l'int\u00e9rieur de\u00a0<strong>ODF r\u00e9partiteurs de fibres optiques<\/strong>, ou d\u00e9ploy\u00e9s en\u00a0<strong>bo\u00eetes de terminaison pour fibres optiques<\/strong>, Ce r\u00e9partiteur offre une connectivit\u00e9 constante.<\/p>\n<p>Il est sp\u00e9cifiquement optimis\u00e9 pour :<\/p>\n<ul>\n<li><strong>La fibre optique jusqu'au domicile (FTTH) :<\/strong>\u00a0Permettre la connectivit\u00e9 du \u201cdernier kilom\u00e8tre\u201d avec une grande efficacit\u00e9.<\/li>\n<li><strong>LAN optique passif (POL) :<\/strong>\u00a0Rationalisation des structures des r\u00e9seaux d'entreprise.<\/li>\n<li><strong>R\u00e9seaux CATV :<\/strong>\u00a0Assurer une transmission vid\u00e9o de haute qualit\u00e9 sans d\u00e9gradation du signal.<\/li>\n<\/ul>\n<p><strong>Pourquoi choisir Fenxi Optoelectronics ?<\/strong><\/p>\n<p>En tant que force \u00e9mergente dans l'industrie des communications optiques, Fenxi allie l'agilit\u00e9 nationale aux normes de qualit\u00e9 internationales. Nous ne nous contentons pas de fournir des composants, nous proposons des solutions qui s'int\u00e8grent parfaitement \u00e0 vos op\u00e9rations de t\u00e9l\u00e9communications. Choisissez notre s\u00e9parateur optique SC\/APC-1*2 pour une connexion qui repr\u00e9sente l'avant-garde de la technologie optique.<\/p>","protected":false},"excerpt":{"rendered":"<p><strong>Optimisation de la distribution des signaux gr\u00e2ce \u00e0 l'ing\u00e9nierie de pr\u00e9cision de Fenxi<\/strong><\/p>\n<p>Dans le paysage en \u00e9volution rapide des t\u00e9l\u00e9communications, l'int\u00e9grit\u00e9 du signal est primordiale. Fenxi Optoelectronics Technology pr\u00e9sente le syst\u00e8me de gestion de l'int\u00e9grit\u00e9 des signaux de Fenxi Optoelectronics Technology.\u00a0<strong>S\u00e9parateur optique SC\/APC-1*2<\/strong>, Ce s\u00e9parateur est un composant optique passif de premier plan con\u00e7u pour offrir des performances sup\u00e9rieures dans les r\u00e9seaux FTTx, GPON et EPON. Con\u00e7u par notre \u00e9quipe d'experts en R&amp;D, ce s\u00e9parateur assure une distribution uniforme du signal avec une perte minimale, r\u00e9pondant ainsi aux exigences rigoureuses des syst\u00e8mes modernes de transmission par fibre optique.<\/p>","protected":false},"featured_media":465,"comment_status":"open","ping_status":"closed","template":"","meta":[],"product_brand":[],"product_cat":[28],"product_tag":[],"class_list":{"0":"post-464","1":"product","2":"type-product","3":"status-publish","4":"has-post-thumbnail","6":"product_cat-fiber-optic-splitter","8":"first","9":"instock","10":"shipping-taxable","11":"product-type-simple"},"_links":{"self":[{"href":"https:\/\/www.fenxifiber.com\/fr\/wp-json\/wp\/v2\/product\/464","targetHints":{"allow":["GET"]}}],"collection":[{"href":"https:\/\/www.fenxifiber.com\/fr\/wp-json\/wp\/v2\/product"}],"about":[{"href":"https:\/\/www.fenxifiber.com\/fr\/wp-json\/wp\/v2\/types\/product"}],"replies":[{"embeddable":true,"href":"https:\/\/www.fenxifiber.com\/fr\/wp-json\/wp\/v2\/comments?post=464"}],"wp:featuredmedia":[{"embeddable":true,"href":"https:\/\/www.fenxifiber.com\/fr\/wp-json\/wp\/v2\/media\/465"}],"wp:attachment":[{"href":"https:\/\/www.fenxifiber.com\/fr\/wp-json\/wp\/v2\/media?parent=464"}],"wp:term":[{"taxonomy":"product_brand","embeddable":true,"href":"https:\/\/www.fenxifiber.com\/fr\/wp-json\/wp\/v2\/product_brand?post=464"},{"taxonomy":"product_cat","embeddable":true,"href":"https:\/\/www.fenxifiber.com\/fr\/wp-json\/wp\/v2\/product_cat?post=464"},{"taxonomy":"product_tag","embeddable":true,"href":"https:\/\/www.fenxifiber.com\/fr\/wp-json\/wp\/v2\/product_tag?post=464"}],"curies":[{"name":"wp","href":"https:\/\/api.w.org\/{rel}","templated":true}]}}