{"id":466,"date":"2026-01-29T06:06:43","date_gmt":"2026-01-29T06:06:43","guid":{"rendered":"https:\/\/www.fenxifiber.com\/?post_type=product&#038;p=466"},"modified":"2026-02-03T00:55:47","modified_gmt":"2026-02-03T00:55:47","slug":"splitter-fibre-optique-sc-apc-14-distribution-ftth-efficace","status":"publish","type":"product","link":"https:\/\/www.fenxifiber.com\/fr\/product\/fiber-optical-splitter-sc-apc-14-efficient-ftth-distribution\/","title":{"rendered":"R\u00e9partiteur fibre optique SC\/APC-1*4 : Distribution FTTH efficace"},"content":{"rendered":"<p><strong>Principales caract\u00e9ristiques et avantages de la conception<\/strong><\/p>\n<p>Fenxi Optoelectronics s'appuie sur une gestion exp\u00e9riment\u00e9e de la production pour s'assurer que chaque unit\u00e9 r\u00e9pond aux normes internationales. Notre s\u00e9parateur 1*4 se distingue par.. :<\/p>\n<ul>\n<li><strong>Connecteurs SC\/APC de pr\u00e9cision :<\/strong>\u00a0\u00c9quip\u00e9 de connecteurs SC de haute qualit\u00e9 avec un contact physique angulaire (APC). Cette conception minimise la r\u00e9flexion arri\u00e8re (Return Loss &gt; 60dB), ce qui est crucial pour les services triple-play (Donn\u00e9es, Voix et Vid\u00e9o).<\/li>\n<li><strong>Technologie PLC compacte :<\/strong>\u00a0Utilisant la technologie des circuits planaires \u00e0 ondes lumineuses, cette unit\u00e9 pr\u00e9sente un encombrement r\u00e9duit, ce qui la rend id\u00e9ale pour une installation dans des environnements o\u00f9 l'espace est limit\u00e9, comme par exemple dans le cas d'un syst\u00e8me d'alarme.\u00a0<strong>bo\u00eetes de terminaison pour fibres optiques<\/strong>\u00a0ou\u00a0<strong>fermetures d'\u00e9pissures<\/strong>.<\/li>\n<li><strong>Polyvalence de la large bande :<\/strong>\u00a0Prise en charge de la transmission \u00e0 spectre complet (1260nm-1650nm), garantissant la compatibilit\u00e9 avec les normes GPON\/EPON actuelles et les futures mises \u00e0 niveau XGS-PON.<\/li>\n<\/ul>\n<p><strong>Fiche technique<\/strong><\/p>\n<p>Pour aider les ing\u00e9nieurs et les int\u00e9grateurs de syst\u00e8mes \u00e0 planifier le r\u00e9seau, nous fournissons des donn\u00e9es de performance transparentes et en temps r\u00e9el. Le tableau suivant pr\u00e9sente les sp\u00e9cifications typiques de notre module 1*4 PLC Splitter.<\/p>\n<table>\n<thead>\n<tr>\n<th>Nom du produit<\/th>\n<th>S\u00e9parateur de fibre optique SC\/APC-1*4<\/th>\n<\/tr>\n<\/thead>\n<tbody>\n<tr>\n<td>Type de connecteur<\/td>\n<td>SC\/UPC, SC\/APC, FC\/UPC, FC\/APC, LC\/UPC, LC\/APC, ST\/UPC<\/td>\n<\/tr>\n<tr>\n<td>Couleur<\/td>\n<td>Jaune\/blanc\/couleur<\/td>\n<\/tr>\n<tr>\n<td>Largeur de bande<\/td>\n<td>\u00b140nm<\/td>\n<\/tr>\n<tr>\n<td>R\u00e9sistance \u00e0 la traction<\/td>\n<td>\u2265200N<\/td>\n<\/tr>\n<tr>\n<td>Longueur d'onde<\/td>\n<td>1310nm-1490nm-1550nm\/850nm<\/td>\n<\/tr>\n<tr>\n<td>Durabilit\u00e9<\/td>\n<td>\u22651000 fois<\/td>\n<\/tr>\n<tr>\n<td>Mat\u00e9riau<\/td>\n<td>LSZH<\/td>\n<\/tr>\n<tr>\n<td>Perte d'insertion<\/td>\n<td>\\<\/td>\n<\/tr>\n<tr>\n<td>Perte de retour<\/td>\n<td>UPC&gt;50dB, APC&gt;60dB<\/td>\n<\/tr>\n<\/tbody>\n<\/table>\n<p><strong>Int\u00e9gration et application<\/strong><\/p>\n<p>Fenxi Optoelectronics Technology est sp\u00e9cialis\u00e9e dans les solutions compl\u00e8tes d'int\u00e9gration de syst\u00e8mes. Ce s\u00e9parateur optique 1*4 est con\u00e7u pour s'int\u00e9grer parfaitement \u00e0 notre \u00e9cosyst\u00e8me de produits plus large :<\/p>\n<ol>\n<li><strong>Installation de l'ODF :<\/strong>\u00a0Facile \u00e0 monter dans notre\u00a0<strong>ODF r\u00e9partiteurs de fibres optiques<\/strong>\u00a0pour la gestion du bureau central.<\/li>\n<li><strong>R\u00e9partition des \u00e9tages :<\/strong>\u00a0Id\u00e9al pour un placement \u00e0 l'int\u00e9rieur\u00a0<strong>Cassettes de fibres optiques \u00e0 12 fils<\/strong>\u00a0pour distribuer des signaux \u00e0 plusieurs appartements ou bureaux \u00e0 partir d'une seule alimentation.<\/li>\n<li><strong>Durabilit\u00e9 robuste :<\/strong>\u00a0La gaine ext\u00e9rieure et la d\u00e9charge de traction sont con\u00e7ues pour r\u00e9sister aux rigueurs du d\u00e9ploiement sur le terrain, garantissant ainsi une fiabilit\u00e9 \u00e0 long terme aux op\u00e9rateurs de t\u00e9l\u00e9communications.<\/li>\n<\/ol>\n<p><strong>Engagement en faveur de la qualit\u00e9<\/strong><\/p>\n<p>Soutenu par une \u00e9quipe d'experts nationaux et internationaux, Fenxi s'assure que chaque s\u00e9parateur optique SC\/APC-1*4 est soumis \u00e0 des tests stricts avant d'\u00eatre exp\u00e9di\u00e9. Nous nous engageons \u00e0 fournir des produits de communication optique qui favorisent la croissance et la stabilit\u00e9 de votre r\u00e9seau.<\/p>","protected":false},"excerpt":{"rendered":"<p><strong>Rationalisation de l'architecture des r\u00e9seaux avec Fenxi Optoelectronics<\/strong><\/p>\n<p>\u00c0 l'\u00e8re du haut d\u00e9bit, l'efficacit\u00e9 d'un r\u00e9seau se d\u00e9finit par l'efficacit\u00e9 avec laquelle vous pouvez distribuer la bande passante \u00e0 plusieurs abonn\u00e9s. L'efficacit\u00e9\u00a0<strong>S\u00e9parateur optique SC\/APC-1*4<\/strong>\u00a0Le s\u00e9parateur propos\u00e9 par Fenxi Optoelectronics Technology est un composant essentiel pour les d\u00e9ploiements de fibre optique jusqu'\u00e0 la maison (FTTH) et de r\u00e9seaux optiques passifs (PON). Con\u00e7u par notre \u00e9quipe de R&amp;D, ce s\u00e9parateur permet la division transparente d'une entr\u00e9e optique unique en quatre sorties, maximisant ainsi le potentiel de votre infrastructure fibre tout en maintenant une int\u00e9grit\u00e9 rigoureuse du signal.<\/p>","protected":false},"featured_media":467,"comment_status":"open","ping_status":"closed","template":"","meta":[],"product_brand":[],"product_cat":[28],"product_tag":[],"class_list":{"0":"post-466","1":"product","2":"type-product","3":"status-publish","4":"has-post-thumbnail","6":"product_cat-fiber-optic-splitter","8":"first","9":"instock","10":"shipping-taxable","11":"product-type-simple"},"_links":{"self":[{"href":"https:\/\/www.fenxifiber.com\/fr\/wp-json\/wp\/v2\/product\/466","targetHints":{"allow":["GET"]}}],"collection":[{"href":"https:\/\/www.fenxifiber.com\/fr\/wp-json\/wp\/v2\/product"}],"about":[{"href":"https:\/\/www.fenxifiber.com\/fr\/wp-json\/wp\/v2\/types\/product"}],"replies":[{"embeddable":true,"href":"https:\/\/www.fenxifiber.com\/fr\/wp-json\/wp\/v2\/comments?post=466"}],"wp:featuredmedia":[{"embeddable":true,"href":"https:\/\/www.fenxifiber.com\/fr\/wp-json\/wp\/v2\/media\/467"}],"wp:attachment":[{"href":"https:\/\/www.fenxifiber.com\/fr\/wp-json\/wp\/v2\/media?parent=466"}],"wp:term":[{"taxonomy":"product_brand","embeddable":true,"href":"https:\/\/www.fenxifiber.com\/fr\/wp-json\/wp\/v2\/product_brand?post=466"},{"taxonomy":"product_cat","embeddable":true,"href":"https:\/\/www.fenxifiber.com\/fr\/wp-json\/wp\/v2\/product_cat?post=466"},{"taxonomy":"product_tag","embeddable":true,"href":"https:\/\/www.fenxifiber.com\/fr\/wp-json\/wp\/v2\/product_tag?post=466"}],"curies":[{"name":"wp","href":"https:\/\/api.w.org\/{rel}","templated":true}]}}