{"id":468,"date":"2026-01-29T06:16:49","date_gmt":"2026-01-29T06:16:49","guid":{"rendered":"https:\/\/www.fenxifiber.com\/?post_type=product&#038;p=468"},"modified":"2026-02-03T04:02:58","modified_gmt":"2026-02-03T04:02:58","slug":"splitter-fibre-optique-sc-apc-18-efficient-pon-solutions","status":"publish","type":"product","link":"https:\/\/www.fenxifiber.com\/fr\/product\/fiber-optical-splitter-sc-apc-18-efficient-pon-solutions\/","title":{"rendered":"R\u00e9partiteur fibre optique SC\/APC-1*8 : Solutions PON efficaces"},"content":{"rendered":"<p><strong>Pourquoi choisir le r\u00e9partiteur 1\u00d78 de Fenxi ?<\/strong><\/p>\n<p>Contrairement aux composants standard, notre r\u00e9partiteur 1*8 met l'accent sur la stabilit\u00e9 \u00e0 long terme et la facilit\u00e9 d'int\u00e9gration. Que vous modernisiez une op\u00e9ration de t\u00e9l\u00e9communications ou que vous g\u00e9riez un projet d'int\u00e9gration de syst\u00e8me complexe, ce dispositif offre des avantages ind\u00e9niables :<\/p>\n<ul>\n<li><strong>Polissage de pr\u00e9cision :<\/strong>\u00a0Les connecteurs SC\/APC (Angled Physical Contact) pr\u00e9sentent un angle de 8\u00b0 qui minimise la r\u00e9flexion arri\u00e8re, garantissant une qualit\u00e9 sup\u00e9rieure de transmission vid\u00e9o et de donn\u00e9es.<\/li>\n<li><strong>R\u00e9partition uniforme de la puissance :<\/strong>\u00a0Notre technologie PLC (Planar Lightwave Circuit) garantit que la puissance optique est r\u00e9partie uniform\u00e9ment sur les 8 ports, \u00e9vitant ainsi tout d\u00e9s\u00e9quilibre en termes de perte de signal.<\/li>\n<li><strong>Compact et durable :<\/strong>\u00a0Con\u00e7ue pour s'adapter parfaitement aux\u00a0<strong>bo\u00eetes de terminaison pour fibres optiques<\/strong>\u00a0et\u00a0<strong>fermetures d'\u00e9pissures<\/strong>, Le syst\u00e8me de gestion de l'information permet d'\u00e9conomiser de l'espace dans les armoires de rue et les salles de serveurs.<\/li>\n<\/ul>\n<p><strong>Sp\u00e9cifications techniques (norme industrielle)<\/strong><\/p>\n<p>Nous savons que la pr\u00e9cision technique n'est pas n\u00e9gociable. Nos lignes de production respectent des normes de qualit\u00e9 ISO strictes. Vous trouverez ci-dessous les donn\u00e9es techniques en temps r\u00e9el de notre r\u00e9partiteur CPL 1*8 de premi\u00e8re qualit\u00e9, qui garantit la conformit\u00e9 de votre r\u00e9seau aux exigences des op\u00e9rateurs mondiaux.<\/p>\n<table>\n<thead>\n<tr>\n<th>Nom du produit<\/th>\n<th>S\u00e9parateur de fibre optique SC\/APC-1*8<\/th>\n<\/tr>\n<\/thead>\n<tbody>\n<tr>\n<td>Type de connecteur<\/td>\n<td>SC\/UPC, SC\/APC, FC\/UPC, FC\/APC, LC\/UPC, LC\/APC, ST\/UPC<\/td>\n<\/tr>\n<tr>\n<td>Couleur<\/td>\n<td>Jaune\/blanc\/couleur<\/td>\n<\/tr>\n<tr>\n<td>Largeur de bande<\/td>\n<td>\u00b140nm<\/td>\n<\/tr>\n<tr>\n<td>R\u00e9sistance \u00e0 la traction<\/td>\n<td>\u2265200N<\/td>\n<\/tr>\n<tr>\n<td>Longueur d'onde<\/td>\n<td>1310nm-1490nm-1550nm\/850nm<\/td>\n<\/tr>\n<tr>\n<td>Durabilit\u00e9<\/td>\n<td>\u22651000 fois<\/td>\n<\/tr>\n<tr>\n<td>Mat\u00e9riau<\/td>\n<td>LSZH<\/td>\n<\/tr>\n<tr>\n<td>Perte d'insertion<\/td>\n<td>\\<\/td>\n<\/tr>\n<tr>\n<td>Perte de retour<\/td>\n<td>UPC&gt;50dB, APC&gt;60dB<\/td>\n<\/tr>\n<\/tbody>\n<\/table>\n<p><strong>Int\u00e9gration transparente pour les r\u00e9seaux modernes<\/strong><\/p>\n<p>Le\u00a0<strong>S\u00e9parateur optique SC\/APC-1*8<\/strong>\u00a0est le cheval de bataille des r\u00e9seaux optiques passifs modernes. Fenxi Optoelectronics a optimis\u00e9 ce produit pour les environnements \u00e0 haute densit\u00e9. Il est enti\u00e8rement compatible avec notre gamme de\u00a0<strong>ODF r\u00e9partiteurs de fibres optiques<\/strong>\u00a0et\u00a0<strong>Cassettes de fibres optiques \u00e0 12 fils<\/strong>, Le syst\u00e8me de gestion de l'information de la Commission europ\u00e9enne (CEI) permet une installation \u201cPlug-and-Play\u201d.<\/p>\n<p>En choisissant Fenxi, vous n'achetez pas seulement un r\u00e9partiteur, vous tirez parti de l'expertise d'une entreprise d\u00e9di\u00e9e \u00e0 l'innovation en mati\u00e8re de recherche et de d\u00e9veloppement. Nous veillons \u00e0 ce que chaque unit\u00e9 contribue \u00e0 r\u00e9duire le co\u00fbt total de possession (TCO) pour les op\u00e9rateurs en r\u00e9duisant les besoins de maintenance et en prolongeant la dur\u00e9e de vie du r\u00e9seau.<\/p>","protected":false},"excerpt":{"rendered":"<p><strong>Favorisez l'expansion de votre r\u00e9seau gr\u00e2ce \u00e0 une distribution de signaux \u00e0 haute densit\u00e9<\/strong><\/p>\n<p>Dans le domaine concurrentiel de la fibre optique, l'\u00e9volutivit\u00e9 est la cl\u00e9 du succ\u00e8s. Fenxi Optoelectronics Technology pr\u00e9sente le\u00a0<strong>S\u00e9parateur optique SC\/APC-1*8<\/strong>, Ce s\u00e9parateur est un composant essentiel con\u00e7u pour diviser de mani\u00e8re transparente une entr\u00e9e optique unique en huit sorties. Soutenu par notre \u00e9quipe de professionnels seniors en R&amp;D et d'experts internationaux en gestion de la qualit\u00e9, ce s\u00e9parateur est con\u00e7u pour maximiser la couverture du r\u00e9seau pour les architectures Fiber to the Home (FTTH) et GPON\/EPON sans compromettre l'int\u00e9grit\u00e9 du signal.<\/p>","protected":false},"featured_media":625,"comment_status":"open","ping_status":"closed","template":"","meta":[],"product_brand":[],"product_cat":[28],"product_tag":[],"class_list":{"0":"post-468","1":"product","2":"type-product","3":"status-publish","4":"has-post-thumbnail","6":"product_cat-fiber-optic-splitter","8":"first","9":"instock","10":"shipping-taxable","11":"product-type-simple"},"_links":{"self":[{"href":"https:\/\/www.fenxifiber.com\/fr\/wp-json\/wp\/v2\/product\/468","targetHints":{"allow":["GET"]}}],"collection":[{"href":"https:\/\/www.fenxifiber.com\/fr\/wp-json\/wp\/v2\/product"}],"about":[{"href":"https:\/\/www.fenxifiber.com\/fr\/wp-json\/wp\/v2\/types\/product"}],"replies":[{"embeddable":true,"href":"https:\/\/www.fenxifiber.com\/fr\/wp-json\/wp\/v2\/comments?post=468"}],"wp:featuredmedia":[{"embeddable":true,"href":"https:\/\/www.fenxifiber.com\/fr\/wp-json\/wp\/v2\/media\/625"}],"wp:attachment":[{"href":"https:\/\/www.fenxifiber.com\/fr\/wp-json\/wp\/v2\/media?parent=468"}],"wp:term":[{"taxonomy":"product_brand","embeddable":true,"href":"https:\/\/www.fenxifiber.com\/fr\/wp-json\/wp\/v2\/product_brand?post=468"},{"taxonomy":"product_cat","embeddable":true,"href":"https:\/\/www.fenxifiber.com\/fr\/wp-json\/wp\/v2\/product_cat?post=468"},{"taxonomy":"product_tag","embeddable":true,"href":"https:\/\/www.fenxifiber.com\/fr\/wp-json\/wp\/v2\/product_tag?post=468"}],"curies":[{"name":"wp","href":"https:\/\/api.w.org\/{rel}","templated":true}]}}