{"id":470,"date":"2026-01-29T06:29:59","date_gmt":"2026-01-29T06:29:59","guid":{"rendered":"https:\/\/www.fenxifiber.com\/?post_type=product&#038;p=470"},"modified":"2026-02-03T00:57:46","modified_gmt":"2026-02-03T00:57:46","slug":"splitter-fibre-optique-sc-apc-116-reliable-plc-splitter-for-ftth-networks","status":"publish","type":"product","link":"https:\/\/www.fenxifiber.com\/fr\/product\/fiber-optical-splitter-sc-apc-116-reliable-plc-splitter-for-ftth-networks\/","title":{"rendered":"R\u00e9partiteur fibre optique SC\/APC-1*16 : R\u00e9partiteur PLC fiable pour les r\u00e9seaux FTTH"},"content":{"rendered":"<h3>Principales caract\u00e9ristiques et avantages<\/h3>\n<p class=\"ds-markdown-paragraph\">Ce r\u00e9partiteur pr\u00e9sente une conception compacte et une grande stabilit\u00e9, avec une faible perte d'insertion et une excellente uniformit\u00e9 sur tous les canaux. L'interface SC\/APC garantit des performances sup\u00e9rieures dans les r\u00e9seaux \u00e0 haut d\u00e9bit en r\u00e9duisant la perte de retour, ce qui le rend parfait pour les transmissions longue distance et les d\u00e9ploiements FTTH. Sa construction robuste assure une durabilit\u00e9 dans diverses conditions environnementales, tandis que la compatibilit\u00e9 plug-and-play simplifie l'installation et la maintenance.<\/p>\n<h3>Sp\u00e9cifications techniques<\/h3>\n<p class=\"ds-markdown-paragraph\">Vous trouverez ci-dessous les sp\u00e9cifications test\u00e9es en temps r\u00e9el pour le s\u00e9parateur optique SC\/APC-1*16, bas\u00e9es sur les normes industrielles et les derni\u00e8res donn\u00e9es de production :<\/p>\n<div class=\"ds-scroll-area _1210dd7 c03cafe9\">\n<div class=\"ds-scroll-area__gutters\">\n<div class=\"ds-scroll-area__horizontal-gutter\"><\/div>\n<div class=\"ds-scroll-area__vertical-gutter\"><\/div>\n<\/div>\n<table>\n<thead>\n<tr>\n<th>Nom du produit<\/th>\n<th>S\u00e9parateur de fibres optiques SC\/APC-1*16<\/th>\n<\/tr>\n<\/thead>\n<tbody>\n<tr>\n<td>Type de connecteur<\/td>\n<td>SC\/UPC, SC\/APC, FC\/UPC, FC\/APC, LC\/UPC, LC\/APC, ST\/UPC<\/td>\n<\/tr>\n<tr>\n<td>Couleur<\/td>\n<td>Jaune\/blanc\/couleur<\/td>\n<\/tr>\n<tr>\n<td>Largeur de bande<\/td>\n<td>\u00b140nm<\/td>\n<\/tr>\n<tr>\n<td>R\u00e9sistance \u00e0 la traction<\/td>\n<td>\u2265200N<\/td>\n<\/tr>\n<tr>\n<td>Longueur d'onde<\/td>\n<td>1310nm-1490nm-1550nm\/850nm<\/td>\n<\/tr>\n<tr>\n<td>Durabilit\u00e9<\/td>\n<td>\u22651000 fois<\/td>\n<\/tr>\n<tr>\n<td>Mat\u00e9riau<\/td>\n<td>LSZH<\/td>\n<\/tr>\n<tr>\n<td>Perte d'insertion<\/td>\n<td>\\<\/td>\n<\/tr>\n<tr>\n<td>Perte de retour<\/td>\n<td>UPC&gt;50dB, APC&gt;60dB<\/td>\n<\/tr>\n<\/tbody>\n<\/table>\n<\/div>\n<p class=\"ds-markdown-paragraph\">Donn\u00e9es issues des audits de qualit\u00e9 2023 de Fenxi Optoelectronics, garantissant la conformit\u00e9 aux normes UIT-T et CEI pour les s\u00e9parateurs optiques.<\/p>\n<h3>Applications<\/h3>\n<p class=\"ds-markdown-paragraph\">Ce r\u00e9partiteur est largement utilis\u00e9 dans les op\u00e9rations de t\u00e9l\u00e9communications, les projets d'int\u00e9gration de syst\u00e8mes, les r\u00e9seaux FTTH, les syst\u00e8mes de transmission par fibre optique et les r\u00e9partiteurs de fibre optique ODF. Il permet de diviser efficacement les signaux dans des sc\u00e9narios tels que les mises \u00e0 niveau de r\u00e9seaux, les d\u00e9ploiements r\u00e9sidentiels \u00e0 large bande et la surveillance industrielle, en prenant en charge la connectivit\u00e9 \u00e0 haute densit\u00e9 sans compromettre l'int\u00e9grit\u00e9 du signal.<\/p>\n<p>Fenxi Optoelectronics Technology, un innovateur de premier plan dans l'industrie de la communication optique, pr\u00e9sente le s\u00e9parateur optique SC\/APC-1*16, un s\u00e9parateur de fibre optique PLC (Planar Lightwave Circuit) de haute performance con\u00e7u pour les applications modernes de t\u00e9l\u00e9communication et de fibre optique jusqu'\u00e0 la maison (FTTH). Con\u00e7u avec pr\u00e9cision par notre \u00e9quipe de professionnels de la R&amp;D, ce s\u00e9parateur assure une distribution optimale du signal avec une perte minimale, ce qui permet des extensions de r\u00e9seau \u00e9volutives et des int\u00e9grations de syst\u00e8mes robustes.<\/p>\n<h3>Pourquoi choisir Fenxi Optoelectronics ?<\/h3>\n<p class=\"ds-markdown-paragraph\">S'appuyant sur son expertise en mati\u00e8re de R&amp;D et de production de produits de communication optique, Fenxi Optoelectronics fournit des s\u00e9parateurs avec un contr\u00f4le de qualit\u00e9 rigoureux et des donn\u00e9es de performance en temps r\u00e9el. L'accent que nous mettons sur l'innovation et les solutions centr\u00e9es sur le client garantit que le s\u00e9parateur optique SC\/APC-1*16 r\u00e9pond \u00e0 la demande mondiale de composants de r\u00e9seau fiables et \u00e0 l'\u00e9preuve du temps. Faites \u00e9quipe avec nous pour am\u00e9liorer votre infrastructure optique gr\u00e2ce \u00e0 une technologie de pointe.<\/p>\n<p class=\"ds-markdown-paragraph\">En r\u00e9sum\u00e9, le s\u00e9parateur optique SC\/APC-1*16 offre une solution rentable et efficace pour l'expansion des r\u00e9seaux optiques, soutenue par l'engagement de Fenxi Optoelectronics \u00e0 l'excellence. Contactez-nous d\u00e8s aujourd'hui pour int\u00e9grer ce produit dans votre prochain projet pour une connectivit\u00e9 transparente et des performances sup\u00e9rieures.<\/p>","protected":false},"excerpt":{"rendered":"<h3>Aper\u00e7u du produit<\/h3>\n<p class=\"ds-markdown-paragraph\">Le s\u00e9parateur optique SC\/APC-1*16 est un composant optique passif qui divise un signal optique d'entr\u00e9e en 16 signaux de sortie d'intensit\u00e9 \u00e9gale, en utilisant des connecteurs SC\/APC pour une faible r\u00e9tro-r\u00e9flexion et des connexions s\u00e9curis\u00e9es. Id\u00e9al pour les environnements de multiplexage dense par r\u00e9partition en longueur d'onde (DWDM), il am\u00e9liore l'efficacit\u00e9 de la bande passante et la fiabilit\u00e9 du r\u00e9seau dans les t\u00e9l\u00e9communications, les centres de donn\u00e9es et les projets d'acc\u00e8s \u00e0 large bande.<\/p>","protected":false},"featured_media":471,"comment_status":"open","ping_status":"closed","template":"","meta":[],"product_brand":[],"product_cat":[28],"product_tag":[],"class_list":{"0":"post-470","1":"product","2":"type-product","3":"status-publish","4":"has-post-thumbnail","6":"product_cat-fiber-optic-splitter","8":"first","9":"instock","10":"shipping-taxable","11":"product-type-simple"},"_links":{"self":[{"href":"https:\/\/www.fenxifiber.com\/fr\/wp-json\/wp\/v2\/product\/470","targetHints":{"allow":["GET"]}}],"collection":[{"href":"https:\/\/www.fenxifiber.com\/fr\/wp-json\/wp\/v2\/product"}],"about":[{"href":"https:\/\/www.fenxifiber.com\/fr\/wp-json\/wp\/v2\/types\/product"}],"replies":[{"embeddable":true,"href":"https:\/\/www.fenxifiber.com\/fr\/wp-json\/wp\/v2\/comments?post=470"}],"wp:featuredmedia":[{"embeddable":true,"href":"https:\/\/www.fenxifiber.com\/fr\/wp-json\/wp\/v2\/media\/471"}],"wp:attachment":[{"href":"https:\/\/www.fenxifiber.com\/fr\/wp-json\/wp\/v2\/media?parent=470"}],"wp:term":[{"taxonomy":"product_brand","embeddable":true,"href":"https:\/\/www.fenxifiber.com\/fr\/wp-json\/wp\/v2\/product_brand?post=470"},{"taxonomy":"product_cat","embeddable":true,"href":"https:\/\/www.fenxifiber.com\/fr\/wp-json\/wp\/v2\/product_cat?post=470"},{"taxonomy":"product_tag","embeddable":true,"href":"https:\/\/www.fenxifiber.com\/fr\/wp-json\/wp\/v2\/product_tag?post=470"}],"curies":[{"name":"wp","href":"https:\/\/api.w.org\/{rel}","templated":true}]}}