{"id":472,"date":"2026-01-29T06:47:13","date_gmt":"2026-01-29T06:47:13","guid":{"rendered":"https:\/\/www.fenxifiber.com\/?post_type=product&#038;p=472"},"modified":"2026-02-03T00:58:24","modified_gmt":"2026-02-03T00:58:24","slug":"splitter-fibre-optique-sc-apc-132-high-density-ftth-plc-splitter","status":"publish","type":"product","link":"https:\/\/www.fenxifiber.com\/fr\/product\/fiber-optical-splitter-sc-apc-132-high-density-ftth-plc-splitter\/","title":{"rendered":"R\u00e9partiteur fibre optique SC\/APC-1*32 | R\u00e9partiteur PLC FTTH haute densit\u00e9"},"content":{"rendered":"<p class=\"ds-markdown-paragraph\">Fenxi Optoelectronics Technology int\u00e8gre l'expertise mondiale pour faire progresser les r\u00e9seaux optiques gr\u00e2ce \u00e0 notre syst\u00e8me de gestion de l'information.\u00a0<strong>S\u00e9parateur optique SC\/APC-1*32<\/strong>. Ce r\u00e9partiteur CPL 1\u00d732 de premi\u00e8re qualit\u00e9 est con\u00e7u pour la distribution de fibres \u00e0 haute densit\u00e9, offrant une int\u00e9grit\u00e9 et une fiabilit\u00e9 du signal exceptionnelles pour les d\u00e9ploiements de t\u00e9l\u00e9communications et FTTH \u00e0 grande \u00e9chelle.<\/p>\n<p class=\"ds-markdown-paragraph\"><strong>Technologie de base et design<\/strong><br \/>\nUtilisant la technologie avanc\u00e9e des circuits planaires \u00e0 ondes lumineuses (PLC), ce s\u00e9parateur assure une division pr\u00e9cise et r\u00e9guli\u00e8re d'un signal optique en 32 canaux de sortie. Les connecteurs SC\/APC fournissent une interface de contact physique inclin\u00e9e et clavet\u00e9e, minimisant efficacement la r\u00e9flexion arri\u00e8re \u00e0 moins de -55 dB. Cette conception est essentielle pour maintenir la clart\u00e9 du signal dans les syst\u00e8mes de transmission bidirectionnels tels que GPON, EPON et XGS-PON. Le bo\u00eetier compact et discret du module permet une int\u00e9gration transparente dans les syst\u00e8mes de gestion des fibres standard tels que les cadres ODF, les fermetures d'\u00e9pissure et les bo\u00eetiers de terminaison.<\/p>\n<p class=\"ds-markdown-paragraph\"><strong>Donn\u00e9es de performance et fiabilit\u00e9<\/strong><br \/>\nDes tests rigoureux dans des conditions r\u00e9elles garantissent des performances qui atteignent ou d\u00e9passent les normes de l'industrie. Le tableau suivant pr\u00e9sente les mesures de performance actuelles de notre v\u00e9rification de la qualit\u00e9 de la production de 2024 :<\/p>\n<div class=\"ds-scroll-area _1210dd7 c03cafe9\">\n<div class=\"ds-scroll-area__gutters\">\n<div class=\"ds-scroll-area__vertical-gutter\"><\/div>\n<\/div>\n<table>\n<thead>\n<tr>\n<th>Nom du produit<\/th>\n<th>S\u00e9parateur de fibre optique SC\/APC-1*32<\/th>\n<\/tr>\n<\/thead>\n<tbody>\n<tr>\n<td>Type de connecteur<\/td>\n<td>SC\/UPC, SC\/APC, FC\/UPC, FC\/APC, LC\/UPC, LC\/APC, ST\/UPC<\/td>\n<\/tr>\n<tr>\n<td>Couleur<\/td>\n<td>Jaune\/blanc\/couleur<\/td>\n<\/tr>\n<tr>\n<td>Largeur de bande<\/td>\n<td>\u00b140nm<\/td>\n<\/tr>\n<tr>\n<td>R\u00e9sistance \u00e0 la traction<\/td>\n<td>\u2265200N<\/td>\n<\/tr>\n<tr>\n<td>Longueur d'onde<\/td>\n<td>1310nm-1490nm-1550nm\/850nm<\/td>\n<\/tr>\n<tr>\n<td>Durabilit\u00e9<\/td>\n<td>\u22651000 fois<\/td>\n<\/tr>\n<tr>\n<td>Mat\u00e9riau<\/td>\n<td>LSZH<\/td>\n<\/tr>\n<tr>\n<td>Perte d'insertion<\/td>\n<td>\\<\/td>\n<\/tr>\n<tr>\n<td>Perte de retour<\/td>\n<td>UPC&gt;50dB, APC&gt;60dB<\/td>\n<\/tr>\n<\/tbody>\n<\/table>\n<\/div>\n<p class=\"ds-markdown-paragraph\"><strong>Engagement en faveur de la qualit\u00e9 et du partenariat<\/strong><br \/>\nFenxi Optoelectronics supervise l'ensemble du processus de fabrication, depuis le traitement de pr\u00e9cision des plaquettes de verre jusqu'\u00e0 l'assemblage final et aux tests. Chaque s\u00e9parateur optique SC\/APC-1*32 est soumis \u00e0 un test automatis\u00e9 100%, garantissant la fiabilit\u00e9 refl\u00e9t\u00e9e dans les donn\u00e9es fournies. En choisissant nos produits, vous vous associez \u00e0 une \u00e9quipe qui se consacre \u00e0 la fourniture de solutions optiques \u00e9volutives et p\u00e9rennes, soutenues par une R&amp;D et une gestion de la qualit\u00e9 exp\u00e9riment\u00e9es.<\/p>\n<p class=\"ds-markdown-paragraph\">Optimisez la capacit\u00e9 et l'efficacit\u00e9 de votre r\u00e9seau gr\u00e2ce \u00e0 notre s\u00e9parateur 1\u00d732 haute performance. Contactez Fenxi Optoelectronics Technology pour obtenir des sp\u00e9cifications d\u00e9taill\u00e9es et des options de personnalisation afin de r\u00e9pondre aux exigences sp\u00e9cifiques de votre projet.<\/p>","protected":false},"excerpt":{"rendered":"<p class=\"ds-markdown-paragraph\"><strong>Applications cl\u00e9s dans les r\u00e9seaux modernes<\/strong><br \/>\nCe r\u00e9partiteur est un composant fondamental pour les architectes de r\u00e9seaux qui souhaitent une utilisation efficace des ports. Ses principales applications sont les suivantes<\/p>\n<ul>\n<li>\n<p class=\"ds-markdown-paragraph\">S\u00e9paration centralis\u00e9e dans les r\u00e9seaux d'acc\u00e8s FTTx\/PON.<\/p>\n<\/li>\n<li>\n<p class=\"ds-markdown-paragraph\">Distribution des signaux dans les r\u00e9seaux dorsaux \u00e0 fibres optiques et les r\u00e9seaux m\u00e9tropolitains (MAN).<\/p>\n<\/li>\n<li>\n<p class=\"ds-markdown-paragraph\">Environnements de c\u00e2blage \u00e0 haute densit\u00e9 dans les centres de donn\u00e9es et les projets d'int\u00e9gration de syst\u00e8mes.<\/p>\n<\/li>\n<li>\n<p class=\"ds-markdown-paragraph\">Modernisation et extension de l'infrastructure existante des op\u00e9rateurs de t\u00e9l\u00e9communications.<\/p>\n<\/li>\n<\/ul>","protected":false},"featured_media":473,"comment_status":"open","ping_status":"closed","template":"","meta":[],"product_brand":[],"product_cat":[28],"product_tag":[],"class_list":{"0":"post-472","1":"product","2":"type-product","3":"status-publish","4":"has-post-thumbnail","6":"product_cat-fiber-optic-splitter","8":"first","9":"instock","10":"shipping-taxable","11":"product-type-simple"},"_links":{"self":[{"href":"https:\/\/www.fenxifiber.com\/fr\/wp-json\/wp\/v2\/product\/472","targetHints":{"allow":["GET"]}}],"collection":[{"href":"https:\/\/www.fenxifiber.com\/fr\/wp-json\/wp\/v2\/product"}],"about":[{"href":"https:\/\/www.fenxifiber.com\/fr\/wp-json\/wp\/v2\/types\/product"}],"replies":[{"embeddable":true,"href":"https:\/\/www.fenxifiber.com\/fr\/wp-json\/wp\/v2\/comments?post=472"}],"wp:featuredmedia":[{"embeddable":true,"href":"https:\/\/www.fenxifiber.com\/fr\/wp-json\/wp\/v2\/media\/473"}],"wp:attachment":[{"href":"https:\/\/www.fenxifiber.com\/fr\/wp-json\/wp\/v2\/media?parent=472"}],"wp:term":[{"taxonomy":"product_brand","embeddable":true,"href":"https:\/\/www.fenxifiber.com\/fr\/wp-json\/wp\/v2\/product_brand?post=472"},{"taxonomy":"product_cat","embeddable":true,"href":"https:\/\/www.fenxifiber.com\/fr\/wp-json\/wp\/v2\/product_cat?post=472"},{"taxonomy":"product_tag","embeddable":true,"href":"https:\/\/www.fenxifiber.com\/fr\/wp-json\/wp\/v2\/product_tag?post=472"}],"curies":[{"name":"wp","href":"https:\/\/api.w.org\/{rel}","templated":true}]}}