{"id":499,"date":"2026-01-29T08:45:23","date_gmt":"2026-01-29T08:45:23","guid":{"rendered":"https:\/\/www.fenxifiber.com\/?post_type=product&#038;p=499"},"modified":"2026-02-03T01:09:59","modified_gmt":"2026-02-03T01:09:59","slug":"repartiteur-de-fibres-optiques-sc-upc-14-pour-une-expansion-efficace-du-reseau-optique","status":"publish","type":"product","link":"https:\/\/www.fenxifiber.com\/fr\/product\/fiber-optical-splitter-sc-upc-14-for-efficient-optical-network-expansion\/","title":{"rendered":"R\u00e9partiteur fibre optique SC\/UPC-1*4 pour une extension efficace du r\u00e9seau optique"},"content":{"rendered":"<h3>Aper\u00e7u du produit<\/h3>\n<p>Le\u00a0<strong>S\u00e9parateur optique SC\/UPC-1*4<\/strong>\u00a0est un dispositif optique passif de haute pr\u00e9cision mis au point par\u00a0<strong>Fenxi Optoelectronics Technology<\/strong>\u00a0pour assurer une distribution efficace des signaux dans les r\u00e9seaux d'acc\u00e8s modernes \u00e0 fibre optique. En divisant une entr\u00e9e optique en quatre sorties uniformes, ce r\u00e9partiteur permet une expansion \u00e9volutive du r\u00e9seau tout en maintenant une qualit\u00e9 de transmission stable.<\/p>\n<p>Bas\u00e9 sur la technologie PLC (Planar Lightwave Circuit), le produit offre une faible perte d'insertion, une excellente coh\u00e9rence des canaux et une fiabilit\u00e9 op\u00e9rationnelle \u00e0 long terme, ce qui le rend adapt\u00e9 aux r\u00e9seaux \u00e0 fibre optique de niveau op\u00e9rateur et d'entreprise.<\/p>\n<h3>Conception structurelle et stabilit\u00e9 optique<\/h3>\n<p>Ce s\u00e9parateur optique 1\u00d74 adopte la technologie des guides d'ondes \u00e0 base de silice pour garantir une puissance optique \u00e9quilibr\u00e9e sur tous les ports de sortie. Le circuit int\u00e9gr\u00e9 minimise la sensibilit\u00e9 \u00e0 la longueur d'onde et am\u00e9liore la stabilit\u00e9 environnementale.<\/p>\n<p>\u00c9quip\u00e9 de\u00a0<strong>Connecteurs SC\/UPC<\/strong>, Le s\u00e9parateur est dot\u00e9 d'un polissage pr\u00e9cis de la face d'extr\u00e9mit\u00e9 afin de r\u00e9duire la perte de retour et les fluctuations d'insertion. Cette conception am\u00e9liore les performances globales de la liaison et permet de maintenir une qualit\u00e9 de signal constante dans les d\u00e9ploiements de r\u00e9seaux \u00e0 haute densit\u00e9.<\/p>\n<h3>Param\u00e8tres techniques<\/h3>\n<p>Le tableau ci-dessous \u00e9num\u00e8re les sp\u00e9cifications techniques typiques du r\u00e9partiteur optique SC\/UPC-1*4, align\u00e9es sur les normes actuelles de l'industrie des t\u00e9l\u00e9communications :<\/p>\n<table>\n<thead>\n<tr>\n<th>Nom du produit<\/th>\n<th>S\u00e9parateur de fibres optiques SC\/UPC-1*4<\/th>\n<\/tr>\n<\/thead>\n<tbody>\n<tr>\n<td>Type de connecteur<\/td>\n<td>SC\/UPC, SC\/APC, FC\/UPC, FC\/APC, LC\/UPC, LC\/APC, ST\/UPC<\/td>\n<\/tr>\n<tr>\n<td>Couleur<\/td>\n<td>Jaune\/blanc\/couleur<\/td>\n<\/tr>\n<tr>\n<td>Largeur de bande<\/td>\n<td>\u00b140nm<\/td>\n<\/tr>\n<tr>\n<td>R\u00e9sistance \u00e0 la traction<\/td>\n<td>\u2265200N<\/td>\n<\/tr>\n<tr>\n<td>Longueur d'onde<\/td>\n<td>1310nm-1490nm-1550nm\/850nm<\/td>\n<\/tr>\n<tr>\n<td>Durabilit\u00e9<\/td>\n<td>\u22651000 fois<\/td>\n<\/tr>\n<tr>\n<td>Mat\u00e9riau<\/td>\n<td>LSZH<\/td>\n<\/tr>\n<tr>\n<td>Perte d'insertion<\/td>\n<td>\\<\/td>\n<\/tr>\n<tr>\n<td>Perte de retour<\/td>\n<td>UPC&gt;50dB, APC&gt;60dB<\/td>\n<\/tr>\n<\/tbody>\n<\/table>\n<h3><span style=\"font-size: 16px;\">Fabrication et assurance qualit\u00e9<\/span><\/h3>\n<p>Fenxi Optoelectronics Technology associe des \u00e9quipements de production avanc\u00e9s \u00e0 des processus de contr\u00f4le de la qualit\u00e9 rigoureux. Chaque s\u00e9parateur optique est soumis \u00e0 des tests complets de perte d'insertion, de perte de retour et de durabilit\u00e9 environnementale avant d'\u00eatre livr\u00e9.<\/p>\n<p>En s'appuyant sur l'expertise d'ing\u00e9nieurs R&amp;D exp\u00e9riment\u00e9s et d'\u00e9quipes professionnelles de gestion de la qualit\u00e9, Fenxi s'assure que chaque s\u00e9parateur optique SC\/UPC-1*4 r\u00e9pond aux attentes de performance et de fiabilit\u00e9 des projets de communication optique mondiaux.<\/p>","protected":false},"excerpt":{"rendered":"<h3>Applications typiques<\/h3>\n<p>Le s\u00e9parateur optique SC\/UPC-1*4 est largement utilis\u00e9 dans divers sc\u00e9narios de communication optique, notamment :<\/p>\n<ul>\n<li>R\u00e9seaux d'acc\u00e8s FTTH et FTTB<\/li>\n<li>Syst\u00e8mes optiques passifs GPON \/ EPON<\/li>\n<li>Armoires de distribution de t\u00e9l\u00e9communications et ODF<\/li>\n<li>Syst\u00e8mes de distribution et de surveillance des signaux optiques<\/li>\n<li>R\u00e9seaux de transmission de donn\u00e9es \u00e0 large bande et CATV<\/li>\n<\/ul>\n<p>Sa conception compacte permet une installation flexible dans les bo\u00eetes de terminaison de fibre, les fermetures d'\u00e9pissure et les r\u00e9partiteurs int\u00e9rieurs.<\/p>","protected":false},"featured_media":500,"comment_status":"open","ping_status":"closed","template":"","meta":[],"product_brand":[],"product_cat":[28],"product_tag":[],"class_list":{"0":"post-499","1":"product","2":"type-product","3":"status-publish","4":"has-post-thumbnail","6":"product_cat-fiber-optic-splitter","8":"first","9":"instock","10":"shipping-taxable","11":"product-type-simple"},"_links":{"self":[{"href":"https:\/\/www.fenxifiber.com\/fr\/wp-json\/wp\/v2\/product\/499","targetHints":{"allow":["GET"]}}],"collection":[{"href":"https:\/\/www.fenxifiber.com\/fr\/wp-json\/wp\/v2\/product"}],"about":[{"href":"https:\/\/www.fenxifiber.com\/fr\/wp-json\/wp\/v2\/types\/product"}],"replies":[{"embeddable":true,"href":"https:\/\/www.fenxifiber.com\/fr\/wp-json\/wp\/v2\/comments?post=499"}],"wp:featuredmedia":[{"embeddable":true,"href":"https:\/\/www.fenxifiber.com\/fr\/wp-json\/wp\/v2\/media\/500"}],"wp:attachment":[{"href":"https:\/\/www.fenxifiber.com\/fr\/wp-json\/wp\/v2\/media?parent=499"}],"wp:term":[{"taxonomy":"product_brand","embeddable":true,"href":"https:\/\/www.fenxifiber.com\/fr\/wp-json\/wp\/v2\/product_brand?post=499"},{"taxonomy":"product_cat","embeddable":true,"href":"https:\/\/www.fenxifiber.com\/fr\/wp-json\/wp\/v2\/product_cat?post=499"},{"taxonomy":"product_tag","embeddable":true,"href":"https:\/\/www.fenxifiber.com\/fr\/wp-json\/wp\/v2\/product_tag?post=499"}],"curies":[{"name":"wp","href":"https:\/\/api.w.org\/{rel}","templated":true}]}}