{"id":546,"date":"2026-02-03T01:33:16","date_gmt":"2026-02-03T01:33:16","guid":{"rendered":"https:\/\/www.fenxifiber.com\/?post_type=product&#038;p=546"},"modified":"2026-02-04T01:06:05","modified_gmt":"2026-02-04T01:06:05","slug":"mpo-mpo-om3-8core-12core","status":"publish","type":"product","link":"https:\/\/www.fenxifiber.com\/fr\/product\/mpo-mpo-om3-8core-12core\/","title":{"rendered":"Cordon de raccordement MPO-MPO-OM3-8core\/12core pour fibres optiques"},"content":{"rendered":"<h3 data-start=\"872\" data-end=\"892\"><strong data-start=\"876\" data-end=\"892\">Principaux avantages<\/strong><\/h3>\n<ul data-start=\"894\" data-end=\"2124\">\n<li data-start=\"894\" data-end=\"1142\">\n<p data-start=\"896\" data-end=\"1142\"><strong data-start=\"896\" data-end=\"934\">Optimis\u00e9 pour les r\u00e9seaux \u00e0 grande vitesse :<\/strong> La fibre multimode OM3 optimis\u00e9e pour les lasers prend en charge les applications 10 GbE, 40 GbE et 100 GbE avec une faible att\u00e9nuation et une transmission fiable jusqu'aux distances standard de l'industrie.<\/p>\n<\/li>\n<li data-start=\"1143\" data-end=\"1330\">\n<p data-start=\"1145\" data-end=\"1330\"><strong data-start=\"1145\" data-end=\"1176\">Options \u00e0 haute densit\u00e9 de fibres :<\/strong> Disponible avec <strong data-start=\"1192\" data-end=\"1215\">8 c\u0153urs ou 12 c\u0153urs<\/strong> dans un tronc compact, ce qui permet une connectivit\u00e9 \u00e9volutive pour les r\u00e9seaux en expansion.<\/p>\n<\/li>\n<li data-start=\"1331\" data-end=\"1553\">\n<p data-start=\"1333\" data-end=\"1553\"><strong data-start=\"1333\" data-end=\"1369\">Pr\u00e9-termin\u00e9 et test\u00e9 en usine :<\/strong> 100% polie et test\u00e9e pour la perte d'insertion, la perte de retour et la performance du canal - garantissant une qualit\u00e9 constante et une installation pr\u00eate \u00e0 l'emploi.<\/p>\n<\/li>\n<li data-start=\"1554\" data-end=\"1776\">\n<p data-start=\"1556\" data-end=\"1776\"><strong data-start=\"1556\" data-end=\"1587\">Faible perte, perte de retour \u00e9lev\u00e9e :<\/strong> Con\u00e7u pour d\u00e9passer les performances multimodes typiques, avec une faible perte d'insertion (souvent \u2264 0,35 dB) et une perte de retour \u00e9lev\u00e9e pour une meilleure performance du signal.<\/p>\n<\/li>\n<li data-start=\"1777\" data-end=\"1963\">\n<p data-start=\"1779\" data-end=\"1963\"><strong data-start=\"1779\" data-end=\"1802\">LSZH ou PVC :<\/strong> Choix de gaines LSZH (Low Smoke Zero Halogen) ou PVC pour la s\u00e9curit\u00e9 dans les centres de donn\u00e9es et les environnements de c\u00e2blage int\u00e9rieurs.<\/p>\n<\/li>\n<li data-start=\"1964\" data-end=\"2124\">\n<p data-start=\"1966\" data-end=\"2124\"><strong data-start=\"1966\" data-end=\"1996\">Prise en charge flexible de la polarit\u00e9 :<\/strong> Disponible en configurations de polarit\u00e9 de type A, B ou C pour s'adapter \u00e0 diverses topologies de r\u00e9seau.<\/p>\n<\/li>\n<\/ul>\n<h3 data-start=\"2126\" data-end=\"2158\"><strong data-start=\"2130\" data-end=\"2158\">Sp\u00e9cifications techniques<\/strong><\/h3>\n<div class=\"TyagGW_tableContainer\">\n<div class=\"group TyagGW_tableWrapper flex flex-col-reverse w-fit\" tabindex=\"-1\">\n<table class=\"w-fit min-w-(--thread-content-width)\" data-start=\"2160\" data-end=\"2687\">\n<thead data-start=\"2160\" data-end=\"2187\">\n<tr data-start=\"2160\" data-end=\"2187\">\n<th class=\"\" data-start=\"2160\" data-end=\"2170\" data-col-size=\"sm\">Fonctionnalit\u00e9<\/th>\n<th class=\"\" data-start=\"2170\" data-end=\"2187\" data-col-size=\"md\">Sp\u00e9cifications<\/th>\n<\/tr>\n<\/thead>\n<tbody data-start=\"2215\" data-end=\"2687\">\n<tr data-start=\"2215\" data-end=\"2257\">\n<td data-start=\"2215\" data-end=\"2228\" data-col-size=\"sm\">Type de fibre<\/td>\n<td data-start=\"2228\" data-end=\"2257\" data-col-size=\"md\">Multimode OM3 (50\/125 \u00b5m)<\/td>\n<\/tr>\n<tr data-start=\"2258\" data-end=\"2293\">\n<td data-start=\"2258\" data-end=\"2271\" data-col-size=\"sm\">Compte de base<\/td>\n<td data-start=\"2271\" data-end=\"2293\" data-col-size=\"md\">8 c\u0153urs \/ 12 c\u0153urs<\/td>\n<\/tr>\n<tr data-start=\"2294\" data-end=\"2336\">\n<td data-start=\"2294\" data-end=\"2306\" data-col-size=\"sm\">Connecteur<\/td>\n<td data-col-size=\"md\" data-start=\"2306\" data-end=\"2336\">MPO \u00e0 MPO (femme\/femme)<\/td>\n<\/tr>\n<tr data-start=\"2337\" data-end=\"2382\">\n<td data-start=\"2337\" data-end=\"2349\" data-col-size=\"sm\">Polissage<\/td>\n<td data-start=\"2349\" data-end=\"2382\" data-col-size=\"md\">PC\/UPC standard ; APC en option<\/td>\n<\/tr>\n<tr data-start=\"2383\" data-end=\"2407\">\n<td data-start=\"2383\" data-end=\"2392\" data-col-size=\"sm\">Veste<\/td>\n<td data-start=\"2392\" data-end=\"2407\" data-col-size=\"md\">LSZH ou PVC<\/td>\n<\/tr>\n<tr data-start=\"2408\" data-end=\"2438\">\n<td data-start=\"2408\" data-end=\"2419\" data-col-size=\"sm\">Diam\u00e8tre<\/td>\n<td data-col-size=\"md\" data-start=\"2419\" data-end=\"2438\">~3,0 mm typique<\/td>\n<\/tr>\n<tr data-start=\"2439\" data-end=\"2508\">\n<td data-start=\"2439\" data-end=\"2456\" data-col-size=\"sm\">Perte d'insertion<\/td>\n<td data-col-size=\"md\" data-start=\"2456\" data-end=\"2508\">\u2264 0,35 dB (standard) ; \u2264 0,20 dB (\u00e9lite\/faible perte)<\/td>\n<\/tr>\n<tr data-start=\"2509\" data-end=\"2544\">\n<td data-start=\"2509\" data-end=\"2523\" data-col-size=\"sm\">Perte de retour<\/td>\n<td data-start=\"2523\" data-end=\"2544\" data-col-size=\"md\">\u2265 35 dB ou mieux<\/td>\n<\/tr>\n<tr data-start=\"2545\" data-end=\"2583\">\n<td data-start=\"2545\" data-end=\"2562\" data-col-size=\"sm\">Temp\u00e9rature de fonctionnement<\/td>\n<td data-col-size=\"md\" data-start=\"2562\" data-end=\"2583\">~-10 \u00b0C \u00e0 +70 \u00b0C<\/td>\n<\/tr>\n<tr data-start=\"2584\" data-end=\"2687\">\n<td data-start=\"2584\" data-end=\"2596\" data-col-size=\"sm\">Normes<\/td>\n<td data-start=\"2596\" data-end=\"2648\" data-col-size=\"md\">IEC-61754-7, EIA\/TIA-604-5, conforme RoHS, REACH<\/td>\n<\/tr>\n<\/tbody>\n<\/table>\n<\/div>\n<\/div>\n<h3 data-start=\"2689\" data-end=\"2717\"><strong data-start=\"2693\" data-end=\"2717\">Applications typiques<\/strong><\/h3>\n<ul data-start=\"2719\" data-end=\"3120\">\n<li data-start=\"2719\" data-end=\"2820\">\n<p data-start=\"2721\" data-end=\"2820\">Haute densit\u00e9 <strong data-start=\"2734\" data-end=\"2750\">centres de donn\u00e9es<\/strong> et le c\u00e2blage de l'\u00e9pine dorsale des t\u00e9l\u00e9communications.<\/p>\n<\/li>\n<li data-start=\"2821\" data-end=\"2915\">\n<p data-start=\"2823\" data-end=\"2915\"><strong data-start=\"2823\" data-end=\"2855\">R\u00e9seaux Ethernet \u00e0 haut d\u00e9bit<\/strong> (10G \/ 40G \/ 100G).<\/p>\n<\/li>\n<li data-start=\"2916\" data-end=\"3019\">\n<p data-start=\"2918\" data-end=\"3019\"><strong data-start=\"2918\" data-end=\"2950\">R\u00e9seaux de stockage (SAN)<\/strong> et les syst\u00e8mes Fiber Channel.<\/p>\n<\/li>\n<li data-start=\"3020\" data-end=\"3120\">\n<p data-start=\"3022\" data-end=\"3120\"><strong data-start=\"3022\" data-end=\"3041\">Optique parall\u00e8le<\/strong> et les connexions des \u00e9metteurs-r\u00e9cepteurs QSFP\/SFP+.<\/p>\n<\/li>\n<\/ul>\n<h3 data-start=\"3122\" data-end=\"3165\"><strong data-start=\"3126\" data-end=\"3165\">Pourquoi choisir ce cordon de raccordement MPO\/MTP ?<\/strong><\/h3>\n<p data-start=\"3167\" data-end=\"3650\">Con\u00e7u pour la fiabilit\u00e9 et la performance, le cordon de raccordement MPO-MPO-OM3-8core\/12core offre une solution rentable pour l'infrastructure fibre \u00e0 haute densit\u00e9. Sa construction pr\u00e9termin\u00e9e permet de gagner du temps lors de l'installation, de r\u00e9duire les erreurs humaines et de garantir des performances uniformes en fonction du nombre de c\u0153urs et de la longueur du c\u00e2ble. Avec des options pour les grades de performance \u00e0 faible perte et \u00e0 perte de retour \u00e9lev\u00e9e, ce cordon de brassage r\u00e9pond aux exigences des r\u00e9seaux sans compromis.<\/p>\n<hr data-start=\"3652\" data-end=\"3655\" \/>\n<h2 data-start=\"3657\" data-end=\"3680\"><strong data-start=\"3660\" data-end=\"3680\">Questions et r\u00e9ponses professionnelles<\/strong><\/h2>\n<p data-start=\"3682\" data-end=\"4109\"><strong data-start=\"3682\" data-end=\"3760\">Q1 : Quelle est la diff\u00e9rence entre les cordons de raccordement OM3 MPO \u00e0 8 et 12 fils ?<\/strong><br data-start=\"3760\" data-end=\"3763\" \/>A1 : La principale diff\u00e9rence est le nombre de fibres optiques dans le ruban. <strong data-start=\"3842\" data-end=\"3852\">8 c\u0153urs<\/strong> est souvent utilis\u00e9 pour des applications sp\u00e9cifiques 40G\/100G o\u00f9 seulement huit fibres sont n\u00e9cessaires, tandis que le syst\u00e8me <strong data-start=\"3946\" data-end=\"3957\">12 c\u0153urs<\/strong> prend en charge la pleine capacit\u00e9 de la fibre et les configurations MPO standard, ce qui permet une plus grande \u00e9volutivit\u00e9 et une meilleure protection contre l'avenir.<\/p>\n<p data-start=\"4111\" data-end=\"4419\"><strong data-start=\"4111\" data-end=\"4166\">Q2 : Pourquoi la fibre OM3 est-elle couramment utilis\u00e9e dans les centres de donn\u00e9es ?<\/strong><br data-start=\"4166\" data-end=\"4169\" \/>A2 : La fibre OM3 est <strong data-start=\"4186\" data-end=\"4205\">optimis\u00e9 pour le laser<\/strong> pour la transmission multimode, offrant un support fiable pour l'Ethernet \u00e0 haut d\u00e9bit sur des distances courtes \u00e0 moyennes avec une dispersion modale r\u00e9duite - id\u00e9al pour les liens des centres de donn\u00e9es modernes.<\/p>\n<p data-start=\"4421\" data-end=\"4773\"><strong data-start=\"4421\" data-end=\"4483\">Q3 : Que signifie la perte d'insertion et pourquoi est-elle importante ?<\/strong><br data-start=\"4483\" data-end=\"4486\" \/>A3 : La perte d'insertion mesure la puissance du signal perdue lorsque la lumi\u00e8re traverse le cordon de raccordement et les connecteurs. Une perte d'insertion plus faible (par exemple, \u2264 0,35 dB) garantit une meilleure int\u00e9grit\u00e9 du signal et des performances de r\u00e9seau plus \u00e9lev\u00e9es, en particulier dans les applications \u00e0 grande vitesse.<\/p>\n<p data-start=\"4775\" data-end=\"5074\"><strong data-start=\"4775\" data-end=\"4839\">Q4 : Comment les types de polarit\u00e9 (A\/B\/C) affectent-ils l'utilisation des cordons de raccordement MPO ?<\/strong><br data-start=\"4839\" data-end=\"4842\" \/>A4 : La polarit\u00e9 d\u00e9finit la <strong data-start=\"4867\" data-end=\"4890\">ordre de mappage des fibres<\/strong> entre les connecteurs. Le choix du type de polarit\u00e9 correct garantit un alignement correct des signaux dans les r\u00e9seaux MPO complexes, r\u00e9duisant ainsi les erreurs de liaison potentielles.<\/p>","protected":false},"excerpt":{"rendered":"<p>Le <strong data-start=\"335\" data-end=\"363\">MPO-MPO-OM3-8core\/12core<\/strong> est un produit de haute performance, termin\u00e9 en usine <strong data-start=\"406\" data-end=\"440\">Cordon de raccordement en fibre optique MPO\/MTP<\/strong> con\u00e7u pour les r\u00e9seaux modernes de centres de donn\u00e9es \u00e0 haute densit\u00e9 et les applications dorsales d'entreprise. Construit avec <strong data-start=\"546\" data-end=\"597\">fibre multimode OM3 optimis\u00e9e pour le laser (50\/125 \u00b5m)<\/strong>, Ce c\u00e2ble offre une int\u00e9grit\u00e9 de signal exceptionnelle, une faible perte d'insertion et une connectivit\u00e9 fiable dans les environnements \u00e0 faible port\u00e9e et \u00e0 fort trafic, ce qui le rend id\u00e9al pour les liaisons Ethernet 40G\/100G, Fiber Channel, InfiniBand et autres liaisons \u00e0 haut d\u00e9bit.<\/p>","protected":false},"featured_media":547,"comment_status":"open","ping_status":"closed","template":"","meta":[],"product_brand":[],"product_cat":[42],"product_tag":[],"class_list":{"0":"post-546","1":"product","2":"type-product","3":"status-publish","4":"has-post-thumbnail","6":"product_cat-mpo-mtp-fiber-optic-patch-cord","8":"first","9":"instock","10":"shipping-taxable","11":"product-type-simple"},"_links":{"self":[{"href":"https:\/\/www.fenxifiber.com\/fr\/wp-json\/wp\/v2\/product\/546","targetHints":{"allow":["GET"]}}],"collection":[{"href":"https:\/\/www.fenxifiber.com\/fr\/wp-json\/wp\/v2\/product"}],"about":[{"href":"https:\/\/www.fenxifiber.com\/fr\/wp-json\/wp\/v2\/types\/product"}],"replies":[{"embeddable":true,"href":"https:\/\/www.fenxifiber.com\/fr\/wp-json\/wp\/v2\/comments?post=546"}],"wp:featuredmedia":[{"embeddable":true,"href":"https:\/\/www.fenxifiber.com\/fr\/wp-json\/wp\/v2\/media\/547"}],"wp:attachment":[{"href":"https:\/\/www.fenxifiber.com\/fr\/wp-json\/wp\/v2\/media?parent=546"}],"wp:term":[{"taxonomy":"product_brand","embeddable":true,"href":"https:\/\/www.fenxifiber.com\/fr\/wp-json\/wp\/v2\/product_brand?post=546"},{"taxonomy":"product_cat","embeddable":true,"href":"https:\/\/www.fenxifiber.com\/fr\/wp-json\/wp\/v2\/product_cat?post=546"},{"taxonomy":"product_tag","embeddable":true,"href":"https:\/\/www.fenxifiber.com\/fr\/wp-json\/wp\/v2\/product_tag?post=546"}],"curies":[{"name":"wp","href":"https:\/\/api.w.org\/{rel}","templated":true}]}}