{"id":548,"date":"2026-02-03T01:38:34","date_gmt":"2026-02-03T01:38:34","guid":{"rendered":"https:\/\/www.fenxifiber.com\/?post_type=product&#038;p=548"},"modified":"2026-02-04T01:07:28","modified_gmt":"2026-02-04T01:07:28","slug":"mpo-lc-om3-om4-12core","status":"publish","type":"product","link":"https:\/\/www.fenxifiber.com\/fr\/product\/mpo-lc-om3-om4-12core\/","title":{"rendered":"MPO-LC-OM3\/OM4-12Core Data Center Fiber Patch Cable"},"content":{"rendered":"<h3 data-start=\"786\" data-end=\"818\"><strong data-start=\"790\" data-end=\"818\">Principales caract\u00e9ristiques et avantages<\/strong><\/h3>\n<ul data-start=\"820\" data-end=\"2158\">\n<li data-start=\"820\" data-end=\"1093\">\n<p data-start=\"822\" data-end=\"1093\"><strong data-start=\"822\" data-end=\"855\">Support multimode \u00e0 haut d\u00e9bit :<\/strong> Construit avec <strong data-start=\"873\" data-end=\"897\">OM3 ou OM4 50\/125 \u00b5m<\/strong> La fibre multimode OM4 offre d'excellentes performances pour l'Ethernet 10G, 40G et 100G et au-del\u00e0. L'OM4 offre une bande passante et une distance sup\u00e9rieures \u00e0 celles de l'OM3.<\/p>\n<\/li>\n<li data-start=\"1094\" data-end=\"1344\">\n<p data-start=\"1096\" data-end=\"1344\"><strong data-start=\"1096\" data-end=\"1126\">MPO to LC Breakout Design :<\/strong> L'une des extr\u00e9mit\u00e9s est termin\u00e9e par un <strong data-start=\"1166\" data-end=\"1198\">Connecteur multifibre MPO\/MTP<\/strong> et l'autre avec <strong data-start=\"1218\" data-end=\"1238\">12 connecteurs LC<\/strong>, simplifiant le d\u00e9ploiement en \u00e9ventail vers les \u00e9metteurs-r\u00e9cepteurs et les panneaux de brassage.<\/p>\n<\/li>\n<li data-start=\"1345\" data-end=\"1596\">\n<p data-start=\"1347\" data-end=\"1596\"><strong data-start=\"1347\" data-end=\"1389\">Faible perte d'insertion et perte de retour \u00e9lev\u00e9e :<\/strong> Les valeurs typiques de perte d'insertion aussi basses que \u2264 0,3 - 0,35 dB sur MPO et \u2264 0,3 dB sur LC garantissent une d\u00e9gradation minimale du signal, avec une forte perte de retour pour une transmission stable.<\/p>\n<\/li>\n<li data-start=\"1597\" data-end=\"1793\">\n<p data-start=\"1599\" data-end=\"1793\"><strong data-start=\"1599\" data-end=\"1629\">Test\u00e9 en usine et fiable :<\/strong> Chaque c\u00e2ble est assembl\u00e9 avec pr\u00e9cision et 100% test\u00e9 pour la performance optique avant l'exp\u00e9dition, ce qui garantit des r\u00e9sultats fiables sur le terrain.<\/p>\n<\/li>\n<li data-start=\"1794\" data-end=\"1955\">\n<p data-start=\"1796\" data-end=\"1955\"><strong data-start=\"1796\" data-end=\"1824\">Options de gaines flexibles :<\/strong> Disponible en <strong data-start=\"1838\" data-end=\"1871\">LSZH (Low Smoke Zero Halogen)<\/strong> pour une utilisation s\u00fbre \u00e0 l'int\u00e9rieur ou en PVC l\u00e0 o\u00f9 c'est autoris\u00e9.<\/p>\n<\/li>\n<li data-start=\"1956\" data-end=\"2158\">\n<p data-start=\"1958\" data-end=\"2158\"><strong data-start=\"1958\" data-end=\"1988\">Polarit\u00e9 et options personnalis\u00e9es :<\/strong> Prend en charge les configurations de polarit\u00e9 standard de l'industrie (Type A\/B\/C) et peut \u00eatre personnalis\u00e9 en termes de longueur, de type de gaine et de polissage des connecteurs.<\/p>\n<\/li>\n<\/ul>\n<h3 data-start=\"2160\" data-end=\"2192\"><strong data-start=\"2164\" data-end=\"2192\">Sp\u00e9cifications techniques<\/strong><\/h3>\n<div class=\"TyagGW_tableContainer\">\n<div class=\"group TyagGW_tableWrapper flex flex-col-reverse w-fit\" tabindex=\"-1\">\n<table class=\"w-fit min-w-(--thread-content-width)\" data-start=\"2194\" data-end=\"2716\">\n<thead data-start=\"2194\" data-end=\"2221\">\n<tr data-start=\"2194\" data-end=\"2221\">\n<th class=\"align-top\" data-start=\"2194\" data-end=\"2204\" data-col-size=\"sm\">Fonctionnalit\u00e9<\/th>\n<th class=\"align-top\" data-start=\"2204\" data-end=\"2221\" data-col-size=\"sm\">Sp\u00e9cifications<\/th>\n<\/tr>\n<\/thead>\n<tbody data-start=\"2250\" data-end=\"2716\">\n<tr data-start=\"2250\" data-end=\"2302\">\n<td data-start=\"2250\" data-end=\"2267\" data-col-size=\"sm\"><strong data-start=\"2252\" data-end=\"2266\">Type de fibre<\/strong><\/td>\n<td data-start=\"2267\" data-end=\"2302\" data-col-size=\"sm\">Multimode OM3 \/ OM4 (50\/125 \u00b5m)<\/td>\n<\/tr>\n<tr data-start=\"2303\" data-end=\"2333\">\n<td data-start=\"2303\" data-end=\"2320\" data-col-size=\"sm\"><strong data-start=\"2305\" data-end=\"2319\">Compte de base<\/strong><\/td>\n<td data-start=\"2320\" data-end=\"2333\" data-col-size=\"sm\">12 fibres<\/td>\n<\/tr>\n<tr data-start=\"2334\" data-end=\"2376\">\n<td data-start=\"2334\" data-end=\"2352\" data-col-size=\"sm\"><strong data-start=\"2336\" data-end=\"2351\">Connecteur A<\/strong><\/td>\n<td data-start=\"2352\" data-end=\"2376\" data-col-size=\"sm\">MPO\/MTP (multifibre)<\/td>\n<\/tr>\n<tr data-start=\"2377\" data-end=\"2417\">\n<td data-start=\"2377\" data-end=\"2395\" data-col-size=\"sm\"><strong data-start=\"2379\" data-end=\"2394\">Connecteur B<\/strong><\/td>\n<td data-start=\"2395\" data-end=\"2417\" data-col-size=\"sm\">12 \u00d7 connecteurs LC<\/td>\n<\/tr>\n<tr data-start=\"2418\" data-end=\"2484\">\n<td data-start=\"2418\" data-end=\"2446\" data-col-size=\"sm\"><strong data-start=\"2420\" data-end=\"2445\">Perte d'insertion (typ.)<\/strong><\/td>\n<td data-start=\"2446\" data-end=\"2484\" data-col-size=\"sm\">MPO \u2264 0,30 - 0,35 dB, LC \u2264 0,30 dB<\/td>\n<\/tr>\n<tr data-start=\"2485\" data-end=\"2538\">\n<td data-start=\"2485\" data-end=\"2503\" data-col-size=\"sm\"><strong data-start=\"2487\" data-end=\"2502\">Perte de retour<\/strong><\/td>\n<td data-start=\"2503\" data-end=\"2538\" data-col-size=\"sm\">\u2265 30 dB (performance multimode)<\/td>\n<\/tr>\n<tr data-start=\"2539\" data-end=\"2566\">\n<td data-start=\"2539\" data-end=\"2552\" data-col-size=\"sm\"><strong data-start=\"2541\" data-end=\"2551\">Veste<\/strong><\/td>\n<td data-start=\"2552\" data-end=\"2566\" data-col-size=\"sm\">LSZH \/ PVC<\/td>\n<\/tr>\n<tr data-start=\"2567\" data-end=\"2613\">\n<td data-start=\"2567\" data-end=\"2594\" data-col-size=\"sm\"><strong data-start=\"2569\" data-end=\"2593\">Diam\u00e8tre ext\u00e9rieur du c\u00e2ble<\/strong><\/td>\n<td data-start=\"2594\" data-end=\"2613\" data-col-size=\"sm\">~3 mm (typique)<\/td>\n<\/tr>\n<tr data-start=\"2614\" data-end=\"2656\">\n<td data-start=\"2614\" data-end=\"2636\" data-col-size=\"sm\"><strong data-start=\"2616\" data-end=\"2635\">Temp. de fonctionnement.<\/strong><\/td>\n<td data-start=\"2636\" data-end=\"2656\" data-col-size=\"sm\">De -10 \u00b0C \u00e0 +70 \u00b0C<\/td>\n<\/tr>\n<tr data-start=\"2657\" data-end=\"2716\">\n<td data-start=\"2657\" data-end=\"2673\" data-col-size=\"sm\"><strong data-start=\"2659\" data-end=\"2672\">Normes<\/strong><\/td>\n<td data-start=\"2673\" data-end=\"2716\" data-col-size=\"sm\">Conformit\u00e9 RoHS, EIA\/TIA, IEC, Telcordia<\/td>\n<\/tr>\n<\/tbody>\n<\/table>\n<\/div>\n<\/div>\n<blockquote data-start=\"2718\" data-end=\"2891\">\n<p data-start=\"2720\" data-end=\"2891\"><strong data-start=\"2720\" data-end=\"2729\">Remarque :<\/strong> La fibre OM4 (gaine violette) offre g\u00e9n\u00e9ralement une plus grande largeur de bande et une plus grande port\u00e9e que la fibre OM3 (aqua) pour des applications \u00e9quivalentes.<\/p>\n<\/blockquote>\n<h3 data-start=\"2893\" data-end=\"2921\"><strong data-start=\"2897\" data-end=\"2921\">Applications typiques<\/strong><\/h3>\n<ul data-start=\"2923\" data-end=\"3528\">\n<li data-start=\"2923\" data-end=\"3072\">\n<p data-start=\"2925\" data-end=\"3072\"><strong data-start=\"2925\" data-end=\"2954\">Connectivit\u00e9 des centres de donn\u00e9es :<\/strong> Parfait pour les liaisons haute densit\u00e9 dans les racks de serveurs, les connexions crois\u00e9es et les panneaux de brassage.<\/p>\n<\/li>\n<li data-start=\"3073\" data-end=\"3232\">\n<p data-start=\"3075\" data-end=\"3232\"><strong data-start=\"3075\" data-end=\"3103\">Syst\u00e8mes optiques parall\u00e8les :<\/strong> S'int\u00e8gre parfaitement aux \u00e9metteurs-r\u00e9cepteurs QSFP+ et QSFP28 dans les r\u00e9seaux multimodes 40G\/100G.<\/p>\n<\/li>\n<li data-start=\"3233\" data-end=\"3377\">\n<p data-start=\"3235\" data-end=\"3377\"><strong data-start=\"3235\" data-end=\"3269\">Infrastructures SAN et Cloud :<\/strong> Prend en charge les environnements de stockage d'entreprise et de r\u00e9seau virtualis\u00e9.<\/p>\n<\/li>\n<li data-start=\"3378\" data-end=\"3528\">\n<p data-start=\"3380\" data-end=\"3528\"><strong data-start=\"3380\" data-end=\"3403\">C\u00e2blage structur\u00e9 :<\/strong> Id\u00e9al pour le c\u00e2blage MPO avec LC breakout dans les armoires horizontales ou d'\u00e9quipement.<\/p>\n<\/li>\n<\/ul>\n<h3 data-start=\"3530\" data-end=\"3573\"><strong data-start=\"3534\" data-end=\"3573\">Pourquoi choisir ce c\u00e2ble MPO-LC ?<\/strong><\/h3>\n<p data-start=\"3575\" data-end=\"4018\">Le pr\u00e9sent <strong data-start=\"3580\" data-end=\"3619\">Cordon de raccordement multimode MPO-LC \u00e0 12 fils<\/strong> est con\u00e7u pour la performance, la fiabilit\u00e9 et la facilit\u00e9 de d\u00e9ploiement. Sa terminaison MPO haute densit\u00e9 r\u00e9duit l'encombrement des racks et am\u00e9liore la circulation de l'air, tandis que le breakout 12-LC optimise les connexions aux ports r\u00e9seau individuels. Enti\u00e8rement test\u00e9 en usine et conforme aux normes industrielles, il s'agit d'une solution rentable pour la mise \u00e0 niveau ou l'extension des r\u00e9seaux \u00e0 haut d\u00e9bit.<\/p>\n<hr data-start=\"4020\" data-end=\"4023\" \/>\n<h2 data-start=\"4025\" data-end=\"4048\"><strong data-start=\"4028\" data-end=\"4048\">Questions et r\u00e9ponses professionnelles<\/strong><\/h2>\n<p data-start=\"4050\" data-end=\"4349\"><strong data-start=\"4050\" data-end=\"4119\">Q1 : Quelle est la diff\u00e9rence entre OM3 et OM4 dans ce cordon de raccordement ?<\/strong><br data-start=\"4119\" data-end=\"4122\" \/><strong data-start=\"4122\" data-end=\"4128\">A :<\/strong> Les fibres OM3 et OM4 sont toutes deux des fibres multimodes 50\/125 \u00b5m, mais la fibre OM4 offre une largeur de bande modale plus \u00e9lev\u00e9e et permet des distances de transmission plus longues \u00e0 des d\u00e9bits de donn\u00e9es \u00e9lev\u00e9s (par exemple, 100G) par rapport \u00e0 la fibre OM3.<\/p>\n<p data-start=\"4351\" data-end=\"4682\"><strong data-start=\"4351\" data-end=\"4427\">Q2 : Pourquoi utiliser un c\u00e2ble de d\u00e9rivation MPO vers LC au lieu d'un c\u00e2ble MPO droit ?<\/strong><br data-start=\"4427\" data-end=\"4430\" \/><strong data-start=\"4430\" data-end=\"4436\">A :<\/strong> La conception MPO-LC breakout permet \u00e0 un seul c\u00e2ble multifibre de se d\u00e9ployer en connecteurs LC individuels, qui sont largement utilis\u00e9s sur les \u00e9metteurs-r\u00e9cepteurs et les panneaux de brassage - r\u00e9duisant ainsi le besoin de mat\u00e9riel breakout suppl\u00e9mentaire.<\/p>\n<p data-start=\"4684\" data-end=\"4990\"><strong data-start=\"4684\" data-end=\"4756\">Q3 : Que signifie la polarit\u00e9 dans le c\u00e2blage MPO et pourquoi est-elle importante ?<\/strong><br data-start=\"4756\" data-end=\"4759\" \/><strong data-start=\"4759\" data-end=\"4765\">A :<\/strong> La polarit\u00e9 d\u00e9finit la fa\u00e7on dont les fibres se r\u00e9partissent d'un bout \u00e0 l'autre du c\u00e2ble. Le choix d'une polarit\u00e9 correcte garantit un appairage correct des signaux, ce qui est crucial pour la connectivit\u00e9 des \u00e9quipements actifs.<\/p>\n<p data-start=\"4992\" data-end=\"5262\"><strong data-start=\"4992\" data-end=\"5046\">Q4 : Puis-je m\u00e9langer des fibres OM3 et OM4 dans la m\u00eame liaison ?<\/strong><br data-start=\"5046\" data-end=\"5049\" \/><strong data-start=\"5049\" data-end=\"5055\">A :<\/strong> Oui - OM3 et OM4 sont compatibles car ils utilisent tous deux une fibre multimode 50\/125 \u00b5m, mais la performance de la liaison sera g\u00e9n\u00e9ralement limit\u00e9e \u00e0 la capacit\u00e9 de la fibre de qualit\u00e9 inf\u00e9rieure.<\/p>","protected":false},"excerpt":{"rendered":"<p data-start=\"248\" data-end=\"784\">Le <strong data-start=\"252\" data-end=\"277\">MPO-LC-OM3\/OM4-12core<\/strong> est un cordon de raccordement avanc\u00e9 et tr\u00e8s performant. <strong data-start=\"322\" data-end=\"363\">C\u00e2ble \u00e0 fibre optique multimode MPO \u00e0 LC<\/strong> con\u00e7u pour les centres de donn\u00e9es, les entreprises et les r\u00e9seaux de t\u00e9l\u00e9communications exigeants d'aujourd'hui. Fabriqu\u00e9 avec des connecteurs \u00e0 terminaison de pr\u00e9cision et des fibres multimodes OM3\/OM4 optimis\u00e9es, cet ensemble permet une transmission efficace et \u00e0 faible perte dans des environnements \u00e0 haute densit\u00e9. Sa configuration \u00e0 12 fibres prend en charge les optiques parall\u00e8les et la connectivit\u00e9 en \u00e9ventail, ce qui est id\u00e9al pour les applications modernes \u00e0 40 GbE et 100 GbE.<\/p>\n<h3 data-start=\"786\" data-end=\"818\"><\/h3>","protected":false},"featured_media":549,"comment_status":"open","ping_status":"closed","template":"","meta":[],"product_brand":[],"product_cat":[42],"product_tag":[],"class_list":{"0":"post-548","1":"product","2":"type-product","3":"status-publish","4":"has-post-thumbnail","6":"product_cat-mpo-mtp-fiber-optic-patch-cord","8":"first","9":"instock","10":"shipping-taxable","11":"product-type-simple"},"_links":{"self":[{"href":"https:\/\/www.fenxifiber.com\/fr\/wp-json\/wp\/v2\/product\/548","targetHints":{"allow":["GET"]}}],"collection":[{"href":"https:\/\/www.fenxifiber.com\/fr\/wp-json\/wp\/v2\/product"}],"about":[{"href":"https:\/\/www.fenxifiber.com\/fr\/wp-json\/wp\/v2\/types\/product"}],"replies":[{"embeddable":true,"href":"https:\/\/www.fenxifiber.com\/fr\/wp-json\/wp\/v2\/comments?post=548"}],"wp:featuredmedia":[{"embeddable":true,"href":"https:\/\/www.fenxifiber.com\/fr\/wp-json\/wp\/v2\/media\/549"}],"wp:attachment":[{"href":"https:\/\/www.fenxifiber.com\/fr\/wp-json\/wp\/v2\/media?parent=548"}],"wp:term":[{"taxonomy":"product_brand","embeddable":true,"href":"https:\/\/www.fenxifiber.com\/fr\/wp-json\/wp\/v2\/product_brand?post=548"},{"taxonomy":"product_cat","embeddable":true,"href":"https:\/\/www.fenxifiber.com\/fr\/wp-json\/wp\/v2\/product_cat?post=548"},{"taxonomy":"product_tag","embeddable":true,"href":"https:\/\/www.fenxifiber.com\/fr\/wp-json\/wp\/v2\/product_tag?post=548"}],"curies":[{"name":"wp","href":"https:\/\/api.w.org\/{rel}","templated":true}]}}