{"id":550,"date":"2026-02-03T01:42:03","date_gmt":"2026-02-03T01:42:03","guid":{"rendered":"https:\/\/www.fenxifiber.com\/?post_type=product&#038;p=550"},"modified":"2026-02-04T01:08:36","modified_gmt":"2026-02-04T01:08:36","slug":"mpo-lc-om5-12core","status":"publish","type":"product","link":"https:\/\/www.fenxifiber.com\/fr\/product\/mpo-lc-om5-12core\/","title":{"rendered":"MPO-LC-OM5-12Corde de raccordement \u00e0 fibre multimode \u00e0 large bande"},"content":{"rendered":"<h3 data-start=\"854\" data-end=\"876\"><strong data-start=\"858\" data-end=\"876\">Principaux avantages<\/strong><\/h3>\n<ul data-start=\"878\" data-end=\"1720\">\n<li data-start=\"878\" data-end=\"1078\">\n<p data-start=\"880\" data-end=\"1078\"><strong data-start=\"880\" data-end=\"913\">Technologie multimode \u00e0 large bande<\/strong><br data-start=\"913\" data-end=\"916\" \/>La fibre OM5 prend en charge plusieurs longueurs d'onde sur une seule fibre multimode, ce qui permet <strong data-start=\"998\" data-end=\"1019\">Transmission SWDM<\/strong> et des d\u00e9bits de donn\u00e9es plus \u00e9lev\u00e9s par fibre par rapport \u00e0 OM3 et OM4.<\/p>\n<\/li>\n<li data-start=\"1080\" data-end=\"1242\">\n<p data-start=\"1082\" data-end=\"1242\"><strong data-start=\"1082\" data-end=\"1114\">Conception haute densit\u00e9 \u00e0 12 fibres<\/strong><br data-start=\"1114\" data-end=\"1117\" \/>Une seule interface MPO transporte 12 fibres, ce qui r\u00e9duit consid\u00e9rablement le volume de c\u00e2blage et am\u00e9liore la circulation de l'air dans les racks \u00e0 haute densit\u00e9.<\/p>\n<\/li>\n<li data-start=\"1244\" data-end=\"1388\">\n<p data-start=\"1246\" data-end=\"1388\"><strong data-start=\"1246\" data-end=\"1280\">Architecture MPO \u00e0 LC Fan-Out<\/strong><br data-start=\"1280\" data-end=\"1283\" \/>Connecte directement les c\u00e2bles MPO aux ports LC standard des \u00e9metteurs-r\u00e9cepteurs QSFP+, QSFP28 et des futurs \u00e9metteurs-r\u00e9cepteurs SWDM.<\/p>\n<\/li>\n<li data-start=\"1390\" data-end=\"1558\">\n<p data-start=\"1392\" data-end=\"1558\"><strong data-start=\"1392\" data-end=\"1422\">Faible perte, haute fiabilit\u00e9<\/strong><br data-start=\"1422\" data-end=\"1425\" \/>Les connecteurs polis avec pr\u00e9cision et les tests effectu\u00e9s en usine garantissent une faible perte d'insertion, des performances optiques stables et une fiabilit\u00e9 \u00e0 long terme.<\/p>\n<\/li>\n<li data-start=\"1560\" data-end=\"1720\">\n<p data-start=\"1562\" data-end=\"1720\"><strong data-start=\"1562\" data-end=\"1593\">Une infrastructure pr\u00eate pour l'avenir<\/strong><br data-start=\"1593\" data-end=\"1596\" \/>OM5 est con\u00e7u pour <strong data-start=\"1618\" data-end=\"1677\">400G et futures applications multimodes \u00e0 plusieurs longueurs d'onde<\/strong>, ce qui en fait la solution id\u00e9ale pour les mises \u00e0 niveau des centres de donn\u00e9es.<\/p>\n<\/li>\n<\/ul>\n<hr data-start=\"1722\" data-end=\"1725\" \/>\n<h3 data-start=\"1727\" data-end=\"1759\"><strong data-start=\"1731\" data-end=\"1759\">Sp\u00e9cifications techniques<\/strong><\/h3>\n<div class=\"TyagGW_tableContainer\">\n<div class=\"group TyagGW_tableWrapper flex flex-col-reverse w-fit\" tabindex=\"-1\">\n<table class=\"w-fit min-w-(--thread-content-width)\" data-start=\"1761\" data-end=\"2256\">\n<thead data-start=\"1761\" data-end=\"1794\">\n<tr data-start=\"1761\" data-end=\"1794\">\n<th class=\"\" data-start=\"1761\" data-end=\"1773\" data-col-size=\"sm\">Param\u00e8tres<\/th>\n<th class=\"\" data-start=\"1773\" data-end=\"1794\" data-col-size=\"sm\">MPO-LC-OM5-12Core<\/th>\n<\/tr>\n<\/thead>\n<tbody data-start=\"1823\" data-end=\"2256\">\n<tr data-start=\"1823\" data-end=\"1874\">\n<td data-start=\"1823\" data-end=\"1836\" data-col-size=\"sm\">Type de fibre<\/td>\n<td data-start=\"1836\" data-end=\"1874\" data-col-size=\"sm\">OM5 Multimode large bande (50\/125 \u00b5m)<\/td>\n<\/tr>\n<tr data-start=\"1875\" data-end=\"1901\">\n<td data-start=\"1875\" data-end=\"1888\" data-col-size=\"sm\">Compte de base<\/td>\n<td data-start=\"1888\" data-end=\"1901\" data-col-size=\"sm\">12 fibres<\/td>\n<\/tr>\n<tr data-start=\"1902\" data-end=\"1940\">\n<td data-start=\"1902\" data-end=\"1916\" data-col-size=\"sm\">Connecteur A<\/td>\n<td data-start=\"1916\" data-end=\"1940\" data-col-size=\"sm\">MPO \/ MTP (12 fibres)<\/td>\n<\/tr>\n<tr data-start=\"1941\" data-end=\"1977\">\n<td data-start=\"1941\" data-end=\"1955\" data-col-size=\"sm\">Connecteur B<\/td>\n<td data-start=\"1955\" data-end=\"1977\" data-col-size=\"sm\">12 \u00d7 connecteurs LC<\/td>\n<\/tr>\n<tr data-start=\"1978\" data-end=\"2034\">\n<td data-start=\"1978\" data-end=\"2002\" data-col-size=\"sm\">Longueurs d'onde de fonctionnement<\/td>\n<td data-col-size=\"sm\" data-start=\"2002\" data-end=\"2034\">850-953 nm (compatible SWDM)<\/td>\n<\/tr>\n<tr data-start=\"2035\" data-end=\"2087\">\n<td data-start=\"2035\" data-end=\"2052\" data-col-size=\"sm\">Perte d'insertion<\/td>\n<td data-col-size=\"sm\" data-start=\"2052\" data-end=\"2087\">\u2264 0,35 dB (MPO), \u2264 0,30 dB (LC)<\/td>\n<\/tr>\n<tr data-start=\"2088\" data-end=\"2113\">\n<td data-start=\"2088\" data-end=\"2102\" data-col-size=\"sm\">Perte de retour<\/td>\n<td data-col-size=\"sm\" data-start=\"2102\" data-end=\"2113\">\u2265 30 dB<\/td>\n<\/tr>\n<tr data-start=\"2114\" data-end=\"2143\">\n<td data-start=\"2114\" data-end=\"2128\" data-col-size=\"sm\">Type de veste<\/td>\n<td data-col-size=\"sm\" data-start=\"2128\" data-end=\"2143\">LSZH ou PVC<\/td>\n<\/tr>\n<tr data-start=\"2144\" data-end=\"2172\">\n<td data-start=\"2144\" data-end=\"2161\" data-col-size=\"sm\">Diam\u00e8tre du c\u00e2ble<\/td>\n<td data-col-size=\"sm\" data-start=\"2161\" data-end=\"2172\">~3,0 mm<\/td>\n<\/tr>\n<tr data-start=\"2173\" data-end=\"2217\">\n<td data-start=\"2173\" data-end=\"2197\" data-col-size=\"sm\">Temp\u00e9rature de fonctionnement<\/td>\n<td data-col-size=\"sm\" data-start=\"2197\" data-end=\"2217\">De -10 \u00b0C \u00e0 +70 \u00b0C<\/td>\n<\/tr>\n<tr data-start=\"2218\" data-end=\"2256\">\n<td data-start=\"2218\" data-end=\"2231\" data-col-size=\"sm\">Conformit\u00e9<\/td>\n<td data-col-size=\"sm\" data-start=\"2231\" data-end=\"2256\">IEC, TIA, RoHS, REACH<\/td>\n<\/tr>\n<\/tbody>\n<\/table>\n<\/div>\n<\/div>\n<hr data-start=\"2258\" data-end=\"2261\" \/>\n<h3 data-start=\"2263\" data-end=\"2291\"><strong data-start=\"2267\" data-end=\"2291\">Applications typiques<\/strong><\/h3>\n<ul data-start=\"2293\" data-end=\"2542\">\n<li data-start=\"2293\" data-end=\"2338\">\n<p data-start=\"2295\" data-end=\"2338\"><strong data-start=\"2295\" data-end=\"2336\">Centres de donn\u00e9es 400G et de nouvelle g\u00e9n\u00e9ration<\/strong><\/p>\n<\/li>\n<li data-start=\"2339\" data-end=\"2378\">\n<p data-start=\"2341\" data-end=\"2378\"><strong data-start=\"2341\" data-end=\"2376\">R\u00e9seaux optiques multimodes SWDM<\/strong><\/p>\n<\/li>\n<li data-start=\"2379\" data-end=\"2434\">\n<p data-start=\"2381\" data-end=\"2434\"><strong data-start=\"2381\" data-end=\"2432\">Dorsale MPO haute densit\u00e9 vers liaisons d'\u00e9quipement LC<\/strong><\/p>\n<\/li>\n<li data-start=\"2435\" data-end=\"2499\">\n<p data-start=\"2437\" data-end=\"2499\"><strong data-start=\"2437\" data-end=\"2497\">Cloud, IA et clusters de calcul \u00e0 haute performance (HPC)<\/strong><\/p>\n<\/li>\n<li data-start=\"2500\" data-end=\"2542\">\n<p data-start=\"2502\" data-end=\"2542\"><strong data-start=\"2502\" data-end=\"2542\">Installations d'entreprise et de colocation<\/strong><\/p>\n<\/li>\n<\/ul>\n<hr data-start=\"2544\" data-end=\"2547\" \/>\n<h3 data-start=\"2549\" data-end=\"2586\"><strong data-start=\"2553\" data-end=\"2586\">Pourquoi choisir MPO-LC-OM5-12Core ?<\/strong><\/h3>\n<p data-start=\"2588\" data-end=\"3012\">Contrairement aux c\u00e2bles OM3 et OM4 traditionnels qui reposent sur une seule longueur d'onde, <strong data-start=\"2660\" data-end=\"2682\">Fibre \u00e0 large bande OM5<\/strong> permet \u00e0 plusieurs longueurs d'onde de circuler sur la m\u00eame fibre. Cela permet aux op\u00e9rateurs de r\u00e9seaux de multiplier la capacit\u00e9 sans avoir \u00e0 installer plus de fibres. Les <strong data-start=\"2830\" data-end=\"2851\">MPO-LC-OM5-12Core<\/strong> vous permet de passer proprement et efficacement de l'infrastructure de troncs MPO \u00e0 l'\u00e9quipement LC tout en pr\u00e9parant votre r\u00e9seau \u00e0 la mise en place d'un syst\u00e8me de gestion de l'information. <strong data-start=\"2971\" data-end=\"3011\">des mises \u00e0 niveau \u00e0 plus haut d\u00e9bit et bas\u00e9es sur la technologie SWDM<\/strong>.<\/p>\n<p data-start=\"3014\" data-end=\"3137\">C'est la solution id\u00e9ale pour les organisations qui construisent <strong data-start=\"3066\" data-end=\"3113\">une infrastructure en fibre optique \u00e9volutive et \u00e0 l'\u00e9preuve du temps<\/strong> dans les centres de donn\u00e9es modernes.<\/p>\n<hr data-start=\"3139\" data-end=\"3142\" \/>\n<h2 data-start=\"3144\" data-end=\"3167\"><strong data-start=\"3147\" data-end=\"3167\">Questions et r\u00e9ponses professionnelles<\/strong><\/h2>\n<p data-start=\"3169\" data-end=\"3394\"><strong data-start=\"3169\" data-end=\"3216\">Q1 : Qu'est-ce qui fait que l'OM5 est meilleur que l'OM3 et l'OM4 ?<\/strong><br data-start=\"3216\" data-end=\"3219\" \/>L'OM5 prend en charge plusieurs longueurs d'onde (850-953 nm) pour le SWDM, ce qui permet d'utiliser plusieurs canaux de donn\u00e9es sur une seule fibre. Les fibres OM3 et OM4 ne prennent en charge qu'une seule longueur d'onde \u00e0 850 nm.<\/p>\n<p data-start=\"3396\" data-end=\"3619\"><strong data-start=\"3396\" data-end=\"3462\">Q2 : Les c\u00e2bles MPO-LC-OM5 peuvent-ils \u00eatre utilis\u00e9s avec un \u00e9quipement OM4 standard ?<\/strong><br data-start=\"3462\" data-end=\"3465\" \/>Oui. L'OM5 est enti\u00e8rement r\u00e9trocompatible avec l'OM4 et l'OM3. Il fonctionne avec des \u00e9metteurs-r\u00e9cepteurs standard de 850 nm, tout en prenant en charge les optiques SWDM pour une plus grande capacit\u00e9.<\/p>\n<p data-start=\"3621\" data-end=\"3816\"><strong data-start=\"3621\" data-end=\"3675\">Q3 : Quel est l'objectif de la r\u00e9union entre la MPO et la LC ?<\/strong><br data-start=\"3675\" data-end=\"3678\" \/>Il permet \u00e0 un tronc MPO haute densit\u00e9 de se connecter directement \u00e0 des ports de commutateur ou de serveur bas\u00e9s sur LC sans panneaux de brassage ou c\u00e2bles de conversion suppl\u00e9mentaires.<\/p>\n<p data-start=\"3818\" data-end=\"4030\"><strong data-start=\"3818\" data-end=\"3860\">Q4 : L'OM5 est-il adapt\u00e9 aux r\u00e9seaux 400G ?<\/strong><br data-start=\"3860\" data-end=\"3863\" \/>Oui. L'OM5 est sp\u00e9cifiquement con\u00e7u pour prendre en charge <strong data-start=\"3908\" data-end=\"3979\">multimode \u00e0 longueurs d'onde multiples 400G et futures liaisons optiques \u00e0 grande vitesse<\/strong>, ce qui en fait la solution id\u00e9ale pour les centres de donn\u00e9es de la prochaine g\u00e9n\u00e9ration.<\/p>","protected":false},"excerpt":{"rendered":"<p data-start=\"62\" data-end=\"552\">Le <strong data-start=\"66\" data-end=\"87\">MPO-LC-OM5-12Core<\/strong> est un logiciel de nouvelle g\u00e9n\u00e9ration <strong data-start=\"109\" data-end=\"165\">cordon de raccordement pour fibre multimode \u00e0 large bande (WBMMF)<\/strong> con\u00e7u pour les centres de donn\u00e9es et les r\u00e9seaux d'entreprise \u00e0 haute vitesse et \u00e0 haute densit\u00e9. Construit avec <strong data-start=\"252\" data-end=\"275\">Fibre OM5 50\/125 \u00b5m<\/strong>, Ce c\u00e2ble prend en charge les longueurs d'onde multimodes conventionnelles (850 nm) et les longueurs d'onde de l'internet. <strong data-start=\"350\" data-end=\"399\">multiplexage par r\u00e9partition en courtes longueurs d'onde (SWDM)<\/strong> de 850 nm \u00e0 953 nm, ce qui permet \u00e0 une seule liaison par fibre de transporter plusieurs canaux parall\u00e8les et d'augmenter consid\u00e9rablement la largeur de bande sans ajouter de fibres suppl\u00e9mentaires.<\/p>\n<p data-start=\"554\" data-end=\"847\">L'une des extr\u00e9mit\u00e9s se termine par un <strong data-start=\"583\" data-end=\"613\">Connecteur MPO\/MTP 12 fibres<\/strong> et l'autre extr\u00e9mit\u00e9 se d\u00e9ploie en <strong data-start=\"648\" data-end=\"668\">12 connecteurs LC<\/strong>, Le MPO-LC-OM5-12Core permet une connectivit\u00e9 transparente entre les trunks de backbone MPO haute densit\u00e9 et les transceivers LC standard utilis\u00e9s dans les commutateurs, les serveurs et les \u00e9quipements de stockage.<\/p>","protected":false},"featured_media":551,"comment_status":"open","ping_status":"closed","template":"","meta":[],"product_brand":[],"product_cat":[42],"product_tag":[],"class_list":{"0":"post-550","1":"product","2":"type-product","3":"status-publish","4":"has-post-thumbnail","6":"product_cat-mpo-mtp-fiber-optic-patch-cord","8":"first","9":"instock","10":"shipping-taxable","11":"product-type-simple"},"_links":{"self":[{"href":"https:\/\/www.fenxifiber.com\/fr\/wp-json\/wp\/v2\/product\/550","targetHints":{"allow":["GET"]}}],"collection":[{"href":"https:\/\/www.fenxifiber.com\/fr\/wp-json\/wp\/v2\/product"}],"about":[{"href":"https:\/\/www.fenxifiber.com\/fr\/wp-json\/wp\/v2\/types\/product"}],"replies":[{"embeddable":true,"href":"https:\/\/www.fenxifiber.com\/fr\/wp-json\/wp\/v2\/comments?post=550"}],"wp:featuredmedia":[{"embeddable":true,"href":"https:\/\/www.fenxifiber.com\/fr\/wp-json\/wp\/v2\/media\/551"}],"wp:attachment":[{"href":"https:\/\/www.fenxifiber.com\/fr\/wp-json\/wp\/v2\/media?parent=550"}],"wp:term":[{"taxonomy":"product_brand","embeddable":true,"href":"https:\/\/www.fenxifiber.com\/fr\/wp-json\/wp\/v2\/product_brand?post=550"},{"taxonomy":"product_cat","embeddable":true,"href":"https:\/\/www.fenxifiber.com\/fr\/wp-json\/wp\/v2\/product_cat?post=550"},{"taxonomy":"product_tag","embeddable":true,"href":"https:\/\/www.fenxifiber.com\/fr\/wp-json\/wp\/v2\/product_tag?post=550"}],"curies":[{"name":"wp","href":"https:\/\/api.w.org\/{rel}","templated":true}]}}