{"id":552,"date":"2026-02-03T01:46:56","date_gmt":"2026-02-03T01:46:56","guid":{"rendered":"https:\/\/www.fenxifiber.com\/?post_type=product&#038;p=552"},"modified":"2026-02-04T01:09:07","modified_gmt":"2026-02-04T01:09:07","slug":"mpo-sc-om3-om4-12core","status":"publish","type":"product","link":"https:\/\/www.fenxifiber.com\/fr\/product\/mpo-sc-om3-om4-12core\/","title":{"rendered":"MPO-SC-OM3\/OM4-12Core Cordon de raccordement multimode en fibre optique"},"content":{"rendered":"<h3 data-start=\"770\" data-end=\"801\"><strong data-start=\"774\" data-end=\"801\">Principales caract\u00e9ristiques et avantages<\/strong><\/h3>\n<ul data-start=\"803\" data-end=\"1591\">\n<li data-start=\"803\" data-end=\"992\">\n<p data-start=\"805\" data-end=\"992\"><strong data-start=\"805\" data-end=\"840\">OM3 \/ OM4 Multimode Performance<\/strong><br data-start=\"840\" data-end=\"843\" \/>Prend en charge les applications Ethernet, Fibre Channel et InfiniBand 10G, 40G et 100G. L'OM4 offre une port\u00e9e \u00e9tendue et une bande passante plus \u00e9lev\u00e9e que l'OM3.<\/p>\n<\/li>\n<li data-start=\"994\" data-end=\"1142\">\n<p data-start=\"996\" data-end=\"1142\"><strong data-start=\"996\" data-end=\"1027\">Conception haute densit\u00e9 \u00e0 12 noyaux<\/strong><br data-start=\"1027\" data-end=\"1030\" \/>Int\u00e8gre 12 fibres dans une seule interface MPO, ce qui r\u00e9duit consid\u00e9rablement l'encombrement du c\u00e2ble et am\u00e9liore la circulation de l'air dans le rack.<\/p>\n<\/li>\n<li data-start=\"1144\" data-end=\"1304\">\n<p data-start=\"1146\" data-end=\"1304\"><strong data-start=\"1146\" data-end=\"1180\">Architecture MPO vers SC Fan-Out<\/strong><br data-start=\"1180\" data-end=\"1183\" \/>Convertit les connexions MPO haute densit\u00e9 en ports SC individuels pour faciliter l'int\u00e9gration des \u00e9quipements et des panneaux de brassage.<\/p>\n<\/li>\n<li data-start=\"1306\" data-end=\"1461\">\n<p data-start=\"1308\" data-end=\"1461\"><strong data-start=\"1308\" data-end=\"1347\">Faible perte d'insertion et haute stabilit\u00e9<\/strong><br data-start=\"1347\" data-end=\"1350\" \/>Les connecteurs polis avec pr\u00e9cision et les tests effectu\u00e9s en usine garantissent une qualit\u00e9 de signal constante et une fiabilit\u00e9 \u00e0 long terme.<\/p>\n<\/li>\n<li data-start=\"1463\" data-end=\"1591\">\n<p data-start=\"1465\" data-end=\"1591\"><strong data-start=\"1465\" data-end=\"1495\">Installation Plug-and-Play<\/strong><br data-start=\"1495\" data-end=\"1498\" \/>Les assemblages pr\u00e9termin\u00e9s et test\u00e9s minimisent les erreurs de terminaison sur le terrain et le temps de d\u00e9ploiement.<\/p>\n<\/li>\n<\/ul>\n<hr data-start=\"1593\" data-end=\"1596\" \/>\n<h3 data-start=\"1598\" data-end=\"1630\"><strong data-start=\"1602\" data-end=\"1630\">Sp\u00e9cifications techniques<\/strong><\/h3>\n<div class=\"TyagGW_tableContainer\">\n<div class=\"group TyagGW_tableWrapper flex flex-col-reverse w-fit\" tabindex=\"-1\">\n<table class=\"w-fit min-w-(--thread-content-width)\" data-start=\"1632\" data-end=\"2096\">\n<thead data-start=\"1632\" data-end=\"1669\">\n<tr data-start=\"1632\" data-end=\"1669\">\n<th class=\"\" data-start=\"1632\" data-end=\"1644\" data-col-size=\"sm\">Param\u00e8tres<\/th>\n<th class=\"\" data-start=\"1644\" data-end=\"1669\" data-col-size=\"sm\">MPO-SC-OM3\/OM4-12Core<\/th>\n<\/tr>\n<\/thead>\n<tbody data-start=\"1698\" data-end=\"2096\">\n<tr data-start=\"1698\" data-end=\"1747\">\n<td data-start=\"1698\" data-end=\"1711\" data-col-size=\"sm\">Type de fibre<\/td>\n<td data-col-size=\"sm\" data-start=\"1711\" data-end=\"1747\">OM3 ou OM4 Multimode (50\/125 \u00b5m)<\/td>\n<\/tr>\n<tr data-start=\"1748\" data-end=\"1774\">\n<td data-start=\"1748\" data-end=\"1761\" data-col-size=\"sm\">Compte de base<\/td>\n<td data-col-size=\"sm\" data-start=\"1761\" data-end=\"1774\">12 fibres<\/td>\n<\/tr>\n<tr data-start=\"1775\" data-end=\"1813\">\n<td data-start=\"1775\" data-end=\"1789\" data-col-size=\"sm\">Connecteur A<\/td>\n<td data-col-size=\"sm\" data-start=\"1789\" data-end=\"1813\">MPO \/ MTP (12 fibres)<\/td>\n<\/tr>\n<tr data-start=\"1814\" data-end=\"1850\">\n<td data-start=\"1814\" data-end=\"1828\" data-col-size=\"sm\">Connecteur B<\/td>\n<td data-col-size=\"sm\" data-start=\"1828\" data-end=\"1850\">12 \u00d7 connecteurs SC<\/td>\n<\/tr>\n<tr data-start=\"1851\" data-end=\"1874\">\n<td data-start=\"1851\" data-end=\"1864\" data-col-size=\"sm\">Longueur d'onde<\/td>\n<td data-col-size=\"sm\" data-start=\"1864\" data-end=\"1874\">850 nm<\/td>\n<\/tr>\n<tr data-start=\"1875\" data-end=\"1927\">\n<td data-start=\"1875\" data-end=\"1892\" data-col-size=\"sm\">Perte d'insertion<\/td>\n<td data-col-size=\"sm\" data-start=\"1892\" data-end=\"1927\">\u2264 0,35 dB (MPO), \u2264 0,30 dB (SC)<\/td>\n<\/tr>\n<tr data-start=\"1928\" data-end=\"1953\">\n<td data-start=\"1928\" data-end=\"1942\" data-col-size=\"sm\">Perte de retour<\/td>\n<td data-col-size=\"sm\" data-start=\"1942\" data-end=\"1953\">\u2265 30 dB<\/td>\n<\/tr>\n<tr data-start=\"1954\" data-end=\"1983\">\n<td data-start=\"1954\" data-end=\"1968\" data-col-size=\"sm\">Type de veste<\/td>\n<td data-col-size=\"sm\" data-start=\"1968\" data-end=\"1983\">LSZH ou PVC<\/td>\n<\/tr>\n<tr data-start=\"1984\" data-end=\"2012\">\n<td data-start=\"1984\" data-end=\"2001\" data-col-size=\"sm\">Diam\u00e8tre du c\u00e2ble<\/td>\n<td data-col-size=\"sm\" data-start=\"2001\" data-end=\"2012\">~3,0 mm<\/td>\n<\/tr>\n<tr data-start=\"2013\" data-end=\"2057\">\n<td data-start=\"2013\" data-end=\"2037\" data-col-size=\"sm\">Temp\u00e9rature de fonctionnement<\/td>\n<td data-col-size=\"sm\" data-start=\"2037\" data-end=\"2057\">De -10 \u00b0C \u00e0 +70 \u00b0C<\/td>\n<\/tr>\n<tr data-start=\"2058\" data-end=\"2096\">\n<td data-start=\"2058\" data-end=\"2071\" data-col-size=\"sm\">Conformit\u00e9<\/td>\n<td data-col-size=\"sm\" data-start=\"2071\" data-end=\"2096\">IEC, TIA, RoHS, REACH<\/td>\n<\/tr>\n<\/tbody>\n<\/table>\n<\/div>\n<\/div>\n<hr data-start=\"2098\" data-end=\"2101\" \/>\n<h3 data-start=\"2103\" data-end=\"2131\"><strong data-start=\"2107\" data-end=\"2131\">Applications typiques<\/strong><\/h3>\n<ul data-start=\"2133\" data-end=\"2358\">\n<li data-start=\"2133\" data-end=\"2187\">\n<p data-start=\"2135\" data-end=\"2187\"><strong data-start=\"2135\" data-end=\"2185\">Connectivit\u00e9 entre le r\u00e9seau dorsal du centre de donn\u00e9es et l'\u00e9quipement<\/strong><\/p>\n<\/li>\n<li data-start=\"2188\" data-end=\"2231\">\n<p data-start=\"2190\" data-end=\"2231\"><strong data-start=\"2190\" data-end=\"2229\">Liens Ethernet multimode 40G \/ 100G<\/strong><\/p>\n<\/li>\n<li data-start=\"2232\" data-end=\"2278\">\n<p data-start=\"2234\" data-end=\"2278\"><strong data-start=\"2234\" data-end=\"2276\">C\u00e2blage des r\u00e9seaux de t\u00e9l\u00e9communications et d'entreprise<\/strong><\/p>\n<\/li>\n<li data-start=\"2279\" data-end=\"2323\">\n<p data-start=\"2281\" data-end=\"2323\"><strong data-start=\"2281\" data-end=\"2321\">Panneau de raccordement MPO vers SC<\/strong><\/p>\n<\/li>\n<li data-start=\"2324\" data-end=\"2358\">\n<p data-start=\"2326\" data-end=\"2358\"><strong data-start=\"2326\" data-end=\"2358\">R\u00e9seaux de stockage (SAN)<\/strong><\/p>\n<\/li>\n<\/ul>\n<hr data-start=\"2360\" data-end=\"2363\" \/>\n<h3 data-start=\"2365\" data-end=\"2406\"><strong data-start=\"2369\" data-end=\"2406\">Pourquoi choisir MPO-SC-OM3\/OM4-12Core ?<\/strong><\/h3>\n<p data-start=\"2408\" data-end=\"2845\">Le <strong data-start=\"2412\" data-end=\"2437\">MPO-SC-OM3\/OM4-12Core<\/strong> Le cordon de raccordement permet d'\u00e9tablir un pont efficace entre <strong data-start=\"2486\" data-end=\"2521\">infrastructure MPO \u00e0 haute densit\u00e9<\/strong> et <strong data-start=\"2526\" data-end=\"2555\">interfaces SC largement utilis\u00e9es<\/strong>. Sa fibre multimode OM3\/OM4 assure une transmission fiable \u00e0 haut d\u00e9bit, tandis que la conception MPO en \u00e9ventail simplifie la gestion des c\u00e2bles et r\u00e9duit les co\u00fbts d'installation. C'est la solution id\u00e9ale pour mettre \u00e0 niveau les anciens syst\u00e8mes \u00e0 base de SC tout en maintenant la compatibilit\u00e9 avec les r\u00e9seaux dorsaux MPO modernes.<\/p>\n<hr data-start=\"2847\" data-end=\"2850\" \/>\n<h2 data-start=\"2852\" data-end=\"2875\"><strong data-start=\"2855\" data-end=\"2875\">Questions et r\u00e9ponses professionnelles<\/strong><\/h2>\n<p data-start=\"2877\" data-end=\"3073\"><strong data-start=\"2877\" data-end=\"2943\">Q1 : Quelle est la diff\u00e9rence entre OM3 et OM4 pour ce c\u00e2ble ?<\/strong><br data-start=\"2943\" data-end=\"2946\" \/>OM4 offre une plus grande largeur de bande et une plus grande distance de transmission qu'OM3, ce qui le rend plus adapt\u00e9 aux liaisons 100G et aux grands centres de donn\u00e9es.<\/p>\n<p data-start=\"3075\" data-end=\"3294\"><strong data-start=\"3075\" data-end=\"3133\">Q2 : Pourquoi utiliser un c\u00e2ble de d\u00e9rivation MPO vers SC plut\u00f4t que LC ?<\/strong><br data-start=\"3133\" data-end=\"3136\" \/>Les connecteurs SC sont couramment utilis\u00e9s dans les r\u00e9seaux de t\u00e9l\u00e9communication et les r\u00e9seaux d'entreprise existants. Les c\u00e2bles MPO-SC permettent aux trunks MPO modernes de se connecter directement aux \u00e9quipements SC existants.<\/p>\n<p data-start=\"3296\" data-end=\"3480\"><strong data-start=\"3296\" data-end=\"3357\">Q3 : Ce c\u00e2ble est-il adapt\u00e9 aux applications 40G et 100G ?<\/strong><br data-start=\"3357\" data-end=\"3360\" \/>Oui. Avec une fibre multimode OM3 ou OM4 et une interface MPO \u00e0 12 fibres, il prend en charge les \u00e9metteurs-r\u00e9cepteurs 40G et 100G \u00e0 optique parall\u00e8le.<\/p>\n<p data-start=\"3482\" data-end=\"3652\"><strong data-start=\"3482\" data-end=\"3529\">Q4 : Ces c\u00e2bles peuvent-ils \u00eatre configur\u00e9s en fonction de la polarit\u00e9 ?<\/strong><br data-start=\"3529\" data-end=\"3532\" \/>Oui. Les types de polarit\u00e9 MPO (A, B ou C) peuvent \u00eatre s\u00e9lectionn\u00e9s pour assurer un mappage correct des fibres dans diff\u00e9rentes architectures de r\u00e9seau.<\/p>","protected":false},"excerpt":{"rendered":"<p data-start=\"63\" data-end=\"480\">Le <strong data-start=\"67\" data-end=\"92\">MPO-SC-OM3\/OM4-12Core<\/strong> est une haute densit\u00e9 <strong data-start=\"111\" data-end=\"156\">Cordon de raccordement fibre optique MPO vers SC<\/strong> con\u00e7u pour les centres de donn\u00e9es modernes, les r\u00e9seaux d'entreprise et les syst\u00e8mes dorsaux de t\u00e9l\u00e9communications. L'utilisation de <strong data-start=\"248\" data-end=\"288\">Fibre multimode OM3 ou OM4 50\/125 \u00b5m<\/strong>, Gr\u00e2ce \u00e0 l'utilisation d'un c\u00e2ble MPO, cet assemblage de 12 fibres offre des performances \u00e0 haute vitesse et \u00e0 faible perte pour les applications Ethernet 10G, 40G et 100G, tout en fournissant une sortie en \u00e9ventail propre des c\u00e2bles trunk MPO vers les interfaces SC standard.<\/p>\n<p data-start=\"482\" data-end=\"763\">L'une des extr\u00e9mit\u00e9s est termin\u00e9e par un <strong data-start=\"511\" data-end=\"541\">Connecteur MPO\/MTP 12 fibres<\/strong> et l'autre extr\u00e9mit\u00e9 se d\u00e9ploie en <strong data-start=\"576\" data-end=\"596\">12 connecteurs SC<\/strong>, Ce c\u00e2ble constitue une solution fiable et peu encombrante pour connecter des r\u00e9seaux de base MPO \u00e0 haute densit\u00e9 \u00e0 des commutateurs, des panneaux de brassage et des \u00e9quipements existants qui utilisent des ports SC.<\/p>","protected":false},"featured_media":553,"comment_status":"open","ping_status":"closed","template":"","meta":[],"product_brand":[],"product_cat":[42],"product_tag":[],"class_list":{"0":"post-552","1":"product","2":"type-product","3":"status-publish","4":"has-post-thumbnail","6":"product_cat-mpo-mtp-fiber-optic-patch-cord","8":"first","9":"instock","10":"shipping-taxable","11":"product-type-simple"},"_links":{"self":[{"href":"https:\/\/www.fenxifiber.com\/fr\/wp-json\/wp\/v2\/product\/552","targetHints":{"allow":["GET"]}}],"collection":[{"href":"https:\/\/www.fenxifiber.com\/fr\/wp-json\/wp\/v2\/product"}],"about":[{"href":"https:\/\/www.fenxifiber.com\/fr\/wp-json\/wp\/v2\/types\/product"}],"replies":[{"embeddable":true,"href":"https:\/\/www.fenxifiber.com\/fr\/wp-json\/wp\/v2\/comments?post=552"}],"wp:featuredmedia":[{"embeddable":true,"href":"https:\/\/www.fenxifiber.com\/fr\/wp-json\/wp\/v2\/media\/553"}],"wp:attachment":[{"href":"https:\/\/www.fenxifiber.com\/fr\/wp-json\/wp\/v2\/media?parent=552"}],"wp:term":[{"taxonomy":"product_brand","embeddable":true,"href":"https:\/\/www.fenxifiber.com\/fr\/wp-json\/wp\/v2\/product_brand?post=552"},{"taxonomy":"product_cat","embeddable":true,"href":"https:\/\/www.fenxifiber.com\/fr\/wp-json\/wp\/v2\/product_cat?post=552"},{"taxonomy":"product_tag","embeddable":true,"href":"https:\/\/www.fenxifiber.com\/fr\/wp-json\/wp\/v2\/product_tag?post=552"}],"curies":[{"name":"wp","href":"https:\/\/api.w.org\/{rel}","templated":true}]}}