{"id":554,"date":"2026-02-03T01:50:18","date_gmt":"2026-02-03T01:50:18","guid":{"rendered":"https:\/\/www.fenxifiber.com\/?post_type=product&#038;p=554"},"modified":"2026-02-04T01:09:41","modified_gmt":"2026-02-04T01:09:41","slug":"mpo-mpo-om5-8-12core","status":"publish","type":"product","link":"https:\/\/www.fenxifiber.com\/fr\/product\/mpo-mpo-om5-8-12core\/","title":{"rendered":"Cordon de raccordement MPO-MPO-OM5-8\/12Core Wideband Multimode Fiber Patch Cord"},"content":{"rendered":"<h3 data-start=\"705\" data-end=\"727\"><strong data-start=\"709\" data-end=\"727\">Principaux avantages<\/strong><\/h3>\n<ul data-start=\"729\" data-end=\"1507\">\n<li data-start=\"729\" data-end=\"947\">\n<p data-start=\"731\" data-end=\"947\"><strong data-start=\"731\" data-end=\"763\">Fibre multimode \u00e0 large bande OM5<\/strong><br data-start=\"763\" data-end=\"766\" \/>Supporte le SWDM (Short-Wavelength Division Multiplexing), ce qui permet d'utiliser plusieurs longueurs d'onde sur une seule fibre et d'augmenter significativement la capacit\u00e9 totale de la liaison par rapport \u00e0 l'OM3 et l'OM4.<\/p>\n<\/li>\n<li data-start=\"949\" data-end=\"1100\">\n<p data-start=\"951\" data-end=\"1100\"><strong data-start=\"951\" data-end=\"979\">Options 8 c\u0153urs et 12 c\u0153urs<\/strong><br data-start=\"979\" data-end=\"982\" \/>Disponible en configurations 8 ou 12 fibres pour r\u00e9pondre aux exigences des \u00e9metteurs-r\u00e9cepteurs QSFP, QSFP-DD et optiques parall\u00e8les.<\/p>\n<\/li>\n<li data-start=\"1102\" data-end=\"1223\">\n<p data-start=\"1104\" data-end=\"1223\"><strong data-start=\"1104\" data-end=\"1134\">Interface MPO haute densit\u00e9<\/strong><br data-start=\"1134\" data-end=\"1137\" \/>R\u00e9duit l'encombrement des c\u00e2bles, am\u00e9liore la circulation de l'air et optimise l'utilisation des racks et des plateaux.<\/p>\n<\/li>\n<li data-start=\"1225\" data-end=\"1373\">\n<p data-start=\"1227\" data-end=\"1373\"><strong data-start=\"1227\" data-end=\"1267\">Terminaison \u00e0 faible perte et \u00e0 haute pr\u00e9cision<\/strong><br data-start=\"1267\" data-end=\"1270\" \/>Les connecteurs MPO polis en usine garantissent une faible perte d'insertion et des performances optiques stables et \u00e0 grande vitesse.<\/p>\n<\/li>\n<li data-start=\"1375\" data-end=\"1507\">\n<p data-start=\"1377\" data-end=\"1507\"><strong data-start=\"1377\" data-end=\"1400\">R\u00e9trocompatibilit\u00e9<\/strong><br data-start=\"1400\" data-end=\"1403\" \/>Enti\u00e8rement compatible avec les syst\u00e8mes OM4 et OM3 \u00e0 850 nm, tout en offrant une capacit\u00e9 \u00e0 large bande pr\u00eate pour l'avenir.<\/p>\n<\/li>\n<\/ul>\n<hr data-start=\"1509\" data-end=\"1512\" \/>\n<h3 data-start=\"1514\" data-end=\"1546\"><strong data-start=\"1518\" data-end=\"1546\">Sp\u00e9cifications techniques<\/strong><\/h3>\n<div class=\"TyagGW_tableContainer\">\n<div class=\"group TyagGW_tableWrapper flex flex-col-reverse w-fit\" tabindex=\"-1\">\n<table class=\"w-fit min-w-(--thread-content-width)\" data-start=\"1548\" data-end=\"2034\">\n<thead data-start=\"1548\" data-end=\"1584\">\n<tr data-start=\"1548\" data-end=\"1584\">\n<th class=\"\" data-start=\"1548\" data-end=\"1560\" data-col-size=\"sm\">Param\u00e8tres<\/th>\n<th class=\"\" data-start=\"1560\" data-end=\"1584\" data-col-size=\"md\">MPO-MPO-OM5-8\/12Core<\/th>\n<\/tr>\n<\/thead>\n<tbody data-start=\"1613\" data-end=\"2034\">\n<tr data-start=\"1613\" data-end=\"1664\">\n<td data-start=\"1613\" data-end=\"1626\" data-col-size=\"sm\">Type de fibre<\/td>\n<td data-start=\"1626\" data-end=\"1664\" data-col-size=\"md\">OM5 Multimode large bande (50\/125 \u00b5m)<\/td>\n<\/tr>\n<tr data-start=\"1665\" data-end=\"1696\">\n<td data-start=\"1665\" data-end=\"1678\" data-col-size=\"sm\">Compte de base<\/td>\n<td data-start=\"1678\" data-end=\"1696\" data-col-size=\"md\">8 ou 12 fibres<\/td>\n<\/tr>\n<tr data-start=\"1697\" data-end=\"1740\">\n<td data-start=\"1697\" data-end=\"1714\" data-col-size=\"sm\">Type de connecteur<\/td>\n<td data-col-size=\"md\" data-start=\"1714\" data-end=\"1740\">MPO \/ MTP \u00e0 MPO \/ MTP<\/td>\n<\/tr>\n<tr data-start=\"1741\" data-end=\"1792\">\n<td data-start=\"1741\" data-end=\"1765\" data-col-size=\"sm\">Longueurs d'onde de fonctionnement<\/td>\n<td data-col-size=\"md\" data-start=\"1765\" data-end=\"1792\">850-953 nm (pr\u00eat pour SWDM)<\/td>\n<\/tr>\n<tr data-start=\"1793\" data-end=\"1865\">\n<td data-start=\"1793\" data-end=\"1810\" data-col-size=\"sm\">Perte d'insertion<\/td>\n<td data-col-size=\"md\" data-start=\"1810\" data-end=\"1865\">\u2264 0,35 dB (standard), \u2264 0,20 dB (faible perte en option)<\/td>\n<\/tr>\n<tr data-start=\"1866\" data-end=\"1891\">\n<td data-start=\"1866\" data-end=\"1880\" data-col-size=\"sm\">Perte de retour<\/td>\n<td data-col-size=\"md\" data-start=\"1880\" data-end=\"1891\">\u2265 30 dB<\/td>\n<\/tr>\n<tr data-start=\"1892\" data-end=\"1921\">\n<td data-start=\"1892\" data-end=\"1906\" data-col-size=\"sm\">Type de veste<\/td>\n<td data-col-size=\"md\" data-start=\"1906\" data-end=\"1921\">LSZH ou PVC<\/td>\n<\/tr>\n<tr data-start=\"1922\" data-end=\"1950\">\n<td data-start=\"1922\" data-end=\"1939\" data-col-size=\"sm\">Diam\u00e8tre du c\u00e2ble<\/td>\n<td data-col-size=\"md\" data-start=\"1939\" data-end=\"1950\">~3,0 mm<\/td>\n<\/tr>\n<tr data-start=\"1951\" data-end=\"1995\">\n<td data-start=\"1951\" data-end=\"1975\" data-col-size=\"sm\">Temp\u00e9rature de fonctionnement<\/td>\n<td data-col-size=\"md\" data-start=\"1975\" data-end=\"1995\">De -10 \u00b0C \u00e0 +70 \u00b0C<\/td>\n<\/tr>\n<tr data-start=\"1996\" data-end=\"2034\">\n<td data-start=\"1996\" data-end=\"2009\" data-col-size=\"sm\">Conformit\u00e9<\/td>\n<td data-col-size=\"md\" data-start=\"2009\" data-end=\"2034\">IEC, TIA, RoHS, REACH<\/td>\n<\/tr>\n<\/tbody>\n<\/table>\n<\/div>\n<\/div>\n<hr data-start=\"2036\" data-end=\"2039\" \/>\n<h3 data-start=\"2041\" data-end=\"2069\"><strong data-start=\"2045\" data-end=\"2069\">Applications typiques<\/strong><\/h3>\n<ul data-start=\"2071\" data-end=\"2319\">\n<li data-start=\"2071\" data-end=\"2118\">\n<p data-start=\"2073\" data-end=\"2118\"><strong data-start=\"2073\" data-end=\"2116\">R\u00e9seaux de centres de donn\u00e9es 100G \/ 200G \/ 400G<\/strong><\/p>\n<\/li>\n<li data-start=\"2119\" data-end=\"2163\">\n<p data-start=\"2121\" data-end=\"2163\"><strong data-start=\"2121\" data-end=\"2161\">MPO Backbone et Cross-Connect Links<\/strong><\/p>\n<\/li>\n<li data-start=\"2164\" data-end=\"2222\">\n<p data-start=\"2166\" data-end=\"2222\"><strong data-start=\"2166\" data-end=\"2220\">IA, cloud et grappes de calcul \u00e0 haute performance<\/strong><\/p>\n<\/li>\n<li data-start=\"2223\" data-end=\"2261\">\n<p data-start=\"2225\" data-end=\"2261\"><strong data-start=\"2225\" data-end=\"2259\">Syst\u00e8mes optiques multimodes SWDM<\/strong><\/p>\n<\/li>\n<li data-start=\"2262\" data-end=\"2319\">\n<p data-start=\"2264\" data-end=\"2319\"><strong data-start=\"2264\" data-end=\"2319\">Connexions d'\u00e9metteurs-r\u00e9cepteurs optiques parall\u00e8les \u00e0 haute densit\u00e9<\/strong><\/p>\n<\/li>\n<\/ul>\n<hr data-start=\"2321\" data-end=\"2324\" \/>\n<h3 data-start=\"2326\" data-end=\"2366\"><strong data-start=\"2330\" data-end=\"2366\">Pourquoi choisir MPO-MPO-OM5-8\/12Core ?<\/strong><\/h3>\n<p data-start=\"2368\" data-end=\"2650\">Contrairement aux c\u00e2bles OM3 ou OM4 conventionnels qui reposent sur une seule longueur d'onde, <strong data-start=\"2440\" data-end=\"2532\">La fibre OM5 \u00e0 large bande permet \u00e0 plusieurs longueurs d'onde de fonctionner simultan\u00e9ment sur la m\u00eame fibre.<\/strong>. Cela permet d'augmenter les d\u00e9bits de donn\u00e9es sans augmenter le nombre de fibres, ce qui r\u00e9duit la complexit\u00e9 du c\u00e2blage et les co\u00fbts de mise \u00e0 niveau futurs.<\/p>\n<p data-start=\"2652\" data-end=\"2806\">Le <strong data-start=\"2656\" data-end=\"2680\">MPO-MPO-OM5-8\/12Core<\/strong> est le choix id\u00e9al pour les organisations qui construisent <strong data-start=\"2739\" data-end=\"2805\">des infrastructures en fibre optique \u00e9volutives, \u00e0 haute densit\u00e9 et pr\u00eates pour l'avenir<\/strong>.<\/p>\n<hr data-start=\"2808\" data-end=\"2811\" \/>\n<h2 data-start=\"2813\" data-end=\"2836\"><strong data-start=\"2816\" data-end=\"2836\">Questions et r\u00e9ponses professionnelles<\/strong><\/h2>\n<p data-start=\"2838\" data-end=\"3093\"><strong data-start=\"2838\" data-end=\"2907\">Q1 : Quelle est la diff\u00e9rence entre les c\u00e2bles MPO \u00e0 8 et 12 conducteurs ?<\/strong><br data-start=\"2907\" data-end=\"2910\" \/>Les c\u00e2bles \u00e0 8 conducteurs sont optimis\u00e9s pour de nombreuses applications 40G\/100G et breakout, tandis que les c\u00e2bles \u00e0 12 conducteurs offrent une capacit\u00e9 MPO compl\u00e8te et une plus grande flexibilit\u00e9 pour les syst\u00e8mes de backbone et de cross-connect.<\/p>\n<p data-start=\"3095\" data-end=\"3260\"><strong data-start=\"3095\" data-end=\"3148\">Q2 : Les c\u00e2bles OM5 peuvent-ils \u00eatre utilis\u00e9s avec des \u00e9metteurs-r\u00e9cepteurs OM4 ?<\/strong><br data-start=\"3148\" data-end=\"3151\" \/>Oui. OM5 est enti\u00e8rement r\u00e9trocompatible avec OM4 et OM3 \u00e0 850 nm, et fonctionne donc avec les optiques multimodes standard.<\/p>\n<p data-start=\"3262\" data-end=\"3476\"><strong data-start=\"3262\" data-end=\"3307\">Q3 : Qu'est-ce que le SWDM et pourquoi est-il important ?<\/strong><br data-start=\"3307\" data-end=\"3310\" \/>Le SWDM (Short-Wavelength Division Multiplexing) transmet plusieurs longueurs d'onde sur une seule fibre multimode, ce qui permet d'augmenter la largeur de bande totale sans avoir \u00e0 installer davantage de fibres.<\/p>\n<p data-start=\"3478\" data-end=\"3685\"><strong data-start=\"3478\" data-end=\"3528\">Q4 : MPO-MPO-OM5 est-il adapt\u00e9 aux r\u00e9seaux 400G ?<\/strong><br data-start=\"3528\" data-end=\"3531\" \/>Oui. L'OM5 est con\u00e7u pour prendre en charge <strong data-start=\"3563\" data-end=\"3634\">multimode \u00e0 longueurs d'onde multiples 400G et futures liaisons optiques \u00e0 grande vitesse<\/strong>, ce qui en fait la solution id\u00e9ale pour les centres de donn\u00e9es de la prochaine g\u00e9n\u00e9ration.<\/p>","protected":false},"excerpt":{"rendered":"<p data-start=\"65\" data-end=\"478\">Le <strong data-start=\"69\" data-end=\"93\">MPO-MPO-OM5-8\/12Core<\/strong> est un logiciel de nouvelle g\u00e9n\u00e9ration <strong data-start=\"115\" data-end=\"152\">cordon de raccordement en fibre MPO haute densit\u00e9<\/strong> construit avec <strong data-start=\"164\" data-end=\"204\">Fibre multimode \u00e0 large bande OM5 (WBMMF)<\/strong> pour prendre en charge les r\u00e9seaux 100G\/400G actuels et les futurs syst\u00e8mes optiques bas\u00e9s sur le SWDM. Con\u00e7u pour les centres de donn\u00e9es \u00e0 ultra-haute capacit\u00e9, les clusters d'intelligence artificielle et les infrastructures cloud, ce c\u00e2ble offre plus de bande passante par fibre en permettant de <strong data-start=\"425\" data-end=\"477\">transmission multi-longueur d'onde de 850 \u00e0 953 nm<\/strong>.<\/p>\n<p data-start=\"480\" data-end=\"698\">Avec des connecteurs MPO aux deux extr\u00e9mit\u00e9s, ce cordon de raccordement est id\u00e9al pour <strong data-start=\"543\" data-end=\"614\">Liaisons MPO, connexions crois\u00e9es et \u00e9metteurs-r\u00e9cepteurs optiques parall\u00e8les<\/strong>, permettant un c\u00e2blage compact, \u00e0 faible perte et \u00e0 l'\u00e9preuve du temps dans les environnements \u00e0 haute densit\u00e9.<\/p>","protected":false},"featured_media":555,"comment_status":"open","ping_status":"closed","template":"","meta":[],"product_brand":[],"product_cat":[42],"product_tag":[],"class_list":{"0":"post-554","1":"product","2":"type-product","3":"status-publish","4":"has-post-thumbnail","6":"product_cat-mpo-mtp-fiber-optic-patch-cord","8":"first","9":"instock","10":"shipping-taxable","11":"product-type-simple"},"_links":{"self":[{"href":"https:\/\/www.fenxifiber.com\/fr\/wp-json\/wp\/v2\/product\/554","targetHints":{"allow":["GET"]}}],"collection":[{"href":"https:\/\/www.fenxifiber.com\/fr\/wp-json\/wp\/v2\/product"}],"about":[{"href":"https:\/\/www.fenxifiber.com\/fr\/wp-json\/wp\/v2\/types\/product"}],"replies":[{"embeddable":true,"href":"https:\/\/www.fenxifiber.com\/fr\/wp-json\/wp\/v2\/comments?post=554"}],"wp:featuredmedia":[{"embeddable":true,"href":"https:\/\/www.fenxifiber.com\/fr\/wp-json\/wp\/v2\/media\/555"}],"wp:attachment":[{"href":"https:\/\/www.fenxifiber.com\/fr\/wp-json\/wp\/v2\/media?parent=554"}],"wp:term":[{"taxonomy":"product_brand","embeddable":true,"href":"https:\/\/www.fenxifiber.com\/fr\/wp-json\/wp\/v2\/product_brand?post=554"},{"taxonomy":"product_cat","embeddable":true,"href":"https:\/\/www.fenxifiber.com\/fr\/wp-json\/wp\/v2\/product_cat?post=554"},{"taxonomy":"product_tag","embeddable":true,"href":"https:\/\/www.fenxifiber.com\/fr\/wp-json\/wp\/v2\/product_tag?post=554"}],"curies":[{"name":"wp","href":"https:\/\/api.w.org\/{rel}","templated":true}]}}