{"id":556,"date":"2026-02-03T01:52:18","date_gmt":"2026-02-03T01:52:18","guid":{"rendered":"https:\/\/www.fenxifiber.com\/?post_type=product&#038;p=556"},"modified":"2026-02-04T01:10:08","modified_gmt":"2026-02-04T01:10:08","slug":"mpo-mpo-om4-8-12core","status":"publish","type":"product","link":"https:\/\/www.fenxifiber.com\/fr\/product\/mpo-mpo-om4-8-12core\/","title":{"rendered":"MPO-MPO-OM4-8\/12Core Cordon de raccordement multimode en fibre optique"},"content":{"rendered":"<h3 data-start=\"690\" data-end=\"712\"><strong data-start=\"694\" data-end=\"712\">Principaux avantages<\/strong><\/h3>\n<ul data-start=\"714\" data-end=\"1374\">\n<li data-start=\"714\" data-end=\"885\">\n<p data-start=\"716\" data-end=\"885\"><strong data-start=\"716\" data-end=\"744\">Fibre OM4 \u00e0 large bande passante<\/strong><br data-start=\"744\" data-end=\"747\" \/>L'OM4 offre une largeur de bande modale effective plus \u00e9lev\u00e9e que l'OM3, ce qui permet des distances de transmission plus longues \u00e0 des d\u00e9bits de donn\u00e9es \u00e9lev\u00e9s tels que 100G et 400G.<\/p>\n<\/li>\n<li data-start=\"887\" data-end=\"1022\">\n<p data-start=\"889\" data-end=\"1022\"><strong data-start=\"889\" data-end=\"917\">Options 8 c\u0153urs et 12 c\u0153urs<\/strong><br data-start=\"917\" data-end=\"920\" \/>Disponible en version 8 fibres ou 12 fibres pour s'adapter aux diff\u00e9rentes architectures d'\u00e9metteurs-r\u00e9cepteurs et de backbone.<\/p>\n<\/li>\n<li data-start=\"1024\" data-end=\"1146\">\n<p data-start=\"1026\" data-end=\"1146\"><strong data-start=\"1026\" data-end=\"1056\">Interface MPO haute densit\u00e9<\/strong><br data-start=\"1056\" data-end=\"1059\" \/>R\u00e9duit le volume des c\u00e2bles, am\u00e9liore la circulation de l'air et optimise l'efficacit\u00e9 de l'espace des racks et des plateaux.<\/p>\n<\/li>\n<li data-start=\"1148\" data-end=\"1279\">\n<p data-start=\"1150\" data-end=\"1279\"><strong data-start=\"1150\" data-end=\"1172\">Faible perte d'insertion<\/strong><br data-start=\"1172\" data-end=\"1175\" \/>Les connecteurs MPO polis avec pr\u00e9cision garantissent d'excellentes performances optiques et une transmission stable du signal.<\/p>\n<\/li>\n<li data-start=\"1281\" data-end=\"1374\">\n<p data-start=\"1283\" data-end=\"1374\"><strong data-start=\"1283\" data-end=\"1307\">Conception pr\u00eate \u00e0 l'emploi<\/strong><br data-start=\"1307\" data-end=\"1310\" \/>Termin\u00e9 en usine et test\u00e9 pour un d\u00e9ploiement rapide et sans erreur.<\/p>\n<\/li>\n<\/ul>\n<hr data-start=\"1376\" data-end=\"1379\" \/>\n<h3 data-start=\"1381\" data-end=\"1413\"><strong data-start=\"1385\" data-end=\"1413\">Sp\u00e9cifications techniques<\/strong><\/h3>\n<div class=\"TyagGW_tableContainer\">\n<div class=\"group TyagGW_tableWrapper flex flex-col-reverse w-fit\" tabindex=\"-1\">\n<table class=\"w-fit min-w-(--thread-content-width)\" data-start=\"1415\" data-end=\"1874\">\n<thead data-start=\"1415\" data-end=\"1451\">\n<tr data-start=\"1415\" data-end=\"1451\">\n<th class=\"\" data-start=\"1415\" data-end=\"1427\" data-col-size=\"sm\">Param\u00e8tres<\/th>\n<th class=\"\" data-start=\"1427\" data-end=\"1451\" data-col-size=\"md\">MPO-MPO-OM4-8\/12Core<\/th>\n<\/tr>\n<\/thead>\n<tbody data-start=\"1480\" data-end=\"1874\">\n<tr data-start=\"1480\" data-end=\"1522\">\n<td data-start=\"1480\" data-end=\"1493\" data-col-size=\"sm\">Type de fibre<\/td>\n<td data-col-size=\"md\" data-start=\"1493\" data-end=\"1522\">OM4 Multimode (50\/125 \u00b5m)<\/td>\n<\/tr>\n<tr data-start=\"1523\" data-end=\"1554\">\n<td data-start=\"1523\" data-end=\"1536\" data-col-size=\"sm\">Compte de base<\/td>\n<td data-col-size=\"md\" data-start=\"1536\" data-end=\"1554\">8 ou 12 fibres<\/td>\n<\/tr>\n<tr data-start=\"1555\" data-end=\"1598\">\n<td data-start=\"1555\" data-end=\"1572\" data-col-size=\"sm\">Type de connecteur<\/td>\n<td data-col-size=\"md\" data-start=\"1572\" data-end=\"1598\">MPO \/ MTP \u00e0 MPO \/ MTP<\/td>\n<\/tr>\n<tr data-start=\"1599\" data-end=\"1632\">\n<td data-start=\"1599\" data-end=\"1622\" data-col-size=\"sm\">Longueur d'onde de fonctionnement<\/td>\n<td data-col-size=\"md\" data-start=\"1622\" data-end=\"1632\">850 nm<\/td>\n<\/tr>\n<tr data-start=\"1633\" data-end=\"1705\">\n<td data-start=\"1633\" data-end=\"1650\" data-col-size=\"sm\">Perte d'insertion<\/td>\n<td data-col-size=\"md\" data-start=\"1650\" data-end=\"1705\">\u2264 0,35 dB (standard), \u2264 0,20 dB (faible perte en option)<\/td>\n<\/tr>\n<tr data-start=\"1706\" data-end=\"1731\">\n<td data-start=\"1706\" data-end=\"1720\" data-col-size=\"sm\">Perte de retour<\/td>\n<td data-col-size=\"md\" data-start=\"1720\" data-end=\"1731\">\u2265 30 dB<\/td>\n<\/tr>\n<tr data-start=\"1732\" data-end=\"1761\">\n<td data-start=\"1732\" data-end=\"1746\" data-col-size=\"sm\">Type de veste<\/td>\n<td data-col-size=\"md\" data-start=\"1746\" data-end=\"1761\">LSZH ou PVC<\/td>\n<\/tr>\n<tr data-start=\"1762\" data-end=\"1790\">\n<td data-start=\"1762\" data-end=\"1779\" data-col-size=\"sm\">Diam\u00e8tre du c\u00e2ble<\/td>\n<td data-col-size=\"md\" data-start=\"1779\" data-end=\"1790\">~3,0 mm<\/td>\n<\/tr>\n<tr data-start=\"1791\" data-end=\"1835\">\n<td data-start=\"1791\" data-end=\"1815\" data-col-size=\"sm\">Temp\u00e9rature de fonctionnement<\/td>\n<td data-col-size=\"md\" data-start=\"1815\" data-end=\"1835\">De -10 \u00b0C \u00e0 +70 \u00b0C<\/td>\n<\/tr>\n<tr data-start=\"1836\" data-end=\"1874\">\n<td data-start=\"1836\" data-end=\"1849\" data-col-size=\"sm\">Conformit\u00e9<\/td>\n<td data-col-size=\"md\" data-start=\"1849\" data-end=\"1874\">IEC, TIA, RoHS, REACH<\/td>\n<\/tr>\n<\/tbody>\n<\/table>\n<\/div>\n<\/div>\n<hr data-start=\"1876\" data-end=\"1879\" \/>\n<h3 data-start=\"1881\" data-end=\"1909\"><strong data-start=\"1885\" data-end=\"1909\">Applications typiques<\/strong><\/h3>\n<ul data-start=\"1911\" data-end=\"2134\">\n<li data-start=\"1911\" data-end=\"1957\">\n<p data-start=\"1913\" data-end=\"1957\"><strong data-start=\"1913\" data-end=\"1955\">R\u00e9seaux de centres de donn\u00e9es 40G \/ 100G \/ 400G<\/strong><\/p>\n<\/li>\n<li data-start=\"1958\" data-end=\"2004\">\n<p data-start=\"1960\" data-end=\"2004\"><strong data-start=\"1960\" data-end=\"2002\">MPO Backbone et Cross-Connect Cabling<\/strong><\/p>\n<\/li>\n<li data-start=\"2005\" data-end=\"2057\">\n<p data-start=\"2007\" data-end=\"2057\"><strong data-start=\"2007\" data-end=\"2055\">Interconnexions haute densit\u00e9 pour serveurs et commutateurs<\/strong><\/p>\n<\/li>\n<li data-start=\"2058\" data-end=\"2099\">\n<p data-start=\"2060\" data-end=\"2099\"><strong data-start=\"2060\" data-end=\"2097\">Cloud, IA et infrastructure HPC<\/strong><\/p>\n<\/li>\n<li data-start=\"2100\" data-end=\"2134\">\n<p data-start=\"2102\" data-end=\"2134\"><strong data-start=\"2102\" data-end=\"2134\">R\u00e9seaux de stockage (SAN)<\/strong><\/p>\n<\/li>\n<\/ul>\n<hr data-start=\"2136\" data-end=\"2139\" \/>\n<h3 data-start=\"2141\" data-end=\"2181\"><strong data-start=\"2145\" data-end=\"2181\">Pourquoi choisir MPO-MPO-OM4-8\/12Core ?<\/strong><\/h3>\n<p data-start=\"2183\" data-end=\"2501\">Le <strong data-start=\"2187\" data-end=\"2211\">MPO-MPO-OM4-8\/12Core<\/strong> cordon de raccordement combine <strong data-start=\"2232\" data-end=\"2260\">fibre OM4 \u00e0 large bande passante<\/strong> avec un <strong data-start=\"2268\" data-end=\"2293\">interface MPO compacte<\/strong>, Il offre une connectivit\u00e9 fiable, \u00e9volutive et pr\u00eate \u00e0 l'emploi pour les centres de donn\u00e9es modernes. Il prend en charge l'Ethernet \u00e0 haut d\u00e9bit d'aujourd'hui tout en offrant la flexibilit\u00e9 n\u00e9cessaire \u00e0 l'expansion du r\u00e9seau sans rec\u00e2blage.<\/p>\n<hr data-start=\"2503\" data-end=\"2506\" \/>\n<h2 data-start=\"2508\" data-end=\"2531\"><strong data-start=\"2511\" data-end=\"2531\">Questions et r\u00e9ponses professionnelles<\/strong><\/h2>\n<p data-start=\"2533\" data-end=\"2713\"><strong data-start=\"2533\" data-end=\"2584\">Q1 : Quelle est la diff\u00e9rence entre OM3 et OM4 ?<\/strong><br data-start=\"2584\" data-end=\"2587\" \/>OM4 offre une largeur de bande plus \u00e9lev\u00e9e et une distance de transmission plus longue qu'OM3, ce qui le rend plus adapt\u00e9 aux applications 100G et 400G.<\/p>\n<p data-start=\"2715\" data-end=\"2923\"><strong data-start=\"2715\" data-end=\"2768\">Q2 : Dois-je choisir des c\u00e2bles MPO \u00e0 8 ou 12 conducteurs ?<\/strong><br data-start=\"2768\" data-end=\"2771\" \/>Le 8-core est couramment utilis\u00e9 pour les r\u00e9partitions 40G\/100G, tandis que le 12-core offre une capacit\u00e9 MPO compl\u00e8te et une plus grande flexibilit\u00e9 pour les syst\u00e8mes de backbone et de cross-connect.<\/p>\n<p data-start=\"2925\" data-end=\"3067\"><strong data-start=\"2925\" data-end=\"2977\">Q3 : Les c\u00e2bles MPO OM4 peuvent-ils \u00eatre utilis\u00e9s avec des syst\u00e8mes OM3 ?<\/strong><br data-start=\"2977\" data-end=\"2980\" \/>Oui. OM4 est r\u00e9trocompatible avec OM3 et fonctionnera avec les \u00e9metteurs-r\u00e9cepteurs OM3 \u00e0 850 nm.<\/p>\n<p data-start=\"3069\" data-end=\"3239\"><strong data-start=\"3069\" data-end=\"3116\">Q4 : La polarit\u00e9 de ces c\u00e2bles peut-elle \u00eatre configur\u00e9e ?<\/strong><br data-start=\"3116\" data-end=\"3119\" \/>Oui. Les types de polarit\u00e9 (A, B ou C) peuvent \u00eatre sp\u00e9cifi\u00e9s pour assurer un mappage correct des fibres dans diff\u00e9rentes architectures de r\u00e9seau MPO.<\/p>","protected":false},"excerpt":{"rendered":"<p data-start=\"62\" data-end=\"450\">Le <strong data-start=\"66\" data-end=\"90\">MPO-MPO-OM4-8\/12Core<\/strong> est une solution performante <strong data-start=\"113\" data-end=\"154\">Cordon de raccordement MPO \u00e0 MPO pour fibre multimode<\/strong> con\u00e7u pour les centres de donn\u00e9es haute densit\u00e9, les plateformes d'informatique en nuage et les r\u00e9seaux dorsaux d'entreprise d'aujourd'hui. Construit avec <strong data-start=\"275\" data-end=\"324\">Fibre multimode OM4 50\/125 \u00b5m optimis\u00e9e pour le laser<\/strong>, Il offre une largeur de bande sup\u00e9rieure et une port\u00e9e plus longue que l'OM3, ce qui le rend id\u00e9al pour les applications suivantes <strong data-start=\"404\" data-end=\"436\">Ethernet 40G, 100G et 400G<\/strong> des applications.<\/p>\n<p data-start=\"452\" data-end=\"683\">Avec connecteurs MPO aux deux extr\u00e9mit\u00e9s et support pour <strong data-start=\"501\" data-end=\"539\">Configurations \u00e0 8 ou 12 fibres<\/strong>, Ce c\u00e2ble constitue une solution compacte, \u00e0 faible perte et \u00e9volutive pour les applications suivantes <strong data-start=\"608\" data-end=\"682\">C\u00e2blage MPO de l'\u00e9pine dorsale, connexions crois\u00e9es et \u00e9metteurs-r\u00e9cepteurs optiques parall\u00e8les<\/strong>.<\/p>","protected":false},"featured_media":557,"comment_status":"open","ping_status":"closed","template":"","meta":[],"product_brand":[],"product_cat":[42],"product_tag":[],"class_list":{"0":"post-556","1":"product","2":"type-product","3":"status-publish","4":"has-post-thumbnail","6":"product_cat-mpo-mtp-fiber-optic-patch-cord","8":"first","9":"instock","10":"shipping-taxable","11":"product-type-simple"},"_links":{"self":[{"href":"https:\/\/www.fenxifiber.com\/fr\/wp-json\/wp\/v2\/product\/556","targetHints":{"allow":["GET"]}}],"collection":[{"href":"https:\/\/www.fenxifiber.com\/fr\/wp-json\/wp\/v2\/product"}],"about":[{"href":"https:\/\/www.fenxifiber.com\/fr\/wp-json\/wp\/v2\/types\/product"}],"replies":[{"embeddable":true,"href":"https:\/\/www.fenxifiber.com\/fr\/wp-json\/wp\/v2\/comments?post=556"}],"wp:featuredmedia":[{"embeddable":true,"href":"https:\/\/www.fenxifiber.com\/fr\/wp-json\/wp\/v2\/media\/557"}],"wp:attachment":[{"href":"https:\/\/www.fenxifiber.com\/fr\/wp-json\/wp\/v2\/media?parent=556"}],"wp:term":[{"taxonomy":"product_brand","embeddable":true,"href":"https:\/\/www.fenxifiber.com\/fr\/wp-json\/wp\/v2\/product_brand?post=556"},{"taxonomy":"product_cat","embeddable":true,"href":"https:\/\/www.fenxifiber.com\/fr\/wp-json\/wp\/v2\/product_cat?post=556"},{"taxonomy":"product_tag","embeddable":true,"href":"https:\/\/www.fenxifiber.com\/fr\/wp-json\/wp\/v2\/product_tag?post=556"}],"curies":[{"name":"wp","href":"https:\/\/api.w.org\/{rel}","templated":true}]}}