{"id":558,"date":"2026-02-03T01:54:58","date_gmt":"2026-02-03T01:54:58","guid":{"rendered":"https:\/\/www.fenxifiber.com\/?post_type=product&#038;p=558"},"modified":"2026-02-04T01:10:37","modified_gmt":"2026-02-04T01:10:37","slug":"mpo-lc-om4-12core","status":"publish","type":"product","link":"https:\/\/www.fenxifiber.com\/fr\/product\/mpo-lc-om4-12core\/","title":{"rendered":"MPO-LC-OM4-12Core Cordon de raccordement en fibre multimode haute densit\u00e9"},"content":{"rendered":"<h3 data-start=\"748\" data-end=\"770\"><strong data-start=\"752\" data-end=\"770\">Principaux avantages<\/strong><\/h3>\n<ul data-start=\"772\" data-end=\"1483\">\n<li data-start=\"772\" data-end=\"934\">\n<p data-start=\"774\" data-end=\"934\"><strong data-start=\"774\" data-end=\"802\">Fibre OM4 \u00e0 large bande passante<\/strong><br data-start=\"802\" data-end=\"805\" \/>L'OM4 permet une plus grande port\u00e9e et des d\u00e9bits de donn\u00e9es plus \u00e9lev\u00e9s que l'OM3, ce qui le rend adapt\u00e9 aux environnements exigeants des centres de donn\u00e9es.<\/p>\n<\/li>\n<li data-start=\"936\" data-end=\"1100\">\n<p data-start=\"938\" data-end=\"1100\"><strong data-start=\"938\" data-end=\"969\">12-Fibres MPO \u00e0 LC Breakout<\/strong><br data-start=\"969\" data-end=\"972\" \/>Une seule interface MPO se connecte \u00e0 douze ports LC, offrant une sortie en \u00e9ventail propre et organis\u00e9e aux commutateurs, aux serveurs et aux panneaux de brassage.<\/p>\n<\/li>\n<li data-start=\"1102\" data-end=\"1256\">\n<p data-start=\"1104\" data-end=\"1256\"><strong data-start=\"1104\" data-end=\"1145\">Faible perte d'insertion et haute fiabilit\u00e9<\/strong><br data-start=\"1145\" data-end=\"1148\" \/>Les connecteurs polis avec pr\u00e9cision et les tests effectu\u00e9s en usine garantissent une excellente qualit\u00e9 de signal et une stabilit\u00e9 \u00e0 long terme.<\/p>\n<\/li>\n<li data-start=\"1258\" data-end=\"1370\">\n<p data-start=\"1260\" data-end=\"1370\"><strong data-start=\"1260\" data-end=\"1297\">Conception \u00e0 haute densit\u00e9 et \u00e0 faible encombrement<\/strong><br data-start=\"1297\" data-end=\"1300\" \/>R\u00e9duit l'encombrement des c\u00e2bles et am\u00e9liore la circulation de l'air dans les racks et les armoires.<\/p>\n<\/li>\n<li data-start=\"1372\" data-end=\"1483\">\n<p data-start=\"1374\" data-end=\"1483\"><strong data-start=\"1374\" data-end=\"1404\">Installation Plug-and-Play<\/strong><br data-start=\"1404\" data-end=\"1407\" \/>Pr\u00e9-termin\u00e9s et test\u00e9s pour un d\u00e9ploiement rapide avec un risque d'erreur minimal.<\/p>\n<\/li>\n<\/ul>\n<hr data-start=\"1485\" data-end=\"1488\" \/>\n<h3 data-start=\"1490\" data-end=\"1522\"><strong data-start=\"1494\" data-end=\"1522\">Sp\u00e9cifications techniques<\/strong><\/h3>\n<div class=\"TyagGW_tableContainer\">\n<div class=\"group TyagGW_tableWrapper flex flex-col-reverse w-fit\" tabindex=\"-1\">\n<table class=\"w-fit min-w-(--thread-content-width)\" data-start=\"1524\" data-end=\"1987\">\n<thead data-start=\"1524\" data-end=\"1557\">\n<tr data-start=\"1524\" data-end=\"1557\">\n<th class=\"\" data-start=\"1524\" data-end=\"1536\" data-col-size=\"sm\">Param\u00e8tres<\/th>\n<th class=\"\" data-start=\"1536\" data-end=\"1557\" data-col-size=\"sm\">MPO-LC-OM4-12Core<\/th>\n<\/tr>\n<\/thead>\n<tbody data-start=\"1586\" data-end=\"1987\">\n<tr data-start=\"1586\" data-end=\"1628\">\n<td data-start=\"1586\" data-end=\"1599\" data-col-size=\"sm\">Type de fibre<\/td>\n<td data-start=\"1599\" data-end=\"1628\" data-col-size=\"sm\">OM4 Multimode (50\/125 \u00b5m)<\/td>\n<\/tr>\n<tr data-start=\"1629\" data-end=\"1655\">\n<td data-start=\"1629\" data-end=\"1642\" data-col-size=\"sm\">Compte de base<\/td>\n<td data-start=\"1642\" data-end=\"1655\" data-col-size=\"sm\">12 fibres<\/td>\n<\/tr>\n<tr data-start=\"1656\" data-end=\"1694\">\n<td data-start=\"1656\" data-end=\"1670\" data-col-size=\"sm\">Connecteur A<\/td>\n<td data-start=\"1670\" data-end=\"1694\" data-col-size=\"sm\">MPO \/ MTP (12 fibres)<\/td>\n<\/tr>\n<tr data-start=\"1695\" data-end=\"1731\">\n<td data-start=\"1695\" data-end=\"1709\" data-col-size=\"sm\">Connecteur B<\/td>\n<td data-start=\"1709\" data-end=\"1731\" data-col-size=\"sm\">12 \u00d7 connecteurs LC<\/td>\n<\/tr>\n<tr data-start=\"1732\" data-end=\"1765\">\n<td data-start=\"1732\" data-end=\"1755\" data-col-size=\"sm\">Longueur d'onde de fonctionnement<\/td>\n<td data-start=\"1755\" data-end=\"1765\" data-col-size=\"sm\">850 nm<\/td>\n<\/tr>\n<tr data-start=\"1766\" data-end=\"1818\">\n<td data-start=\"1766\" data-end=\"1783\" data-col-size=\"sm\">Perte d'insertion<\/td>\n<td data-start=\"1783\" data-end=\"1818\" data-col-size=\"sm\">\u2264 0,35 dB (MPO), \u2264 0,30 dB (LC)<\/td>\n<\/tr>\n<tr data-start=\"1819\" data-end=\"1844\">\n<td data-start=\"1819\" data-end=\"1833\" data-col-size=\"sm\">Perte de retour<\/td>\n<td data-col-size=\"sm\" data-start=\"1833\" data-end=\"1844\">\u2265 30 dB<\/td>\n<\/tr>\n<tr data-start=\"1845\" data-end=\"1874\">\n<td data-start=\"1845\" data-end=\"1859\" data-col-size=\"sm\">Type de veste<\/td>\n<td data-start=\"1859\" data-end=\"1874\" data-col-size=\"sm\">LSZH ou PVC<\/td>\n<\/tr>\n<tr data-start=\"1875\" data-end=\"1903\">\n<td data-start=\"1875\" data-end=\"1892\" data-col-size=\"sm\">Diam\u00e8tre du c\u00e2ble<\/td>\n<td data-col-size=\"sm\" data-start=\"1892\" data-end=\"1903\">~3,0 mm<\/td>\n<\/tr>\n<tr data-start=\"1904\" data-end=\"1948\">\n<td data-start=\"1904\" data-end=\"1928\" data-col-size=\"sm\">Temp\u00e9rature de fonctionnement<\/td>\n<td data-col-size=\"sm\" data-start=\"1928\" data-end=\"1948\">De -10 \u00b0C \u00e0 +70 \u00b0C<\/td>\n<\/tr>\n<tr data-start=\"1949\" data-end=\"1987\">\n<td data-start=\"1949\" data-end=\"1962\" data-col-size=\"sm\">Conformit\u00e9<\/td>\n<td data-col-size=\"sm\" data-start=\"1962\" data-end=\"1987\">IEC, TIA, RoHS, REACH<\/td>\n<\/tr>\n<\/tbody>\n<\/table>\n<\/div>\n<\/div>\n<hr data-start=\"1989\" data-end=\"1992\" \/>\n<h3 data-start=\"1994\" data-end=\"2022\"><strong data-start=\"1998\" data-end=\"2022\">Applications typiques<\/strong><\/h3>\n<ul data-start=\"2024\" data-end=\"2258\">\n<li data-start=\"2024\" data-end=\"2070\">\n<p data-start=\"2026\" data-end=\"2070\"><strong data-start=\"2026\" data-end=\"2068\">R\u00e9seaux de centres de donn\u00e9es 40G \/ 100G \/ 400G<\/strong><\/p>\n<\/li>\n<li data-start=\"2071\" data-end=\"2119\">\n<p data-start=\"2073\" data-end=\"2119\"><strong data-start=\"2073\" data-end=\"2117\">MPO Backbone to LC Equipment Connections (Connexions de l'\u00e9quipement MPO \u00e0 l'\u00e9quipement LC)<\/strong><\/p>\n<\/li>\n<li data-start=\"2120\" data-end=\"2175\">\n<p data-start=\"2122\" data-end=\"2175\"><strong data-start=\"2122\" data-end=\"2173\">Cloud, IA et calcul \u00e0 haute performance (HPC)<\/strong><\/p>\n<\/li>\n<li data-start=\"2176\" data-end=\"2212\">\n<p data-start=\"2178\" data-end=\"2212\"><strong data-start=\"2178\" data-end=\"2210\">R\u00e9seaux de stockage (SAN)<\/strong><\/p>\n<\/li>\n<li data-start=\"2213\" data-end=\"2258\">\n<p data-start=\"2215\" data-end=\"2258\"><strong data-start=\"2215\" data-end=\"2258\">Syst\u00e8mes de c\u00e2blage structur\u00e9 \u00e0 haute densit\u00e9<\/strong><\/p>\n<\/li>\n<\/ul>\n<hr data-start=\"2260\" data-end=\"2263\" \/>\n<h3 data-start=\"2265\" data-end=\"2302\"><strong data-start=\"2269\" data-end=\"2302\">Pourquoi choisir MPO-LC-OM4-12Core ?<\/strong><\/h3>\n<p data-start=\"2304\" data-end=\"2677\">Le <strong data-start=\"2308\" data-end=\"2329\">MPO-LC-OM4-12Core<\/strong> Le cordon de raccordement offre un \u00e9quilibre parfait entre <strong data-start=\"2369\" data-end=\"2402\">connectivit\u00e9 MPO \u00e0 haute densit\u00e9<\/strong> et <strong data-start=\"2407\" data-end=\"2437\">compatibilit\u00e9 LC universelle<\/strong>. Sa fibre OM4 offre une bande passante et une port\u00e9e sup\u00e9rieures, tandis que la conception breakout simplifie l'architecture du r\u00e9seau et r\u00e9duit le temps d'installation. C'est la solution id\u00e9ale pour construire <strong data-start=\"2619\" data-end=\"2676\">des r\u00e9seaux en fibre optique \u00e9volutifs, \u00e0 haut d\u00e9bit et pr\u00eats pour l'avenir<\/strong>.<\/p>\n<hr data-start=\"2679\" data-end=\"2682\" \/>\n<h2 data-start=\"2684\" data-end=\"2707\"><strong data-start=\"2687\" data-end=\"2707\">Questions et r\u00e9ponses professionnelles<\/strong><\/h2>\n<p data-start=\"2709\" data-end=\"2882\"><strong data-start=\"2709\" data-end=\"2747\">Q1 : Pourquoi choisir OM4 plut\u00f4t que OM3 ?<\/strong><br data-start=\"2747\" data-end=\"2750\" \/>L'OM4 offre une plus grande largeur de bande et des distances de transmission plus longues, ce qui le rend plus adapt\u00e9 aux applications de centres de donn\u00e9es 100G et 400G.<\/p>\n<p data-start=\"2884\" data-end=\"3089\"><strong data-start=\"2884\" data-end=\"2941\">Q2 : Quel est l'avantage des c\u00e2bles de d\u00e9rivation MPO-LC ?<\/strong><br data-start=\"2941\" data-end=\"2944\" \/>Ils permettent aux c\u00e2bles trunk MPO haute densit\u00e9 de se connecter directement aux ports LC standard des commutateurs et des serveurs sans mat\u00e9riel de conversion suppl\u00e9mentaire.<\/p>\n<p data-start=\"3091\" data-end=\"3266\"><strong data-start=\"3091\" data-end=\"3158\">Q3 : Ce c\u00e2ble est-il compatible avec les \u00e9metteurs-r\u00e9cepteurs QSFP et QSFP28 ?<\/strong><br data-start=\"3158\" data-end=\"3161\" \/>Oui. MPO-LC-OM4-12Core est couramment utilis\u00e9 avec les modules QSFP+ et QSFP28 dans les r\u00e9seaux multimodes 40G et 100G.<\/p>\n<p data-start=\"3268\" data-end=\"3466\"><strong data-start=\"3268\" data-end=\"3323\">Q4 : Ce c\u00e2ble peut-il \u00eatre utilis\u00e9 dans des syst\u00e8mes OM3 existants ?<\/strong><br data-start=\"3323\" data-end=\"3326\" \/>Oui. L'OM4 est enti\u00e8rement r\u00e9trocompatible avec l'OM3, il fonctionnera donc dans les r\u00e9seaux bas\u00e9s sur l'OM3 tout en offrant des performances sup\u00e9rieures pour les futures mises \u00e0 niveau.<\/p>","protected":false},"excerpt":{"rendered":"<p data-start=\"66\" data-end=\"447\">Le <strong data-start=\"70\" data-end=\"91\">MPO-LC-OM4-12Core<\/strong> est une solution performante <strong data-start=\"114\" data-end=\"159\">Cordon de raccordement MPO vers LC pour fibre optique<\/strong> con\u00e7u pour les centres de donn\u00e9es modernes, les r\u00e9seaux en nuage et les r\u00e9seaux dorsaux d'entreprise \u00e0 haut d\u00e9bit. Construit avec <strong data-start=\"258\" data-end=\"307\">Fibre multimode OM4 50\/125 \u00b5m optimis\u00e9e pour le laser<\/strong>, Il offre une plus grande largeur de bande et une plus grande distance de transmission que l'OM3, ce qui le rend id\u00e9al pour les applications suivantes <strong data-start=\"401\" data-end=\"433\">Ethernet 40G, 100G et 400G<\/strong> connectivit\u00e9.<\/p>\n<p data-start=\"449\" data-end=\"741\">L'une des extr\u00e9mit\u00e9s est termin\u00e9e par un <strong data-start=\"478\" data-end=\"508\">Connecteur MPO\/MTP 12 fibres<\/strong> et l'autre extr\u00e9mit\u00e9 se d\u00e9ploie en <strong data-start=\"543\" data-end=\"563\">12 connecteurs LC<\/strong>, Ce c\u00e2ble permet une int\u00e9gration transparente entre <strong data-start=\"613\" data-end=\"647\">syst\u00e8mes de troncs MPO \u00e0 haute densit\u00e9<\/strong> et <strong data-start=\"652\" data-end=\"686\">\u00e9metteurs-r\u00e9cepteurs standard \u00e0 base de LC<\/strong>, simplifiant le c\u00e2blage et am\u00e9liorant l'efficacit\u00e9 du r\u00e9seau.<\/p>","protected":false},"featured_media":559,"comment_status":"open","ping_status":"closed","template":"","meta":[],"product_brand":[],"product_cat":[42],"product_tag":[],"class_list":{"0":"post-558","1":"product","2":"type-product","3":"status-publish","4":"has-post-thumbnail","6":"product_cat-mpo-mtp-fiber-optic-patch-cord","8":"first","9":"instock","10":"shipping-taxable","11":"product-type-simple"},"_links":{"self":[{"href":"https:\/\/www.fenxifiber.com\/fr\/wp-json\/wp\/v2\/product\/558","targetHints":{"allow":["GET"]}}],"collection":[{"href":"https:\/\/www.fenxifiber.com\/fr\/wp-json\/wp\/v2\/product"}],"about":[{"href":"https:\/\/www.fenxifiber.com\/fr\/wp-json\/wp\/v2\/types\/product"}],"replies":[{"embeddable":true,"href":"https:\/\/www.fenxifiber.com\/fr\/wp-json\/wp\/v2\/comments?post=558"}],"wp:featuredmedia":[{"embeddable":true,"href":"https:\/\/www.fenxifiber.com\/fr\/wp-json\/wp\/v2\/media\/559"}],"wp:attachment":[{"href":"https:\/\/www.fenxifiber.com\/fr\/wp-json\/wp\/v2\/media?parent=558"}],"wp:term":[{"taxonomy":"product_brand","embeddable":true,"href":"https:\/\/www.fenxifiber.com\/fr\/wp-json\/wp\/v2\/product_brand?post=558"},{"taxonomy":"product_cat","embeddable":true,"href":"https:\/\/www.fenxifiber.com\/fr\/wp-json\/wp\/v2\/product_cat?post=558"},{"taxonomy":"product_tag","embeddable":true,"href":"https:\/\/www.fenxifiber.com\/fr\/wp-json\/wp\/v2\/product_tag?post=558"}],"curies":[{"name":"wp","href":"https:\/\/api.w.org\/{rel}","templated":true}]}}